{"id":4185,"date":"2022-07-08T09:48:22","date_gmt":"2022-07-08T07:48:22","guid":{"rendered":"https:\/\/mpg-eyewear.com\/page-dexemple\/"},"modified":"2023-01-10T08:55:53","modified_gmt":"2023-01-10T07:55:53","slug":"page-dexemple","status":"publish","type":"page","link":"https:\/\/mpg-eyewear.com\/fr\/page-dexemple\/","title":{"rendered":"Page d&rsquo;exemple"},"content":{"rendered":"\n<p>Il s&rsquo;agit d&rsquo;une page d\u2019exemple Elle se distingue des contributions, car elle reste toujours au m\u00eame endroit et (pour la plupart des th\u00e8mes) elle est affich\u00e9e lors de la navigation sur le site Internet. La plupart d\u2019entre elles commencent avec des mentions l\u00e9gales, une Politique de protection des donn\u00e9es ou bien une page \u00ab\u00a0Au sujet de nous\u00a0\u00bb, ce qui permet de pr\u00e9senter le site Internet \u00e0 ses visiteurs potentiels. On pourrait y trouver par exemple :<\/p>\n\n<blockquote class=\"wp-block-quote is-layout-flow wp-block-quote-is-layout-flow\"><p>Bonjour ! La journ\u00e9e, je travaille pour un service de messagerie, et la nuit, je me consacre au th\u00e9\u00e2tre, et voici mon site Internet. Je vis dans une grande ville, j\u2019ai un gentil chien, et j\u2019aime les boissons dans des verres d\u00e9cor\u00e9s par des ombrelles (mais pas rester sous la pluie sans parapluie).<\/p><\/blockquote>\n\n<p>&#8230;ou bien ceci :<\/p>\n\n<blockquote class=\"wp-block-quote is-layout-flow wp-block-quote-is-layout-flow\"><p>L\u2019entreprise XYZ a \u00e9t\u00e9 cr\u00e9\u00e9e en 1971 et, depuis lors, elle propose aux clients des produits de grande qualit\u00e9. Sur son site implant\u00e9 dans une petite ville, l\u2019entreprise emploie plus de 2 000 personnes, et elle soutient les habitants de la ville en de nombreux points de vue.<\/p><\/blockquote>\n\n<p>En tant que nouvel utilisateur de WordPress, vous devez consulter votre <a href=\"https:\/\/mpg-eyewear.com\/mpg_2022\/wp-admin\/\">Dashboard<\/a> pour pouvoir supprimer cette page et cr\u00e9er de nouvelles pages pour votre contenu. Amusez-vous bien !<\/p>\n","protected":false},"excerpt":{"rendered":"<p>Il s&rsquo;agit d&rsquo;une page d\u2019exemple Elle se distingue des contributions, car elle reste toujours au m\u00eame endroit et (pour la plupart des th\u00e8mes) elle est affich\u00e9e lors de la navigation sur le site Internet. La plupart d\u2019entre elles commencent avec des mentions l\u00e9gales, une Politique de protection des donn\u00e9es ou bien une page \u00ab\u00a0Au sujet [&hellip;]<\/p>\n","protected":false},"author":1,"featured_media":0,"parent":0,"menu_order":0,"comment_status":"closed","ping_status":"open","template":"","meta":{"footnotes":""},"class_list":["post-4185","page","type-page","status-publish","hentry"],"yoast_head":"<!-- This site is optimized with the Yoast SEO plugin v21.8 - https:\/\/yoast.com\/wordpress\/plugins\/seo\/ -->\n<title>Page d&rsquo;exemple - MPG - The Eyewear Company<\/title>\n<meta name=\"robots\" content=\"index, follow, max-snippet:-1, max-image-preview:large, max-video-preview:-1\" \/>\n<link rel=\"canonical\" href=\"https:\/\/mpg-eyewear.com\/fr\/page-dexemple\/\" \/>\n<meta property=\"og:locale\" content=\"fr_FR\" \/>\n<meta property=\"og:type\" content=\"article\" \/>\n<meta property=\"og:title\" content=\"Page d&rsquo;exemple - MPG - The Eyewear Company\" \/>\n<meta property=\"og:description\" content=\"Il s&rsquo;agit d&rsquo;une page d\u2019exemple Elle se distingue des contributions, car elle reste toujours au m\u00eame endroit et (pour la plupart des th\u00e8mes) elle est affich\u00e9e lors de la navigation sur le site Internet. La plupart d\u2019entre elles commencent avec des mentions l\u00e9gales, une Politique de protection des donn\u00e9es ou bien une page \u00ab\u00a0Au sujet [&hellip;]\" \/>\n<meta property=\"og:url\" content=\"https:\/\/mpg-eyewear.com\/fr\/page-dexemple\/\" \/>\n<meta property=\"og:site_name\" content=\"MPG - The Eyewear Company\" \/>\n<meta property=\"article:modified_time\" content=\"2023-01-10T07:55:53+00:00\" \/>\n<meta name=\"twitter:card\" content=\"summary_large_image\" \/>\n<meta name=\"twitter:label1\" content=\"Dur\u00e9e de lecture estim\u00e9e\" \/>\n\t<meta name=\"twitter:data1\" content=\"1 minute\" \/>\n<script type=\"application\/ld+json\" class=\"yoast-schema-graph\">{\"@context\":\"https:\/\/schema.org\",\"@graph\":[{\"@type\":\"WebPage\",\"@id\":\"https:\/\/mpg-eyewear.com\/fr\/page-dexemple\/\",\"url\":\"https:\/\/mpg-eyewear.com\/fr\/page-dexemple\/\",\"name\":\"Page d&rsquo;exemple - MPG - The Eyewear Company\",\"isPartOf\":{\"@id\":\"https:\/\/mpg-eyewear.com\/fr\/#website\"},\"datePublished\":\"2022-07-08T07:48:22+00:00\",\"dateModified\":\"2023-01-10T07:55:53+00:00\",\"breadcrumb\":{\"@id\":\"https:\/\/mpg-eyewear.com\/fr\/page-dexemple\/#breadcrumb\"},\"inLanguage\":\"fr-FR\",\"potentialAction\":[{\"@type\":\"ReadAction\",\"target\":[\"https:\/\/mpg-eyewear.com\/fr\/page-dexemple\/\"]}]},{\"@type\":\"BreadcrumbList\",\"@id\":\"https:\/\/mpg-eyewear.com\/fr\/page-dexemple\/#breadcrumb\",\"itemListElement\":[{\"@type\":\"ListItem\",\"position\":1,\"name\":\"Startseite\",\"item\":\"https:\/\/mpg-eyewear.com\/fr\/\"},{\"@type\":\"ListItem\",\"position\":2,\"name\":\"Page d&rsquo;exemple\"}]},{\"@type\":\"WebSite\",\"@id\":\"https:\/\/mpg-eyewear.com\/fr\/#website\",\"url\":\"https:\/\/mpg-eyewear.com\/fr\/\",\"name\":\"MPG - The Eyewear Company\",\"description\":\"Creating Perspectives\",\"publisher\":{\"@id\":\"https:\/\/mpg-eyewear.com\/fr\/#organization\"},\"potentialAction\":[{\"@type\":\"SearchAction\",\"target\":{\"@type\":\"EntryPoint\",\"urlTemplate\":\"https:\/\/mpg-eyewear.com\/fr\/?s={search_term_string}\"},\"query-input\":\"required name=search_term_string\"}],\"inLanguage\":\"fr-FR\"},{\"@type\":\"Organization\",\"@id\":\"https:\/\/mpg-eyewear.com\/fr\/#organization\",\"name\":\"MPG - The Eyewear Company\",\"url\":\"https:\/\/mpg-eyewear.com\/fr\/\",\"logo\":{\"@type\":\"ImageObject\",\"inLanguage\":\"fr-FR\",\"@id\":\"https:\/\/mpg-eyewear.com\/fr\/#\/schema\/logo\/image\/\",\"url\":\"https:\/\/mpg-eyewear.com\/wp-content\/uploads\/2022\/08\/logo_mpg.png\",\"contentUrl\":\"https:\/\/mpg-eyewear.com\/wp-content\/uploads\/2022\/08\/logo_mpg.png\",\"width\":201,\"height\":127,\"caption\":\"MPG - The Eyewear Company\"},\"image\":{\"@id\":\"https:\/\/mpg-eyewear.com\/fr\/#\/schema\/logo\/image\/\"}}]}<\/script>\n<!-- \/ Yoast SEO plugin. -->","yoast_head_json":{"title":"Page d&rsquo;exemple - MPG - The Eyewear Company","robots":{"index":"index","follow":"follow","max-snippet":"max-snippet:-1","max-image-preview":"max-image-preview:large","max-video-preview":"max-video-preview:-1"},"canonical":"https:\/\/mpg-eyewear.com\/fr\/page-dexemple\/","og_locale":"fr_FR","og_type":"article","og_title":"Page d&rsquo;exemple - MPG - The Eyewear Company","og_description":"Il s&rsquo;agit d&rsquo;une page d\u2019exemple Elle se distingue des contributions, car elle reste toujours au m\u00eame endroit et (pour la plupart des th\u00e8mes) elle est affich\u00e9e lors de la navigation sur le site Internet. La plupart d\u2019entre elles commencent avec des mentions l\u00e9gales, une Politique de protection des donn\u00e9es ou bien une page \u00ab\u00a0Au sujet [&hellip;]","og_url":"https:\/\/mpg-eyewear.com\/fr\/page-dexemple\/","og_site_name":"MPG - The Eyewear Company","article_modified_time":"2023-01-10T07:55:53+00:00","twitter_card":"summary_large_image","twitter_misc":{"Dur\u00e9e de lecture estim\u00e9e":"1 minute"},"schema":{"@context":"https:\/\/schema.org","@graph":[{"@type":"WebPage","@id":"https:\/\/mpg-eyewear.com\/fr\/page-dexemple\/","url":"https:\/\/mpg-eyewear.com\/fr\/page-dexemple\/","name":"Page d&rsquo;exemple - MPG - The Eyewear Company","isPartOf":{"@id":"https:\/\/mpg-eyewear.com\/fr\/#website"},"datePublished":"2022-07-08T07:48:22+00:00","dateModified":"2023-01-10T07:55:53+00:00","breadcrumb":{"@id":"https:\/\/mpg-eyewear.com\/fr\/page-dexemple\/#breadcrumb"},"inLanguage":"fr-FR","potentialAction":[{"@type":"ReadAction","target":["https:\/\/mpg-eyewear.com\/fr\/page-dexemple\/"]}]},{"@type":"BreadcrumbList","@id":"https:\/\/mpg-eyewear.com\/fr\/page-dexemple\/#breadcrumb","itemListElement":[{"@type":"ListItem","position":1,"name":"Startseite","item":"https:\/\/mpg-eyewear.com\/fr\/"},{"@type":"ListItem","position":2,"name":"Page d&rsquo;exemple"}]},{"@type":"WebSite","@id":"https:\/\/mpg-eyewear.com\/fr\/#website","url":"https:\/\/mpg-eyewear.com\/fr\/","name":"MPG - The Eyewear Company","description":"Creating Perspectives","publisher":{"@id":"https:\/\/mpg-eyewear.com\/fr\/#organization"},"potentialAction":[{"@type":"SearchAction","target":{"@type":"EntryPoint","urlTemplate":"https:\/\/mpg-eyewear.com\/fr\/?s={search_term_string}"},"query-input":"required name=search_term_string"}],"inLanguage":"fr-FR"},{"@type":"Organization","@id":"https:\/\/mpg-eyewear.com\/fr\/#organization","name":"MPG - The Eyewear Company","url":"https:\/\/mpg-eyewear.com\/fr\/","logo":{"@type":"ImageObject","inLanguage":"fr-FR","@id":"https:\/\/mpg-eyewear.com\/fr\/#\/schema\/logo\/image\/","url":"https:\/\/mpg-eyewear.com\/wp-content\/uploads\/2022\/08\/logo_mpg.png","contentUrl":"https:\/\/mpg-eyewear.com\/wp-content\/uploads\/2022\/08\/logo_mpg.png","width":201,"height":127,"caption":"MPG - The Eyewear Company"},"image":{"@id":"https:\/\/mpg-eyewear.com\/fr\/#\/schema\/logo\/image\/"}}]}},"_links":{"self":[{"href":"https:\/\/mpg-eyewear.com\/fr\/wp-json\/wp\/v2\/pages\/4185","targetHints":{"allow":["GET"]}}],"collection":[{"href":"https:\/\/mpg-eyewear.com\/fr\/wp-json\/wp\/v2\/pages"}],"about":[{"href":"https:\/\/mpg-eyewear.com\/fr\/wp-json\/wp\/v2\/types\/page"}],"author":[{"embeddable":true,"href":"https:\/\/mpg-eyewear.com\/fr\/wp-json\/wp\/v2\/users\/1"}],"replies":[{"embeddable":true,"href":"https:\/\/mpg-eyewear.com\/fr\/wp-json\/wp\/v2\/comments?post=4185"}],"version-history":[{"count":1,"href":"https:\/\/mpg-eyewear.com\/fr\/wp-json\/wp\/v2\/pages\/4185\/revisions"}],"predecessor-version":[{"id":4187,"href":"https:\/\/mpg-eyewear.com\/fr\/wp-json\/wp\/v2\/pages\/4185\/revisions\/4187"}],"wp:attachment":[{"href":"https:\/\/mpg-eyewear.com\/fr\/wp-json\/wp\/v2\/media?parent=4185"}],"curies":[{"name":"wp","href":"https:\/\/api.w.org\/{rel}","templated":true}]}}