{"id":4182,"date":"2022-07-08T09:51:57","date_gmt":"2022-07-08T07:51:57","guid":{"rendered":"https:\/\/mpg-eyewear.com\/postes-pourvoir\/"},"modified":"2023-01-10T08:55:52","modified_gmt":"2023-01-10T07:55:52","slug":"postes-pourvoir","status":"publish","type":"page","link":"https:\/\/mpg-eyewear.com\/fr\/postes-pourvoir\/","title":{"rendered":"Postes &agrave; pourvoir"},"content":{"rendered":"\t\t<div data-elementor-type=\"wp-page\" data-elementor-id=\"4182\" class=\"elementor elementor-4182 elementor-5\" data-elementor-settings=\"{&quot;ha_cmc_init_switcher&quot;:&quot;no&quot;}\" data-elementor-post-type=\"page\">\n\t\t\t\t\t\t<section class=\"elementor-section elementor-top-section elementor-element elementor-element-3bd5302c elementor-section-boxed elementor-section-height-default elementor-section-height-default\" data-id=\"3bd5302c\" data-element_type=\"section\" data-settings=\"{&quot;background_background&quot;:&quot;classic&quot;,&quot;_ha_eqh_enable&quot;:false}\">\n\t\t\t\t\t\t<div class=\"elementor-container elementor-column-gap-default\">\n\t\t\t\t\t<div class=\"elementor-column elementor-col-100 elementor-top-column elementor-element elementor-element-32eed3c5\" data-id=\"32eed3c5\" data-element_type=\"column\">\n\t\t\t<div class=\"elementor-widget-wrap elementor-element-populated\">\n\t\t\t\t\t\t<div class=\"elementor-element elementor-element-1ee14516 elementor-widget elementor-widget-heading\" data-id=\"1ee14516\" data-element_type=\"widget\" data-widget_type=\"heading.default\">\n\t\t\t\t<div class=\"elementor-widget-container\">\n\t\t\t\t\t<h1 class=\"elementor-heading-title elementor-size-default\">C&rsquo;est vous que nous cherchons<\/h1>\t\t\t\t<\/div>\n\t\t\t\t<\/div>\n\t\t\t\t<div class=\"elementor-element elementor-element-3b4ac09e elementor-widget elementor-widget-heading\" data-id=\"3b4ac09e\" data-element_type=\"widget\" data-widget_type=\"heading.default\">\n\t\t\t\t<div class=\"elementor-widget-container\">\n\t\t\t\t\t<h2 class=\"elementor-heading-title elementor-size-default\">Postes &agrave; pourvoir &amp; candidature spontan&eacute;es<\/h2>\t\t\t\t<\/div>\n\t\t\t\t<\/div>\n\t\t\t\t\t<\/div>\n\t\t<\/div>\n\t\t\t\t\t<\/div>\n\t\t<\/section>\n\t\t\t\t<section class=\"elementor-section elementor-top-section elementor-element elementor-element-2e8a8ef1 elementor-section-boxed elementor-section-height-default elementor-section-height-default\" data-id=\"2e8a8ef1\" data-element_type=\"section\" data-settings=\"{&quot;_ha_eqh_enable&quot;:false}\">\n\t\t\t\t\t\t<div class=\"elementor-container elementor-column-gap-default\">\n\t\t\t\t\t<div class=\"elementor-column elementor-col-100 elementor-top-column elementor-element elementor-element-e682c4d\" data-id=\"e682c4d\" data-element_type=\"column\">\n\t\t\t<div class=\"elementor-widget-wrap elementor-element-populated\">\n\t\t\t\t\t\t<div class=\"elementor-element elementor-element-31cdbce7 elementor-widget elementor-widget-text-editor\" data-id=\"31cdbce7\" data-element_type=\"widget\" data-widget_type=\"text-editor.default\">\n\t\t\t\t<div class=\"elementor-widget-container\">\n\t\t\t\t\t\t\t\t\t<div id=\"offeneStelle\">\n<table id=\"jobOffers\" class=\"display\" style=\"width:100%\">\n<thead>\n<tr>\n<th>Titre<\/th>\n<th>Lieu<\/th>\n<th>Pays<\/th>\n<th>Poste<\/th>\n<\/tr>\n<\/thead>\n<tbody><\/tbody>\n<\/table>\n<\/div>\t\t\t\t\t\t\t\t<\/div>\n\t\t\t\t<\/div>\n\t\t\t\t\t<\/div>\n\t\t<\/div>\n\t\t\t\t\t<\/div>\n\t\t<\/section>\n\t\t\t\t<section class=\"elementor-section elementor-top-section elementor-element elementor-element-19190aa7 elementor-section-boxed elementor-section-height-default elementor-section-height-default\" data-id=\"19190aa7\" data-element_type=\"section\" data-settings=\"{&quot;background_background&quot;:&quot;classic&quot;,&quot;_ha_eqh_enable&quot;:false}\">\n\t\t\t\t\t\t<div class=\"elementor-container elementor-column-gap-default\">\n\t\t\t\t\t<div class=\"elementor-column elementor-col-100 elementor-top-column elementor-element elementor-element-333bbefd\" data-id=\"333bbefd\" data-element_type=\"column\">\n\t\t\t<div class=\"elementor-widget-wrap elementor-element-populated\">\n\t\t\t\t\t\t<div class=\"elementor-element elementor-element-28dff90d elementor-widget elementor-widget-heading\" data-id=\"28dff90d\" data-element_type=\"widget\" data-widget_type=\"heading.default\">\n\t\t\t\t<div class=\"elementor-widget-container\">\n\t\t\t\t\t<h3 class=\"elementor-heading-title elementor-size-default\"><p>Vous n&rsquo;avez pas trouv&eacute; &agrave; ce jour une description de poste qui vous conviendrait, mais vous souhaitez quand m&ecirc;me faire partie de la #teamMPG ?<\/p>\n<p>Ce n&rsquo;est pas un probl&egrave;me ! Nous appr&eacute;cions &agrave; leur juste valeur les gens qui font preuve d&rsquo;initiative ; envoyez-nous votre candidature spontan&eacute;e accompagn&eacute;e de vos id&eacute;es de profils de poste.<\/p> <p><br> Nous sommes impatients d&apos;avoir de vos nouvelles !<\/p> <\/h3>\t\t\t\t<\/div>\n\t\t\t\t<\/div>\n\t\t\t\t<div class=\"elementor-element elementor-element-72cd6f39 elementor-align-center elementor-mobile-align-center elementor-widget elementor-widget-button\" data-id=\"72cd6f39\" data-element_type=\"widget\" data-widget_type=\"button.default\">\n\t\t\t\t<div class=\"elementor-widget-container\">\n\t\t\t\t\t\t\t\t\t<div class=\"elementor-button-wrapper\">\n\t\t\t\t\t<a class=\"elementor-button elementor-button-link elementor-size-sm\" href=\"https:\/\/mpg-eyewear.com\/initiativbewerbung\/\">\n\t\t\t\t\t\t<span class=\"elementor-button-content-wrapper\">\n\t\t\t\t\t\t\t\t\t<span class=\"elementor-button-text\">Postuler maintenant<\/span>\n\t\t\t\t\t<\/span>\n\t\t\t\t\t<\/a>\n\t\t\t\t<\/div>\n\t\t\t\t\t\t\t\t<\/div>\n\t\t\t\t<\/div>\n\t\t\t\t\t<\/div>\n\t\t<\/div>\n\t\t\t\t\t<\/div>\n\t\t<\/section>\n\t\t\t\t<section class=\"elementor-section elementor-top-section elementor-element elementor-element-3b673680 elementor-section-boxed elementor-section-height-default elementor-section-height-default\" data-id=\"3b673680\" data-element_type=\"section\" data-settings=\"{&quot;_ha_eqh_enable&quot;:false}\">\n\t\t\t\t\t\t\t<div class=\"elementor-background-overlay\"><\/div>\n\t\t\t\t\t\t\t<div class=\"elementor-container elementor-column-gap-default\">\n\t\t\t\t\t<div class=\"elementor-column elementor-col-100 elementor-top-column elementor-element elementor-element-5ae4af66\" data-id=\"5ae4af66\" data-element_type=\"column\">\n\t\t\t<div class=\"elementor-widget-wrap elementor-element-populated\">\n\t\t\t\t\t\t<div class=\"elementor-element elementor-element-7efcdab8 elementor-widget elementor-widget-heading\" data-id=\"7efcdab8\" data-element_type=\"widget\" data-widget_type=\"heading.default\">\n\t\t\t\t<div class=\"elementor-widget-container\">\n\t\t\t\t\t<h2 class=\"elementor-heading-title elementor-size-default\">Comment faire partie de la #teamMPG<\/h2>\t\t\t\t<\/div>\n\t\t\t\t<\/div>\n\t\t\t\t<section class=\"elementor-section elementor-inner-section elementor-element elementor-element-2999dfd2 elementor-section-boxed elementor-section-height-default elementor-section-height-default\" data-id=\"2999dfd2\" data-element_type=\"section\" data-settings=\"{&quot;_ha_eqh_enable&quot;:false}\">\n\t\t\t\t\t\t<div class=\"elementor-container elementor-column-gap-default\">\n\t\t\t\t\t<div class=\"elementor-column elementor-col-25 elementor-inner-column elementor-element elementor-element-63211c53\" data-id=\"63211c53\" data-element_type=\"column\">\n\t\t\t<div class=\"elementor-widget-wrap elementor-element-populated\">\n\t\t\t\t\t\t<div class=\"elementor-element elementor-element-4826376d elementor-widget elementor-widget-ha-step-flow happy-addon ha-step-flow\" data-id=\"4826376d\" data-element_type=\"widget\" data-widget_type=\"ha-step-flow.default\">\n\t\t\t\t<div class=\"elementor-widget-container\">\n\t\t\t\t\t\n\t\t<div class=\"ha-steps-icon\">\n\t\t\t\t\t\t\t<span class=\"ha-step-arrow\"><\/span>\n\t\t\t\n\t\t\t<i class=\"icon icon-thumbs-up\"><\/i>\n\t\t\t\t\t\t\t<span class=\"ha-steps-label\">&Eacute;tape 1<\/span>\n\t\t\t\t\t<\/div>\n\n\t\t<h2 class=\"ha-steps-title\">Soumettez votre candidature<\/h2>\n\t\t\t\t\t<p class=\"ha-step-description\">Vous avez trouv&eacute; le poste de vos r&ecirc;ves ? Alors cliquez sur \u00ab&nbsp;Postuler maintenant&nbsp;\u00bb sur la description de poste correspondante, et envoyez-nous votre CV. Vous n&rsquo;avez pas trouv&eacute; ce qu&apos;il vous faut ? Nous appr&eacute;cions &eacute;galement les candidatures spontan&eacute;es.<\/p>\n\t\t\n\t\t\t\t\t\t<\/div>\n\t\t\t\t<\/div>\n\t\t\t\t\t<\/div>\n\t\t<\/div>\n\t\t\t\t<div class=\"elementor-column elementor-col-25 elementor-inner-column elementor-element elementor-element-6c96c687\" data-id=\"6c96c687\" data-element_type=\"column\">\n\t\t\t<div class=\"elementor-widget-wrap elementor-element-populated\">\n\t\t\t\t\t\t<div class=\"elementor-element elementor-element-2147637a elementor-widget elementor-widget-ha-step-flow happy-addon ha-step-flow\" data-id=\"2147637a\" data-element_type=\"widget\" data-widget_type=\"ha-step-flow.default\">\n\t\t\t\t<div class=\"elementor-widget-container\">\n\t\t\t\t\t\n\t\t<div class=\"ha-steps-icon\">\n\t\t\t\t\t\t\t<span class=\"ha-step-arrow\"><\/span>\n\t\t\t\n\t\t\t<i class=\"hm hm-user-check\"><\/i>\n\t\t\t\t\t\t\t<span class=\"ha-steps-label\">&Eacute;tape 2<\/span>\n\t\t\t\t\t<\/div>\n\n\t\t<h2 class=\"ha-steps-title\">Processus de s&eacute;lection<\/h2>\n\t\t\t\t\t<p class=\"ha-step-description\">Nous examinons avec la plus grande attention l&rsquo;ensemble des candidatures que nous recevons, et, pour cela, il nous faut une semaine maximum. Ensuite, nous vous donnons r&eacute;ponse par t&eacute;l&eacute;phone ou par mail.<\/p>\n\t\t\n\t\t\t\t\t\t<\/div>\n\t\t\t\t<\/div>\n\t\t\t\t\t<\/div>\n\t\t<\/div>\n\t\t\t\t<div class=\"elementor-column elementor-col-25 elementor-inner-column elementor-element elementor-element-3e53cf38\" data-id=\"3e53cf38\" data-element_type=\"column\">\n\t\t\t<div class=\"elementor-widget-wrap elementor-element-populated\">\n\t\t\t\t\t\t<div class=\"elementor-element elementor-element-3f895dab elementor-widget elementor-widget-ha-step-flow happy-addon ha-step-flow\" data-id=\"3f895dab\" data-element_type=\"widget\" data-widget_type=\"ha-step-flow.default\">\n\t\t\t\t<div class=\"elementor-widget-container\">\n\t\t\t\t\t\n\t\t<div class=\"ha-steps-icon\">\n\t\t\t\t\t\t\t<span class=\"ha-step-arrow\"><\/span>\n\t\t\t\n\t\t\t<i class=\"hm hm-chat-bubble1\"><\/i>\n\t\t\t\t\t\t\t<span class=\"ha-steps-label\">&Eacute;tape 3<\/span>\n\t\t\t\t\t<\/div>\n\n\t\t<h2 class=\"ha-steps-title\">Entretien d&rsquo;embauche<\/h2>\n\t\t\t\t\t<p class=\"ha-step-description\">Si votre profil correspond &agrave; nos attentes, nous sommes heureux d&rsquo;apprendre &agrave; mieux vous conna&icirc;tre. Dans la plupart des cas, nous organisons deux entretiens, mais nous vous fournirons plus de d&eacute;tails &agrave; ce sujet en temps et en heure.<\/p>\n\t\t\n\t\t\t\t\t\t<\/div>\n\t\t\t\t<\/div>\n\t\t\t\t\t<\/div>\n\t\t<\/div>\n\t\t\t\t<div class=\"elementor-column elementor-col-25 elementor-inner-column elementor-element elementor-element-4034dd31\" data-id=\"4034dd31\" data-element_type=\"column\">\n\t\t\t<div class=\"elementor-widget-wrap elementor-element-populated\">\n\t\t\t\t\t\t<div class=\"elementor-element elementor-element-61db7d3d elementor-widget elementor-widget-ha-step-flow happy-addon ha-step-flow\" data-id=\"61db7d3d\" data-element_type=\"widget\" data-widget_type=\"ha-step-flow.default\">\n\t\t\t\t<div class=\"elementor-widget-container\">\n\t\t\t\t\t\n\t\t<div class=\"ha-steps-icon\">\n\t\t\t\n\t\t\t<i class=\"hm hm-heart-beat\"><\/i>\n\t\t\t\t\t\t\t<span class=\"ha-steps-label\">&Eacute;tape 4<\/span>\n\t\t\t\t\t<\/div>\n\n\t\t<h2 class=\"ha-steps-title\">Vos d&eacute;buts au sein de la #teamMPG<\/h2>\n\t\t\t\t\t<p class=\"ha-step-description\">Si tout se passe bien des deux c&ocirc;t&eacute;s, nous vous envoyons une proposition d&rsquo;emploi. Bienvenue au sein de la #teamMPG !<\/p>\n\t\t\n\t\t\t\t\t\t<\/div>\n\t\t\t\t<\/div>\n\t\t\t\t\t<\/div>\n\t\t<\/div>\n\t\t\t\t\t<\/div>\n\t\t<\/section>\n\t\t\t\t\t<\/div>\n\t\t<\/div>\n\t\t\t\t\t<\/div>\n\t\t<\/section>\n\t\t\t\t<\/div>\n\t\t","protected":false},"excerpt":{"rendered":"<p>C&rsquo;est vous que nous cherchons Postes &agrave; pourvoir &amp; candidature spontan&eacute;es Titre Lieu Pays Poste Vous n&rsquo;avez pas trouv&eacute; &agrave; ce jour une description de poste qui vous conviendrait, mais vous souhaitez quand m&ecirc;me faire partie de la #teamMPG ? Ce n&rsquo;est pas un probl&egrave;me ! Nous appr&eacute;cions &agrave; leur juste valeur les gens qui [&hellip;]<\/p>\n","protected":false},"author":1,"featured_media":0,"parent":0,"menu_order":0,"comment_status":"closed","ping_status":"closed","template":"","meta":{"footnotes":""},"class_list":["post-4182","page","type-page","status-publish","hentry"],"yoast_head":"<!-- This site is optimized with the Yoast SEO plugin v21.8 - https:\/\/yoast.com\/wordpress\/plugins\/seo\/ -->\n<title>Postes &agrave; pourvoir - MPG - The Eyewear Company<\/title>\n<meta name=\"description\" content=\"D\u00e9couvrez le poste qu&amp;apos;il vous faut au sein de la #teamMPG, et soumettez d\u00e8s \u00e0 pr\u00e9sent votre candidature ! Nous sommes heureux de recevoir des candidatures spontan\u00e9es et d\u2019examiner vos id\u00e9es de profil de poste.\" \/>\n<meta name=\"robots\" content=\"index, follow, max-snippet:-1, max-image-preview:large, max-video-preview:-1\" \/>\n<link rel=\"canonical\" href=\"https:\/\/mpg-eyewear.com\/fr\/postes-pourvoir\/\" \/>\n<meta property=\"og:locale\" content=\"fr_FR\" \/>\n<meta property=\"og:type\" content=\"article\" \/>\n<meta property=\"og:title\" content=\"Postes &agrave; pourvoir - MPG - The Eyewear Company\" \/>\n<meta property=\"og:description\" content=\"D\u00e9couvrez le poste qu&amp;apos;il vous faut au sein de la #teamMPG, et soumettez d\u00e8s \u00e0 pr\u00e9sent votre candidature ! Nous sommes heureux de recevoir des candidatures spontan\u00e9es et d\u2019examiner vos id\u00e9es de profil de poste.\" \/>\n<meta property=\"og:url\" content=\"https:\/\/mpg-eyewear.com\/fr\/postes-pourvoir\/\" \/>\n<meta property=\"og:site_name\" content=\"MPG - The Eyewear Company\" \/>\n<meta property=\"article:modified_time\" content=\"2023-01-10T07:55:52+00:00\" \/>\n<meta name=\"twitter:card\" content=\"summary_large_image\" \/>\n<meta name=\"twitter:label1\" content=\"Dur\u00e9e de lecture estim\u00e9e\" \/>\n\t<meta name=\"twitter:data1\" content=\"2 minutes\" \/>\n<script type=\"application\/ld+json\" class=\"yoast-schema-graph\">{\"@context\":\"https:\/\/schema.org\",\"@graph\":[{\"@type\":\"WebPage\",\"@id\":\"https:\/\/mpg-eyewear.com\/fr\/postes-pourvoir\/\",\"url\":\"https:\/\/mpg-eyewear.com\/fr\/postes-pourvoir\/\",\"name\":\"Postes &agrave; pourvoir - MPG - The Eyewear Company\",\"isPartOf\":{\"@id\":\"https:\/\/mpg-eyewear.com\/fr\/#website\"},\"datePublished\":\"2022-07-08T07:51:57+00:00\",\"dateModified\":\"2023-01-10T07:55:52+00:00\",\"description\":\"D\u00e9couvrez le poste qu&apos;il vous faut au sein de la #teamMPG, et soumettez d\u00e8s \u00e0 pr\u00e9sent votre candidature ! Nous sommes heureux de recevoir des candidatures spontan\u00e9es et d\u2019examiner vos id\u00e9es de profil de poste.\",\"breadcrumb\":{\"@id\":\"https:\/\/mpg-eyewear.com\/fr\/postes-pourvoir\/#breadcrumb\"},\"inLanguage\":\"fr-FR\",\"potentialAction\":[{\"@type\":\"ReadAction\",\"target\":[\"https:\/\/mpg-eyewear.com\/fr\/postes-pourvoir\/\"]}]},{\"@type\":\"BreadcrumbList\",\"@id\":\"https:\/\/mpg-eyewear.com\/fr\/postes-pourvoir\/#breadcrumb\",\"itemListElement\":[{\"@type\":\"ListItem\",\"position\":1,\"name\":\"Startseite\",\"item\":\"https:\/\/mpg-eyewear.com\/fr\/\"},{\"@type\":\"ListItem\",\"position\":2,\"name\":\"Postes &agrave; pourvoir\"}]},{\"@type\":\"WebSite\",\"@id\":\"https:\/\/mpg-eyewear.com\/fr\/#website\",\"url\":\"https:\/\/mpg-eyewear.com\/fr\/\",\"name\":\"MPG - The Eyewear Company\",\"description\":\"Creating Perspectives\",\"publisher\":{\"@id\":\"https:\/\/mpg-eyewear.com\/fr\/#organization\"},\"potentialAction\":[{\"@type\":\"SearchAction\",\"target\":{\"@type\":\"EntryPoint\",\"urlTemplate\":\"https:\/\/mpg-eyewear.com\/fr\/?s={search_term_string}\"},\"query-input\":\"required name=search_term_string\"}],\"inLanguage\":\"fr-FR\"},{\"@type\":\"Organization\",\"@id\":\"https:\/\/mpg-eyewear.com\/fr\/#organization\",\"name\":\"MPG - The Eyewear Company\",\"url\":\"https:\/\/mpg-eyewear.com\/fr\/\",\"logo\":{\"@type\":\"ImageObject\",\"inLanguage\":\"fr-FR\",\"@id\":\"https:\/\/mpg-eyewear.com\/fr\/#\/schema\/logo\/image\/\",\"url\":\"https:\/\/mpg-eyewear.com\/wp-content\/uploads\/2022\/08\/logo_mpg.png\",\"contentUrl\":\"https:\/\/mpg-eyewear.com\/wp-content\/uploads\/2022\/08\/logo_mpg.png\",\"width\":201,\"height\":127,\"caption\":\"MPG - The Eyewear Company\"},\"image\":{\"@id\":\"https:\/\/mpg-eyewear.com\/fr\/#\/schema\/logo\/image\/\"}}]}<\/script>\n<!-- \/ Yoast SEO plugin. -->","yoast_head_json":{"title":"Postes &agrave; pourvoir - MPG - The Eyewear Company","description":"D\u00e9couvrez le poste qu&apos;il vous faut au sein de la #teamMPG, et soumettez d\u00e8s \u00e0 pr\u00e9sent votre candidature ! Nous sommes heureux de recevoir des candidatures spontan\u00e9es et d\u2019examiner vos id\u00e9es de profil de poste.","robots":{"index":"index","follow":"follow","max-snippet":"max-snippet:-1","max-image-preview":"max-image-preview:large","max-video-preview":"max-video-preview:-1"},"canonical":"https:\/\/mpg-eyewear.com\/fr\/postes-pourvoir\/","og_locale":"fr_FR","og_type":"article","og_title":"Postes &agrave; pourvoir - MPG - The Eyewear Company","og_description":"D\u00e9couvrez le poste qu&apos;il vous faut au sein de la #teamMPG, et soumettez d\u00e8s \u00e0 pr\u00e9sent votre candidature ! Nous sommes heureux de recevoir des candidatures spontan\u00e9es et d\u2019examiner vos id\u00e9es de profil de poste.","og_url":"https:\/\/mpg-eyewear.com\/fr\/postes-pourvoir\/","og_site_name":"MPG - The Eyewear Company","article_modified_time":"2023-01-10T07:55:52+00:00","twitter_card":"summary_large_image","twitter_misc":{"Dur\u00e9e de lecture estim\u00e9e":"2 minutes"},"schema":{"@context":"https:\/\/schema.org","@graph":[{"@type":"WebPage","@id":"https:\/\/mpg-eyewear.com\/fr\/postes-pourvoir\/","url":"https:\/\/mpg-eyewear.com\/fr\/postes-pourvoir\/","name":"Postes &agrave; pourvoir - MPG - The Eyewear Company","isPartOf":{"@id":"https:\/\/mpg-eyewear.com\/fr\/#website"},"datePublished":"2022-07-08T07:51:57+00:00","dateModified":"2023-01-10T07:55:52+00:00","description":"D\u00e9couvrez le poste qu&apos;il vous faut au sein de la #teamMPG, et soumettez d\u00e8s \u00e0 pr\u00e9sent votre candidature ! Nous sommes heureux de recevoir des candidatures spontan\u00e9es et d\u2019examiner vos id\u00e9es de profil de poste.","breadcrumb":{"@id":"https:\/\/mpg-eyewear.com\/fr\/postes-pourvoir\/#breadcrumb"},"inLanguage":"fr-FR","potentialAction":[{"@type":"ReadAction","target":["https:\/\/mpg-eyewear.com\/fr\/postes-pourvoir\/"]}]},{"@type":"BreadcrumbList","@id":"https:\/\/mpg-eyewear.com\/fr\/postes-pourvoir\/#breadcrumb","itemListElement":[{"@type":"ListItem","position":1,"name":"Startseite","item":"https:\/\/mpg-eyewear.com\/fr\/"},{"@type":"ListItem","position":2,"name":"Postes &agrave; pourvoir"}]},{"@type":"WebSite","@id":"https:\/\/mpg-eyewear.com\/fr\/#website","url":"https:\/\/mpg-eyewear.com\/fr\/","name":"MPG - The Eyewear Company","description":"Creating Perspectives","publisher":{"@id":"https:\/\/mpg-eyewear.com\/fr\/#organization"},"potentialAction":[{"@type":"SearchAction","target":{"@type":"EntryPoint","urlTemplate":"https:\/\/mpg-eyewear.com\/fr\/?s={search_term_string}"},"query-input":"required name=search_term_string"}],"inLanguage":"fr-FR"},{"@type":"Organization","@id":"https:\/\/mpg-eyewear.com\/fr\/#organization","name":"MPG - The Eyewear Company","url":"https:\/\/mpg-eyewear.com\/fr\/","logo":{"@type":"ImageObject","inLanguage":"fr-FR","@id":"https:\/\/mpg-eyewear.com\/fr\/#\/schema\/logo\/image\/","url":"https:\/\/mpg-eyewear.com\/wp-content\/uploads\/2022\/08\/logo_mpg.png","contentUrl":"https:\/\/mpg-eyewear.com\/wp-content\/uploads\/2022\/08\/logo_mpg.png","width":201,"height":127,"caption":"MPG - The Eyewear Company"},"image":{"@id":"https:\/\/mpg-eyewear.com\/fr\/#\/schema\/logo\/image\/"}}]}},"_links":{"self":[{"href":"https:\/\/mpg-eyewear.com\/fr\/wp-json\/wp\/v2\/pages\/4182","targetHints":{"allow":["GET"]}}],"collection":[{"href":"https:\/\/mpg-eyewear.com\/fr\/wp-json\/wp\/v2\/pages"}],"about":[{"href":"https:\/\/mpg-eyewear.com\/fr\/wp-json\/wp\/v2\/types\/page"}],"author":[{"embeddable":true,"href":"https:\/\/mpg-eyewear.com\/fr\/wp-json\/wp\/v2\/users\/1"}],"replies":[{"embeddable":true,"href":"https:\/\/mpg-eyewear.com\/fr\/wp-json\/wp\/v2\/comments?post=4182"}],"version-history":[{"count":1,"href":"https:\/\/mpg-eyewear.com\/fr\/wp-json\/wp\/v2\/pages\/4182\/revisions"}],"predecessor-version":[{"id":4184,"href":"https:\/\/mpg-eyewear.com\/fr\/wp-json\/wp\/v2\/pages\/4182\/revisions\/4184"}],"wp:attachment":[{"href":"https:\/\/mpg-eyewear.com\/fr\/wp-json\/wp\/v2\/media?parent=4182"}],"curies":[{"name":"wp","href":"https:\/\/api.w.org\/{rel}","templated":true}]}}