{"id":4160,"date":"2022-10-06T16:12:17","date_gmt":"2022-10-06T14:12:17","guid":{"rendered":"https:\/\/mpg-eyewear.com\/mpg-vente-au-dtail\/"},"modified":"2024-02-13T14:53:23","modified_gmt":"2024-02-13T13:53:23","slug":"mpg-vente-au-dtail","status":"publish","type":"page","link":"https:\/\/mpg-eyewear.com\/fr\/mpg-vente-au-dtail\/","title":{"rendered":"MPG vente au d&eacute;tail"},"content":{"rendered":"\t\t<div data-elementor-type=\"wp-post\" data-elementor-id=\"4160\" class=\"elementor elementor-4160 elementor-1784\" data-elementor-settings=\"{&quot;ha_cmc_init_switcher&quot;:&quot;no&quot;}\" data-elementor-post-type=\"page\">\n\t\t\t\t\t\t<section class=\"elementor-section elementor-top-section elementor-element elementor-element-6df04c4 elementor-section-boxed elementor-section-height-default elementor-section-height-default\" data-id=\"6df04c4\" data-element_type=\"section\" data-settings=\"{&quot;background_background&quot;:&quot;classic&quot;,&quot;_ha_eqh_enable&quot;:false}\">\n\t\t\t\t\t\t<div class=\"elementor-container elementor-column-gap-default\">\n\t\t\t\t\t<div class=\"elementor-column elementor-col-100 elementor-top-column elementor-element elementor-element-16e8430\" data-id=\"16e8430\" data-element_type=\"column\">\n\t\t\t<div class=\"elementor-widget-wrap elementor-element-populated\">\n\t\t\t\t\t\t<div class=\"elementor-element elementor-element-c8cb2d6 elementor-widget elementor-widget-heading\" data-id=\"c8cb2d6\" data-element_type=\"widget\" data-widget_type=\"heading.default\">\n\t\t\t\t<div class=\"elementor-widget-container\">\n\t\t\t\t\t<h1 class=\"elementor-heading-title elementor-size-default\">L&apos;accent plac&eacute; sur la vente au d&eacute;tail<\/h1>\t\t\t\t<\/div>\n\t\t\t\t<\/div>\n\t\t\t\t<div class=\"elementor-element elementor-element-7772255 elementor-widget elementor-widget-heading\" data-id=\"7772255\" data-element_type=\"widget\" data-widget_type=\"heading.default\">\n\t\t\t\t<div class=\"elementor-widget-container\">\n\t\t\t\t\t<h2 class=\"elementor-heading-title elementor-size-default\">Nos boutiques de d&eacute;tail<\/h2>\t\t\t\t<\/div>\n\t\t\t\t<\/div>\n\t\t\t\t\t<\/div>\n\t\t<\/div>\n\t\t\t\t\t<\/div>\n\t\t<\/section>\n\t\t\t\t<section class=\"elementor-section elementor-top-section elementor-element elementor-element-f582596 elementor-reverse-tablet elementor-reverse-mobile elementor-section-boxed elementor-section-height-default elementor-section-height-default\" data-id=\"f582596\" data-element_type=\"section\" data-settings=\"{&quot;_ha_eqh_enable&quot;:false}\">\n\t\t\t\t\t\t<div class=\"elementor-container elementor-column-gap-default\">\n\t\t\t\t\t<div class=\"elementor-column elementor-col-50 elementor-top-column elementor-element elementor-element-b97113e\" data-id=\"b97113e\" data-element_type=\"column\">\n\t\t\t<div class=\"elementor-widget-wrap elementor-element-populated\">\n\t\t\t\t\t\t<div class=\"elementor-element elementor-element-5793361 elementor-widget elementor-widget-heading\" data-id=\"5793361\" data-element_type=\"widget\" data-widget_type=\"heading.default\">\n\t\t\t\t<div class=\"elementor-widget-container\">\n\t\t\t\t\t<h2 class=\"elementor-heading-title elementor-size-default\">Creating Perspectives<\/h2>\t\t\t\t<\/div>\n\t\t\t\t<\/div>\n\t\t\t\t<div class=\"elementor-element elementor-element-f578c8b elementor-widget elementor-widget-text-editor\" data-id=\"f578c8b\" data-element_type=\"widget\" data-widget_type=\"text-editor.default\">\n\t\t\t\t<div class=\"elementor-widget-container\">\n\t\t\t\t\t\t\t\t\t<p>Gr\u00e2ce \u00e0 nos syst\u00e8mes de commercialisation, sites et filiales judicieusement ramifi\u00e9s et b\u00e9n\u00e9ficiant d&rsquo;un r\u00e9seau efficace, nous proposons \u00e0 nos clients B2B et B2C de toute l\u2019Europe toutes sortes de marques de montures, de lunettes de soleil et de sport, de verres de vue et de produits de sant\u00e9.<\/p><p>Au c\u0153ur du groupe, le concept de la cha\u00eene ferm\u00e9e de cr\u00e9ation de valeur, du fabricant \u00e0 l\u2019utilisateur final.<\/p><p>Ce que nous proposons \u00e0 nos clients va du design \u00e0 la distribution, en passant par la production. Une interaction coh\u00e9rente de processus, de syst\u00e8mes et de structures permet au groupe de s&rsquo;accro\u00eetre continuellement, lequel, gr\u00e2ce au renforcement de son r\u00e9seau de <b> boutiques au d\u00e9tail de produits optiques Hallmann (optique et acoustique) et Eye Wish<\/b>, a pris en importance \u00e0 l&rsquo;\u00e9chelle europ\u00e9enne, et est actuellement implant\u00e9 sur le march\u00e9 gr\u00e2ce \u00e0 250 magasins sp\u00e9cialis\u00e9s dans l\u2019optique.<\/p><p><b>Hallmann <\/b>est une entreprise familiale \u00e0 la longue histoire, qui comporte plus de 100 filiales en <b>Allemagne et au Danemark<\/b>, ce qui lui permet de rester proche de ses clients, et qui propose un large assortiment de lunettes, de marques, de verres de lunettes fabriqu\u00e9s en Allemagne, ainsi que des solutions auditives ultra-modernes, pour plus de confort.<\/p><p><span style=\"letter-spacing: 0.32px;\"><b>Eye Wish, en Hollande <\/b>est un opticien de choix positionn\u00e9 sur le segment de march\u00e9 moyen \u00e0 haut.\u00a0<\/span><span style=\"letter-spacing: 0.32px;\">Pour pouvoir r\u00e9pondre aux souhaits des clients du mieux possible, proposer des offres et prestations de service flexibles, le r\u00e9seau actuel de la filiale s&rsquo;est renforc\u00e9 par l\u2019entr\u00e9e de 145 commerces sp\u00e9cialis\u00e9s dans l&rsquo;optique.<\/span><\/p>\t\t\t\t\t\t\t\t<\/div>\n\t\t\t\t<\/div>\n\t\t\t\t\t<\/div>\n\t\t<\/div>\n\t\t\t\t<div class=\"elementor-column elementor-col-50 elementor-top-column elementor-element elementor-element-d7361aa\" data-id=\"d7361aa\" data-element_type=\"column\">\n\t\t\t<div class=\"elementor-widget-wrap elementor-element-populated\">\n\t\t\t\t\t\t<div class=\"elementor-element elementor-element-e451813 elementor-hidden-tablet elementor-hidden-mobile elementor-widget elementor-widget-image\" data-id=\"e451813\" data-element_type=\"widget\" data-widget_type=\"image.default\">\n\t\t\t\t<div class=\"elementor-widget-container\">\n\t\t\t\t\t\t\t\t\t\t\t\t\t\t\t<img fetchpriority=\"high\" decoding=\"async\" width=\"1000\" height=\"1000\" src=\"https:\/\/mpg-eyewear.com\/wp-content\/uploads\/2022\/08\/Kacheln_Retail_WEB.jpg\" class=\"attachment-full size-full wp-image-3230\" alt=\"\" srcset=\"https:\/\/mpg-eyewear.com\/wp-content\/uploads\/2022\/08\/Kacheln_Retail_WEB.jpg 1000w, https:\/\/mpg-eyewear.com\/wp-content\/uploads\/2022\/08\/Kacheln_Retail_WEB-150x150.jpg 150w, https:\/\/mpg-eyewear.com\/wp-content\/uploads\/2022\/08\/Kacheln_Retail_WEB-300x300.jpg 300w, https:\/\/mpg-eyewear.com\/wp-content\/uploads\/2022\/08\/Kacheln_Retail_WEB-768x768.jpg 768w\" sizes=\"(max-width: 1000px) 100vw, 1000px\" \/>\t\t\t\t\t\t\t\t\t\t\t\t\t\t\t<\/div>\n\t\t\t\t<\/div>\n\t\t\t\t<div class=\"elementor-element elementor-element-10e0c04 elementor-hidden-desktop elementor-widget elementor-widget-image\" data-id=\"10e0c04\" data-element_type=\"widget\" data-widget_type=\"image.default\">\n\t\t\t\t<div class=\"elementor-widget-container\">\n\t\t\t\t\t\t\t\t\t\t\t\t\t\t\t<img fetchpriority=\"high\" decoding=\"async\" width=\"1000\" height=\"1000\" src=\"https:\/\/mpg-eyewear.com\/wp-content\/uploads\/2022\/08\/Kacheln_Retail_WEB.jpg\" class=\"attachment-full size-full wp-image-3230\" alt=\"\" srcset=\"https:\/\/mpg-eyewear.com\/wp-content\/uploads\/2022\/08\/Kacheln_Retail_WEB.jpg 1000w, https:\/\/mpg-eyewear.com\/wp-content\/uploads\/2022\/08\/Kacheln_Retail_WEB-150x150.jpg 150w, https:\/\/mpg-eyewear.com\/wp-content\/uploads\/2022\/08\/Kacheln_Retail_WEB-300x300.jpg 300w, https:\/\/mpg-eyewear.com\/wp-content\/uploads\/2022\/08\/Kacheln_Retail_WEB-768x768.jpg 768w\" sizes=\"(max-width: 1000px) 100vw, 1000px\" \/>\t\t\t\t\t\t\t\t\t\t\t\t\t\t\t<\/div>\n\t\t\t\t<\/div>\n\t\t\t\t\t<\/div>\n\t\t<\/div>\n\t\t\t\t\t<\/div>\n\t\t<\/section>\n\t\t\t\t<section class=\"elementor-section elementor-top-section elementor-element elementor-element-519e998 elementor-section-boxed elementor-section-height-default elementor-section-height-default\" data-id=\"519e998\" data-element_type=\"section\" data-settings=\"{&quot;background_background&quot;:&quot;classic&quot;,&quot;_ha_eqh_enable&quot;:false}\">\n\t\t\t\t\t\t<div class=\"elementor-container elementor-column-gap-default\">\n\t\t\t\t\t<div class=\"elementor-column elementor-col-50 elementor-top-column elementor-element elementor-element-7593b5f\" data-id=\"7593b5f\" data-element_type=\"column\" data-settings=\"{&quot;background_background&quot;:&quot;classic&quot;}\">\n\t\t\t<div class=\"elementor-widget-wrap elementor-element-populated\">\n\t\t\t\t\t<div class=\"elementor-background-overlay\"><\/div>\n\t\t\t\t\t\t<div class=\"elementor-element elementor-element-43b15cd ekit-equal-height-disable ha-has-bg-overlay elementor-widget elementor-widget-elementskit-image-box\" data-id=\"43b15cd\" data-element_type=\"widget\" data-widget_type=\"elementskit-image-box.default\">\n\t\t\t\t<div class=\"elementor-widget-container\">\n\t\t\t\t\t<div class=\"ekit-wid-con\" >\n            <div class=\"elementskit-info-image-box ekit-image-box text-left style-modern\" >\n\n                <a href=\"https:\/\/www.optik-hallmann.de\/\">\n                <div class=\"elementskit-box-header image-box-img-left\">\n\n                    <img decoding=\"async\" width=\"1080\" height=\"1350\" src=\"https:\/\/mpg-eyewear.com\/wp-content\/uploads\/2022\/10\/hallmann-hq.png\" class=\"attachment-full size-full wp-image-1800\" alt=\"\" srcset=\"https:\/\/mpg-eyewear.com\/wp-content\/uploads\/2022\/10\/hallmann-hq.png 1080w, https:\/\/mpg-eyewear.com\/wp-content\/uploads\/2022\/10\/hallmann-hq-240x300.png 240w, https:\/\/mpg-eyewear.com\/wp-content\/uploads\/2022\/10\/hallmann-hq-819x1024.png 819w, https:\/\/mpg-eyewear.com\/wp-content\/uploads\/2022\/10\/hallmann-hq-768x960.png 768w\" sizes=\"(max-width: 1080px) 100vw, 1080px\" \/>\n                <\/div>\n                <\/a>\n                <div class=\"elementskit-box-body ekit-image-box-body\">\n                    <div class=\"elementskit-box-content ekit-image-box-body-inner\">\n                                                            <\/div>\n\n                                <div class=\"elementskit-box-footer\">\n                    <div class=\"box-footer\">\n                        <div class=\"btn-wraper\">\n                                                            <a href=\"#\" class=\"elementskit-btn whitespace--normal\">\n                                                                    <\/a>\n                                                    <\/div>\n                    <\/div>\n                <\/div>\n                            <\/div>\n            <\/div>\n    <\/div>\t\t\t\t<\/div>\n\t\t\t\t<\/div>\n\t\t\t\t\t<\/div>\n\t\t<\/div>\n\t\t\t\t<div class=\"elementor-column elementor-col-50 elementor-top-column elementor-element elementor-element-f3eed1e\" data-id=\"f3eed1e\" data-element_type=\"column\" data-settings=\"{&quot;background_background&quot;:&quot;classic&quot;}\">\n\t\t\t<div class=\"elementor-widget-wrap elementor-element-populated\">\n\t\t\t\t\t<div class=\"elementor-background-overlay\"><\/div>\n\t\t\t\t\t\t<div class=\"elementor-element elementor-element-2b4cd30 ekit-equal-height-disable ha-has-bg-overlay elementor-widget elementor-widget-elementskit-image-box\" data-id=\"2b4cd30\" data-element_type=\"widget\" data-widget_type=\"elementskit-image-box.default\">\n\t\t\t\t<div class=\"elementor-widget-container\">\n\t\t\t\t\t<div class=\"ekit-wid-con\" >\n            <div class=\"elementskit-info-image-box ekit-image-box text-left style-modern\" >\n\n                <a href=\"https:\/\/www.eyewish.nl\/\">\n                <div class=\"elementskit-box-header image-box-img-left\">\n\n                    <img decoding=\"async\" width=\"1080\" height=\"1350\" src=\"https:\/\/mpg-eyewear.com\/wp-content\/uploads\/2022\/11\/eyewish-retail.png\" class=\"attachment-full size-full wp-image-2836\" alt=\"\" srcset=\"https:\/\/mpg-eyewear.com\/wp-content\/uploads\/2022\/11\/eyewish-retail.png 1080w, https:\/\/mpg-eyewear.com\/wp-content\/uploads\/2022\/11\/eyewish-retail-240x300.png 240w, https:\/\/mpg-eyewear.com\/wp-content\/uploads\/2022\/11\/eyewish-retail-819x1024.png 819w, https:\/\/mpg-eyewear.com\/wp-content\/uploads\/2022\/11\/eyewish-retail-768x960.png 768w\" sizes=\"(max-width: 1080px) 100vw, 1080px\" \/>\n                <\/div>\n                <\/a>\n                <div class=\"elementskit-box-body ekit-image-box-body\">\n                    <div class=\"elementskit-box-content ekit-image-box-body-inner\">\n                                                            <\/div>\n\n                                <div class=\"elementskit-box-footer\">\n                    <div class=\"box-footer\">\n                        <div class=\"btn-wraper\">\n                                                            <a href=\"https:\/\/mpg-eyewear.com\/marketingservice\/\" class=\"elementskit-btn whitespace--normal\">\n                                                                    <\/a>\n                                                    <\/div>\n                    <\/div>\n                <\/div>\n                            <\/div>\n            <\/div>\n    <\/div>\t\t\t\t<\/div>\n\t\t\t\t<\/div>\n\t\t\t\t\t<\/div>\n\t\t<\/div>\n\t\t\t\t\t<\/div>\n\t\t<\/section>\n\t\t\t\t<\/div>\n\t\t","protected":false},"excerpt":{"rendered":"<p>L&apos;accent plac&eacute; sur la vente au d&eacute;tail Nos boutiques de d&eacute;tail Creating Perspectives Gr\u00e2ce \u00e0 nos syst\u00e8mes de commercialisation, sites et filiales judicieusement ramifi\u00e9s et b\u00e9n\u00e9ficiant d&rsquo;un r\u00e9seau efficace, nous proposons \u00e0 nos clients B2B et B2C de toute l\u2019Europe toutes sortes de marques de montures, de lunettes de soleil et de sport, de verres [&hellip;]<\/p>\n","protected":false},"author":1,"featured_media":0,"parent":0,"menu_order":0,"comment_status":"closed","ping_status":"closed","template":"","meta":{"footnotes":""},"class_list":["post-4160","page","type-page","status-publish","hentry"],"yoast_head":"<!-- This site is optimized with the Yoast SEO plugin v21.8 - https:\/\/yoast.com\/wordpress\/plugins\/seo\/ -->\n<title>Boutiques de vente au d\u00e9tail de produits optiques - MPG - The Eyewear Company<\/title>\n<meta name=\"description\" content=\"Nos propres boutiques de vente au d\u00e9tail de produits optiques viennent compl\u00e9ter \u00e0 la perfection notre cha\u00eene ferm\u00e9e de cr\u00e9ation de valeur, du fabricant \u00e0 l\u2019utilisateur final.\" \/>\n<meta name=\"robots\" content=\"index, follow, max-snippet:-1, max-image-preview:large, max-video-preview:-1\" \/>\n<link rel=\"canonical\" href=\"https:\/\/mpg-eyewear.com\/fr\/mpg-vente-au-dtail\/\" \/>\n<meta property=\"og:locale\" content=\"fr_FR\" \/>\n<meta property=\"og:type\" content=\"article\" \/>\n<meta property=\"og:title\" content=\"Boutiques de vente au d\u00e9tail de produits optiques - MPG - The Eyewear Company\" \/>\n<meta property=\"og:description\" content=\"Nos propres boutiques de vente au d\u00e9tail de produits optiques viennent compl\u00e9ter \u00e0 la perfection notre cha\u00eene ferm\u00e9e de cr\u00e9ation de valeur, du fabricant \u00e0 l\u2019utilisateur final.\" \/>\n<meta property=\"og:url\" content=\"https:\/\/mpg-eyewear.com\/fr\/mpg-vente-au-dtail\/\" \/>\n<meta property=\"og:site_name\" content=\"MPG - The Eyewear Company\" \/>\n<meta property=\"article:modified_time\" content=\"2024-02-13T13:53:23+00:00\" \/>\n<meta property=\"og:image\" content=\"https:\/\/mpg-eyewear.com\/wp-content\/uploads\/2022\/08\/Kacheln_Retail_WEB.jpg\" \/>\n<meta name=\"twitter:card\" content=\"summary_large_image\" \/>\n<meta name=\"twitter:label1\" content=\"Dur\u00e9e de lecture estim\u00e9e\" \/>\n\t<meta name=\"twitter:data1\" content=\"3 minutes\" \/>\n<script type=\"application\/ld+json\" class=\"yoast-schema-graph\">{\"@context\":\"https:\/\/schema.org\",\"@graph\":[{\"@type\":\"WebPage\",\"@id\":\"https:\/\/mpg-eyewear.com\/fr\/mpg-vente-au-dtail\/\",\"url\":\"https:\/\/mpg-eyewear.com\/fr\/mpg-vente-au-dtail\/\",\"name\":\"Boutiques de vente au d\u00e9tail de produits optiques - MPG - The Eyewear Company\",\"isPartOf\":{\"@id\":\"https:\/\/mpg-eyewear.com\/fr\/#website\"},\"datePublished\":\"2022-10-06T14:12:17+00:00\",\"dateModified\":\"2024-02-13T13:53:23+00:00\",\"description\":\"Nos propres boutiques de vente au d\u00e9tail de produits optiques viennent compl\u00e9ter \u00e0 la perfection notre cha\u00eene ferm\u00e9e de cr\u00e9ation de valeur, du fabricant \u00e0 l\u2019utilisateur final.\",\"breadcrumb\":{\"@id\":\"https:\/\/mpg-eyewear.com\/fr\/mpg-vente-au-dtail\/#breadcrumb\"},\"inLanguage\":\"fr-FR\",\"potentialAction\":[{\"@type\":\"ReadAction\",\"target\":[\"https:\/\/mpg-eyewear.com\/fr\/mpg-vente-au-dtail\/\"]}]},{\"@type\":\"BreadcrumbList\",\"@id\":\"https:\/\/mpg-eyewear.com\/fr\/mpg-vente-au-dtail\/#breadcrumb\",\"itemListElement\":[{\"@type\":\"ListItem\",\"position\":1,\"name\":\"Startseite\",\"item\":\"https:\/\/mpg-eyewear.com\/fr\/\"},{\"@type\":\"ListItem\",\"position\":2,\"name\":\"MPG vente au d&eacute;tail\"}]},{\"@type\":\"WebSite\",\"@id\":\"https:\/\/mpg-eyewear.com\/fr\/#website\",\"url\":\"https:\/\/mpg-eyewear.com\/fr\/\",\"name\":\"MPG - The Eyewear Company\",\"description\":\"Creating Perspectives\",\"publisher\":{\"@id\":\"https:\/\/mpg-eyewear.com\/fr\/#organization\"},\"potentialAction\":[{\"@type\":\"SearchAction\",\"target\":{\"@type\":\"EntryPoint\",\"urlTemplate\":\"https:\/\/mpg-eyewear.com\/fr\/?s={search_term_string}\"},\"query-input\":\"required name=search_term_string\"}],\"inLanguage\":\"fr-FR\"},{\"@type\":\"Organization\",\"@id\":\"https:\/\/mpg-eyewear.com\/fr\/#organization\",\"name\":\"MPG - The Eyewear Company\",\"url\":\"https:\/\/mpg-eyewear.com\/fr\/\",\"logo\":{\"@type\":\"ImageObject\",\"inLanguage\":\"fr-FR\",\"@id\":\"https:\/\/mpg-eyewear.com\/fr\/#\/schema\/logo\/image\/\",\"url\":\"https:\/\/mpg-eyewear.com\/wp-content\/uploads\/2022\/08\/logo_mpg.png\",\"contentUrl\":\"https:\/\/mpg-eyewear.com\/wp-content\/uploads\/2022\/08\/logo_mpg.png\",\"width\":201,\"height\":127,\"caption\":\"MPG - The Eyewear Company\"},\"image\":{\"@id\":\"https:\/\/mpg-eyewear.com\/fr\/#\/schema\/logo\/image\/\"}}]}<\/script>\n<!-- \/ Yoast SEO plugin. -->","yoast_head_json":{"title":"Boutiques de vente au d\u00e9tail de produits optiques - MPG - The Eyewear Company","description":"Nos propres boutiques de vente au d\u00e9tail de produits optiques viennent compl\u00e9ter \u00e0 la perfection notre cha\u00eene ferm\u00e9e de cr\u00e9ation de valeur, du fabricant \u00e0 l\u2019utilisateur final.","robots":{"index":"index","follow":"follow","max-snippet":"max-snippet:-1","max-image-preview":"max-image-preview:large","max-video-preview":"max-video-preview:-1"},"canonical":"https:\/\/mpg-eyewear.com\/fr\/mpg-vente-au-dtail\/","og_locale":"fr_FR","og_type":"article","og_title":"Boutiques de vente au d\u00e9tail de produits optiques - MPG - The Eyewear Company","og_description":"Nos propres boutiques de vente au d\u00e9tail de produits optiques viennent compl\u00e9ter \u00e0 la perfection notre cha\u00eene ferm\u00e9e de cr\u00e9ation de valeur, du fabricant \u00e0 l\u2019utilisateur final.","og_url":"https:\/\/mpg-eyewear.com\/fr\/mpg-vente-au-dtail\/","og_site_name":"MPG - The Eyewear Company","article_modified_time":"2024-02-13T13:53:23+00:00","og_image":[{"url":"https:\/\/mpg-eyewear.com\/wp-content\/uploads\/2022\/08\/Kacheln_Retail_WEB.jpg"}],"twitter_card":"summary_large_image","twitter_misc":{"Dur\u00e9e de lecture estim\u00e9e":"3 minutes"},"schema":{"@context":"https:\/\/schema.org","@graph":[{"@type":"WebPage","@id":"https:\/\/mpg-eyewear.com\/fr\/mpg-vente-au-dtail\/","url":"https:\/\/mpg-eyewear.com\/fr\/mpg-vente-au-dtail\/","name":"Boutiques de vente au d\u00e9tail de produits optiques - MPG - The Eyewear Company","isPartOf":{"@id":"https:\/\/mpg-eyewear.com\/fr\/#website"},"datePublished":"2022-10-06T14:12:17+00:00","dateModified":"2024-02-13T13:53:23+00:00","description":"Nos propres boutiques de vente au d\u00e9tail de produits optiques viennent compl\u00e9ter \u00e0 la perfection notre cha\u00eene ferm\u00e9e de cr\u00e9ation de valeur, du fabricant \u00e0 l\u2019utilisateur final.","breadcrumb":{"@id":"https:\/\/mpg-eyewear.com\/fr\/mpg-vente-au-dtail\/#breadcrumb"},"inLanguage":"fr-FR","potentialAction":[{"@type":"ReadAction","target":["https:\/\/mpg-eyewear.com\/fr\/mpg-vente-au-dtail\/"]}]},{"@type":"BreadcrumbList","@id":"https:\/\/mpg-eyewear.com\/fr\/mpg-vente-au-dtail\/#breadcrumb","itemListElement":[{"@type":"ListItem","position":1,"name":"Startseite","item":"https:\/\/mpg-eyewear.com\/fr\/"},{"@type":"ListItem","position":2,"name":"MPG vente au d&eacute;tail"}]},{"@type":"WebSite","@id":"https:\/\/mpg-eyewear.com\/fr\/#website","url":"https:\/\/mpg-eyewear.com\/fr\/","name":"MPG - The Eyewear Company","description":"Creating Perspectives","publisher":{"@id":"https:\/\/mpg-eyewear.com\/fr\/#organization"},"potentialAction":[{"@type":"SearchAction","target":{"@type":"EntryPoint","urlTemplate":"https:\/\/mpg-eyewear.com\/fr\/?s={search_term_string}"},"query-input":"required name=search_term_string"}],"inLanguage":"fr-FR"},{"@type":"Organization","@id":"https:\/\/mpg-eyewear.com\/fr\/#organization","name":"MPG - The Eyewear Company","url":"https:\/\/mpg-eyewear.com\/fr\/","logo":{"@type":"ImageObject","inLanguage":"fr-FR","@id":"https:\/\/mpg-eyewear.com\/fr\/#\/schema\/logo\/image\/","url":"https:\/\/mpg-eyewear.com\/wp-content\/uploads\/2022\/08\/logo_mpg.png","contentUrl":"https:\/\/mpg-eyewear.com\/wp-content\/uploads\/2022\/08\/logo_mpg.png","width":201,"height":127,"caption":"MPG - The Eyewear Company"},"image":{"@id":"https:\/\/mpg-eyewear.com\/fr\/#\/schema\/logo\/image\/"}}]}},"_links":{"self":[{"href":"https:\/\/mpg-eyewear.com\/fr\/wp-json\/wp\/v2\/pages\/4160","targetHints":{"allow":["GET"]}}],"collection":[{"href":"https:\/\/mpg-eyewear.com\/fr\/wp-json\/wp\/v2\/pages"}],"about":[{"href":"https:\/\/mpg-eyewear.com\/fr\/wp-json\/wp\/v2\/types\/page"}],"author":[{"embeddable":true,"href":"https:\/\/mpg-eyewear.com\/fr\/wp-json\/wp\/v2\/users\/1"}],"replies":[{"embeddable":true,"href":"https:\/\/mpg-eyewear.com\/fr\/wp-json\/wp\/v2\/comments?post=4160"}],"version-history":[{"count":4,"href":"https:\/\/mpg-eyewear.com\/fr\/wp-json\/wp\/v2\/pages\/4160\/revisions"}],"predecessor-version":[{"id":7544,"href":"https:\/\/mpg-eyewear.com\/fr\/wp-json\/wp\/v2\/pages\/4160\/revisions\/7544"}],"wp:attachment":[{"href":"https:\/\/mpg-eyewear.com\/fr\/wp-json\/wp\/v2\/media?parent=4160"}],"curies":[{"name":"wp","href":"https:\/\/api.w.org\/{rel}","templated":true}]}}