{"id":4137,"date":"2022-10-07T14:21:05","date_gmt":"2022-10-07T12:21:05","guid":{"rendered":"https:\/\/mpg-eyewear.com\/architecture\/"},"modified":"2023-01-25T16:14:46","modified_gmt":"2023-01-25T15:14:46","slug":"architecture","status":"publish","type":"page","link":"https:\/\/mpg-eyewear.com\/fr\/architecture\/","title":{"rendered":"Architecture"},"content":{"rendered":"\t\t<div data-elementor-type=\"wp-page\" data-elementor-id=\"4137\" class=\"elementor elementor-4137 elementor-2126\" data-elementor-settings=\"{&quot;ha_cmc_init_switcher&quot;:&quot;no&quot;}\" data-elementor-post-type=\"page\">\n\t\t\t\t\t\t<section class=\"elementor-section elementor-top-section elementor-element elementor-element-791def9f elementor-section-full_width elementor-section-height-full elementor-section-height-default elementor-section-items-middle\" data-id=\"791def9f\" data-element_type=\"section\" data-settings=\"{&quot;background_background&quot;:&quot;video&quot;,&quot;background_video_link&quot;:&quot;https:\\\/\\\/youtu.be\\\/yyI62WRwQ0k&quot;,&quot;background_play_on_mobile&quot;:&quot;yes&quot;,&quot;_ha_eqh_enable&quot;:false}\">\n\t\t\t\t\t\t\t\t<div class=\"elementor-background-video-container\" aria-hidden=\"true\">\n\t\t\t\t\t\t\t\t\t\t\t\t\t<div class=\"elementor-background-video-embed\"><\/div>\n\t\t\t\t\t\t\t\t\t\t\t\t<\/div>\n\t\t\t\t\t\t\t\t\t<div class=\"elementor-background-overlay\"><\/div>\n\t\t\t\t\t\t\t<div class=\"elementor-container elementor-column-gap-default\">\n\t\t\t\t\t<div class=\"elementor-column elementor-col-100 elementor-top-column elementor-element elementor-element-4e1f813b\" data-id=\"4e1f813b\" data-element_type=\"column\">\n\t\t\t<div class=\"elementor-widget-wrap elementor-element-populated\">\n\t\t\t\t\t\t<div class=\"elementor-element elementor-element-78a4a17d elementor-widget elementor-widget-heading\" data-id=\"78a4a17d\" data-element_type=\"widget\" data-widget_type=\"heading.default\">\n\t\t\t\t<div class=\"elementor-widget-container\">\n\t\t\t\t\t<h1 class=\"elementor-heading-title elementor-size-default\">La panth&egrave;re noire<\/h1>\t\t\t\t<\/div>\n\t\t\t\t<\/div>\n\t\t\t\t<div class=\"elementor-element elementor-element-10262e2f elementor-widget elementor-widget-heading\" data-id=\"10262e2f\" data-element_type=\"widget\" data-widget_type=\"heading.default\">\n\t\t\t\t<div class=\"elementor-widget-container\">\n\t\t\t\t\t<h2 class=\"elementor-heading-title elementor-size-default\">Headquarter MP09<\/h2>\t\t\t\t<\/div>\n\t\t\t\t<\/div>\n\t\t\t\t<div class=\"elementor-element elementor-element-5cf122aa elementor-align-left elementor-mobile-align-center elementor-hidden-mobile elementor-widget elementor-widget-button\" data-id=\"5cf122aa\" data-element_type=\"widget\" data-widget_type=\"button.default\">\n\t\t\t\t<div class=\"elementor-widget-container\">\n\t\t\t\t\t\t\t\t\t<div class=\"elementor-button-wrapper\">\n\t\t\t\t\t<a class=\"elementor-button elementor-button-link elementor-size-sm\" href=\"#architecture\">\n\t\t\t\t\t\t<span class=\"elementor-button-content-wrapper\">\n\t\t\t\t\t\t\t\t\t<span class=\"elementor-button-text\">En savoir plus<\/span>\n\t\t\t\t\t<\/span>\n\t\t\t\t\t<\/a>\n\t\t\t\t<\/div>\n\t\t\t\t\t\t\t\t<\/div>\n\t\t\t\t<\/div>\n\t\t\t\t\t<\/div>\n\t\t<\/div>\n\t\t\t\t\t<\/div>\n\t\t<\/section>\n\t\t\t\t<section class=\"elementor-section elementor-top-section elementor-element elementor-element-25d61794 elementor-reverse-tablet elementor-reverse-mobile elementor-section-boxed elementor-section-height-default elementor-section-height-default\" data-id=\"25d61794\" data-element_type=\"section\" id=\"architektur\" data-settings=\"{&quot;background_background&quot;:&quot;classic&quot;,&quot;_ha_eqh_enable&quot;:false}\">\n\t\t\t\t\t\t<div class=\"elementor-container elementor-column-gap-default\">\n\t\t\t\t\t<div class=\"elementor-column elementor-col-50 elementor-top-column elementor-element elementor-element-78295b04\" data-id=\"78295b04\" data-element_type=\"column\">\n\t\t\t<div class=\"elementor-widget-wrap elementor-element-populated\">\n\t\t\t\t\t\t<div class=\"elementor-element elementor-element-8f6e7a elementor-widget elementor-widget-heading\" data-id=\"8f6e7a\" data-element_type=\"widget\" id=\"architecture\" data-widget_type=\"heading.default\">\n\t\t\t\t<div class=\"elementor-widget-container\">\n\t\t\t\t\t<h2 class=\"elementor-heading-title elementor-size-default\">Le quartier g&eacute;n&eacute;ral de la #TeamMPG<\/h2>\t\t\t\t<\/div>\n\t\t\t\t<\/div>\n\t\t\t\t<div class=\"elementor-element elementor-element-65e1100d elementor-widget elementor-widget-text-editor\" data-id=\"65e1100d\" data-element_type=\"widget\" data-widget_type=\"text-editor.default\">\n\t\t\t\t<div class=\"elementor-widget-container\">\n\t\t\t\t\t\t\t\t\t<p><span style=\"font-weight: 400;\">C&rsquo;est en 2009 que le <strong>si&egrave;ge social de MPG<\/strong> a surgi de terre &agrave; Liebenau, &agrave; l&rsquo;entr&eacute;e de la ville de Graz, et, de par son architecture puissante et &eacute;l&eacute;gante, c&rsquo;est un v&eacute;ritable point de mire : le MP09, &eacute;galement connu sous le nom de \u00ab&nbsp;<strong>panth&egrave;re noire&nbsp;\u00bb<\/strong>, envo&ucirc;te tous ceux qui le regardent, de l&rsquo;ext&eacute;rieur comme de l&rsquo;int&eacute;rieur.&nbsp;<\/span><\/p>\n<p><span style=\"font-weight: 400;\">Son impressionnante fa&ccedil;ade dissimule des locaux multidimensionnels. Ils changent de format, puis se prolongent en terrasses ou en toits flottants. Son concept lui permet d&rsquo;offrir des bureaux parfaits pour diff&eacute;rentes &eacute;quipes et pour r&eacute;pondre aux exigences les plus diverses. Mais design et originalit&eacute; ne constituent pas ses seules caract&eacute;ristiques : sa construction r&eacute;pond aux normes &eacute;cologiques les plus modernes.<\/span><\/p>\n<p><span style=\"font-weight: 400;\">Et non seulement l&rsquo;architecture spectaculaire de ce b&acirc;timent a &eacute;t&eacute; salu&eacute;e par de nombreuses revues consacr&eacute;es &agrave; l&apos;architecture, mais elle a &eacute;galement <strong>re&ccedil;u deux prix<\/strong> &ndash; notamment &agrave; l&rsquo;occasion de <strong>la biennale 2010 de l&rsquo;architecture de Venise.<\/strong> Mais, plus important que tout : cet &eacute;difice de 10 500 m&egrave;tres carr&eacute;s laisse &agrave; nos &eacute;quipes toutes la place pour d&eacute;velopper de nouvelles id&eacute;es.<\/span><\/p>\n<div>\n<div>\n<div><\/div>\n<p><\/p>\n<\/div>\n<\/div>\n\t\t\t\t\t\t\t\t<\/div>\n\t\t\t\t<\/div>\n\t\t\t\t\t<\/div>\n\t\t<\/div>\n\t\t\t\t<div class=\"elementor-column elementor-col-50 elementor-top-column elementor-element elementor-element-c5704c3\" data-id=\"c5704c3\" data-element_type=\"column\">\n\t\t\t<div class=\"elementor-widget-wrap elementor-element-populated\">\n\t\t\t\t\t\t<div class=\"elementor-element elementor-element-7a3a4be5 elementor-widget elementor-widget-image\" data-id=\"7a3a4be5\" data-element_type=\"widget\" data-widget_type=\"image.default\">\n\t\t\t\t<div class=\"elementor-widget-container\">\n\t\t\t\t\t\t\t\t\t\t\t\t\t\t\t<img fetchpriority=\"high\" decoding=\"async\" width=\"800\" height=\"534\" src=\"https:\/\/mpg-eyewear.com\/wp-content\/uploads\/2022\/08\/09_16315-RZ_ohne_Saeulen_WEB_1000px.jpg\" class=\"attachment-large size-large wp-image-3358\" alt=\"\" srcset=\"https:\/\/mpg-eyewear.com\/wp-content\/uploads\/2022\/08\/09_16315-RZ_ohne_Saeulen_WEB_1000px.jpg 1000w, https:\/\/mpg-eyewear.com\/wp-content\/uploads\/2022\/08\/09_16315-RZ_ohne_Saeulen_WEB_1000px-300x200.jpg 300w, https:\/\/mpg-eyewear.com\/wp-content\/uploads\/2022\/08\/09_16315-RZ_ohne_Saeulen_WEB_1000px-768x513.jpg 768w\" sizes=\"(max-width: 800px) 100vw, 800px\" \/>\t\t\t\t\t\t\t\t\t\t\t\t\t\t\t<\/div>\n\t\t\t\t<\/div>\n\t\t\t\t\t<\/div>\n\t\t<\/div>\n\t\t\t\t\t<\/div>\n\t\t<\/section>\n\t\t\t\t<\/div>\n\t\t","protected":false},"excerpt":{"rendered":"<p>La panth&egrave;re noire Headquarter MP09 En savoir plus Le quartier g&eacute;n&eacute;ral de la #TeamMPG C&rsquo;est en 2009 que le si&egrave;ge social de MPG a surgi de terre &agrave; Liebenau, &agrave; l&rsquo;entr&eacute;e de la ville de Graz, et, de par son architecture puissante et &eacute;l&eacute;gante, c&rsquo;est un v&eacute;ritable point de mire : le MP09, &eacute;galement connu [&hellip;]<\/p>\n","protected":false},"author":1,"featured_media":0,"parent":0,"menu_order":0,"comment_status":"closed","ping_status":"closed","template":"","meta":{"footnotes":""},"class_list":["post-4137","page","type-page","status-publish","hentry"],"yoast_head":"<!-- This site is optimized with the Yoast SEO plugin v21.8 - https:\/\/yoast.com\/wordpress\/plugins\/seo\/ -->\n<title>MPG Headquarter MP09 - MPG - The Eyewear Company<\/title>\n<meta name=\"description\" content=\"Le b\u00e2timent MP09 est \u00e9galement connu sous le nom de \u00ab\u00a0panth\u00e8re noire\u00a0\u00bb, et, de par son architecture spectaculaire et puissante, il a \u00e9t\u00e9 prim\u00e9 \u00e0 deux reprises.\" \/>\n<meta name=\"robots\" content=\"index, follow, max-snippet:-1, max-image-preview:large, max-video-preview:-1\" \/>\n<link rel=\"canonical\" href=\"https:\/\/mpg-eyewear.com\/fr\/architecture\/\" \/>\n<meta property=\"og:locale\" content=\"fr_FR\" \/>\n<meta property=\"og:type\" content=\"article\" \/>\n<meta property=\"og:title\" content=\"MPG Headquarter MP09 - MPG - The Eyewear Company\" \/>\n<meta property=\"og:description\" content=\"Le b\u00e2timent MP09 est \u00e9galement connu sous le nom de \u00ab\u00a0panth\u00e8re noire\u00a0\u00bb, et, de par son architecture spectaculaire et puissante, il a \u00e9t\u00e9 prim\u00e9 \u00e0 deux reprises.\" \/>\n<meta property=\"og:url\" content=\"https:\/\/mpg-eyewear.com\/fr\/architecture\/\" \/>\n<meta property=\"og:site_name\" content=\"MPG - The Eyewear Company\" \/>\n<meta property=\"article:modified_time\" content=\"2023-01-25T15:14:46+00:00\" \/>\n<meta property=\"og:image\" content=\"https:\/\/mpg-eyewear.com\/wp-content\/uploads\/2022\/08\/09_16315-RZ_ohne_Saeulen_WEB_1000px.jpg\" \/>\n<meta name=\"twitter:card\" content=\"summary_large_image\" \/>\n<meta name=\"twitter:label1\" content=\"Dur\u00e9e de lecture estim\u00e9e\" \/>\n\t<meta name=\"twitter:data1\" content=\"2 minutes\" \/>\n<script type=\"application\/ld+json\" class=\"yoast-schema-graph\">{\"@context\":\"https:\/\/schema.org\",\"@graph\":[{\"@type\":\"WebPage\",\"@id\":\"https:\/\/mpg-eyewear.com\/fr\/architecture\/\",\"url\":\"https:\/\/mpg-eyewear.com\/fr\/architecture\/\",\"name\":\"MPG Headquarter MP09 - MPG - The Eyewear Company\",\"isPartOf\":{\"@id\":\"https:\/\/mpg-eyewear.com\/fr\/#website\"},\"datePublished\":\"2022-10-07T12:21:05+00:00\",\"dateModified\":\"2023-01-25T15:14:46+00:00\",\"description\":\"Le b\u00e2timent MP09 est \u00e9galement connu sous le nom de \u00ab\u00a0panth\u00e8re noire\u00a0\u00bb, et, de par son architecture spectaculaire et puissante, il a \u00e9t\u00e9 prim\u00e9 \u00e0 deux reprises.\",\"breadcrumb\":{\"@id\":\"https:\/\/mpg-eyewear.com\/fr\/architecture\/#breadcrumb\"},\"inLanguage\":\"fr-FR\",\"potentialAction\":[{\"@type\":\"ReadAction\",\"target\":[\"https:\/\/mpg-eyewear.com\/fr\/architecture\/\"]}]},{\"@type\":\"BreadcrumbList\",\"@id\":\"https:\/\/mpg-eyewear.com\/fr\/architecture\/#breadcrumb\",\"itemListElement\":[{\"@type\":\"ListItem\",\"position\":1,\"name\":\"Startseite\",\"item\":\"https:\/\/mpg-eyewear.com\/fr\/\"},{\"@type\":\"ListItem\",\"position\":2,\"name\":\"Architecture\"}]},{\"@type\":\"WebSite\",\"@id\":\"https:\/\/mpg-eyewear.com\/fr\/#website\",\"url\":\"https:\/\/mpg-eyewear.com\/fr\/\",\"name\":\"MPG - The Eyewear Company\",\"description\":\"Creating Perspectives\",\"publisher\":{\"@id\":\"https:\/\/mpg-eyewear.com\/fr\/#organization\"},\"potentialAction\":[{\"@type\":\"SearchAction\",\"target\":{\"@type\":\"EntryPoint\",\"urlTemplate\":\"https:\/\/mpg-eyewear.com\/fr\/?s={search_term_string}\"},\"query-input\":\"required name=search_term_string\"}],\"inLanguage\":\"fr-FR\"},{\"@type\":\"Organization\",\"@id\":\"https:\/\/mpg-eyewear.com\/fr\/#organization\",\"name\":\"MPG - The Eyewear Company\",\"url\":\"https:\/\/mpg-eyewear.com\/fr\/\",\"logo\":{\"@type\":\"ImageObject\",\"inLanguage\":\"fr-FR\",\"@id\":\"https:\/\/mpg-eyewear.com\/fr\/#\/schema\/logo\/image\/\",\"url\":\"https:\/\/mpg-eyewear.com\/wp-content\/uploads\/2022\/08\/logo_mpg.png\",\"contentUrl\":\"https:\/\/mpg-eyewear.com\/wp-content\/uploads\/2022\/08\/logo_mpg.png\",\"width\":201,\"height\":127,\"caption\":\"MPG - The Eyewear Company\"},\"image\":{\"@id\":\"https:\/\/mpg-eyewear.com\/fr\/#\/schema\/logo\/image\/\"}}]}<\/script>\n<!-- \/ Yoast SEO plugin. -->","yoast_head_json":{"title":"MPG Headquarter MP09 - MPG - The Eyewear Company","description":"Le b\u00e2timent MP09 est \u00e9galement connu sous le nom de \u00ab\u00a0panth\u00e8re noire\u00a0\u00bb, et, de par son architecture spectaculaire et puissante, il a \u00e9t\u00e9 prim\u00e9 \u00e0 deux reprises.","robots":{"index":"index","follow":"follow","max-snippet":"max-snippet:-1","max-image-preview":"max-image-preview:large","max-video-preview":"max-video-preview:-1"},"canonical":"https:\/\/mpg-eyewear.com\/fr\/architecture\/","og_locale":"fr_FR","og_type":"article","og_title":"MPG Headquarter MP09 - MPG - The Eyewear Company","og_description":"Le b\u00e2timent MP09 est \u00e9galement connu sous le nom de \u00ab\u00a0panth\u00e8re noire\u00a0\u00bb, et, de par son architecture spectaculaire et puissante, il a \u00e9t\u00e9 prim\u00e9 \u00e0 deux reprises.","og_url":"https:\/\/mpg-eyewear.com\/fr\/architecture\/","og_site_name":"MPG - The Eyewear Company","article_modified_time":"2023-01-25T15:14:46+00:00","og_image":[{"url":"https:\/\/mpg-eyewear.com\/wp-content\/uploads\/2022\/08\/09_16315-RZ_ohne_Saeulen_WEB_1000px.jpg"}],"twitter_card":"summary_large_image","twitter_misc":{"Dur\u00e9e de lecture estim\u00e9e":"2 minutes"},"schema":{"@context":"https:\/\/schema.org","@graph":[{"@type":"WebPage","@id":"https:\/\/mpg-eyewear.com\/fr\/architecture\/","url":"https:\/\/mpg-eyewear.com\/fr\/architecture\/","name":"MPG Headquarter MP09 - MPG - The Eyewear Company","isPartOf":{"@id":"https:\/\/mpg-eyewear.com\/fr\/#website"},"datePublished":"2022-10-07T12:21:05+00:00","dateModified":"2023-01-25T15:14:46+00:00","description":"Le b\u00e2timent MP09 est \u00e9galement connu sous le nom de \u00ab\u00a0panth\u00e8re noire\u00a0\u00bb, et, de par son architecture spectaculaire et puissante, il a \u00e9t\u00e9 prim\u00e9 \u00e0 deux reprises.","breadcrumb":{"@id":"https:\/\/mpg-eyewear.com\/fr\/architecture\/#breadcrumb"},"inLanguage":"fr-FR","potentialAction":[{"@type":"ReadAction","target":["https:\/\/mpg-eyewear.com\/fr\/architecture\/"]}]},{"@type":"BreadcrumbList","@id":"https:\/\/mpg-eyewear.com\/fr\/architecture\/#breadcrumb","itemListElement":[{"@type":"ListItem","position":1,"name":"Startseite","item":"https:\/\/mpg-eyewear.com\/fr\/"},{"@type":"ListItem","position":2,"name":"Architecture"}]},{"@type":"WebSite","@id":"https:\/\/mpg-eyewear.com\/fr\/#website","url":"https:\/\/mpg-eyewear.com\/fr\/","name":"MPG - The Eyewear Company","description":"Creating Perspectives","publisher":{"@id":"https:\/\/mpg-eyewear.com\/fr\/#organization"},"potentialAction":[{"@type":"SearchAction","target":{"@type":"EntryPoint","urlTemplate":"https:\/\/mpg-eyewear.com\/fr\/?s={search_term_string}"},"query-input":"required name=search_term_string"}],"inLanguage":"fr-FR"},{"@type":"Organization","@id":"https:\/\/mpg-eyewear.com\/fr\/#organization","name":"MPG - The Eyewear Company","url":"https:\/\/mpg-eyewear.com\/fr\/","logo":{"@type":"ImageObject","inLanguage":"fr-FR","@id":"https:\/\/mpg-eyewear.com\/fr\/#\/schema\/logo\/image\/","url":"https:\/\/mpg-eyewear.com\/wp-content\/uploads\/2022\/08\/logo_mpg.png","contentUrl":"https:\/\/mpg-eyewear.com\/wp-content\/uploads\/2022\/08\/logo_mpg.png","width":201,"height":127,"caption":"MPG - The Eyewear Company"},"image":{"@id":"https:\/\/mpg-eyewear.com\/fr\/#\/schema\/logo\/image\/"}}]}},"_links":{"self":[{"href":"https:\/\/mpg-eyewear.com\/fr\/wp-json\/wp\/v2\/pages\/4137","targetHints":{"allow":["GET"]}}],"collection":[{"href":"https:\/\/mpg-eyewear.com\/fr\/wp-json\/wp\/v2\/pages"}],"about":[{"href":"https:\/\/mpg-eyewear.com\/fr\/wp-json\/wp\/v2\/types\/page"}],"author":[{"embeddable":true,"href":"https:\/\/mpg-eyewear.com\/fr\/wp-json\/wp\/v2\/users\/1"}],"replies":[{"embeddable":true,"href":"https:\/\/mpg-eyewear.com\/fr\/wp-json\/wp\/v2\/comments?post=4137"}],"version-history":[{"count":4,"href":"https:\/\/mpg-eyewear.com\/fr\/wp-json\/wp\/v2\/pages\/4137\/revisions"}],"predecessor-version":[{"id":5320,"href":"https:\/\/mpg-eyewear.com\/fr\/wp-json\/wp\/v2\/pages\/4137\/revisions\/5320"}],"wp:attachment":[{"href":"https:\/\/mpg-eyewear.com\/fr\/wp-json\/wp\/v2\/media?parent=4137"}],"curies":[{"name":"wp","href":"https:\/\/api.w.org\/{rel}","templated":true}]}}