{"id":4133,"date":"2022-10-09T23:07:14","date_gmt":"2022-10-09T21:07:14","guid":{"rendered":"https:\/\/mpg-eyewear.com\/aotg\/"},"modified":"2025-08-20T11:54:05","modified_gmt":"2025-08-20T09:54:05","slug":"aotg","status":"publish","type":"page","link":"https:\/\/mpg-eyewear.com\/fr\/aotg\/","title":{"rendered":"AOTG"},"content":{"rendered":"\t\t<div data-elementor-type=\"wp-page\" data-elementor-id=\"4133\" class=\"elementor elementor-4133 elementor-2396\" data-elementor-settings=\"{&quot;ha_cmc_init_switcher&quot;:&quot;no&quot;}\" data-elementor-post-type=\"page\">\n\t\t\t\t\t\t<section class=\"elementor-section elementor-top-section elementor-element elementor-element-3d2c1421 elementor-section-boxed elementor-section-height-default elementor-section-height-default\" data-id=\"3d2c1421\" data-element_type=\"section\" data-settings=\"{&quot;background_background&quot;:&quot;classic&quot;,&quot;_ha_eqh_enable&quot;:false}\">\n\t\t\t\t\t\t<div class=\"elementor-container elementor-column-gap-default\">\n\t\t\t\t\t<div class=\"elementor-column elementor-col-100 elementor-top-column elementor-element elementor-element-5dff06e7\" data-id=\"5dff06e7\" data-element_type=\"column\">\n\t\t\t<div class=\"elementor-widget-wrap elementor-element-populated\">\n\t\t\t\t\t\t<div class=\"elementor-element elementor-element-6984e806 elementor-widget elementor-widget-heading\" data-id=\"6984e806\" data-element_type=\"widget\" data-widget_type=\"heading.default\">\n\t\t\t\t<div class=\"elementor-widget-container\">\n\t\t\t\t\t<h1 class=\"elementor-heading-title elementor-size-default\">Des verres de lunettes fabriqu&eacute;s avec la plus grande pr&eacute;cision<\/h1>\t\t\t\t<\/div>\n\t\t\t\t<\/div>\n\t\t\t\t<div class=\"elementor-element elementor-element-6ad7b04d elementor-widget elementor-widget-heading\" data-id=\"6ad7b04d\" data-element_type=\"widget\" data-widget_type=\"heading.default\">\n\t\t\t\t<div class=\"elementor-widget-container\">\n\t\t\t\t\t<h2 class=\"elementor-heading-title elementor-size-default\">Austrian Optic Technologies<\/h2>\t\t\t\t<\/div>\n\t\t\t\t<\/div>\n\t\t\t\t\t<\/div>\n\t\t<\/div>\n\t\t\t\t\t<\/div>\n\t\t<\/section>\n\t\t\t\t<section class=\"elementor-section elementor-top-section elementor-element elementor-element-23ff1681 elementor-reverse-tablet elementor-reverse-mobile elementor-section-boxed elementor-section-height-default elementor-section-height-default\" data-id=\"23ff1681\" data-element_type=\"section\" data-settings=\"{&quot;background_background&quot;:&quot;classic&quot;,&quot;_ha_eqh_enable&quot;:false}\">\n\t\t\t\t\t\t<div class=\"elementor-container elementor-column-gap-default\">\n\t\t\t\t\t<div class=\"elementor-column elementor-col-50 elementor-top-column elementor-element elementor-element-6c2127aa\" data-id=\"6c2127aa\" data-element_type=\"column\">\n\t\t\t<div class=\"elementor-widget-wrap elementor-element-populated\">\n\t\t\t\t\t\t<div class=\"elementor-element elementor-element-74bc0586 elementor-widget elementor-widget-heading\" data-id=\"74bc0586\" data-element_type=\"widget\" data-widget_type=\"heading.default\">\n\t\t\t\t<div class=\"elementor-widget-container\">\n\t\t\t\t\t<h2 class=\"elementor-heading-title elementor-size-default\">Austrian Optic Technologies<\/h2>\t\t\t\t<\/div>\n\t\t\t\t<\/div>\n\t\t\t\t<div class=\"elementor-element elementor-element-5960d18f elementor-widget elementor-widget-text-editor\" data-id=\"5960d18f\" data-element_type=\"widget\" data-widget_type=\"text-editor.default\">\n\t\t\t\t<div class=\"elementor-widget-container\">\n\t\t\t\t\t\t\t\t\t<p><span style=\"letter-spacing: 0.32px;\">La soci\u00e9t\u00e9 Austrian Optic Technologies (AOTG), dont le si\u00e8ge social se trouve \u00e0 Guntramsdorf, est une filiale de\u00a0<\/span><a style=\"letter-spacing: 0.32px; background-color: #f4f4f4;\" href=\"https:\/\/mpg-eyewear.com\/fr\/\">MPG GmbH\u00a0<\/a><span style=\"letter-spacing: 0.32px;\">et elle se consacre \u00e0 des verres de lunettes de grande qualit\u00e9. L\u2019offre va de verres progressifs innovants \u00e0 des verres de lunettes fabriqu\u00e9s \u00e0 l\u2019aide de la technologie de mise en forme libre, en passant par les verres \u00e0 un ou plusieurs foyers classiques, min\u00e9raux et organiques.<\/span><\/p><p><b>Un leader de march\u00e9 et un sp\u00e9cialiste des lunettes<\/b><\/p><p><span style=\"font-weight: 400;\">Fond\u00e9e en 1982 sous le nom d\u2019Optic GmbH, la soci\u00e9t\u00e9 AOTG est aujourd&rsquo;hui leader de march\u00e9 pour ce qui est du nombre de verres de lunettes achet\u00e9s. En 2009, elle a chang\u00e9 de nom pour devenir Austrian Optic Technologies. Cette entreprise dirig\u00e9e par ses propri\u00e9taires s&rsquo;illustre par son exceptionnelle flexibilit\u00e9, son esprit d\u2019innovation et son originalit\u00e9, sans compter qu\u2019elle fait partie des sp\u00e9cialistes des fabrication sur-mesure.\u00a0<\/span><\/p><p><b>L&rsquo;atelier de d\u00e9veloppement des verres de lunettes premium MPO<\/b><\/p><p><span style=\"font-weight: 400;\">Avec les ateliers d&rsquo;optique de MPG, AOTG a cr\u00e9\u00e9 la marque MPO. D\u00e9velopp\u00e9s par AOTG, en Autriche, et fabriqu\u00e9s en Allemagne, les verres de lunettes premium MPO constituent un assortiment innovant de produits de haut niveau, qui, combin\u00e9 \u00e0 des offres personnalis\u00e9es, constituent des prestations tout-en-un pour les opticiens.<\/span><\/p><div><div><div>\u00a0<\/div><\/div><\/div>\t\t\t\t\t\t\t\t<\/div>\n\t\t\t\t<\/div>\n\t\t\t\t\t<\/div>\n\t\t<\/div>\n\t\t\t\t<div class=\"elementor-column elementor-col-50 elementor-top-column elementor-element elementor-element-515038f5\" data-id=\"515038f5\" data-element_type=\"column\">\n\t\t\t<div class=\"elementor-widget-wrap elementor-element-populated\">\n\t\t\t\t\t\t<div class=\"elementor-element elementor-element-59065863 elementor-widget elementor-widget-image\" data-id=\"59065863\" data-element_type=\"widget\" data-widget_type=\"image.default\">\n\t\t\t\t<div class=\"elementor-widget-container\">\n\t\t\t\t\t\t\t\t\t\t\t\t\t\t\t<img fetchpriority=\"high\" decoding=\"async\" width=\"800\" height=\"600\" src=\"https:\/\/mpg-eyewear.com\/wp-content\/uploads\/2022\/10\/Production_selection_5942-RZ-1024x768.jpg\" class=\"attachment-large size-large wp-image-3570\" alt=\"\" srcset=\"https:\/\/mpg-eyewear.com\/wp-content\/uploads\/2022\/10\/Production_selection_5942-RZ-1024x768.jpg 1024w, https:\/\/mpg-eyewear.com\/wp-content\/uploads\/2022\/10\/Production_selection_5942-RZ-300x225.jpg 300w, https:\/\/mpg-eyewear.com\/wp-content\/uploads\/2022\/10\/Production_selection_5942-RZ-768x576.jpg 768w, https:\/\/mpg-eyewear.com\/wp-content\/uploads\/2022\/10\/Production_selection_5942-RZ-1536x1152.jpg 1536w, https:\/\/mpg-eyewear.com\/wp-content\/uploads\/2022\/10\/Production_selection_5942-RZ.jpg 2000w\" sizes=\"(max-width: 800px) 100vw, 800px\" \/>\t\t\t\t\t\t\t\t\t\t\t\t\t\t\t<\/div>\n\t\t\t\t<\/div>\n\t\t\t\t\t<\/div>\n\t\t<\/div>\n\t\t\t\t\t<\/div>\n\t\t<\/section>\n\t\t\t\t<section class=\"elementor-section elementor-top-section elementor-element elementor-element-4b56ead2 elementor-section-boxed elementor-section-height-default elementor-section-height-default\" data-id=\"4b56ead2\" data-element_type=\"section\" data-settings=\"{&quot;background_background&quot;:&quot;classic&quot;,&quot;_ha_eqh_enable&quot;:false}\">\n\t\t\t\t\t\t<div class=\"elementor-container elementor-column-gap-default\">\n\t\t\t\t\t<div class=\"elementor-column elementor-col-100 elementor-top-column elementor-element elementor-element-62a7e685\" data-id=\"62a7e685\" data-element_type=\"column\">\n\t\t\t<div class=\"elementor-widget-wrap elementor-element-populated\">\n\t\t\t\t\t\t<div class=\"elementor-element elementor-element-5aa68dab elementor-widget elementor-widget-heading\" data-id=\"5aa68dab\" data-element_type=\"widget\" data-widget_type=\"heading.default\">\n\t\t\t\t<div class=\"elementor-widget-container\">\n\t\t\t\t\t<h2 class=\"elementor-heading-title elementor-size-default\">C&rsquo;est avec plaisir que nous vous conseillons<\/h2>\t\t\t\t<\/div>\n\t\t\t\t<\/div>\n\t\t\t\t<div class=\"elementor-element elementor-element-205e94ae elementor-widget elementor-widget-text-editor\" data-id=\"205e94ae\" data-element_type=\"widget\" data-widget_type=\"text-editor.default\">\n\t\t\t\t<div class=\"elementor-widget-container\">\n\t\t\t\t\t\t\t\t\t<p><span style=\"font-weight: 400;\">L&apos;&eacute;quipe de notre service externe se fait un plaisir de conseiller les clients et de les &eacute;pauler pour leurs ventes, et le service client est appr&eacute;ci&eacute; pour son agr&eacute;able contact avec les clients au quotidien et pour ses r&eacute;ponses rapides apport&eacute;es aux commandes et aux questions.<\/span><\/p>\n<p><span style=\"font-weight: 400;\">Notre service client est joignable :<\/span><\/p>\n<p><strong>du lundi au vendredi, de 08:30 &agrave; 18:00<\/strong><\/p>\n\t\t\t\t\t\t\t\t<\/div>\n\t\t\t\t<\/div>\n\t\t\t\t<div class=\"elementor-element elementor-element-2eef80f2 elementor-align-center elementor-widget elementor-widget-button\" data-id=\"2eef80f2\" data-element_type=\"widget\" data-widget_type=\"button.default\">\n\t\t\t\t<div class=\"elementor-widget-container\">\n\t\t\t\t\t\t\t\t\t<div class=\"elementor-button-wrapper\">\n\t\t\t\t\t<a class=\"elementor-button elementor-button-link elementor-size-sm\" href=\"mailto:service-lenses@mpg-eyewear.com\">\n\t\t\t\t\t\t<span class=\"elementor-button-content-wrapper\">\n\t\t\t\t\t\t\t\t\t<span class=\"elementor-button-text\">&Eacute;crire un mail<\/span>\n\t\t\t\t\t<\/span>\n\t\t\t\t\t<\/a>\n\t\t\t\t<\/div>\n\t\t\t\t\t\t\t\t<\/div>\n\t\t\t\t<\/div>\n\t\t\t\t<div class=\"elementor-element elementor-element-40708adf elementor-align-center elementor-widget elementor-widget-button\" data-id=\"40708adf\" data-element_type=\"widget\" data-widget_type=\"button.default\">\n\t\t\t\t<div class=\"elementor-widget-container\">\n\t\t\t\t\t\t\t\t\t<div class=\"elementor-button-wrapper\">\n\t\t\t\t\t<a class=\"elementor-button elementor-button-link elementor-size-sm\" href=\"https:\/\/shop-lenses-at.mpg-eyewear.com\/login?ReturnUrl=%2f\" target=\"_blank\">\n\t\t\t\t\t\t<span class=\"elementor-button-content-wrapper\">\n\t\t\t\t\t\t\t\t\t<span class=\"elementor-button-text\">vers la boutique en ligne<\/span>\n\t\t\t\t\t<\/span>\n\t\t\t\t\t<\/a>\n\t\t\t\t<\/div>\n\t\t\t\t\t\t\t\t<\/div>\n\t\t\t\t<\/div>\n\t\t\t\t\t<\/div>\n\t\t<\/div>\n\t\t\t\t\t<\/div>\n\t\t<\/section>\n\t\t\t\t<\/div>\n\t\t","protected":false},"excerpt":{"rendered":"<p>Des verres de lunettes fabriqu&eacute;s avec la plus grande pr&eacute;cision Austrian Optic Technologies Austrian Optic Technologies La soci\u00e9t\u00e9 Austrian Optic Technologies (AOTG), dont le si\u00e8ge social se trouve \u00e0 Guntramsdorf, est une filiale de\u00a0MPG GmbH\u00a0et elle se consacre \u00e0 des verres de lunettes de grande qualit\u00e9. L\u2019offre va de verres progressifs innovants \u00e0 des verres [&hellip;]<\/p>\n","protected":false},"author":1,"featured_media":0,"parent":0,"menu_order":0,"comment_status":"closed","ping_status":"closed","template":"","meta":{"footnotes":""},"class_list":["post-4133","page","type-page","status-publish","hentry"],"yoast_head":"<!-- This site is optimized with the Yoast SEO plugin v21.8 - https:\/\/yoast.com\/wordpress\/plugins\/seo\/ -->\n<title>AOTG - MPG - The Eyewear Company<\/title>\n<meta name=\"description\" content=\"L\u2019Austrian Optic Technologies (AOTG) est une filiale de MPG GmbH, et c\u2019est l\u2019atelier o\u00f9 sont \u00e9labor\u00e9s des verres de lunettes innovants et de grande qualit\u00e9.\" \/>\n<meta name=\"robots\" content=\"index, follow, max-snippet:-1, max-image-preview:large, max-video-preview:-1\" \/>\n<link rel=\"canonical\" href=\"https:\/\/mpg-eyewear.com\/fr\/aotg\/\" \/>\n<meta property=\"og:locale\" content=\"fr_FR\" \/>\n<meta property=\"og:type\" content=\"article\" \/>\n<meta property=\"og:title\" content=\"AOTG - MPG - The Eyewear Company\" \/>\n<meta property=\"og:description\" content=\"L\u2019Austrian Optic Technologies (AOTG) est une filiale de MPG GmbH, et c\u2019est l\u2019atelier o\u00f9 sont \u00e9labor\u00e9s des verres de lunettes innovants et de grande qualit\u00e9.\" \/>\n<meta property=\"og:url\" content=\"https:\/\/mpg-eyewear.com\/fr\/aotg\/\" \/>\n<meta property=\"og:site_name\" content=\"MPG - The Eyewear Company\" \/>\n<meta property=\"article:modified_time\" content=\"2025-08-20T09:54:05+00:00\" \/>\n<meta property=\"og:image\" content=\"https:\/\/mpg-eyewear.com\/wp-content\/uploads\/2022\/10\/Production_selection_5942-RZ-1024x768.jpg\" \/>\n<meta name=\"twitter:card\" content=\"summary_large_image\" \/>\n<meta name=\"twitter:label1\" content=\"Dur\u00e9e de lecture estim\u00e9e\" \/>\n\t<meta name=\"twitter:data1\" content=\"2 minutes\" \/>\n<script type=\"application\/ld+json\" class=\"yoast-schema-graph\">{\"@context\":\"https:\/\/schema.org\",\"@graph\":[{\"@type\":\"WebPage\",\"@id\":\"https:\/\/mpg-eyewear.com\/fr\/aotg\/\",\"url\":\"https:\/\/mpg-eyewear.com\/fr\/aotg\/\",\"name\":\"AOTG - MPG - The Eyewear Company\",\"isPartOf\":{\"@id\":\"https:\/\/mpg-eyewear.com\/fr\/#website\"},\"datePublished\":\"2022-10-09T21:07:14+00:00\",\"dateModified\":\"2025-08-20T09:54:05+00:00\",\"description\":\"L\u2019Austrian Optic Technologies (AOTG) est une filiale de MPG GmbH, et c\u2019est l\u2019atelier o\u00f9 sont \u00e9labor\u00e9s des verres de lunettes innovants et de grande qualit\u00e9.\",\"breadcrumb\":{\"@id\":\"https:\/\/mpg-eyewear.com\/fr\/aotg\/#breadcrumb\"},\"inLanguage\":\"fr-FR\",\"potentialAction\":[{\"@type\":\"ReadAction\",\"target\":[\"https:\/\/mpg-eyewear.com\/fr\/aotg\/\"]}]},{\"@type\":\"BreadcrumbList\",\"@id\":\"https:\/\/mpg-eyewear.com\/fr\/aotg\/#breadcrumb\",\"itemListElement\":[{\"@type\":\"ListItem\",\"position\":1,\"name\":\"Startseite\",\"item\":\"https:\/\/mpg-eyewear.com\/fr\/\"},{\"@type\":\"ListItem\",\"position\":2,\"name\":\"AOTG\"}]},{\"@type\":\"WebSite\",\"@id\":\"https:\/\/mpg-eyewear.com\/fr\/#website\",\"url\":\"https:\/\/mpg-eyewear.com\/fr\/\",\"name\":\"MPG - The Eyewear Company\",\"description\":\"Creating Perspectives\",\"publisher\":{\"@id\":\"https:\/\/mpg-eyewear.com\/fr\/#organization\"},\"potentialAction\":[{\"@type\":\"SearchAction\",\"target\":{\"@type\":\"EntryPoint\",\"urlTemplate\":\"https:\/\/mpg-eyewear.com\/fr\/?s={search_term_string}\"},\"query-input\":\"required name=search_term_string\"}],\"inLanguage\":\"fr-FR\"},{\"@type\":\"Organization\",\"@id\":\"https:\/\/mpg-eyewear.com\/fr\/#organization\",\"name\":\"MPG - The Eyewear Company\",\"url\":\"https:\/\/mpg-eyewear.com\/fr\/\",\"logo\":{\"@type\":\"ImageObject\",\"inLanguage\":\"fr-FR\",\"@id\":\"https:\/\/mpg-eyewear.com\/fr\/#\/schema\/logo\/image\/\",\"url\":\"https:\/\/mpg-eyewear.com\/wp-content\/uploads\/2022\/08\/logo_mpg.png\",\"contentUrl\":\"https:\/\/mpg-eyewear.com\/wp-content\/uploads\/2022\/08\/logo_mpg.png\",\"width\":201,\"height\":127,\"caption\":\"MPG - The Eyewear Company\"},\"image\":{\"@id\":\"https:\/\/mpg-eyewear.com\/fr\/#\/schema\/logo\/image\/\"}}]}<\/script>\n<!-- \/ Yoast SEO plugin. -->","yoast_head_json":{"title":"AOTG - MPG - The Eyewear Company","description":"L\u2019Austrian Optic Technologies (AOTG) est une filiale de MPG GmbH, et c\u2019est l\u2019atelier o\u00f9 sont \u00e9labor\u00e9s des verres de lunettes innovants et de grande qualit\u00e9.","robots":{"index":"index","follow":"follow","max-snippet":"max-snippet:-1","max-image-preview":"max-image-preview:large","max-video-preview":"max-video-preview:-1"},"canonical":"https:\/\/mpg-eyewear.com\/fr\/aotg\/","og_locale":"fr_FR","og_type":"article","og_title":"AOTG - MPG - The Eyewear Company","og_description":"L\u2019Austrian Optic Technologies (AOTG) est une filiale de MPG GmbH, et c\u2019est l\u2019atelier o\u00f9 sont \u00e9labor\u00e9s des verres de lunettes innovants et de grande qualit\u00e9.","og_url":"https:\/\/mpg-eyewear.com\/fr\/aotg\/","og_site_name":"MPG - The Eyewear Company","article_modified_time":"2025-08-20T09:54:05+00:00","og_image":[{"url":"https:\/\/mpg-eyewear.com\/wp-content\/uploads\/2022\/10\/Production_selection_5942-RZ-1024x768.jpg"}],"twitter_card":"summary_large_image","twitter_misc":{"Dur\u00e9e de lecture estim\u00e9e":"2 minutes"},"schema":{"@context":"https:\/\/schema.org","@graph":[{"@type":"WebPage","@id":"https:\/\/mpg-eyewear.com\/fr\/aotg\/","url":"https:\/\/mpg-eyewear.com\/fr\/aotg\/","name":"AOTG - MPG - The Eyewear Company","isPartOf":{"@id":"https:\/\/mpg-eyewear.com\/fr\/#website"},"datePublished":"2022-10-09T21:07:14+00:00","dateModified":"2025-08-20T09:54:05+00:00","description":"L\u2019Austrian Optic Technologies (AOTG) est une filiale de MPG GmbH, et c\u2019est l\u2019atelier o\u00f9 sont \u00e9labor\u00e9s des verres de lunettes innovants et de grande qualit\u00e9.","breadcrumb":{"@id":"https:\/\/mpg-eyewear.com\/fr\/aotg\/#breadcrumb"},"inLanguage":"fr-FR","potentialAction":[{"@type":"ReadAction","target":["https:\/\/mpg-eyewear.com\/fr\/aotg\/"]}]},{"@type":"BreadcrumbList","@id":"https:\/\/mpg-eyewear.com\/fr\/aotg\/#breadcrumb","itemListElement":[{"@type":"ListItem","position":1,"name":"Startseite","item":"https:\/\/mpg-eyewear.com\/fr\/"},{"@type":"ListItem","position":2,"name":"AOTG"}]},{"@type":"WebSite","@id":"https:\/\/mpg-eyewear.com\/fr\/#website","url":"https:\/\/mpg-eyewear.com\/fr\/","name":"MPG - The Eyewear Company","description":"Creating Perspectives","publisher":{"@id":"https:\/\/mpg-eyewear.com\/fr\/#organization"},"potentialAction":[{"@type":"SearchAction","target":{"@type":"EntryPoint","urlTemplate":"https:\/\/mpg-eyewear.com\/fr\/?s={search_term_string}"},"query-input":"required name=search_term_string"}],"inLanguage":"fr-FR"},{"@type":"Organization","@id":"https:\/\/mpg-eyewear.com\/fr\/#organization","name":"MPG - The Eyewear Company","url":"https:\/\/mpg-eyewear.com\/fr\/","logo":{"@type":"ImageObject","inLanguage":"fr-FR","@id":"https:\/\/mpg-eyewear.com\/fr\/#\/schema\/logo\/image\/","url":"https:\/\/mpg-eyewear.com\/wp-content\/uploads\/2022\/08\/logo_mpg.png","contentUrl":"https:\/\/mpg-eyewear.com\/wp-content\/uploads\/2022\/08\/logo_mpg.png","width":201,"height":127,"caption":"MPG - The Eyewear Company"},"image":{"@id":"https:\/\/mpg-eyewear.com\/fr\/#\/schema\/logo\/image\/"}}]}},"_links":{"self":[{"href":"https:\/\/mpg-eyewear.com\/fr\/wp-json\/wp\/v2\/pages\/4133","targetHints":{"allow":["GET"]}}],"collection":[{"href":"https:\/\/mpg-eyewear.com\/fr\/wp-json\/wp\/v2\/pages"}],"about":[{"href":"https:\/\/mpg-eyewear.com\/fr\/wp-json\/wp\/v2\/types\/page"}],"author":[{"embeddable":true,"href":"https:\/\/mpg-eyewear.com\/fr\/wp-json\/wp\/v2\/users\/1"}],"replies":[{"embeddable":true,"href":"https:\/\/mpg-eyewear.com\/fr\/wp-json\/wp\/v2\/comments?post=4133"}],"version-history":[{"count":13,"href":"https:\/\/mpg-eyewear.com\/fr\/wp-json\/wp\/v2\/pages\/4133\/revisions"}],"predecessor-version":[{"id":11947,"href":"https:\/\/mpg-eyewear.com\/fr\/wp-json\/wp\/v2\/pages\/4133\/revisions\/11947"}],"wp:attachment":[{"href":"https:\/\/mpg-eyewear.com\/fr\/wp-json\/wp\/v2\/media?parent=4133"}],"curies":[{"name":"wp","href":"https:\/\/api.w.org\/{rel}","templated":true}]}}