{"id":4129,"date":"2022-10-09T23:16:49","date_gmt":"2022-10-09T21:16:49","guid":{"rendered":"https:\/\/mpg-eyewear.com\/mpg-optische-werke\/"},"modified":"2025-08-20T11:41:14","modified_gmt":"2025-08-20T09:41:14","slug":"mpg-optische-werke","status":"publish","type":"page","link":"https:\/\/mpg-eyewear.com\/fr\/mpg-optische-werke\/","title":{"rendered":"MPG Optische Werke"},"content":{"rendered":"\t\t<div data-elementor-type=\"wp-page\" data-elementor-id=\"4129\" class=\"elementor elementor-4129 elementor-2411\" data-elementor-settings=\"{&quot;ha_cmc_init_switcher&quot;:&quot;no&quot;}\" data-elementor-post-type=\"page\">\n\t\t\t\t\t\t<section class=\"elementor-section elementor-top-section elementor-element elementor-element-6c9edb58 elementor-section-boxed elementor-section-height-default elementor-section-height-default\" data-id=\"6c9edb58\" data-element_type=\"section\" data-settings=\"{&quot;background_background&quot;:&quot;classic&quot;,&quot;_ha_eqh_enable&quot;:false}\">\n\t\t\t\t\t\t<div class=\"elementor-container elementor-column-gap-default\">\n\t\t\t\t\t<div class=\"elementor-column elementor-col-100 elementor-top-column elementor-element elementor-element-3d821b96\" data-id=\"3d821b96\" data-element_type=\"column\">\n\t\t\t<div class=\"elementor-widget-wrap elementor-element-populated\">\n\t\t\t\t\t\t<div class=\"elementor-element elementor-element-7a37b822 elementor-widget elementor-widget-heading\" data-id=\"7a37b822\" data-element_type=\"widget\" data-widget_type=\"heading.default\">\n\t\t\t\t<div class=\"elementor-widget-container\">\n\t\t\t\t\t<h1 class=\"elementor-heading-title elementor-size-default\">Quand la tradition rencontre l&rsquo;innovation<\/h1>\t\t\t\t<\/div>\n\t\t\t\t<\/div>\n\t\t\t\t<div class=\"elementor-element elementor-element-681138ae elementor-widget elementor-widget-heading\" data-id=\"681138ae\" data-element_type=\"widget\" data-widget_type=\"heading.default\">\n\t\t\t\t<div class=\"elementor-widget-container\">\n\t\t\t\t\t<h2 class=\"elementor-heading-title elementor-size-default\">MPG Optische Werke GmbH<\/h2>\t\t\t\t<\/div>\n\t\t\t\t<\/div>\n\t\t\t\t\t<\/div>\n\t\t<\/div>\n\t\t\t\t\t<\/div>\n\t\t<\/section>\n\t\t\t\t<section class=\"elementor-section elementor-top-section elementor-element elementor-element-6b436e03 elementor-reverse-tablet elementor-reverse-mobile elementor-section-boxed elementor-section-height-default elementor-section-height-default\" data-id=\"6b436e03\" data-element_type=\"section\" data-settings=\"{&quot;background_background&quot;:&quot;classic&quot;,&quot;_ha_eqh_enable&quot;:false}\">\n\t\t\t\t\t\t<div class=\"elementor-container elementor-column-gap-default\">\n\t\t\t\t\t<div class=\"elementor-column elementor-col-50 elementor-top-column elementor-element elementor-element-22b1ad34\" data-id=\"22b1ad34\" data-element_type=\"column\">\n\t\t\t<div class=\"elementor-widget-wrap elementor-element-populated\">\n\t\t\t\t\t\t<div class=\"elementor-element elementor-element-6f266ee1 elementor-widget elementor-widget-heading\" data-id=\"6f266ee1\" data-element_type=\"widget\" data-widget_type=\"heading.default\">\n\t\t\t\t<div class=\"elementor-widget-container\">\n\t\t\t\t\t<h2 class=\"elementor-heading-title elementor-size-default\">La qualit&eacute; depuis 1949<\/h2>\t\t\t\t<\/div>\n\t\t\t\t<\/div>\n\t\t\t\t<div class=\"elementor-element elementor-element-5d4b651 elementor-widget elementor-widget-text-editor\" data-id=\"5d4b651\" data-element_type=\"widget\" data-widget_type=\"text-editor.default\">\n\t\t\t\t<div class=\"elementor-widget-container\">\n\t\t\t\t\t\t\t\t\t<p><span style=\"font-weight: 400;\">L\u2019offre propos\u00e9e par MPG Optische Werke GmbH va des verres \u00e0 un ou plusieurs foyers classiques, min\u00e9raux et organiques, aux <\/span><span style=\"font-weight: 400;\">verres de lunettes fabriqu\u00e9s \u00e0 l\u2019aide de la technologie de mise en forme libre.<\/span><\/p>\n<p><span style=\"font-weight: 400;\">Implant\u00e9s depuis 1949 en Allemagne du nord, nous nous sommes d\u00e9velopp\u00e9s sur le march\u00e9 europ\u00e9en pour, gr\u00e2ce \u00e0 des innovations permanentes, devenir un fournisseur performant de solutions compl\u00e8tes de verres de lunettes.<\/span><\/p>\n<p><span style=\"font-weight: 400;\">Nous fabriquons des verres de qualit\u00e9 sup\u00e9rieure, alliant ainsi technologies ultra-modernes et artisanat traditionnel.<\/span><\/p>\n<p><b>Plus de 1 000 partenaires satisfait du secteur de l\u2019optique en Allemagne et en Scandinavie<\/b><\/p>\n<p><span style=\"font-weight: 400;\">Pour mettre \u00e0 l\u2019\u00e9preuve, jour apr\u00e8s jour, nos exigences en mati\u00e8re de qualit\u00e9 \u00e9lev\u00e9e et de service impeccable, plus de 100 collaborateurs nous accompagnent dans les processus de fabrication. Si vous souhaitez passer commande, ou pour recevoir des conseils courants, notre service client et l\u2019\u00e9quipe de notre service ext\u00e9rieur se feront un plaisir de vous r\u00e9pondre<\/span><\/p>\n<div>\n<div>\n<div><\/div>\n<p><\/p>\n<\/div>\n<\/div>\t\t\t\t\t\t\t\t<\/div>\n\t\t\t\t<\/div>\n\t\t\t\t\t<\/div>\n\t\t<\/div>\n\t\t\t\t<div class=\"elementor-column elementor-col-50 elementor-top-column elementor-element elementor-element-4e87b2ef\" data-id=\"4e87b2ef\" data-element_type=\"column\">\n\t\t\t<div class=\"elementor-widget-wrap elementor-element-populated\">\n\t\t\t\t\t\t<div class=\"elementor-element elementor-element-6954bc0e elementor-widget elementor-widget-image\" data-id=\"6954bc0e\" data-element_type=\"widget\" data-widget_type=\"image.default\">\n\t\t\t\t<div class=\"elementor-widget-container\">\n\t\t\t\t\t\t\t\t\t\t\t\t\t\t\t<img fetchpriority=\"high\" decoding=\"async\" width=\"800\" height=\"534\" src=\"https:\/\/mpg-eyewear.com\/wp-content\/uploads\/2022\/10\/Bild_MPG_Optische_Werke-1024x683.jpg\" class=\"attachment-large size-large wp-image-3550\" alt=\"\" srcset=\"https:\/\/mpg-eyewear.com\/wp-content\/uploads\/2022\/10\/Bild_MPG_Optische_Werke-1024x683.jpg 1024w, https:\/\/mpg-eyewear.com\/wp-content\/uploads\/2022\/10\/Bild_MPG_Optische_Werke-300x200.jpg 300w, https:\/\/mpg-eyewear.com\/wp-content\/uploads\/2022\/10\/Bild_MPG_Optische_Werke-768x512.jpg 768w, https:\/\/mpg-eyewear.com\/wp-content\/uploads\/2022\/10\/Bild_MPG_Optische_Werke.jpg 1200w\" sizes=\"(max-width: 800px) 100vw, 800px\" \/>\t\t\t\t\t\t\t\t\t\t\t\t\t\t\t<\/div>\n\t\t\t\t<\/div>\n\t\t\t\t\t<\/div>\n\t\t<\/div>\n\t\t\t\t\t<\/div>\n\t\t<\/section>\n\t\t\t\t<section class=\"elementor-section elementor-top-section elementor-element elementor-element-4c83be2 elementor-section-boxed elementor-section-height-default elementor-section-height-default\" data-id=\"4c83be2\" data-element_type=\"section\" data-settings=\"{&quot;background_background&quot;:&quot;classic&quot;,&quot;_ha_eqh_enable&quot;:false}\">\n\t\t\t\t\t\t<div class=\"elementor-container elementor-column-gap-default\">\n\t\t\t\t\t<div class=\"elementor-column elementor-col-100 elementor-top-column elementor-element elementor-element-0199776\" data-id=\"0199776\" data-element_type=\"column\">\n\t\t\t<div class=\"elementor-widget-wrap elementor-element-populated\">\n\t\t\t\t\t\t<div class=\"elementor-element elementor-element-f5ca757 elementor-widget elementor-widget-heading\" data-id=\"f5ca757\" data-element_type=\"widget\" data-widget_type=\"heading.default\">\n\t\t\t\t<div class=\"elementor-widget-container\">\n\t\t\t\t\t<h2 class=\"elementor-heading-title elementor-size-default\">C&rsquo;est avec plaisir que nous vous conseillons<\/h2>\t\t\t\t<\/div>\n\t\t\t\t<\/div>\n\t\t\t\t<div class=\"elementor-element elementor-element-5441494 elementor-widget elementor-widget-text-editor\" data-id=\"5441494\" data-element_type=\"widget\" data-widget_type=\"text-editor.default\">\n\t\t\t\t<div class=\"elementor-widget-container\">\n\t\t\t\t\t\t\t\t\t<p><span style=\"font-weight: 400;\">L&apos;&eacute;quipe de notre service externe se fait un plaisir de conseiller les clients et de les &eacute;pauler pour leurs ventes, et le service client est appr&eacute;ci&eacute; pour son agr&eacute;able contact avec les clients au quotidien et pour ses r&eacute;ponses rapides apport&eacute;es aux commandes et aux questions.<\/span><\/p>\n<p><span style=\"font-weight: 400;\">Si vous souhaitez obtenir davantage d&rsquo;informations, n&rsquo;h&eacute;sitez pas &agrave; contacter notre centre de service !<\/span><\/p>\n<p><strong>du lundi au vendredi, de 08:30 &agrave; 18:00<\/strong><\/p>\n\t\t\t\t\t\t\t\t<\/div>\n\t\t\t\t<\/div>\n\t\t\t\t<div class=\"elementor-element elementor-element-5fe8d8b elementor-align-center elementor-widget elementor-widget-button\" data-id=\"5fe8d8b\" data-element_type=\"widget\" data-widget_type=\"button.default\">\n\t\t\t\t<div class=\"elementor-widget-container\">\n\t\t\t\t\t\t\t\t\t<div class=\"elementor-button-wrapper\">\n\t\t\t\t\t<a class=\"elementor-button elementor-button-link elementor-size-sm\" href=\"mailto:service-lenses@mpg-eyewear.com\">\n\t\t\t\t\t\t<span class=\"elementor-button-content-wrapper\">\n\t\t\t\t\t\t\t\t\t<span class=\"elementor-button-text\">&Eacute;crire un mail<\/span>\n\t\t\t\t\t<\/span>\n\t\t\t\t\t<\/a>\n\t\t\t\t<\/div>\n\t\t\t\t\t\t\t\t<\/div>\n\t\t\t\t<\/div>\n\t\t\t\t<div class=\"elementor-element elementor-element-d64744e elementor-align-center elementor-widget elementor-widget-button\" data-id=\"d64744e\" data-element_type=\"widget\" data-widget_type=\"button.default\">\n\t\t\t\t<div class=\"elementor-widget-container\">\n\t\t\t\t\t\t\t\t\t<div class=\"elementor-button-wrapper\">\n\t\t\t\t\t<a class=\"elementor-button elementor-button-link elementor-size-sm\" href=\"https:\/\/shop-lenses-de.mpg-eyewear.com\/login?ReturnUrl=%2f\" target=\"_blank\">\n\t\t\t\t\t\t<span class=\"elementor-button-content-wrapper\">\n\t\t\t\t\t\t\t\t\t<span class=\"elementor-button-text\">vers la boutique en ligne<\/span>\n\t\t\t\t\t<\/span>\n\t\t\t\t\t<\/a>\n\t\t\t\t<\/div>\n\t\t\t\t\t\t\t\t<\/div>\n\t\t\t\t<\/div>\n\t\t\t\t\t<\/div>\n\t\t<\/div>\n\t\t\t\t\t<\/div>\n\t\t<\/section>\n\t\t\t\t<section class=\"elementor-section elementor-top-section elementor-element elementor-element-405a6a7 elementor-section-boxed elementor-section-height-default elementor-section-height-default\" data-id=\"405a6a7\" data-element_type=\"section\" data-settings=\"{&quot;_ha_eqh_enable&quot;:false}\">\n\t\t\t\t\t\t<div class=\"elementor-container elementor-column-gap-default\">\n\t\t\t\t\t<div class=\"elementor-column elementor-col-100 elementor-top-column elementor-element elementor-element-a059a31\" data-id=\"a059a31\" data-element_type=\"column\">\n\t\t\t<div class=\"elementor-widget-wrap elementor-element-populated\">\n\t\t\t\t\t\t<div class=\"elementor-element elementor-element-e43d290 elementor-widget elementor-widget-image\" data-id=\"e43d290\" data-element_type=\"widget\" data-widget_type=\"image.default\">\n\t\t\t\t<div class=\"elementor-widget-container\">\n\t\t\t\t\t\t\t\t\t\t\t\t\t\t\t<img decoding=\"async\" width=\"768\" height=\"348\" src=\"https:\/\/mpg-eyewear.com\/wp-content\/uploads\/2022\/11\/lpw_deutsch-768x348.jpg\" class=\"attachment-medium_large size-medium_large wp-image-3726\" alt=\"\" srcset=\"https:\/\/mpg-eyewear.com\/wp-content\/uploads\/2022\/11\/lpw_deutsch-768x348.jpg 768w, https:\/\/mpg-eyewear.com\/wp-content\/uploads\/2022\/11\/lpw_deutsch-300x136.jpg 300w, https:\/\/mpg-eyewear.com\/wp-content\/uploads\/2022\/11\/lpw_deutsch-1024x463.jpg 1024w, https:\/\/mpg-eyewear.com\/wp-content\/uploads\/2022\/11\/lpw_deutsch-1536x695.jpg 1536w, https:\/\/mpg-eyewear.com\/wp-content\/uploads\/2022\/11\/lpw_deutsch.jpg 1854w\" sizes=\"(max-width: 768px) 100vw, 768px\" \/>\t\t\t\t\t\t\t\t\t\t\t\t\t\t\t<\/div>\n\t\t\t\t<\/div>\n\t\t\t\t\t<\/div>\n\t\t<\/div>\n\t\t\t\t\t<\/div>\n\t\t<\/section>\n\t\t\t\t<\/div>\n\t\t","protected":false},"excerpt":{"rendered":"<p>Quand la tradition rencontre l&rsquo;innovation MPG Optische Werke GmbH La qualit&eacute; depuis 1949 L\u2019offre propos\u00e9e par MPG Optische Werke GmbH va des verres \u00e0 un ou plusieurs foyers classiques, min\u00e9raux et organiques, aux verres de lunettes fabriqu\u00e9s \u00e0 l\u2019aide de la technologie de mise en forme libre. Implant\u00e9s depuis 1949 en Allemagne du nord, nous [&hellip;]<\/p>\n","protected":false},"author":1,"featured_media":0,"parent":0,"menu_order":0,"comment_status":"closed","ping_status":"closed","template":"","meta":{"footnotes":""},"class_list":["post-4129","page","type-page","status-publish","hentry"],"yoast_head":"<!-- This site is optimized with the Yoast SEO plugin v21.8 - https:\/\/yoast.com\/wordpress\/plugins\/seo\/ -->\n<title>MPG Optische Werke GmbH - MPG - The Eyewear Company<\/title>\n<meta name=\"description\" content=\"Depuis 1949, la soci\u00e9t\u00e9 MPG Optische Werke GmbH concilie tradition et innovation, et c\u2019est un fournisseur performant de solutions compl\u00e8tes de verres de lunettes sur le march\u00e9 europ\u00e9en.\" \/>\n<meta name=\"robots\" content=\"index, follow, max-snippet:-1, max-image-preview:large, max-video-preview:-1\" \/>\n<link rel=\"canonical\" href=\"https:\/\/mpg-eyewear.com\/fr\/mpg-optische-werke\/\" \/>\n<meta property=\"og:locale\" content=\"fr_FR\" \/>\n<meta property=\"og:type\" content=\"article\" \/>\n<meta property=\"og:title\" content=\"MPG Optische Werke GmbH - MPG - The Eyewear Company\" \/>\n<meta property=\"og:description\" content=\"Depuis 1949, la soci\u00e9t\u00e9 MPG Optische Werke GmbH concilie tradition et innovation, et c\u2019est un fournisseur performant de solutions compl\u00e8tes de verres de lunettes sur le march\u00e9 europ\u00e9en.\" \/>\n<meta property=\"og:url\" content=\"https:\/\/mpg-eyewear.com\/fr\/mpg-optische-werke\/\" \/>\n<meta property=\"og:site_name\" content=\"MPG - The Eyewear Company\" \/>\n<meta property=\"article:modified_time\" content=\"2025-08-20T09:41:14+00:00\" \/>\n<meta property=\"og:image\" content=\"https:\/\/mpg-eyewear.com\/wp-content\/uploads\/2022\/10\/Bild_MPG_Optische_Werke-1024x683.jpg\" \/>\n<meta name=\"twitter:card\" content=\"summary_large_image\" \/>\n<meta name=\"twitter:label1\" content=\"Dur\u00e9e de lecture estim\u00e9e\" \/>\n\t<meta name=\"twitter:data1\" content=\"2 minutes\" \/>\n<script type=\"application\/ld+json\" class=\"yoast-schema-graph\">{\"@context\":\"https:\/\/schema.org\",\"@graph\":[{\"@type\":\"WebPage\",\"@id\":\"https:\/\/mpg-eyewear.com\/fr\/mpg-optische-werke\/\",\"url\":\"https:\/\/mpg-eyewear.com\/fr\/mpg-optische-werke\/\",\"name\":\"MPG Optische Werke GmbH - MPG - The Eyewear Company\",\"isPartOf\":{\"@id\":\"https:\/\/mpg-eyewear.com\/fr\/#website\"},\"datePublished\":\"2022-10-09T21:16:49+00:00\",\"dateModified\":\"2025-08-20T09:41:14+00:00\",\"description\":\"Depuis 1949, la soci\u00e9t\u00e9 MPG Optische Werke GmbH concilie tradition et innovation, et c\u2019est un fournisseur performant de solutions compl\u00e8tes de verres de lunettes sur le march\u00e9 europ\u00e9en.\",\"breadcrumb\":{\"@id\":\"https:\/\/mpg-eyewear.com\/fr\/mpg-optische-werke\/#breadcrumb\"},\"inLanguage\":\"fr-FR\",\"potentialAction\":[{\"@type\":\"ReadAction\",\"target\":[\"https:\/\/mpg-eyewear.com\/fr\/mpg-optische-werke\/\"]}]},{\"@type\":\"BreadcrumbList\",\"@id\":\"https:\/\/mpg-eyewear.com\/fr\/mpg-optische-werke\/#breadcrumb\",\"itemListElement\":[{\"@type\":\"ListItem\",\"position\":1,\"name\":\"Startseite\",\"item\":\"https:\/\/mpg-eyewear.com\/fr\/\"},{\"@type\":\"ListItem\",\"position\":2,\"name\":\"MPG Optische Werke\"}]},{\"@type\":\"WebSite\",\"@id\":\"https:\/\/mpg-eyewear.com\/fr\/#website\",\"url\":\"https:\/\/mpg-eyewear.com\/fr\/\",\"name\":\"MPG - The Eyewear Company\",\"description\":\"Creating Perspectives\",\"publisher\":{\"@id\":\"https:\/\/mpg-eyewear.com\/fr\/#organization\"},\"potentialAction\":[{\"@type\":\"SearchAction\",\"target\":{\"@type\":\"EntryPoint\",\"urlTemplate\":\"https:\/\/mpg-eyewear.com\/fr\/?s={search_term_string}\"},\"query-input\":\"required name=search_term_string\"}],\"inLanguage\":\"fr-FR\"},{\"@type\":\"Organization\",\"@id\":\"https:\/\/mpg-eyewear.com\/fr\/#organization\",\"name\":\"MPG - The Eyewear Company\",\"url\":\"https:\/\/mpg-eyewear.com\/fr\/\",\"logo\":{\"@type\":\"ImageObject\",\"inLanguage\":\"fr-FR\",\"@id\":\"https:\/\/mpg-eyewear.com\/fr\/#\/schema\/logo\/image\/\",\"url\":\"https:\/\/mpg-eyewear.com\/wp-content\/uploads\/2022\/08\/logo_mpg.png\",\"contentUrl\":\"https:\/\/mpg-eyewear.com\/wp-content\/uploads\/2022\/08\/logo_mpg.png\",\"width\":201,\"height\":127,\"caption\":\"MPG - The Eyewear Company\"},\"image\":{\"@id\":\"https:\/\/mpg-eyewear.com\/fr\/#\/schema\/logo\/image\/\"}}]}<\/script>\n<!-- \/ Yoast SEO plugin. -->","yoast_head_json":{"title":"MPG Optische Werke GmbH - MPG - The Eyewear Company","description":"Depuis 1949, la soci\u00e9t\u00e9 MPG Optische Werke GmbH concilie tradition et innovation, et c\u2019est un fournisseur performant de solutions compl\u00e8tes de verres de lunettes sur le march\u00e9 europ\u00e9en.","robots":{"index":"index","follow":"follow","max-snippet":"max-snippet:-1","max-image-preview":"max-image-preview:large","max-video-preview":"max-video-preview:-1"},"canonical":"https:\/\/mpg-eyewear.com\/fr\/mpg-optische-werke\/","og_locale":"fr_FR","og_type":"article","og_title":"MPG Optische Werke GmbH - MPG - The Eyewear Company","og_description":"Depuis 1949, la soci\u00e9t\u00e9 MPG Optische Werke GmbH concilie tradition et innovation, et c\u2019est un fournisseur performant de solutions compl\u00e8tes de verres de lunettes sur le march\u00e9 europ\u00e9en.","og_url":"https:\/\/mpg-eyewear.com\/fr\/mpg-optische-werke\/","og_site_name":"MPG - The Eyewear Company","article_modified_time":"2025-08-20T09:41:14+00:00","og_image":[{"url":"https:\/\/mpg-eyewear.com\/wp-content\/uploads\/2022\/10\/Bild_MPG_Optische_Werke-1024x683.jpg"}],"twitter_card":"summary_large_image","twitter_misc":{"Dur\u00e9e de lecture estim\u00e9e":"2 minutes"},"schema":{"@context":"https:\/\/schema.org","@graph":[{"@type":"WebPage","@id":"https:\/\/mpg-eyewear.com\/fr\/mpg-optische-werke\/","url":"https:\/\/mpg-eyewear.com\/fr\/mpg-optische-werke\/","name":"MPG Optische Werke GmbH - MPG - The Eyewear Company","isPartOf":{"@id":"https:\/\/mpg-eyewear.com\/fr\/#website"},"datePublished":"2022-10-09T21:16:49+00:00","dateModified":"2025-08-20T09:41:14+00:00","description":"Depuis 1949, la soci\u00e9t\u00e9 MPG Optische Werke GmbH concilie tradition et innovation, et c\u2019est un fournisseur performant de solutions compl\u00e8tes de verres de lunettes sur le march\u00e9 europ\u00e9en.","breadcrumb":{"@id":"https:\/\/mpg-eyewear.com\/fr\/mpg-optische-werke\/#breadcrumb"},"inLanguage":"fr-FR","potentialAction":[{"@type":"ReadAction","target":["https:\/\/mpg-eyewear.com\/fr\/mpg-optische-werke\/"]}]},{"@type":"BreadcrumbList","@id":"https:\/\/mpg-eyewear.com\/fr\/mpg-optische-werke\/#breadcrumb","itemListElement":[{"@type":"ListItem","position":1,"name":"Startseite","item":"https:\/\/mpg-eyewear.com\/fr\/"},{"@type":"ListItem","position":2,"name":"MPG Optische Werke"}]},{"@type":"WebSite","@id":"https:\/\/mpg-eyewear.com\/fr\/#website","url":"https:\/\/mpg-eyewear.com\/fr\/","name":"MPG - The Eyewear Company","description":"Creating Perspectives","publisher":{"@id":"https:\/\/mpg-eyewear.com\/fr\/#organization"},"potentialAction":[{"@type":"SearchAction","target":{"@type":"EntryPoint","urlTemplate":"https:\/\/mpg-eyewear.com\/fr\/?s={search_term_string}"},"query-input":"required name=search_term_string"}],"inLanguage":"fr-FR"},{"@type":"Organization","@id":"https:\/\/mpg-eyewear.com\/fr\/#organization","name":"MPG - The Eyewear Company","url":"https:\/\/mpg-eyewear.com\/fr\/","logo":{"@type":"ImageObject","inLanguage":"fr-FR","@id":"https:\/\/mpg-eyewear.com\/fr\/#\/schema\/logo\/image\/","url":"https:\/\/mpg-eyewear.com\/wp-content\/uploads\/2022\/08\/logo_mpg.png","contentUrl":"https:\/\/mpg-eyewear.com\/wp-content\/uploads\/2022\/08\/logo_mpg.png","width":201,"height":127,"caption":"MPG - The Eyewear Company"},"image":{"@id":"https:\/\/mpg-eyewear.com\/fr\/#\/schema\/logo\/image\/"}}]}},"_links":{"self":[{"href":"https:\/\/mpg-eyewear.com\/fr\/wp-json\/wp\/v2\/pages\/4129","targetHints":{"allow":["GET"]}}],"collection":[{"href":"https:\/\/mpg-eyewear.com\/fr\/wp-json\/wp\/v2\/pages"}],"about":[{"href":"https:\/\/mpg-eyewear.com\/fr\/wp-json\/wp\/v2\/types\/page"}],"author":[{"embeddable":true,"href":"https:\/\/mpg-eyewear.com\/fr\/wp-json\/wp\/v2\/users\/1"}],"replies":[{"embeddable":true,"href":"https:\/\/mpg-eyewear.com\/fr\/wp-json\/wp\/v2\/comments?post=4129"}],"version-history":[{"count":7,"href":"https:\/\/mpg-eyewear.com\/fr\/wp-json\/wp\/v2\/pages\/4129\/revisions"}],"predecessor-version":[{"id":11893,"href":"https:\/\/mpg-eyewear.com\/fr\/wp-json\/wp\/v2\/pages\/4129\/revisions\/11893"}],"wp:attachment":[{"href":"https:\/\/mpg-eyewear.com\/fr\/wp-json\/wp\/v2\/media?parent=4129"}],"curies":[{"name":"wp","href":"https:\/\/api.w.org\/{rel}","templated":true}]}}