{"id":4126,"date":"2022-10-09T23:22:45","date_gmt":"2022-10-09T21:22:45","guid":{"rendered":"https:\/\/mpg-eyewear.com\/mpg-logistics\/"},"modified":"2024-02-13T14:51:17","modified_gmt":"2024-02-13T13:51:17","slug":"mpg-logistics","status":"publish","type":"page","link":"https:\/\/mpg-eyewear.com\/fr\/mpg-logistics\/","title":{"rendered":"MPG Logistics"},"content":{"rendered":"\t\t<div data-elementor-type=\"wp-page\" data-elementor-id=\"4126\" class=\"elementor elementor-4126 elementor-2423\" data-elementor-settings=\"{&quot;ha_cmc_init_switcher&quot;:&quot;no&quot;}\" data-elementor-post-type=\"page\">\n\t\t\t\t\t\t<section class=\"elementor-section elementor-top-section elementor-element elementor-element-6c9edb58 elementor-section-boxed elementor-section-height-default elementor-section-height-default\" data-id=\"6c9edb58\" data-element_type=\"section\" data-settings=\"{&quot;background_background&quot;:&quot;classic&quot;,&quot;_ha_eqh_enable&quot;:false}\">\n\t\t\t\t\t\t<div class=\"elementor-container elementor-column-gap-default\">\n\t\t\t\t\t<div class=\"elementor-column elementor-col-100 elementor-top-column elementor-element elementor-element-3d821b96\" data-id=\"3d821b96\" data-element_type=\"column\">\n\t\t\t<div class=\"elementor-widget-wrap elementor-element-populated\">\n\t\t\t\t\t\t<div class=\"elementor-element elementor-element-7a37b822 elementor-widget elementor-widget-heading\" data-id=\"7a37b822\" data-element_type=\"widget\" data-widget_type=\"heading.default\">\n\t\t\t\t<div class=\"elementor-widget-container\">\n\t\t\t\t\t<h1 class=\"elementor-heading-title elementor-size-default\">Une efficacit&eacute; sans faille<\/h1>\t\t\t\t<\/div>\n\t\t\t\t<\/div>\n\t\t\t\t<div class=\"elementor-element elementor-element-681138ae elementor-widget elementor-widget-heading\" data-id=\"681138ae\" data-element_type=\"widget\" data-widget_type=\"heading.default\">\n\t\t\t\t<div class=\"elementor-widget-container\">\n\t\t\t\t\t<h2 class=\"elementor-heading-title elementor-size-default\">MPG Logistics<\/h2>\t\t\t\t<\/div>\n\t\t\t\t<\/div>\n\t\t\t\t\t<\/div>\n\t\t<\/div>\n\t\t\t\t\t<\/div>\n\t\t<\/section>\n\t\t\t\t<section class=\"elementor-section elementor-top-section elementor-element elementor-element-6b436e03 elementor-reverse-tablet elementor-reverse-mobile elementor-section-boxed elementor-section-height-default elementor-section-height-default\" data-id=\"6b436e03\" data-element_type=\"section\" data-settings=\"{&quot;background_background&quot;:&quot;classic&quot;,&quot;_ha_eqh_enable&quot;:false}\">\n\t\t\t\t\t\t<div class=\"elementor-container elementor-column-gap-default\">\n\t\t\t\t\t<div class=\"elementor-column elementor-col-50 elementor-top-column elementor-element elementor-element-22b1ad34\" data-id=\"22b1ad34\" data-element_type=\"column\">\n\t\t\t<div class=\"elementor-widget-wrap elementor-element-populated\">\n\t\t\t\t\t\t<div class=\"elementor-element elementor-element-6f266ee1 elementor-widget elementor-widget-heading\" data-id=\"6f266ee1\" data-element_type=\"widget\" data-widget_type=\"heading.default\">\n\t\t\t\t<div class=\"elementor-widget-container\">\n\t\t\t\t\t<h2 class=\"elementor-heading-title elementor-size-default\">Encore davantage en stock pour les opticiens<\/h2>\t\t\t\t<\/div>\n\t\t\t\t<\/div>\n\t\t\t\t<div class=\"elementor-element elementor-element-5d4b651 elementor-widget elementor-widget-text-editor\" data-id=\"5d4b651\" data-element_type=\"widget\" data-widget_type=\"text-editor.default\">\n\t\t\t\t<div class=\"elementor-widget-container\">\n\t\t\t\t\t\t\t\t\t<p>Si l&rsquo;on peut livrer rapidement, il faut voir les choses en grand. C\u2019est pourquoi, en 2013, nous avons fond\u00e9 un centre logistique moderne \u00e0 Doma\u017elice, en R\u00e9publique tch\u00e8que, lequel nous avons consid\u00e9rablement agrandi quatre ann\u00e9es plus tard. Avec ses 17 000 m\u00e8tres carr\u00e9s, il est, actuellement, aussi grand que deux terrains de football. Plus de 155 personnes y travaillent. Bon nombre d\u2019entre elles fabriquent des lunettes compl\u00e8tes dans leur atelier de pon\u00e7age, afin que les opticiens aient leur produit fini de mani\u00e8re rapide et pratique.<\/p><p><span style=\"font-weight: 400;\">Le centre logistique assure \u00e9galement le bon d\u00e9roulement de la livraison de nos montures de lunettes et de nos verres dans plus de 80 pays. Nous livrons le monde entier \u00e0 partir de la R\u00e9publique tch\u00e8que: du stockage \u00e0 l\u2019exp\u00e9dition, en passant par l\u2019emballage, nos collaboratrices et collaborateurs ne baissent jamais la garde pour que la livraison des produits soit efficace.<\/span><\/p>\t\t\t\t\t\t\t\t<\/div>\n\t\t\t\t<\/div>\n\t\t\t\t\t<\/div>\n\t\t<\/div>\n\t\t\t\t<div class=\"elementor-column elementor-col-50 elementor-top-column elementor-element elementor-element-4e87b2ef\" data-id=\"4e87b2ef\" data-element_type=\"column\">\n\t\t\t<div class=\"elementor-widget-wrap elementor-element-populated\">\n\t\t\t\t\t\t<div class=\"elementor-element elementor-element-6954bc0e elementor-widget elementor-widget-image\" data-id=\"6954bc0e\" data-element_type=\"widget\" data-widget_type=\"image.default\">\n\t\t\t\t<div class=\"elementor-widget-container\">\n\t\t\t\t\t\t\t\t\t\t\t\t\t\t\t<img fetchpriority=\"high\" decoding=\"async\" width=\"800\" height=\"557\" src=\"https:\/\/mpg-eyewear.com\/wp-content\/uploads\/2022\/10\/MPGS9464-RZ_Domazlice_Aussenansicht_web_c-1024x713.jpg\" class=\"attachment-large size-large wp-image-3586\" alt=\"\" srcset=\"https:\/\/mpg-eyewear.com\/wp-content\/uploads\/2022\/10\/MPGS9464-RZ_Domazlice_Aussenansicht_web_c-1024x713.jpg 1024w, https:\/\/mpg-eyewear.com\/wp-content\/uploads\/2022\/10\/MPGS9464-RZ_Domazlice_Aussenansicht_web_c-300x209.jpg 300w, https:\/\/mpg-eyewear.com\/wp-content\/uploads\/2022\/10\/MPGS9464-RZ_Domazlice_Aussenansicht_web_c-768x535.jpg 768w, https:\/\/mpg-eyewear.com\/wp-content\/uploads\/2022\/10\/MPGS9464-RZ_Domazlice_Aussenansicht_web_c.jpg 1120w\" sizes=\"(max-width: 800px) 100vw, 800px\" \/>\t\t\t\t\t\t\t\t\t\t\t\t\t\t\t<\/div>\n\t\t\t\t<\/div>\n\t\t\t\t\t<\/div>\n\t\t<\/div>\n\t\t\t\t\t<\/div>\n\t\t<\/section>\n\t\t\t\t<\/div>\n\t\t","protected":false},"excerpt":{"rendered":"<p>Une efficacit&eacute; sans faille MPG Logistics Encore davantage en stock pour les opticiens Si l&rsquo;on peut livrer rapidement, il faut voir les choses en grand. C\u2019est pourquoi, en 2013, nous avons fond\u00e9 un centre logistique moderne \u00e0 Doma\u017elice, en R\u00e9publique tch\u00e8que, lequel nous avons consid\u00e9rablement agrandi quatre ann\u00e9es plus tard. Avec ses 17 000 m\u00e8tres [&hellip;]<\/p>\n","protected":false},"author":1,"featured_media":0,"parent":0,"menu_order":0,"comment_status":"closed","ping_status":"closed","template":"","meta":{"footnotes":""},"class_list":["post-4126","page","type-page","status-publish","hentry"],"yoast_head":"<!-- This site is optimized with the Yoast SEO plugin v21.8 - https:\/\/yoast.com\/wordpress\/plugins\/seo\/ -->\n<title>MPG Logistics - MPG - The Eyewear Company<\/title>\n<meta name=\"description\" content=\"Notre centre logistique de Doma\u017elice, en R\u00e9publique tch\u00e8que, permet un d\u00e9roulement sans faille des livraisons de nos montures et verres de lunettes dans plus de 70 pays.\" \/>\n<meta name=\"robots\" content=\"index, follow, max-snippet:-1, max-image-preview:large, max-video-preview:-1\" \/>\n<link rel=\"canonical\" href=\"https:\/\/mpg-eyewear.com\/fr\/mpg-logistics\/\" \/>\n<meta property=\"og:locale\" content=\"fr_FR\" \/>\n<meta property=\"og:type\" content=\"article\" \/>\n<meta property=\"og:title\" content=\"MPG Logistics - MPG - The Eyewear Company\" \/>\n<meta property=\"og:description\" content=\"Notre centre logistique de Doma\u017elice, en R\u00e9publique tch\u00e8que, permet un d\u00e9roulement sans faille des livraisons de nos montures et verres de lunettes dans plus de 70 pays.\" \/>\n<meta property=\"og:url\" content=\"https:\/\/mpg-eyewear.com\/fr\/mpg-logistics\/\" \/>\n<meta property=\"og:site_name\" content=\"MPG - The Eyewear Company\" \/>\n<meta property=\"article:modified_time\" content=\"2024-02-13T13:51:17+00:00\" \/>\n<meta property=\"og:image\" content=\"https:\/\/mpg-eyewear.com\/wp-content\/uploads\/2022\/10\/MPGS9464-RZ_Domazlice_Aussenansicht_web_c-1024x713.jpg\" \/>\n<meta name=\"twitter:card\" content=\"summary_large_image\" \/>\n<meta name=\"twitter:label1\" content=\"Dur\u00e9e de lecture estim\u00e9e\" \/>\n\t<meta name=\"twitter:data1\" content=\"2 minutes\" \/>\n<script type=\"application\/ld+json\" class=\"yoast-schema-graph\">{\"@context\":\"https:\/\/schema.org\",\"@graph\":[{\"@type\":\"WebPage\",\"@id\":\"https:\/\/mpg-eyewear.com\/fr\/mpg-logistics\/\",\"url\":\"https:\/\/mpg-eyewear.com\/fr\/mpg-logistics\/\",\"name\":\"MPG Logistics - MPG - The Eyewear Company\",\"isPartOf\":{\"@id\":\"https:\/\/mpg-eyewear.com\/fr\/#website\"},\"datePublished\":\"2022-10-09T21:22:45+00:00\",\"dateModified\":\"2024-02-13T13:51:17+00:00\",\"description\":\"Notre centre logistique de Doma\u017elice, en R\u00e9publique tch\u00e8que, permet un d\u00e9roulement sans faille des livraisons de nos montures et verres de lunettes dans plus de 70 pays.\",\"breadcrumb\":{\"@id\":\"https:\/\/mpg-eyewear.com\/fr\/mpg-logistics\/#breadcrumb\"},\"inLanguage\":\"fr-FR\",\"potentialAction\":[{\"@type\":\"ReadAction\",\"target\":[\"https:\/\/mpg-eyewear.com\/fr\/mpg-logistics\/\"]}]},{\"@type\":\"BreadcrumbList\",\"@id\":\"https:\/\/mpg-eyewear.com\/fr\/mpg-logistics\/#breadcrumb\",\"itemListElement\":[{\"@type\":\"ListItem\",\"position\":1,\"name\":\"Startseite\",\"item\":\"https:\/\/mpg-eyewear.com\/fr\/\"},{\"@type\":\"ListItem\",\"position\":2,\"name\":\"MPG Logistics\"}]},{\"@type\":\"WebSite\",\"@id\":\"https:\/\/mpg-eyewear.com\/fr\/#website\",\"url\":\"https:\/\/mpg-eyewear.com\/fr\/\",\"name\":\"MPG - The Eyewear Company\",\"description\":\"Creating Perspectives\",\"publisher\":{\"@id\":\"https:\/\/mpg-eyewear.com\/fr\/#organization\"},\"potentialAction\":[{\"@type\":\"SearchAction\",\"target\":{\"@type\":\"EntryPoint\",\"urlTemplate\":\"https:\/\/mpg-eyewear.com\/fr\/?s={search_term_string}\"},\"query-input\":\"required name=search_term_string\"}],\"inLanguage\":\"fr-FR\"},{\"@type\":\"Organization\",\"@id\":\"https:\/\/mpg-eyewear.com\/fr\/#organization\",\"name\":\"MPG - The Eyewear Company\",\"url\":\"https:\/\/mpg-eyewear.com\/fr\/\",\"logo\":{\"@type\":\"ImageObject\",\"inLanguage\":\"fr-FR\",\"@id\":\"https:\/\/mpg-eyewear.com\/fr\/#\/schema\/logo\/image\/\",\"url\":\"https:\/\/mpg-eyewear.com\/wp-content\/uploads\/2022\/08\/logo_mpg.png\",\"contentUrl\":\"https:\/\/mpg-eyewear.com\/wp-content\/uploads\/2022\/08\/logo_mpg.png\",\"width\":201,\"height\":127,\"caption\":\"MPG - The Eyewear Company\"},\"image\":{\"@id\":\"https:\/\/mpg-eyewear.com\/fr\/#\/schema\/logo\/image\/\"}}]}<\/script>\n<!-- \/ Yoast SEO plugin. -->","yoast_head_json":{"title":"MPG Logistics - MPG - The Eyewear Company","description":"Notre centre logistique de Doma\u017elice, en R\u00e9publique tch\u00e8que, permet un d\u00e9roulement sans faille des livraisons de nos montures et verres de lunettes dans plus de 70 pays.","robots":{"index":"index","follow":"follow","max-snippet":"max-snippet:-1","max-image-preview":"max-image-preview:large","max-video-preview":"max-video-preview:-1"},"canonical":"https:\/\/mpg-eyewear.com\/fr\/mpg-logistics\/","og_locale":"fr_FR","og_type":"article","og_title":"MPG Logistics - MPG - The Eyewear Company","og_description":"Notre centre logistique de Doma\u017elice, en R\u00e9publique tch\u00e8que, permet un d\u00e9roulement sans faille des livraisons de nos montures et verres de lunettes dans plus de 70 pays.","og_url":"https:\/\/mpg-eyewear.com\/fr\/mpg-logistics\/","og_site_name":"MPG - The Eyewear Company","article_modified_time":"2024-02-13T13:51:17+00:00","og_image":[{"url":"https:\/\/mpg-eyewear.com\/wp-content\/uploads\/2022\/10\/MPGS9464-RZ_Domazlice_Aussenansicht_web_c-1024x713.jpg"}],"twitter_card":"summary_large_image","twitter_misc":{"Dur\u00e9e de lecture estim\u00e9e":"2 minutes"},"schema":{"@context":"https:\/\/schema.org","@graph":[{"@type":"WebPage","@id":"https:\/\/mpg-eyewear.com\/fr\/mpg-logistics\/","url":"https:\/\/mpg-eyewear.com\/fr\/mpg-logistics\/","name":"MPG Logistics - MPG - The Eyewear Company","isPartOf":{"@id":"https:\/\/mpg-eyewear.com\/fr\/#website"},"datePublished":"2022-10-09T21:22:45+00:00","dateModified":"2024-02-13T13:51:17+00:00","description":"Notre centre logistique de Doma\u017elice, en R\u00e9publique tch\u00e8que, permet un d\u00e9roulement sans faille des livraisons de nos montures et verres de lunettes dans plus de 70 pays.","breadcrumb":{"@id":"https:\/\/mpg-eyewear.com\/fr\/mpg-logistics\/#breadcrumb"},"inLanguage":"fr-FR","potentialAction":[{"@type":"ReadAction","target":["https:\/\/mpg-eyewear.com\/fr\/mpg-logistics\/"]}]},{"@type":"BreadcrumbList","@id":"https:\/\/mpg-eyewear.com\/fr\/mpg-logistics\/#breadcrumb","itemListElement":[{"@type":"ListItem","position":1,"name":"Startseite","item":"https:\/\/mpg-eyewear.com\/fr\/"},{"@type":"ListItem","position":2,"name":"MPG Logistics"}]},{"@type":"WebSite","@id":"https:\/\/mpg-eyewear.com\/fr\/#website","url":"https:\/\/mpg-eyewear.com\/fr\/","name":"MPG - The Eyewear Company","description":"Creating Perspectives","publisher":{"@id":"https:\/\/mpg-eyewear.com\/fr\/#organization"},"potentialAction":[{"@type":"SearchAction","target":{"@type":"EntryPoint","urlTemplate":"https:\/\/mpg-eyewear.com\/fr\/?s={search_term_string}"},"query-input":"required name=search_term_string"}],"inLanguage":"fr-FR"},{"@type":"Organization","@id":"https:\/\/mpg-eyewear.com\/fr\/#organization","name":"MPG - The Eyewear Company","url":"https:\/\/mpg-eyewear.com\/fr\/","logo":{"@type":"ImageObject","inLanguage":"fr-FR","@id":"https:\/\/mpg-eyewear.com\/fr\/#\/schema\/logo\/image\/","url":"https:\/\/mpg-eyewear.com\/wp-content\/uploads\/2022\/08\/logo_mpg.png","contentUrl":"https:\/\/mpg-eyewear.com\/wp-content\/uploads\/2022\/08\/logo_mpg.png","width":201,"height":127,"caption":"MPG - The Eyewear Company"},"image":{"@id":"https:\/\/mpg-eyewear.com\/fr\/#\/schema\/logo\/image\/"}}]}},"_links":{"self":[{"href":"https:\/\/mpg-eyewear.com\/fr\/wp-json\/wp\/v2\/pages\/4126","targetHints":{"allow":["GET"]}}],"collection":[{"href":"https:\/\/mpg-eyewear.com\/fr\/wp-json\/wp\/v2\/pages"}],"about":[{"href":"https:\/\/mpg-eyewear.com\/fr\/wp-json\/wp\/v2\/types\/page"}],"author":[{"embeddable":true,"href":"https:\/\/mpg-eyewear.com\/fr\/wp-json\/wp\/v2\/users\/1"}],"replies":[{"embeddable":true,"href":"https:\/\/mpg-eyewear.com\/fr\/wp-json\/wp\/v2\/comments?post=4126"}],"version-history":[{"count":4,"href":"https:\/\/mpg-eyewear.com\/fr\/wp-json\/wp\/v2\/pages\/4126\/revisions"}],"predecessor-version":[{"id":7541,"href":"https:\/\/mpg-eyewear.com\/fr\/wp-json\/wp\/v2\/pages\/4126\/revisions\/7541"}],"wp:attachment":[{"href":"https:\/\/mpg-eyewear.com\/fr\/wp-json\/wp\/v2\/media?parent=4126"}],"curies":[{"name":"wp","href":"https:\/\/api.w.org\/{rel}","templated":true}]}}