{"id":4117,"date":"2022-11-02T08:46:03","date_gmt":"2022-11-02T07:46:03","guid":{"rendered":"https:\/\/mpg-eyewear.com\/dclaration-de-conformit\/"},"modified":"2026-02-23T11:56:39","modified_gmt":"2026-02-23T10:56:39","slug":"dclaration-de-conformit","status":"publish","type":"page","link":"https:\/\/mpg-eyewear.com\/fr\/dclaration-de-conformit\/","title":{"rendered":"D&eacute;claration de conformit&eacute;"},"content":{"rendered":"\t\t<div data-elementor-type=\"wp-page\" data-elementor-id=\"4117\" class=\"elementor elementor-4117 elementor-2814\" data-elementor-settings=\"{&quot;ha_cmc_init_switcher&quot;:&quot;no&quot;}\" data-elementor-post-type=\"page\">\n\t\t\t\t\t\t<section class=\"elementor-section elementor-top-section elementor-element elementor-element-5f50e329 elementor-section-full_width elementor-section-height-default elementor-section-height-default\" data-id=\"5f50e329\" data-element_type=\"section\" data-settings=\"{&quot;background_background&quot;:&quot;classic&quot;,&quot;_ha_eqh_enable&quot;:false}\">\n\t\t\t\t\t\t<div class=\"elementor-container elementor-column-gap-default\">\n\t\t\t\t\t<div class=\"elementor-column elementor-col-100 elementor-top-column elementor-element elementor-element-1afbee75\" data-id=\"1afbee75\" data-element_type=\"column\">\n\t\t\t<div class=\"elementor-widget-wrap elementor-element-populated\">\n\t\t\t\t\t\t<div class=\"elementor-element elementor-element-208087be elementor-widget elementor-widget-heading\" data-id=\"208087be\" data-element_type=\"widget\" data-widget_type=\"heading.default\">\n\t\t\t\t<div class=\"elementor-widget-container\">\n\t\t\t\t\t<h1 class=\"elementor-heading-title elementor-size-default\">D&eacute;claration de conformit&eacute;<\/h1>\t\t\t\t<\/div>\n\t\t\t\t<\/div>\n\t\t\t\t\t<\/div>\n\t\t<\/div>\n\t\t\t\t\t<\/div>\n\t\t<\/section>\n\t\t\t\t<section class=\"elementor-section elementor-top-section elementor-element elementor-element-0c47bc6 elementor-section-boxed elementor-section-height-default elementor-section-height-default\" data-id=\"0c47bc6\" data-element_type=\"section\" data-settings=\"{&quot;_ha_eqh_enable&quot;:false}\">\n\t\t\t\t\t\t<div class=\"elementor-container elementor-column-gap-default\">\n\t\t\t\t\t<div class=\"elementor-column elementor-col-100 elementor-top-column elementor-element elementor-element-fdcb519\" data-id=\"fdcb519\" data-element_type=\"column\">\n\t\t\t<div class=\"elementor-widget-wrap elementor-element-populated\">\n\t\t\t\t\t\t<div class=\"elementor-element elementor-element-b97df87 elementor-widget elementor-widget-text-editor\" data-id=\"b97df87\" data-element_type=\"widget\" data-widget_type=\"text-editor.default\">\n\t\t\t\t<div class=\"elementor-widget-container\">\n\t\t\t\t\t\t\t\t\t<h3><b>D\u00e9claration de conformit\u00e9 pour les verres de lunettes<\/b><\/h3><p>Ici, vous trouverez nos d\u00e9clarations de conformit\u00e9. Pour les feuilleter, veuillez cliquer sur les documents PDF suivants. (Les donn\u00e9es qu&rsquo;ils contiennent sont confidentielles. Ils ont \u00e9t\u00e9 \u00e9labor\u00e9s selon des param\u00e8tres de s\u00e9curit\u00e9 qui les emp\u00eachent d\u2019\u00eatre modifi\u00e9s et imprim\u00e9s. Toute modification de leur contenu est strictement interdite.)<\/p><p style=\"margin-bottom: 20px;\"><a href=\"https:\/\/mpg-eyewear.com\/wp-content\/uploads\/2026\/02\/FR_04.02.2026.pdf\" target=\"_blank\" rel=\"noopener\">01 D\u00e9claration de conformit\u00e9 (PDF)<\/a><br \/><a href=\"https:\/\/mpg-eyewear.com\/wp-content\/uploads\/2026\/02\/FR_BLC_04.02.26.pdf\" target=\"_blank\" rel=\"noopener\">02 BLC_D\u00e9claration de conformit\u00e9 (PDF)<\/a><br \/><a href=\"https:\/\/mpg-eyewear.com\/wp-content\/uploads\/2026\/02\/FR_sun_04.02.2026.pdf\" target=\"_blank\" rel=\"noopener\">03 Lunettes_de_soleil_D\u00e9claration de conformit\u00e9 (PDF)<\/a><\/p><h3><b>Montures : D\u00e9clarations de conformit\u00e9 CE<\/b><\/h3><p>Bienvenue sur notre portail des D\u00e9clarations de conformit\u00e9 CE<\/p><p>Comment proc\u00e9der : Veuillez choisir ci-dessus la marque d\u00e9sir\u00e9e. Dans le champ de recherche, saisissez l\u2019EAN ou la r\u00e9f\u00e9rence article du produit correspondant, puis d\u00e9marrez la recherche. Le r\u00e9sultat de votre recherche sera toujours accompagn\u00e9 des D\u00e9clarations de conformit\u00e9 CE valides correspondantes.<\/p>\t\t\t\t\t\t\t\t<\/div>\n\t\t\t\t<\/div>\n\t\t\t\t<div class=\"elementor-element elementor-element-d7c29df elementor-widget elementor-widget-html\" data-id=\"d7c29df\" data-element_type=\"widget\" data-widget_type=\"html.default\">\n\t\t\t\t<div class=\"elementor-widget-container\">\n\t\t\t\t\t<iframe src=\"https:\/\/declofco.inetmp.com\/konformitaetserklaerung\/\" width=\"100%\" height=\"1000\" frameborder=\"0\"><\/iframe>\t\t\t\t<\/div>\n\t\t\t\t<\/div>\n\t\t\t\t\t<\/div>\n\t\t<\/div>\n\t\t\t\t\t<\/div>\n\t\t<\/section>\n\t\t\t\t<\/div>\n\t\t","protected":false},"excerpt":{"rendered":"<p>D&eacute;claration de conformit&eacute; D\u00e9claration de conformit\u00e9 pour les verres de lunettes Ici, vous trouverez nos d\u00e9clarations de conformit\u00e9. Pour les feuilleter, veuillez cliquer sur les documents PDF suivants. (Les donn\u00e9es qu&rsquo;ils contiennent sont confidentielles. Ils ont \u00e9t\u00e9 \u00e9labor\u00e9s selon des param\u00e8tres de s\u00e9curit\u00e9 qui les emp\u00eachent d\u2019\u00eatre modifi\u00e9s et imprim\u00e9s. Toute modification de leur contenu [&hellip;]<\/p>\n","protected":false},"author":1,"featured_media":0,"parent":0,"menu_order":0,"comment_status":"closed","ping_status":"closed","template":"","meta":{"footnotes":""},"class_list":["post-4117","page","type-page","status-publish","hentry"],"yoast_head":"<!-- This site is optimized with the Yoast SEO plugin v21.8 - https:\/\/yoast.com\/wordpress\/plugins\/seo\/ -->\n<title>D&eacute;claration de conformit&eacute; - MPG - The Eyewear Company<\/title>\n<meta name=\"robots\" content=\"index, follow, max-snippet:-1, max-image-preview:large, max-video-preview:-1\" \/>\n<link rel=\"canonical\" href=\"https:\/\/mpg-eyewear.com\/fr\/dclaration-de-conformit\/\" \/>\n<meta property=\"og:locale\" content=\"fr_FR\" \/>\n<meta property=\"og:type\" content=\"article\" \/>\n<meta property=\"og:title\" content=\"D&eacute;claration de conformit&eacute; - MPG - The Eyewear Company\" \/>\n<meta property=\"og:description\" content=\"D&eacute;claration de conformit&eacute; D\u00e9claration de conformit\u00e9 pour les verres de lunettes Ici, vous trouverez nos d\u00e9clarations de conformit\u00e9. Pour les feuilleter, veuillez cliquer sur les documents PDF suivants. (Les donn\u00e9es qu&rsquo;ils contiennent sont confidentielles. Ils ont \u00e9t\u00e9 \u00e9labor\u00e9s selon des param\u00e8tres de s\u00e9curit\u00e9 qui les emp\u00eachent d\u2019\u00eatre modifi\u00e9s et imprim\u00e9s. Toute modification de leur contenu [&hellip;]\" \/>\n<meta property=\"og:url\" content=\"https:\/\/mpg-eyewear.com\/fr\/dclaration-de-conformit\/\" \/>\n<meta property=\"og:site_name\" content=\"MPG - The Eyewear Company\" \/>\n<meta property=\"article:modified_time\" content=\"2026-02-23T10:56:39+00:00\" \/>\n<meta name=\"twitter:card\" content=\"summary_large_image\" \/>\n<meta name=\"twitter:label1\" content=\"Dur\u00e9e de lecture estim\u00e9e\" \/>\n\t<meta name=\"twitter:data1\" content=\"1 minute\" \/>\n<script type=\"application\/ld+json\" class=\"yoast-schema-graph\">{\"@context\":\"https:\/\/schema.org\",\"@graph\":[{\"@type\":\"WebPage\",\"@id\":\"https:\/\/mpg-eyewear.com\/fr\/dclaration-de-conformit\/\",\"url\":\"https:\/\/mpg-eyewear.com\/fr\/dclaration-de-conformit\/\",\"name\":\"D&eacute;claration de conformit&eacute; - MPG - The Eyewear Company\",\"isPartOf\":{\"@id\":\"https:\/\/mpg-eyewear.com\/fr\/#website\"},\"datePublished\":\"2022-11-02T07:46:03+00:00\",\"dateModified\":\"2026-02-23T10:56:39+00:00\",\"breadcrumb\":{\"@id\":\"https:\/\/mpg-eyewear.com\/fr\/dclaration-de-conformit\/#breadcrumb\"},\"inLanguage\":\"fr-FR\",\"potentialAction\":[{\"@type\":\"ReadAction\",\"target\":[\"https:\/\/mpg-eyewear.com\/fr\/dclaration-de-conformit\/\"]}]},{\"@type\":\"BreadcrumbList\",\"@id\":\"https:\/\/mpg-eyewear.com\/fr\/dclaration-de-conformit\/#breadcrumb\",\"itemListElement\":[{\"@type\":\"ListItem\",\"position\":1,\"name\":\"Startseite\",\"item\":\"https:\/\/mpg-eyewear.com\/fr\/\"},{\"@type\":\"ListItem\",\"position\":2,\"name\":\"D&eacute;claration de conformit&eacute;\"}]},{\"@type\":\"WebSite\",\"@id\":\"https:\/\/mpg-eyewear.com\/fr\/#website\",\"url\":\"https:\/\/mpg-eyewear.com\/fr\/\",\"name\":\"MPG - The Eyewear Company\",\"description\":\"Creating Perspectives\",\"publisher\":{\"@id\":\"https:\/\/mpg-eyewear.com\/fr\/#organization\"},\"potentialAction\":[{\"@type\":\"SearchAction\",\"target\":{\"@type\":\"EntryPoint\",\"urlTemplate\":\"https:\/\/mpg-eyewear.com\/fr\/?s={search_term_string}\"},\"query-input\":\"required name=search_term_string\"}],\"inLanguage\":\"fr-FR\"},{\"@type\":\"Organization\",\"@id\":\"https:\/\/mpg-eyewear.com\/fr\/#organization\",\"name\":\"MPG - The Eyewear Company\",\"url\":\"https:\/\/mpg-eyewear.com\/fr\/\",\"logo\":{\"@type\":\"ImageObject\",\"inLanguage\":\"fr-FR\",\"@id\":\"https:\/\/mpg-eyewear.com\/fr\/#\/schema\/logo\/image\/\",\"url\":\"https:\/\/mpg-eyewear.com\/wp-content\/uploads\/2022\/08\/logo_mpg.png\",\"contentUrl\":\"https:\/\/mpg-eyewear.com\/wp-content\/uploads\/2022\/08\/logo_mpg.png\",\"width\":201,\"height\":127,\"caption\":\"MPG - The Eyewear Company\"},\"image\":{\"@id\":\"https:\/\/mpg-eyewear.com\/fr\/#\/schema\/logo\/image\/\"}}]}<\/script>\n<!-- \/ Yoast SEO plugin. -->","yoast_head_json":{"title":"D&eacute;claration de conformit&eacute; - MPG - The Eyewear Company","robots":{"index":"index","follow":"follow","max-snippet":"max-snippet:-1","max-image-preview":"max-image-preview:large","max-video-preview":"max-video-preview:-1"},"canonical":"https:\/\/mpg-eyewear.com\/fr\/dclaration-de-conformit\/","og_locale":"fr_FR","og_type":"article","og_title":"D&eacute;claration de conformit&eacute; - MPG - The Eyewear Company","og_description":"D&eacute;claration de conformit&eacute; D\u00e9claration de conformit\u00e9 pour les verres de lunettes Ici, vous trouverez nos d\u00e9clarations de conformit\u00e9. Pour les feuilleter, veuillez cliquer sur les documents PDF suivants. (Les donn\u00e9es qu&rsquo;ils contiennent sont confidentielles. Ils ont \u00e9t\u00e9 \u00e9labor\u00e9s selon des param\u00e8tres de s\u00e9curit\u00e9 qui les emp\u00eachent d\u2019\u00eatre modifi\u00e9s et imprim\u00e9s. Toute modification de leur contenu [&hellip;]","og_url":"https:\/\/mpg-eyewear.com\/fr\/dclaration-de-conformit\/","og_site_name":"MPG - The Eyewear Company","article_modified_time":"2026-02-23T10:56:39+00:00","twitter_card":"summary_large_image","twitter_misc":{"Dur\u00e9e de lecture estim\u00e9e":"1 minute"},"schema":{"@context":"https:\/\/schema.org","@graph":[{"@type":"WebPage","@id":"https:\/\/mpg-eyewear.com\/fr\/dclaration-de-conformit\/","url":"https:\/\/mpg-eyewear.com\/fr\/dclaration-de-conformit\/","name":"D&eacute;claration de conformit&eacute; - MPG - The Eyewear Company","isPartOf":{"@id":"https:\/\/mpg-eyewear.com\/fr\/#website"},"datePublished":"2022-11-02T07:46:03+00:00","dateModified":"2026-02-23T10:56:39+00:00","breadcrumb":{"@id":"https:\/\/mpg-eyewear.com\/fr\/dclaration-de-conformit\/#breadcrumb"},"inLanguage":"fr-FR","potentialAction":[{"@type":"ReadAction","target":["https:\/\/mpg-eyewear.com\/fr\/dclaration-de-conformit\/"]}]},{"@type":"BreadcrumbList","@id":"https:\/\/mpg-eyewear.com\/fr\/dclaration-de-conformit\/#breadcrumb","itemListElement":[{"@type":"ListItem","position":1,"name":"Startseite","item":"https:\/\/mpg-eyewear.com\/fr\/"},{"@type":"ListItem","position":2,"name":"D&eacute;claration de conformit&eacute;"}]},{"@type":"WebSite","@id":"https:\/\/mpg-eyewear.com\/fr\/#website","url":"https:\/\/mpg-eyewear.com\/fr\/","name":"MPG - The Eyewear Company","description":"Creating Perspectives","publisher":{"@id":"https:\/\/mpg-eyewear.com\/fr\/#organization"},"potentialAction":[{"@type":"SearchAction","target":{"@type":"EntryPoint","urlTemplate":"https:\/\/mpg-eyewear.com\/fr\/?s={search_term_string}"},"query-input":"required name=search_term_string"}],"inLanguage":"fr-FR"},{"@type":"Organization","@id":"https:\/\/mpg-eyewear.com\/fr\/#organization","name":"MPG - The Eyewear Company","url":"https:\/\/mpg-eyewear.com\/fr\/","logo":{"@type":"ImageObject","inLanguage":"fr-FR","@id":"https:\/\/mpg-eyewear.com\/fr\/#\/schema\/logo\/image\/","url":"https:\/\/mpg-eyewear.com\/wp-content\/uploads\/2022\/08\/logo_mpg.png","contentUrl":"https:\/\/mpg-eyewear.com\/wp-content\/uploads\/2022\/08\/logo_mpg.png","width":201,"height":127,"caption":"MPG - The Eyewear Company"},"image":{"@id":"https:\/\/mpg-eyewear.com\/fr\/#\/schema\/logo\/image\/"}}]}},"_links":{"self":[{"href":"https:\/\/mpg-eyewear.com\/fr\/wp-json\/wp\/v2\/pages\/4117","targetHints":{"allow":["GET"]}}],"collection":[{"href":"https:\/\/mpg-eyewear.com\/fr\/wp-json\/wp\/v2\/pages"}],"about":[{"href":"https:\/\/mpg-eyewear.com\/fr\/wp-json\/wp\/v2\/types\/page"}],"author":[{"embeddable":true,"href":"https:\/\/mpg-eyewear.com\/fr\/wp-json\/wp\/v2\/users\/1"}],"replies":[{"embeddable":true,"href":"https:\/\/mpg-eyewear.com\/fr\/wp-json\/wp\/v2\/comments?post=4117"}],"version-history":[{"count":26,"href":"https:\/\/mpg-eyewear.com\/fr\/wp-json\/wp\/v2\/pages\/4117\/revisions"}],"predecessor-version":[{"id":13984,"href":"https:\/\/mpg-eyewear.com\/fr\/wp-json\/wp\/v2\/pages\/4117\/revisions\/13984"}],"wp:attachment":[{"href":"https:\/\/mpg-eyewear.com\/fr\/wp-json\/wp\/v2\/media?parent=4117"}],"curies":[{"name":"wp","href":"https:\/\/api.w.org\/{rel}","templated":true}]}}