{"id":14025,"date":"2026-02-27T20:28:21","date_gmt":"2026-02-27T19:28:21","guid":{"rendered":"https:\/\/mpg-eyewear.com\/code-de-conduite-mpg-gmbh\/"},"modified":"2026-03-09T09:34:20","modified_gmt":"2026-03-09T08:34:20","slug":"code-de-conduite-mpg-gmbh","status":"publish","type":"page","link":"https:\/\/mpg-eyewear.com\/fr\/code-de-conduite-mpg-gmbh\/","title":{"rendered":"Code de conduite &#8211; MPG GmbH"},"content":{"rendered":"\t\t<div data-elementor-type=\"wp-page\" data-elementor-id=\"14025\" class=\"elementor elementor-14025 elementor-13992\" data-elementor-settings=\"{&quot;ha_cmc_init_switcher&quot;:&quot;no&quot;}\" data-elementor-post-type=\"page\">\n\t\t\t\t\t\t<section class=\"elementor-section elementor-top-section elementor-element elementor-element-3a9be6b9 elementor-section-full_width elementor-section-height-default elementor-section-height-default\" data-id=\"3a9be6b9\" data-element_type=\"section\" data-settings=\"{&quot;background_background&quot;:&quot;classic&quot;,&quot;_ha_eqh_enable&quot;:false}\">\n\t\t\t\t\t\t<div class=\"elementor-container elementor-column-gap-default\">\n\t\t\t\t\t<div class=\"elementor-column elementor-col-100 elementor-top-column elementor-element elementor-element-715753fd\" data-id=\"715753fd\" data-element_type=\"column\">\n\t\t\t<div class=\"elementor-widget-wrap elementor-element-populated\">\n\t\t\t\t\t\t<div class=\"elementor-element elementor-element-c25abc3 elementor-widget__width-initial elementor-widget elementor-widget-heading\" data-id=\"c25abc3\" data-element_type=\"widget\" data-widget_type=\"heading.default\">\n\t\t\t\t<div class=\"elementor-widget-container\">\n\t\t\t\t\t<h1 class=\"elementor-heading-title elementor-size-default\"><span data-path-to-node=\"3,3,0,0\"><b data-path-to-node=\"3,3,0,0\" data-index-in-node=\"0\"><\/b><\/span><span data-path-to-node=\"3,3,1,0\">Ensemble pour la qualit\u00e9 : notre code de conduite<\/span><\/h1>\t\t\t\t<\/div>\n\t\t\t\t<\/div>\n\t\t\t\t\t<\/div>\n\t\t<\/div>\n\t\t\t\t\t<\/div>\n\t\t<\/section>\n\t\t\t\t<section class=\"elementor-section elementor-top-section elementor-element elementor-element-23c9d5d6 elementor-reverse-tablet elementor-reverse-mobile elementor-section-boxed elementor-section-height-default elementor-section-height-default\" data-id=\"23c9d5d6\" data-element_type=\"section\" data-settings=\"{&quot;background_background&quot;:&quot;classic&quot;,&quot;_ha_eqh_enable&quot;:false}\">\n\t\t\t\t\t\t<div class=\"elementor-container elementor-column-gap-default\">\n\t\t\t\t\t<div class=\"elementor-column elementor-col-50 elementor-top-column elementor-element elementor-element-272fe54c\" data-id=\"272fe54c\" data-element_type=\"column\">\n\t\t\t<div class=\"elementor-widget-wrap elementor-element-populated\">\n\t\t\t\t\t\t<div class=\"elementor-element elementor-element-598c9cd5 elementor-widget elementor-widget-heading\" data-id=\"598c9cd5\" data-element_type=\"widget\" data-widget_type=\"heading.default\">\n\t\t\t\t<div class=\"elementor-widget-container\">\n\t\t\t\t\t<h2 class=\"elementor-heading-title elementor-size-default\">C'est ce que nous d\u00e9fendons<\/h2>\t\t\t\t<\/div>\n\t\t\t\t<\/div>\n\t\t\t\t<div class=\"elementor-element elementor-element-7ffc8991 elementor-widget elementor-widget-text-editor\" data-id=\"7ffc8991\" data-element_type=\"widget\" data-widget_type=\"text-editor.default\">\n\t\t\t\t<div class=\"elementor-widget-container\">\n\t\t\t\t\t\t\t\t\t<p class=\"x_MsoNormal\"><span data-olk-copy-source=\"MessageBody\">En tant qu&rsquo;entreprise internationale, nous misons sur une culture marqu\u00e9e par la responsabilit\u00e9, le respect et une attitude commune. Notre Code de conduite montre comment nous vivons ces principes au quotidien, de mani\u00e8re transparente, coh\u00e9rente et orient\u00e9e vers l&rsquo;avenir. Il constitue le cadre de d\u00e9cisions qui ne sont pas seulement valables sur le plan juridique, mais aussi sur le plan moral.  <\/span><\/p><p class=\"x_MsoNormal\">Nos valeurs d&rsquo;entreprise et nos principes de gestion nous indiquent la voie \u00e0 suivre. Le pr\u00e9sent code de conduite d\u00e9crit la mani\u00e8re dont nous traduisons ces valeurs dans nos actions : par l&rsquo;\u00e9quit\u00e9, l&rsquo;int\u00e9grit\u00e9, le respect des droits de l&rsquo;homme, la transparence et la gestion prudente des ressources. Il nous guide et nous aide \u00e0 cr\u00e9er un environnement de travail de confiance et \u00e0 \u00e9tablir des relations fiables avec nos clients, nos partenaires et nos coll\u00e8gues.  <\/p><p class=\"x_MsoNormal\">Ensemble, nous veillons \u00e0 ce que notre exigence en mati\u00e8re d&rsquo;action \u00e9thique ne soit pas seulement formul\u00e9e, mais v\u00e9cue au quotidien &#8211; pour un avenir que nous construisons de mani\u00e8re responsable et engag\u00e9e.<\/p><div><div><div><\/div><p><\/p><\/div><\/div>\t\t\t\t\t\t\t\t<\/div>\n\t\t\t\t<\/div>\n\t\t\t\t<div class=\"elementor-element elementor-element-c064256 elementor-widget elementor-widget-heading\" data-id=\"c064256\" data-element_type=\"widget\" data-widget_type=\"heading.default\">\n\t\t\t\t<div class=\"elementor-widget-container\">\n\t\t\t\t\t<h2 class=\"elementor-heading-title elementor-size-default\">Code de conduite<\/h2>\t\t\t\t<\/div>\n\t\t\t\t<\/div>\n\t\t\t\t<div class=\"elementor-element elementor-element-1cd7b4e elementor-widget elementor-widget-text-editor\" data-id=\"1cd7b4e\" data-element_type=\"widget\" data-widget_type=\"text-editor.default\">\n\t\t\t\t<div class=\"elementor-widget-container\">\n\t\t\t\t\t\t\t\t\t<p class=\"x_MsoNormal\">Vous trouverez ici notre code de conduite :<\/p>\n<p><a href=\"https:\/\/www.flipsnack.com\/C8A65D88B7A\/verhaltenskodex-mpg-gmbh-de\/full-view.html\" target=\"_blank\" rel=\"noopener\">Code de conduite de MPG GmbH<\/a><\/p>\n<p><a href=\"https:\/\/www.flipsnack.com\/C8A65D88B7A\/code-of-conduct-mpg-gmbh-en\/full-view.html\" target=\"_blank\" rel=\"noopener\">Code de conduite mpg gmbh<\/a><\/p>\n<p><a href=\"https:\/\/www.flipsnack.com\/C8A65D88B7A\/code-de-conduite-mpg-gmbh-fr\/full-view.html\" target=\"_blank\" rel=\"noopener\">Code de conduite de MPG GmbH<\/a><\/p>\n<p><a href=\"https:\/\/www.flipsnack.com\/C8A65D88B7A\/gedragscode-mpg-gmbh-nl\/full-view.html\">Gedragscode van MPG GmbH<\/a><\/p>\n<p><a href=\"https:\/\/www.flipsnack.com\/C8A65D88B7A\/adfaerdskodeks-mpg-gmbh-da\/full-view.html\">Adf\u00e6rdskodeks pour MPG GmbH<\/a><\/p>\n<p><a href=\"https:\/\/www.flipsnack.com\/C8A65D88B7A\/kodex-chovani-mpg-gmbh-cs\/full-view.html\">Code \u00e9thique de l&rsquo;entreprise MPG GmbH<\/a><\/p>\n<div>\n<div>\n<div> <\/div>\n<p> <\/p>\n<\/div>\n<\/div>\t\t\t\t\t\t\t\t<\/div>\n\t\t\t\t<\/div>\n\t\t\t\t\t<\/div>\n\t\t<\/div>\n\t\t\t\t<div class=\"elementor-column elementor-col-50 elementor-top-column elementor-element elementor-element-8a74918\" data-id=\"8a74918\" data-element_type=\"column\">\n\t\t\t<div class=\"elementor-widget-wrap elementor-element-populated\">\n\t\t\t\t\t\t<div class=\"elementor-element elementor-element-4a96ffb2 elementor-widget elementor-widget-image\" data-id=\"4a96ffb2\" data-element_type=\"widget\" data-widget_type=\"image.default\">\n\t\t\t\t<div class=\"elementor-widget-container\">\n\t\t\t\t\t\t\t\t\t\t\t\t\t\t\t<img fetchpriority=\"high\" decoding=\"async\" width=\"510\" height=\"758\" src=\"https:\/\/mpg-eyewear.com\/wp-content\/uploads\/2026\/02\/verhaltenskodex.png\" class=\"attachment-large size-large wp-image-14001\" alt=\"\" srcset=\"https:\/\/mpg-eyewear.com\/wp-content\/uploads\/2026\/02\/verhaltenskodex.png 510w, https:\/\/mpg-eyewear.com\/wp-content\/uploads\/2026\/02\/verhaltenskodex-202x300.png 202w\" sizes=\"(max-width: 510px) 100vw, 510px\" \/>\t\t\t\t\t\t\t\t\t\t\t\t\t\t\t<\/div>\n\t\t\t\t<\/div>\n\t\t\t\t\t<\/div>\n\t\t<\/div>\n\t\t\t\t\t<\/div>\n\t\t<\/section>\n\t\t\t\t<\/div>\n\t\t","protected":false},"excerpt":{"rendered":"<p>Ensemble pour la qualit\u00e9 : notre code de conduite C&rsquo;est ce que nous d\u00e9fendons En tant qu&rsquo;entreprise internationale, nous misons sur une culture marqu\u00e9e par la responsabilit\u00e9, le respect et une attitude commune. Notre Code de conduite montre comment nous vivons ces principes au quotidien, de mani\u00e8re transparente, coh\u00e9rente et orient\u00e9e vers l&rsquo;avenir. Il constitue [&hellip;]<\/p>\n","protected":false},"author":1,"featured_media":0,"parent":0,"menu_order":0,"comment_status":"closed","ping_status":"closed","template":"","meta":{"footnotes":""},"class_list":["post-14025","page","type-page","status-publish","hentry"],"yoast_head":"<!-- This site is optimized with the Yoast SEO plugin v21.8 - https:\/\/yoast.com\/wordpress\/plugins\/seo\/ -->\n<title>Code de conduite - MPG GmbH - MPG - The Eyewear Company<\/title>\n<meta name=\"robots\" content=\"index, follow, max-snippet:-1, max-image-preview:large, max-video-preview:-1\" \/>\n<link rel=\"canonical\" href=\"https:\/\/mpg-eyewear.com\/fr\/code-de-conduite-mpg-gmbh\/\" \/>\n<meta property=\"og:locale\" content=\"fr_FR\" \/>\n<meta property=\"og:type\" content=\"article\" \/>\n<meta property=\"og:title\" content=\"Code de conduite - MPG GmbH - MPG - The Eyewear Company\" \/>\n<meta property=\"og:description\" content=\"Ensemble pour la qualit\u00e9 : notre code de conduite C&rsquo;est ce que nous d\u00e9fendons En tant qu&rsquo;entreprise internationale, nous misons sur une culture marqu\u00e9e par la responsabilit\u00e9, le respect et une attitude commune. Notre Code de conduite montre comment nous vivons ces principes au quotidien, de mani\u00e8re transparente, coh\u00e9rente et orient\u00e9e vers l&rsquo;avenir. Il constitue [&hellip;]\" \/>\n<meta property=\"og:url\" content=\"https:\/\/mpg-eyewear.com\/fr\/code-de-conduite-mpg-gmbh\/\" \/>\n<meta property=\"og:site_name\" content=\"MPG - The Eyewear Company\" \/>\n<meta property=\"article:modified_time\" content=\"2026-03-09T08:34:20+00:00\" \/>\n<meta property=\"og:image\" content=\"https:\/\/mpg-eyewear.com\/wp-content\/uploads\/2026\/02\/verhaltenskodex.png\" \/>\n<meta name=\"twitter:card\" content=\"summary_large_image\" \/>\n<meta name=\"twitter:label1\" content=\"Dur\u00e9e de lecture estim\u00e9e\" \/>\n\t<meta name=\"twitter:data1\" content=\"1 minute\" \/>\n<script type=\"application\/ld+json\" class=\"yoast-schema-graph\">{\"@context\":\"https:\/\/schema.org\",\"@graph\":[{\"@type\":\"WebPage\",\"@id\":\"https:\/\/mpg-eyewear.com\/fr\/code-de-conduite-mpg-gmbh\/\",\"url\":\"https:\/\/mpg-eyewear.com\/fr\/code-de-conduite-mpg-gmbh\/\",\"name\":\"Code de conduite - MPG GmbH - MPG - The Eyewear Company\",\"isPartOf\":{\"@id\":\"https:\/\/mpg-eyewear.com\/fr\/#website\"},\"datePublished\":\"2026-02-27T19:28:21+00:00\",\"dateModified\":\"2026-03-09T08:34:20+00:00\",\"breadcrumb\":{\"@id\":\"https:\/\/mpg-eyewear.com\/fr\/code-de-conduite-mpg-gmbh\/#breadcrumb\"},\"inLanguage\":\"fr-FR\",\"potentialAction\":[{\"@type\":\"ReadAction\",\"target\":[\"https:\/\/mpg-eyewear.com\/fr\/code-de-conduite-mpg-gmbh\/\"]}]},{\"@type\":\"BreadcrumbList\",\"@id\":\"https:\/\/mpg-eyewear.com\/fr\/code-de-conduite-mpg-gmbh\/#breadcrumb\",\"itemListElement\":[{\"@type\":\"ListItem\",\"position\":1,\"name\":\"Startseite\",\"item\":\"https:\/\/mpg-eyewear.com\/fr\/\"},{\"@type\":\"ListItem\",\"position\":2,\"name\":\"Code de conduite &#8211; MPG GmbH\"}]},{\"@type\":\"WebSite\",\"@id\":\"https:\/\/mpg-eyewear.com\/fr\/#website\",\"url\":\"https:\/\/mpg-eyewear.com\/fr\/\",\"name\":\"MPG - The Eyewear Company\",\"description\":\"Creating Perspectives\",\"publisher\":{\"@id\":\"https:\/\/mpg-eyewear.com\/fr\/#organization\"},\"potentialAction\":[{\"@type\":\"SearchAction\",\"target\":{\"@type\":\"EntryPoint\",\"urlTemplate\":\"https:\/\/mpg-eyewear.com\/fr\/?s={search_term_string}\"},\"query-input\":\"required name=search_term_string\"}],\"inLanguage\":\"fr-FR\"},{\"@type\":\"Organization\",\"@id\":\"https:\/\/mpg-eyewear.com\/fr\/#organization\",\"name\":\"MPG - The Eyewear Company\",\"url\":\"https:\/\/mpg-eyewear.com\/fr\/\",\"logo\":{\"@type\":\"ImageObject\",\"inLanguage\":\"fr-FR\",\"@id\":\"https:\/\/mpg-eyewear.com\/fr\/#\/schema\/logo\/image\/\",\"url\":\"https:\/\/mpg-eyewear.com\/wp-content\/uploads\/2022\/08\/logo_mpg.png\",\"contentUrl\":\"https:\/\/mpg-eyewear.com\/wp-content\/uploads\/2022\/08\/logo_mpg.png\",\"width\":201,\"height\":127,\"caption\":\"MPG - The Eyewear Company\"},\"image\":{\"@id\":\"https:\/\/mpg-eyewear.com\/fr\/#\/schema\/logo\/image\/\"}}]}<\/script>\n<!-- \/ Yoast SEO plugin. -->","yoast_head_json":{"title":"Code de conduite - MPG GmbH - MPG - The Eyewear Company","robots":{"index":"index","follow":"follow","max-snippet":"max-snippet:-1","max-image-preview":"max-image-preview:large","max-video-preview":"max-video-preview:-1"},"canonical":"https:\/\/mpg-eyewear.com\/fr\/code-de-conduite-mpg-gmbh\/","og_locale":"fr_FR","og_type":"article","og_title":"Code de conduite - MPG GmbH - MPG - The Eyewear Company","og_description":"Ensemble pour la qualit\u00e9 : notre code de conduite C&rsquo;est ce que nous d\u00e9fendons En tant qu&rsquo;entreprise internationale, nous misons sur une culture marqu\u00e9e par la responsabilit\u00e9, le respect et une attitude commune. Notre Code de conduite montre comment nous vivons ces principes au quotidien, de mani\u00e8re transparente, coh\u00e9rente et orient\u00e9e vers l&rsquo;avenir. Il constitue [&hellip;]","og_url":"https:\/\/mpg-eyewear.com\/fr\/code-de-conduite-mpg-gmbh\/","og_site_name":"MPG - The Eyewear Company","article_modified_time":"2026-03-09T08:34:20+00:00","og_image":[{"url":"https:\/\/mpg-eyewear.com\/wp-content\/uploads\/2026\/02\/verhaltenskodex.png"}],"twitter_card":"summary_large_image","twitter_misc":{"Dur\u00e9e de lecture estim\u00e9e":"1 minute"},"schema":{"@context":"https:\/\/schema.org","@graph":[{"@type":"WebPage","@id":"https:\/\/mpg-eyewear.com\/fr\/code-de-conduite-mpg-gmbh\/","url":"https:\/\/mpg-eyewear.com\/fr\/code-de-conduite-mpg-gmbh\/","name":"Code de conduite - MPG GmbH - MPG - The Eyewear Company","isPartOf":{"@id":"https:\/\/mpg-eyewear.com\/fr\/#website"},"datePublished":"2026-02-27T19:28:21+00:00","dateModified":"2026-03-09T08:34:20+00:00","breadcrumb":{"@id":"https:\/\/mpg-eyewear.com\/fr\/code-de-conduite-mpg-gmbh\/#breadcrumb"},"inLanguage":"fr-FR","potentialAction":[{"@type":"ReadAction","target":["https:\/\/mpg-eyewear.com\/fr\/code-de-conduite-mpg-gmbh\/"]}]},{"@type":"BreadcrumbList","@id":"https:\/\/mpg-eyewear.com\/fr\/code-de-conduite-mpg-gmbh\/#breadcrumb","itemListElement":[{"@type":"ListItem","position":1,"name":"Startseite","item":"https:\/\/mpg-eyewear.com\/fr\/"},{"@type":"ListItem","position":2,"name":"Code de conduite &#8211; MPG GmbH"}]},{"@type":"WebSite","@id":"https:\/\/mpg-eyewear.com\/fr\/#website","url":"https:\/\/mpg-eyewear.com\/fr\/","name":"MPG - The Eyewear Company","description":"Creating Perspectives","publisher":{"@id":"https:\/\/mpg-eyewear.com\/fr\/#organization"},"potentialAction":[{"@type":"SearchAction","target":{"@type":"EntryPoint","urlTemplate":"https:\/\/mpg-eyewear.com\/fr\/?s={search_term_string}"},"query-input":"required name=search_term_string"}],"inLanguage":"fr-FR"},{"@type":"Organization","@id":"https:\/\/mpg-eyewear.com\/fr\/#organization","name":"MPG - The Eyewear Company","url":"https:\/\/mpg-eyewear.com\/fr\/","logo":{"@type":"ImageObject","inLanguage":"fr-FR","@id":"https:\/\/mpg-eyewear.com\/fr\/#\/schema\/logo\/image\/","url":"https:\/\/mpg-eyewear.com\/wp-content\/uploads\/2022\/08\/logo_mpg.png","contentUrl":"https:\/\/mpg-eyewear.com\/wp-content\/uploads\/2022\/08\/logo_mpg.png","width":201,"height":127,"caption":"MPG - The Eyewear Company"},"image":{"@id":"https:\/\/mpg-eyewear.com\/fr\/#\/schema\/logo\/image\/"}}]}},"_links":{"self":[{"href":"https:\/\/mpg-eyewear.com\/fr\/wp-json\/wp\/v2\/pages\/14025","targetHints":{"allow":["GET"]}}],"collection":[{"href":"https:\/\/mpg-eyewear.com\/fr\/wp-json\/wp\/v2\/pages"}],"about":[{"href":"https:\/\/mpg-eyewear.com\/fr\/wp-json\/wp\/v2\/types\/page"}],"author":[{"embeddable":true,"href":"https:\/\/mpg-eyewear.com\/fr\/wp-json\/wp\/v2\/users\/1"}],"replies":[{"embeddable":true,"href":"https:\/\/mpg-eyewear.com\/fr\/wp-json\/wp\/v2\/comments?post=14025"}],"version-history":[{"count":4,"href":"https:\/\/mpg-eyewear.com\/fr\/wp-json\/wp\/v2\/pages\/14025\/revisions"}],"predecessor-version":[{"id":14045,"href":"https:\/\/mpg-eyewear.com\/fr\/wp-json\/wp\/v2\/pages\/14025\/revisions\/14045"}],"wp:attachment":[{"href":"https:\/\/mpg-eyewear.com\/fr\/wp-json\/wp\/v2\/media?parent=14025"}],"curies":[{"name":"wp","href":"https:\/\/api.w.org\/{rel}","templated":true}]}}