{"id":4037,"date":"2022-07-08T09:51:57","date_gmt":"2022-07-08T07:51:57","guid":{"rendered":"https:\/\/mpg-eyewear.com\/ledige-stillinger\/"},"modified":"2023-01-10T11:11:31","modified_gmt":"2023-01-10T10:11:31","slug":"ledige-stillinger","status":"publish","type":"page","link":"https:\/\/mpg-eyewear.com\/da\/ledige-stillinger\/","title":{"rendered":"Ledige stillinger"},"content":{"rendered":"\t\t<div data-elementor-type=\"wp-page\" data-elementor-id=\"4037\" class=\"elementor elementor-4037 elementor-5\" data-elementor-settings=\"{&quot;ha_cmc_init_switcher&quot;:&quot;no&quot;}\" data-elementor-post-type=\"page\">\n\t\t\t\t\t\t<section class=\"elementor-section elementor-top-section elementor-element elementor-element-3bd5302c elementor-section-boxed elementor-section-height-default elementor-section-height-default\" data-id=\"3bd5302c\" data-element_type=\"section\" data-settings=\"{&quot;background_background&quot;:&quot;classic&quot;,&quot;_ha_eqh_enable&quot;:false}\">\n\t\t\t\t\t\t<div class=\"elementor-container elementor-column-gap-default\">\n\t\t\t\t\t<div class=\"elementor-column elementor-col-100 elementor-top-column elementor-element elementor-element-32eed3c5\" data-id=\"32eed3c5\" data-element_type=\"column\">\n\t\t\t<div class=\"elementor-widget-wrap elementor-element-populated\">\n\t\t\t\t\t\t<div class=\"elementor-element elementor-element-1ee14516 elementor-widget elementor-widget-heading\" data-id=\"1ee14516\" data-element_type=\"widget\" data-widget_type=\"heading.default\">\n\t\t\t\t<div class=\"elementor-widget-container\">\n\t\t\t\t\t<h1 class=\"elementor-heading-title elementor-size-default\">Vi s&oslash;ger dig<\/h1>\t\t\t\t<\/div>\n\t\t\t\t<\/div>\n\t\t\t\t<div class=\"elementor-element elementor-element-3b4ac09e elementor-widget elementor-widget-heading\" data-id=\"3b4ac09e\" data-element_type=\"widget\" data-widget_type=\"heading.default\">\n\t\t\t\t<div class=\"elementor-widget-container\">\n\t\t\t\t\t<h2 class=\"elementor-heading-title elementor-size-default\">Ledige stillinger &amp; uopfordrede ans&oslash;gninger<\/h2>\t\t\t\t<\/div>\n\t\t\t\t<\/div>\n\t\t\t\t\t<\/div>\n\t\t<\/div>\n\t\t\t\t\t<\/div>\n\t\t<\/section>\n\t\t\t\t<section class=\"elementor-section elementor-top-section elementor-element elementor-element-2e8a8ef1 elementor-section-boxed elementor-section-height-default elementor-section-height-default\" data-id=\"2e8a8ef1\" data-element_type=\"section\" data-settings=\"{&quot;_ha_eqh_enable&quot;:false}\">\n\t\t\t\t\t\t<div class=\"elementor-container elementor-column-gap-default\">\n\t\t\t\t\t<div class=\"elementor-column elementor-col-100 elementor-top-column elementor-element elementor-element-e682c4d\" data-id=\"e682c4d\" data-element_type=\"column\">\n\t\t\t<div class=\"elementor-widget-wrap elementor-element-populated\">\n\t\t\t\t\t\t<div class=\"elementor-element elementor-element-31cdbce7 elementor-widget elementor-widget-text-editor\" data-id=\"31cdbce7\" data-element_type=\"widget\" data-widget_type=\"text-editor.default\">\n\t\t\t\t<div class=\"elementor-widget-container\">\n\t\t\t\t\t\t\t\t\t<div id=\"offeneStelle\">\n<table id=\"jobOffers\" class=\"display\" style=\"width:100%\">\n<thead>\n<tr>\n<th>Titel<\/th>\n<th>Adresse<\/th>\n<th>Land<\/th>\n<th>Ans&aelig;ttelse<\/th>\n<\/tr>\n<\/thead>\n<tbody><\/tbody>\n<\/table>\n<\/div>\t\t\t\t\t\t\t\t<\/div>\n\t\t\t\t<\/div>\n\t\t\t\t\t<\/div>\n\t\t<\/div>\n\t\t\t\t\t<\/div>\n\t\t<\/section>\n\t\t\t\t<section class=\"elementor-section elementor-top-section elementor-element elementor-element-19190aa7 elementor-section-boxed elementor-section-height-default elementor-section-height-default\" data-id=\"19190aa7\" data-element_type=\"section\" data-settings=\"{&quot;background_background&quot;:&quot;classic&quot;,&quot;_ha_eqh_enable&quot;:false}\">\n\t\t\t\t\t\t<div class=\"elementor-container elementor-column-gap-default\">\n\t\t\t\t\t<div class=\"elementor-column elementor-col-100 elementor-top-column elementor-element elementor-element-333bbefd\" data-id=\"333bbefd\" data-element_type=\"column\">\n\t\t\t<div class=\"elementor-widget-wrap elementor-element-populated\">\n\t\t\t\t\t\t<div class=\"elementor-element elementor-element-28dff90d elementor-widget elementor-widget-heading\" data-id=\"28dff90d\" data-element_type=\"widget\" data-widget_type=\"heading.default\">\n\t\t\t\t<div class=\"elementor-widget-container\">\n\t\t\t\t\t<h3 class=\"elementor-heading-title elementor-size-default\"><p>I &oslash;jeblikket er der ingen passende ledige jobopslag for dig, men vil du gerne v&aelig;re en del af #MPG?<\/p>\n<p>Det er intet problem! Vi er ogs&aring; glade for uopfordrede ans&oslash;gninger, s&aring; send os din initiativans&oslash;gning med din id&eacute; for din jobprofil.<\/p> <p><br> Det gl&aelig;der vi os til!<\/p> <\/h3>\t\t\t\t<\/div>\n\t\t\t\t<\/div>\n\t\t\t\t<div class=\"elementor-element elementor-element-72cd6f39 elementor-align-center elementor-mobile-align-center elementor-widget elementor-widget-button\" data-id=\"72cd6f39\" data-element_type=\"widget\" data-widget_type=\"button.default\">\n\t\t\t\t<div class=\"elementor-widget-container\">\n\t\t\t\t\t\t\t\t\t<div class=\"elementor-button-wrapper\">\n\t\t\t\t\t<a class=\"elementor-button elementor-button-link elementor-size-sm\" href=\"https:\/\/mpg-eyewear.com\/mpg_2022\/initiativbewerbung\/\">\n\t\t\t\t\t\t<span class=\"elementor-button-content-wrapper\">\n\t\t\t\t\t\t\t\t\t<span class=\"elementor-button-text\">Ans&oslash;g nu<\/span>\n\t\t\t\t\t<\/span>\n\t\t\t\t\t<\/a>\n\t\t\t\t<\/div>\n\t\t\t\t\t\t\t\t<\/div>\n\t\t\t\t<\/div>\n\t\t\t\t\t<\/div>\n\t\t<\/div>\n\t\t\t\t\t<\/div>\n\t\t<\/section>\n\t\t\t\t<section class=\"elementor-section elementor-top-section elementor-element elementor-element-3b673680 elementor-section-boxed elementor-section-height-default elementor-section-height-default\" data-id=\"3b673680\" data-element_type=\"section\" data-settings=\"{&quot;_ha_eqh_enable&quot;:false}\">\n\t\t\t\t\t\t\t<div class=\"elementor-background-overlay\"><\/div>\n\t\t\t\t\t\t\t<div class=\"elementor-container elementor-column-gap-default\">\n\t\t\t\t\t<div class=\"elementor-column elementor-col-100 elementor-top-column elementor-element elementor-element-5ae4af66\" data-id=\"5ae4af66\" data-element_type=\"column\">\n\t\t\t<div class=\"elementor-widget-wrap elementor-element-populated\">\n\t\t\t\t\t\t<div class=\"elementor-element elementor-element-7efcdab8 elementor-widget elementor-widget-heading\" data-id=\"7efcdab8\" data-element_type=\"widget\" data-widget_type=\"heading.default\">\n\t\t\t\t<div class=\"elementor-widget-container\">\n\t\t\t\t\t<h2 class=\"elementor-heading-title elementor-size-default\">S&aring;dan bliver du en del af #teamMPG<\/h2>\t\t\t\t<\/div>\n\t\t\t\t<\/div>\n\t\t\t\t<section class=\"elementor-section elementor-inner-section elementor-element elementor-element-2999dfd2 elementor-section-boxed elementor-section-height-default elementor-section-height-default\" data-id=\"2999dfd2\" data-element_type=\"section\" data-settings=\"{&quot;_ha_eqh_enable&quot;:false}\">\n\t\t\t\t\t\t<div class=\"elementor-container elementor-column-gap-default\">\n\t\t\t\t\t<div class=\"elementor-column elementor-col-25 elementor-inner-column elementor-element elementor-element-63211c53\" data-id=\"63211c53\" data-element_type=\"column\">\n\t\t\t<div class=\"elementor-widget-wrap elementor-element-populated\">\n\t\t\t\t\t\t<div class=\"elementor-element elementor-element-4826376d elementor-widget elementor-widget-ha-step-flow happy-addon ha-step-flow\" data-id=\"4826376d\" data-element_type=\"widget\" data-widget_type=\"ha-step-flow.default\">\n\t\t\t\t<div class=\"elementor-widget-container\">\n\t\t\t\t\t\n\t\t<div class=\"ha-steps-icon\">\n\t\t\t\t\t\t\t<span class=\"ha-step-arrow\"><\/span>\n\t\t\t\n\t\t\t<i class=\"icon icon-thumbs-up\"><\/i>\n\t\t\t\t\t\t\t<span class=\"ha-steps-label\">Trin 1<\/span>\n\t\t\t\t\t<\/div>\n\n\t\t<h2 class=\"ha-steps-title\">Ans&oslash;g nu<\/h2>\n\t\t\t\t\t<p class=\"ha-step-description\">Har du fundet det rigtige sted? S&aring; v&aelig;lg &rdquo;Ans&oslash;g nu&rdquo; ved den passende stillingsbeskrivelse og send os dit CV. Ikke lige noget, der passer til dig? S&aring; gl&aelig;der vi os til din initiativans&oslash;gning.<\/p>\n\t\t\n\t\t\t\t\t\t<\/div>\n\t\t\t\t<\/div>\n\t\t\t\t\t<\/div>\n\t\t<\/div>\n\t\t\t\t<div class=\"elementor-column elementor-col-25 elementor-inner-column elementor-element elementor-element-6c96c687\" data-id=\"6c96c687\" data-element_type=\"column\">\n\t\t\t<div class=\"elementor-widget-wrap elementor-element-populated\">\n\t\t\t\t\t\t<div class=\"elementor-element elementor-element-2147637a elementor-widget elementor-widget-ha-step-flow happy-addon ha-step-flow\" data-id=\"2147637a\" data-element_type=\"widget\" data-widget_type=\"ha-step-flow.default\">\n\t\t\t\t<div class=\"elementor-widget-container\">\n\t\t\t\t\t\n\t\t<div class=\"ha-steps-icon\">\n\t\t\t\t\t\t\t<span class=\"ha-step-arrow\"><\/span>\n\t\t\t\n\t\t\t<i class=\"hm hm-user-check\"><\/i>\n\t\t\t\t\t\t\t<span class=\"ha-steps-label\">Trin 2<\/span>\n\t\t\t\t\t<\/div>\n\n\t\t<h2 class=\"ha-steps-title\">Udv&aelig;lgelsesproces<\/h2>\n\t\t\t\t\t<p class=\"ha-step-description\">Vi l&aelig;ser alle modtagne ans&oslash;gninger n&oslash;je, derfor kan det tage op til en uge. Du vil modtage svar fra os telefonisk eller pr. e-mail.<\/p>\n\t\t\n\t\t\t\t\t\t<\/div>\n\t\t\t\t<\/div>\n\t\t\t\t\t<\/div>\n\t\t<\/div>\n\t\t\t\t<div class=\"elementor-column elementor-col-25 elementor-inner-column elementor-element elementor-element-3e53cf38\" data-id=\"3e53cf38\" data-element_type=\"column\">\n\t\t\t<div class=\"elementor-widget-wrap elementor-element-populated\">\n\t\t\t\t\t\t<div class=\"elementor-element elementor-element-3f895dab elementor-widget elementor-widget-ha-step-flow happy-addon ha-step-flow\" data-id=\"3f895dab\" data-element_type=\"widget\" data-widget_type=\"ha-step-flow.default\">\n\t\t\t\t<div class=\"elementor-widget-container\">\n\t\t\t\t\t\n\t\t<div class=\"ha-steps-icon\">\n\t\t\t\t\t\t\t<span class=\"ha-step-arrow\"><\/span>\n\t\t\t\n\t\t\t<i class=\"hm hm-chat-bubble1\"><\/i>\n\t\t\t\t\t\t\t<span class=\"ha-steps-label\">Trin 3<\/span>\n\t\t\t\t\t<\/div>\n\n\t\t<h2 class=\"ha-steps-title\">Ans&aelig;ttelsessamtale<\/h2>\n\t\t\t\t\t<p class=\"ha-step-description\">Hvis din profil passer til os, vil vi gerne l&aelig;re dig n&aelig;rmere at kende. I de fleste tilf&aelig;lde gennemf&oslash;rer vi to samtalerunder - og det vil du h&oslash;re n&aelig;rmere om personligt.<\/p>\n\t\t\n\t\t\t\t\t\t<\/div>\n\t\t\t\t<\/div>\n\t\t\t\t\t<\/div>\n\t\t<\/div>\n\t\t\t\t<div class=\"elementor-column elementor-col-25 elementor-inner-column elementor-element elementor-element-4034dd31\" data-id=\"4034dd31\" data-element_type=\"column\">\n\t\t\t<div class=\"elementor-widget-wrap elementor-element-populated\">\n\t\t\t\t\t\t<div class=\"elementor-element elementor-element-61db7d3d elementor-widget elementor-widget-ha-step-flow happy-addon ha-step-flow\" data-id=\"61db7d3d\" data-element_type=\"widget\" data-widget_type=\"ha-step-flow.default\">\n\t\t\t\t<div class=\"elementor-widget-container\">\n\t\t\t\t\t\n\t\t<div class=\"ha-steps-icon\">\n\t\t\t\n\t\t\t<i class=\"hm hm-heart-beat\"><\/i>\n\t\t\t\t\t\t\t<span class=\"ha-steps-label\">Trin 4<\/span>\n\t\t\t\t\t<\/div>\n\n\t\t<h2 class=\"ha-steps-title\">Start i #teamMPG<\/h2>\n\t\t\t\t\t<p class=\"ha-step-description\">Hvis det synes at passe til begge parter, modtager du et jobtilbud fra os. Velkommen i #teamMPG!<\/p>\n\t\t\n\t\t\t\t\t\t<\/div>\n\t\t\t\t<\/div>\n\t\t\t\t\t<\/div>\n\t\t<\/div>\n\t\t\t\t\t<\/div>\n\t\t<\/section>\n\t\t\t\t\t<\/div>\n\t\t<\/div>\n\t\t\t\t\t<\/div>\n\t\t<\/section>\n\t\t\t\t<\/div>\n\t\t","protected":false},"excerpt":{"rendered":"<p>Vi s&oslash;ger dig Ledige stillinger &amp; uopfordrede ans&oslash;gninger Titel Adresse Land Ans&aelig;ttelse I &oslash;jeblikket er der ingen passende ledige jobopslag for dig, men vil du gerne v&aelig;re en del af #MPG? Det er intet problem! Vi er ogs&aring; glade for uopfordrede ans&oslash;gninger, s&aring; send os din initiativans&oslash;gning med din id&eacute; for din jobprofil. Det gl&aelig;der [&hellip;]<\/p>\n","protected":false},"author":1,"featured_media":0,"parent":0,"menu_order":0,"comment_status":"closed","ping_status":"closed","template":"","meta":{"footnotes":""},"class_list":["post-4037","page","type-page","status-publish","hentry"],"yoast_head":"<!-- This site is optimized with the Yoast SEO plugin v21.8 - https:\/\/yoast.com\/wordpress\/plugins\/seo\/ -->\n<title>Ledige stillinger - MPG - The Eyewear Company<\/title>\n<meta name=\"description\" content=\"Find den stilling, der passer dig, i #teamMPG og s\u00f8g nu! Vi er ogs\u00e5 glade for uopfordrede ans\u00f8gninger med din id\u00e9 for din jobprofil.\" \/>\n<meta name=\"robots\" content=\"index, follow, max-snippet:-1, max-image-preview:large, max-video-preview:-1\" \/>\n<link rel=\"canonical\" href=\"https:\/\/mpg-eyewear.com\/da\/ledige-stillinger\/\" \/>\n<meta property=\"og:locale\" content=\"da_DK\" \/>\n<meta property=\"og:type\" content=\"article\" \/>\n<meta property=\"og:title\" content=\"Ledige stillinger - MPG - The Eyewear Company\" \/>\n<meta property=\"og:description\" content=\"Find den stilling, der passer dig, i #teamMPG og s\u00f8g nu! Vi er ogs\u00e5 glade for uopfordrede ans\u00f8gninger med din id\u00e9 for din jobprofil.\" \/>\n<meta property=\"og:url\" content=\"https:\/\/mpg-eyewear.com\/da\/ledige-stillinger\/\" \/>\n<meta property=\"og:site_name\" content=\"MPG - The Eyewear Company\" \/>\n<meta property=\"article:modified_time\" content=\"2023-01-10T10:11:31+00:00\" \/>\n<meta name=\"twitter:card\" content=\"summary_large_image\" \/>\n<meta name=\"twitter:label1\" content=\"Estimeret l\u00e6setid\" \/>\n\t<meta name=\"twitter:data1\" content=\"1 minut\" \/>\n<script type=\"application\/ld+json\" class=\"yoast-schema-graph\">{\"@context\":\"https:\/\/schema.org\",\"@graph\":[{\"@type\":\"WebPage\",\"@id\":\"https:\/\/mpg-eyewear.com\/da\/ledige-stillinger\/\",\"url\":\"https:\/\/mpg-eyewear.com\/da\/ledige-stillinger\/\",\"name\":\"Ledige stillinger - MPG - The Eyewear Company\",\"isPartOf\":{\"@id\":\"https:\/\/mpg-eyewear.com\/da\/#website\"},\"datePublished\":\"2022-07-08T07:51:57+00:00\",\"dateModified\":\"2023-01-10T10:11:31+00:00\",\"description\":\"Find den stilling, der passer dig, i #teamMPG og s\u00f8g nu! Vi er ogs\u00e5 glade for uopfordrede ans\u00f8gninger med din id\u00e9 for din jobprofil.\",\"breadcrumb\":{\"@id\":\"https:\/\/mpg-eyewear.com\/da\/ledige-stillinger\/#breadcrumb\"},\"inLanguage\":\"da-DK\",\"potentialAction\":[{\"@type\":\"ReadAction\",\"target\":[\"https:\/\/mpg-eyewear.com\/da\/ledige-stillinger\/\"]}]},{\"@type\":\"BreadcrumbList\",\"@id\":\"https:\/\/mpg-eyewear.com\/da\/ledige-stillinger\/#breadcrumb\",\"itemListElement\":[{\"@type\":\"ListItem\",\"position\":1,\"name\":\"Startseite\",\"item\":\"https:\/\/mpg-eyewear.com\/da\/\"},{\"@type\":\"ListItem\",\"position\":2,\"name\":\"Ledige stillinger\"}]},{\"@type\":\"WebSite\",\"@id\":\"https:\/\/mpg-eyewear.com\/da\/#website\",\"url\":\"https:\/\/mpg-eyewear.com\/da\/\",\"name\":\"MPG - The Eyewear Company\",\"description\":\"Creating Perspectives\",\"publisher\":{\"@id\":\"https:\/\/mpg-eyewear.com\/da\/#organization\"},\"potentialAction\":[{\"@type\":\"SearchAction\",\"target\":{\"@type\":\"EntryPoint\",\"urlTemplate\":\"https:\/\/mpg-eyewear.com\/da\/?s={search_term_string}\"},\"query-input\":\"required name=search_term_string\"}],\"inLanguage\":\"da-DK\"},{\"@type\":\"Organization\",\"@id\":\"https:\/\/mpg-eyewear.com\/da\/#organization\",\"name\":\"MPG - The Eyewear Company\",\"url\":\"https:\/\/mpg-eyewear.com\/da\/\",\"logo\":{\"@type\":\"ImageObject\",\"inLanguage\":\"da-DK\",\"@id\":\"https:\/\/mpg-eyewear.com\/da\/#\/schema\/logo\/image\/\",\"url\":\"https:\/\/mpg-eyewear.com\/wp-content\/uploads\/2022\/08\/logo_mpg.png\",\"contentUrl\":\"https:\/\/mpg-eyewear.com\/wp-content\/uploads\/2022\/08\/logo_mpg.png\",\"width\":201,\"height\":127,\"caption\":\"MPG - The Eyewear Company\"},\"image\":{\"@id\":\"https:\/\/mpg-eyewear.com\/da\/#\/schema\/logo\/image\/\"}}]}<\/script>\n<!-- \/ Yoast SEO plugin. -->","yoast_head_json":{"title":"Ledige stillinger - MPG - The Eyewear Company","description":"Find den stilling, der passer dig, i #teamMPG og s\u00f8g nu! Vi er ogs\u00e5 glade for uopfordrede ans\u00f8gninger med din id\u00e9 for din jobprofil.","robots":{"index":"index","follow":"follow","max-snippet":"max-snippet:-1","max-image-preview":"max-image-preview:large","max-video-preview":"max-video-preview:-1"},"canonical":"https:\/\/mpg-eyewear.com\/da\/ledige-stillinger\/","og_locale":"da_DK","og_type":"article","og_title":"Ledige stillinger - MPG - The Eyewear Company","og_description":"Find den stilling, der passer dig, i #teamMPG og s\u00f8g nu! Vi er ogs\u00e5 glade for uopfordrede ans\u00f8gninger med din id\u00e9 for din jobprofil.","og_url":"https:\/\/mpg-eyewear.com\/da\/ledige-stillinger\/","og_site_name":"MPG - The Eyewear Company","article_modified_time":"2023-01-10T10:11:31+00:00","twitter_card":"summary_large_image","twitter_misc":{"Estimeret l\u00e6setid":"1 minut"},"schema":{"@context":"https:\/\/schema.org","@graph":[{"@type":"WebPage","@id":"https:\/\/mpg-eyewear.com\/da\/ledige-stillinger\/","url":"https:\/\/mpg-eyewear.com\/da\/ledige-stillinger\/","name":"Ledige stillinger - MPG - The Eyewear Company","isPartOf":{"@id":"https:\/\/mpg-eyewear.com\/da\/#website"},"datePublished":"2022-07-08T07:51:57+00:00","dateModified":"2023-01-10T10:11:31+00:00","description":"Find den stilling, der passer dig, i #teamMPG og s\u00f8g nu! Vi er ogs\u00e5 glade for uopfordrede ans\u00f8gninger med din id\u00e9 for din jobprofil.","breadcrumb":{"@id":"https:\/\/mpg-eyewear.com\/da\/ledige-stillinger\/#breadcrumb"},"inLanguage":"da-DK","potentialAction":[{"@type":"ReadAction","target":["https:\/\/mpg-eyewear.com\/da\/ledige-stillinger\/"]}]},{"@type":"BreadcrumbList","@id":"https:\/\/mpg-eyewear.com\/da\/ledige-stillinger\/#breadcrumb","itemListElement":[{"@type":"ListItem","position":1,"name":"Startseite","item":"https:\/\/mpg-eyewear.com\/da\/"},{"@type":"ListItem","position":2,"name":"Ledige stillinger"}]},{"@type":"WebSite","@id":"https:\/\/mpg-eyewear.com\/da\/#website","url":"https:\/\/mpg-eyewear.com\/da\/","name":"MPG - The Eyewear Company","description":"Creating Perspectives","publisher":{"@id":"https:\/\/mpg-eyewear.com\/da\/#organization"},"potentialAction":[{"@type":"SearchAction","target":{"@type":"EntryPoint","urlTemplate":"https:\/\/mpg-eyewear.com\/da\/?s={search_term_string}"},"query-input":"required name=search_term_string"}],"inLanguage":"da-DK"},{"@type":"Organization","@id":"https:\/\/mpg-eyewear.com\/da\/#organization","name":"MPG - The Eyewear Company","url":"https:\/\/mpg-eyewear.com\/da\/","logo":{"@type":"ImageObject","inLanguage":"da-DK","@id":"https:\/\/mpg-eyewear.com\/da\/#\/schema\/logo\/image\/","url":"https:\/\/mpg-eyewear.com\/wp-content\/uploads\/2022\/08\/logo_mpg.png","contentUrl":"https:\/\/mpg-eyewear.com\/wp-content\/uploads\/2022\/08\/logo_mpg.png","width":201,"height":127,"caption":"MPG - The Eyewear Company"},"image":{"@id":"https:\/\/mpg-eyewear.com\/da\/#\/schema\/logo\/image\/"}}]}},"_links":{"self":[{"href":"https:\/\/mpg-eyewear.com\/da\/wp-json\/wp\/v2\/pages\/4037","targetHints":{"allow":["GET"]}}],"collection":[{"href":"https:\/\/mpg-eyewear.com\/da\/wp-json\/wp\/v2\/pages"}],"about":[{"href":"https:\/\/mpg-eyewear.com\/da\/wp-json\/wp\/v2\/types\/page"}],"author":[{"embeddable":true,"href":"https:\/\/mpg-eyewear.com\/da\/wp-json\/wp\/v2\/users\/1"}],"replies":[{"embeddable":true,"href":"https:\/\/mpg-eyewear.com\/da\/wp-json\/wp\/v2\/comments?post=4037"}],"version-history":[{"count":3,"href":"https:\/\/mpg-eyewear.com\/da\/wp-json\/wp\/v2\/pages\/4037\/revisions"}],"predecessor-version":[{"id":4346,"href":"https:\/\/mpg-eyewear.com\/da\/wp-json\/wp\/v2\/pages\/4037\/revisions\/4346"}],"wp:attachment":[{"href":"https:\/\/mpg-eyewear.com\/da\/wp-json\/wp\/v2\/media?parent=4037"}],"curies":[{"name":"wp","href":"https:\/\/api.w.org\/{rel}","templated":true}]}}