{"id":4019,"date":"2022-10-05T17:11:57","date_gmt":"2022-10-05T15:11:57","guid":{"rendered":"https:\/\/mpg-eyewear.com\/mpg-brilleglasmrke\/"},"modified":"2025-08-20T11:32:41","modified_gmt":"2025-08-20T09:32:41","slug":"mpg-brilleglasmrke","status":"publish","type":"page","link":"https:\/\/mpg-eyewear.com\/da\/mpg-brilleglasmrke\/","title":{"rendered":"MPG Brilleglasm&aelig;rke"},"content":{"rendered":"\t\t<div data-elementor-type=\"wp-post\" data-elementor-id=\"4019\" class=\"elementor elementor-4019 elementor-1697\" data-elementor-settings=\"{&quot;ha_cmc_init_switcher&quot;:&quot;no&quot;}\" data-elementor-post-type=\"page\">\n\t\t\t\t\t\t<section class=\"elementor-section elementor-top-section elementor-element elementor-element-43e510b elementor-section-boxed elementor-section-height-default elementor-section-height-default\" data-id=\"43e510b\" data-element_type=\"section\" data-settings=\"{&quot;background_background&quot;:&quot;classic&quot;,&quot;_ha_eqh_enable&quot;:false}\">\n\t\t\t\t\t\t<div class=\"elementor-container elementor-column-gap-default\">\n\t\t\t\t\t<div class=\"elementor-column elementor-col-100 elementor-top-column elementor-element elementor-element-1faafbd\" data-id=\"1faafbd\" data-element_type=\"column\">\n\t\t\t<div class=\"elementor-widget-wrap elementor-element-populated\">\n\t\t\t\t\t\t<div class=\"elementor-element elementor-element-9f8155a elementor-widget elementor-widget-heading\" data-id=\"9f8155a\" data-element_type=\"widget\" data-widget_type=\"heading.default\">\n\t\t\t\t<div class=\"elementor-widget-container\">\n\t\t\t\t\t<h1 class=\"elementor-heading-title elementor-size-default\">S&oslash;rger for det hele<\/h1>\t\t\t\t<\/div>\n\t\t\t\t<\/div>\n\t\t\t\t<div class=\"elementor-element elementor-element-5ba7f1d elementor-widget elementor-widget-heading\" data-id=\"5ba7f1d\" data-element_type=\"widget\" data-widget_type=\"heading.default\">\n\t\t\t\t<div class=\"elementor-widget-container\">\n\t\t\t\t\t<h2 class=\"elementor-heading-title elementor-size-default\">Vore brilleglasm&aelig;rker<\/h2>\t\t\t\t<\/div>\n\t\t\t\t<\/div>\n\t\t\t\t\t<\/div>\n\t\t<\/div>\n\t\t\t\t\t<\/div>\n\t\t<\/section>\n\t\t\t\t<section class=\"elementor-section elementor-top-section elementor-element elementor-element-3cc6809 marken elementor-section-boxed elementor-section-height-default elementor-section-height-default\" data-id=\"3cc6809\" data-element_type=\"section\" id=\"unsereMarken\" data-settings=\"{&quot;background_background&quot;:&quot;classic&quot;,&quot;_ha_eqh_enable&quot;:false}\">\n\t\t\t\t\t\t<div class=\"elementor-container elementor-column-gap-default\">\n\t\t\t\t\t<div class=\"elementor-column elementor-col-50 elementor-top-column elementor-element elementor-element-963ffca\" data-id=\"963ffca\" data-element_type=\"column\" data-settings=\"{&quot;background_background&quot;:&quot;classic&quot;}\">\n\t\t\t<div class=\"elementor-widget-wrap elementor-element-populated\">\n\t\t\t\t\t\t<div class=\"elementor-element elementor-element-98b9bbe elementor-hidden-tablet elementor-hidden-mobile elementor-widget elementor-widget-image\" data-id=\"98b9bbe\" data-element_type=\"widget\" data-widget_type=\"image.default\">\n\t\t\t\t<div class=\"elementor-widget-container\">\n\t\t\t\t\t\t\t\t\t\t\t\t\t\t\t<img fetchpriority=\"high\" decoding=\"async\" width=\"1000\" height=\"948\" src=\"https:\/\/mpg-eyewear.com\/wp-content\/uploads\/2025\/08\/Glasstatue-MPO-Brillenglas-tuerkis-blau-mpg-1000x948-1.jpg\" class=\"attachment-full size-full wp-image-11824\" alt=\"\" srcset=\"https:\/\/mpg-eyewear.com\/wp-content\/uploads\/2025\/08\/Glasstatue-MPO-Brillenglas-tuerkis-blau-mpg-1000x948-1.jpg 1000w, https:\/\/mpg-eyewear.com\/wp-content\/uploads\/2025\/08\/Glasstatue-MPO-Brillenglas-tuerkis-blau-mpg-1000x948-1-300x284.jpg 300w, https:\/\/mpg-eyewear.com\/wp-content\/uploads\/2025\/08\/Glasstatue-MPO-Brillenglas-tuerkis-blau-mpg-1000x948-1-768x728.jpg 768w\" sizes=\"(max-width: 1000px) 100vw, 1000px\" \/>\t\t\t\t\t\t\t\t\t\t\t\t\t\t\t<\/div>\n\t\t\t\t<\/div>\n\t\t\t\t<div class=\"elementor-element elementor-element-b6f9b60 elementor-hidden-desktop elementor-widget elementor-widget-image\" data-id=\"b6f9b60\" data-element_type=\"widget\" data-widget_type=\"image.default\">\n\t\t\t\t<div class=\"elementor-widget-container\">\n\t\t\t\t\t\t\t\t\t\t\t\t\t\t\t<img fetchpriority=\"high\" decoding=\"async\" width=\"1000\" height=\"948\" src=\"https:\/\/mpg-eyewear.com\/wp-content\/uploads\/2025\/08\/Glasstatue-MPO-Brillenglas-tuerkis-blau-mpg-1000x948-1.jpg\" class=\"attachment-full size-full wp-image-11824\" alt=\"\" srcset=\"https:\/\/mpg-eyewear.com\/wp-content\/uploads\/2025\/08\/Glasstatue-MPO-Brillenglas-tuerkis-blau-mpg-1000x948-1.jpg 1000w, https:\/\/mpg-eyewear.com\/wp-content\/uploads\/2025\/08\/Glasstatue-MPO-Brillenglas-tuerkis-blau-mpg-1000x948-1-300x284.jpg 300w, https:\/\/mpg-eyewear.com\/wp-content\/uploads\/2025\/08\/Glasstatue-MPO-Brillenglas-tuerkis-blau-mpg-1000x948-1-768x728.jpg 768w\" sizes=\"(max-width: 1000px) 100vw, 1000px\" \/>\t\t\t\t\t\t\t\t\t\t\t\t\t\t\t<\/div>\n\t\t\t\t<\/div>\n\t\t\t\t\t<\/div>\n\t\t<\/div>\n\t\t\t\t<div class=\"elementor-column elementor-col-50 elementor-top-column elementor-element elementor-element-8ea8b10\" data-id=\"8ea8b10\" data-element_type=\"column\">\n\t\t\t<div class=\"elementor-widget-wrap elementor-element-populated\">\n\t\t\t\t\t\t<div class=\"elementor-element elementor-element-235cb9a elementor-absolute elementor-widget elementor-widget-image\" data-id=\"235cb9a\" data-element_type=\"widget\" data-settings=\"{&quot;_position&quot;:&quot;absolute&quot;}\" data-widget_type=\"image.default\">\n\t\t\t\t<div class=\"elementor-widget-container\">\n\t\t\t\t\t\t\t\t\t\t\t\t\t\t\t<img decoding=\"async\" src=\"https:\/\/mpg-eyewear.com\/wp-content\/uploads\/2025\/08\/MPO_International_tuerkis_CMYK.jpg\" title=\"MPO_International_tuerkis_CMYK\" alt=\"MPO_International_tuerkis_CMYK\" loading=\"lazy\" \/>\t\t\t\t\t\t\t\t\t\t\t\t\t\t\t<\/div>\n\t\t\t\t<\/div>\n\t\t\t\t<div class=\"elementor-element elementor-element-eee332b elementor-widget elementor-widget-heading\" data-id=\"eee332b\" data-element_type=\"widget\" data-widget_type=\"heading.default\">\n\t\t\t\t<div class=\"elementor-widget-container\">\n\t\t\t\t\t<h2 class=\"elementor-heading-title elementor-size-default\">Glas med udsyn<\/h2>\t\t\t\t<\/div>\n\t\t\t\t<\/div>\n\t\t\t\t<div class=\"elementor-element elementor-element-2925a69 elementor-widget elementor-widget-text-editor\" data-id=\"2925a69\" data-element_type=\"widget\" data-widget_type=\"text-editor.default\">\n\t\t\t\t<div class=\"elementor-widget-container\">\n\t\t\t\t\t\t\t\t\t<p>Vi overlader ikke noget til tilf&aelig;ldighederne: Derfor har begge vore datterselskaber, den f&oslash;rende virksomhed p&aring; det &oslash;strigske marked AOTG (Austrian Optics Technologies) og MPG Optische Werke GmbH, fra Gl&uuml;cksburg i Tyskland, forenet deres kr&aelig;fter. Resultatet af dette samarbejde er brilleglas af h&oslash;j kvalitet af m&aelig;rket MPO med etiketten &rdquo;Made in Germany&rdquo;.<\/p>\n<p>MPO st&aring;r for innovative glas, tilpasset de mest moderne visuelle krav og aktuelle trends. For at perfektionere synet investerer vi l&oslash;bende i forskning og udvikling &#8211; p&aring; den m&aring;de nyder vore fagoptikere en klar konkurrencefordel, og vore f&aring;r kunder det bedste syn.<\/p>\n\t\t\t\t\t\t\t\t<\/div>\n\t\t\t\t<\/div>\n\t\t\t\t<div class=\"elementor-element elementor-element-68c7d02 elementor-align-left elementor-widget elementor-widget-button\" data-id=\"68c7d02\" data-element_type=\"widget\" data-widget_type=\"button.default\">\n\t\t\t\t<div class=\"elementor-widget-container\">\n\t\t\t\t\t\t\t\t\t<div class=\"elementor-button-wrapper\">\n\t\t\t\t\t<a class=\"elementor-button elementor-button-link elementor-size-sm\" href=\"https:\/\/www.mpo-lenses.com\" target=\"blank\">\n\t\t\t\t\t\t<span class=\"elementor-button-content-wrapper\">\n\t\t\t\t\t\t\t\t\t<span class=\"elementor-button-text\">Til hjemmesiden<\/span>\n\t\t\t\t\t<\/span>\n\t\t\t\t\t<\/a>\n\t\t\t\t<\/div>\n\t\t\t\t\t\t\t\t<\/div>\n\t\t\t\t<\/div>\n\t\t\t\t\t<\/div>\n\t\t<\/div>\n\t\t\t\t\t<\/div>\n\t\t<\/section>\n\t\t\t\t<\/div>\n\t\t","protected":false},"excerpt":{"rendered":"<p>S&oslash;rger for det hele Vore brilleglasm&aelig;rker Glas med udsyn Vi overlader ikke noget til tilf&aelig;ldighederne: Derfor har begge vore datterselskaber, den f&oslash;rende virksomhed p&aring; det &oslash;strigske marked AOTG (Austrian Optics Technologies) og MPG Optische Werke GmbH, fra Gl&uuml;cksburg i Tyskland, forenet deres kr&aelig;fter. Resultatet af dette samarbejde er brilleglas af h&oslash;j kvalitet af m&aelig;rket MPO [&hellip;]<\/p>\n","protected":false},"author":1,"featured_media":0,"parent":0,"menu_order":0,"comment_status":"closed","ping_status":"closed","template":"","meta":{"footnotes":""},"class_list":["post-4019","page","type-page","status-publish","hentry"],"yoast_head":"<!-- This site is optimized with the Yoast SEO plugin v21.8 - https:\/\/yoast.com\/wordpress\/plugins\/seo\/ -->\n<title>Brilleglasm\u00e6rker - MPG - The Eyewear Company<\/title>\n<meta name=\"description\" content=\"Takket v\u00e6re vores brilleglasm\u00e6rke MPO med etiketten \u201dMade in Germany\u201d nyder vore fagoptikere en klar konkurrencefordel, og vore kunder f\u00e5r det bedste syn.\" \/>\n<meta name=\"robots\" content=\"index, follow, max-snippet:-1, max-image-preview:large, max-video-preview:-1\" \/>\n<link rel=\"canonical\" href=\"https:\/\/mpg-eyewear.com\/da\/mpg-brilleglasmrke\/\" \/>\n<meta property=\"og:locale\" content=\"da_DK\" \/>\n<meta property=\"og:type\" content=\"article\" \/>\n<meta property=\"og:title\" content=\"Brilleglasm\u00e6rker - MPG - The Eyewear Company\" \/>\n<meta property=\"og:description\" content=\"Takket v\u00e6re vores brilleglasm\u00e6rke MPO med etiketten \u201dMade in Germany\u201d nyder vore fagoptikere en klar konkurrencefordel, og vore kunder f\u00e5r det bedste syn.\" \/>\n<meta property=\"og:url\" content=\"https:\/\/mpg-eyewear.com\/da\/mpg-brilleglasmrke\/\" \/>\n<meta property=\"og:site_name\" content=\"MPG - The Eyewear Company\" \/>\n<meta property=\"article:modified_time\" content=\"2025-08-20T09:32:41+00:00\" \/>\n<meta property=\"og:image\" content=\"https:\/\/mpg-eyewear.com\/wp-content\/uploads\/2025\/08\/Glasstatue-MPO-Brillenglas-tuerkis-blau-mpg-1000x948-1.jpg\" \/>\n<meta name=\"twitter:card\" content=\"summary_large_image\" \/>\n<meta name=\"twitter:label1\" content=\"Estimeret l\u00e6setid\" \/>\n\t<meta name=\"twitter:data1\" content=\"2 minutter\" \/>\n<script type=\"application\/ld+json\" class=\"yoast-schema-graph\">{\"@context\":\"https:\/\/schema.org\",\"@graph\":[{\"@type\":\"WebPage\",\"@id\":\"https:\/\/mpg-eyewear.com\/da\/mpg-brilleglasmrke\/\",\"url\":\"https:\/\/mpg-eyewear.com\/da\/mpg-brilleglasmrke\/\",\"name\":\"Brilleglasm\u00e6rker - MPG - The Eyewear Company\",\"isPartOf\":{\"@id\":\"https:\/\/mpg-eyewear.com\/da\/#website\"},\"datePublished\":\"2022-10-05T15:11:57+00:00\",\"dateModified\":\"2025-08-20T09:32:41+00:00\",\"description\":\"Takket v\u00e6re vores brilleglasm\u00e6rke MPO med etiketten \u201dMade in Germany\u201d nyder vore fagoptikere en klar konkurrencefordel, og vore kunder f\u00e5r det bedste syn.\",\"breadcrumb\":{\"@id\":\"https:\/\/mpg-eyewear.com\/da\/mpg-brilleglasmrke\/#breadcrumb\"},\"inLanguage\":\"da-DK\",\"potentialAction\":[{\"@type\":\"ReadAction\",\"target\":[\"https:\/\/mpg-eyewear.com\/da\/mpg-brilleglasmrke\/\"]}]},{\"@type\":\"BreadcrumbList\",\"@id\":\"https:\/\/mpg-eyewear.com\/da\/mpg-brilleglasmrke\/#breadcrumb\",\"itemListElement\":[{\"@type\":\"ListItem\",\"position\":1,\"name\":\"Startseite\",\"item\":\"https:\/\/mpg-eyewear.com\/da\/\"},{\"@type\":\"ListItem\",\"position\":2,\"name\":\"MPG Brilleglasm&aelig;rke\"}]},{\"@type\":\"WebSite\",\"@id\":\"https:\/\/mpg-eyewear.com\/da\/#website\",\"url\":\"https:\/\/mpg-eyewear.com\/da\/\",\"name\":\"MPG - The Eyewear Company\",\"description\":\"Creating Perspectives\",\"publisher\":{\"@id\":\"https:\/\/mpg-eyewear.com\/da\/#organization\"},\"potentialAction\":[{\"@type\":\"SearchAction\",\"target\":{\"@type\":\"EntryPoint\",\"urlTemplate\":\"https:\/\/mpg-eyewear.com\/da\/?s={search_term_string}\"},\"query-input\":\"required name=search_term_string\"}],\"inLanguage\":\"da-DK\"},{\"@type\":\"Organization\",\"@id\":\"https:\/\/mpg-eyewear.com\/da\/#organization\",\"name\":\"MPG - The Eyewear Company\",\"url\":\"https:\/\/mpg-eyewear.com\/da\/\",\"logo\":{\"@type\":\"ImageObject\",\"inLanguage\":\"da-DK\",\"@id\":\"https:\/\/mpg-eyewear.com\/da\/#\/schema\/logo\/image\/\",\"url\":\"https:\/\/mpg-eyewear.com\/wp-content\/uploads\/2022\/08\/logo_mpg.png\",\"contentUrl\":\"https:\/\/mpg-eyewear.com\/wp-content\/uploads\/2022\/08\/logo_mpg.png\",\"width\":201,\"height\":127,\"caption\":\"MPG - The Eyewear Company\"},\"image\":{\"@id\":\"https:\/\/mpg-eyewear.com\/da\/#\/schema\/logo\/image\/\"}}]}<\/script>\n<!-- \/ Yoast SEO plugin. -->","yoast_head_json":{"title":"Brilleglasm\u00e6rker - MPG - The Eyewear Company","description":"Takket v\u00e6re vores brilleglasm\u00e6rke MPO med etiketten \u201dMade in Germany\u201d nyder vore fagoptikere en klar konkurrencefordel, og vore kunder f\u00e5r det bedste syn.","robots":{"index":"index","follow":"follow","max-snippet":"max-snippet:-1","max-image-preview":"max-image-preview:large","max-video-preview":"max-video-preview:-1"},"canonical":"https:\/\/mpg-eyewear.com\/da\/mpg-brilleglasmrke\/","og_locale":"da_DK","og_type":"article","og_title":"Brilleglasm\u00e6rker - MPG - The Eyewear Company","og_description":"Takket v\u00e6re vores brilleglasm\u00e6rke MPO med etiketten \u201dMade in Germany\u201d nyder vore fagoptikere en klar konkurrencefordel, og vore kunder f\u00e5r det bedste syn.","og_url":"https:\/\/mpg-eyewear.com\/da\/mpg-brilleglasmrke\/","og_site_name":"MPG - The Eyewear Company","article_modified_time":"2025-08-20T09:32:41+00:00","og_image":[{"url":"https:\/\/mpg-eyewear.com\/wp-content\/uploads\/2025\/08\/Glasstatue-MPO-Brillenglas-tuerkis-blau-mpg-1000x948-1.jpg"}],"twitter_card":"summary_large_image","twitter_misc":{"Estimeret l\u00e6setid":"2 minutter"},"schema":{"@context":"https:\/\/schema.org","@graph":[{"@type":"WebPage","@id":"https:\/\/mpg-eyewear.com\/da\/mpg-brilleglasmrke\/","url":"https:\/\/mpg-eyewear.com\/da\/mpg-brilleglasmrke\/","name":"Brilleglasm\u00e6rker - MPG - The Eyewear Company","isPartOf":{"@id":"https:\/\/mpg-eyewear.com\/da\/#website"},"datePublished":"2022-10-05T15:11:57+00:00","dateModified":"2025-08-20T09:32:41+00:00","description":"Takket v\u00e6re vores brilleglasm\u00e6rke MPO med etiketten \u201dMade in Germany\u201d nyder vore fagoptikere en klar konkurrencefordel, og vore kunder f\u00e5r det bedste syn.","breadcrumb":{"@id":"https:\/\/mpg-eyewear.com\/da\/mpg-brilleglasmrke\/#breadcrumb"},"inLanguage":"da-DK","potentialAction":[{"@type":"ReadAction","target":["https:\/\/mpg-eyewear.com\/da\/mpg-brilleglasmrke\/"]}]},{"@type":"BreadcrumbList","@id":"https:\/\/mpg-eyewear.com\/da\/mpg-brilleglasmrke\/#breadcrumb","itemListElement":[{"@type":"ListItem","position":1,"name":"Startseite","item":"https:\/\/mpg-eyewear.com\/da\/"},{"@type":"ListItem","position":2,"name":"MPG Brilleglasm&aelig;rke"}]},{"@type":"WebSite","@id":"https:\/\/mpg-eyewear.com\/da\/#website","url":"https:\/\/mpg-eyewear.com\/da\/","name":"MPG - The Eyewear Company","description":"Creating Perspectives","publisher":{"@id":"https:\/\/mpg-eyewear.com\/da\/#organization"},"potentialAction":[{"@type":"SearchAction","target":{"@type":"EntryPoint","urlTemplate":"https:\/\/mpg-eyewear.com\/da\/?s={search_term_string}"},"query-input":"required name=search_term_string"}],"inLanguage":"da-DK"},{"@type":"Organization","@id":"https:\/\/mpg-eyewear.com\/da\/#organization","name":"MPG - The Eyewear Company","url":"https:\/\/mpg-eyewear.com\/da\/","logo":{"@type":"ImageObject","inLanguage":"da-DK","@id":"https:\/\/mpg-eyewear.com\/da\/#\/schema\/logo\/image\/","url":"https:\/\/mpg-eyewear.com\/wp-content\/uploads\/2022\/08\/logo_mpg.png","contentUrl":"https:\/\/mpg-eyewear.com\/wp-content\/uploads\/2022\/08\/logo_mpg.png","width":201,"height":127,"caption":"MPG - The Eyewear Company"},"image":{"@id":"https:\/\/mpg-eyewear.com\/da\/#\/schema\/logo\/image\/"}}]}},"_links":{"self":[{"href":"https:\/\/mpg-eyewear.com\/da\/wp-json\/wp\/v2\/pages\/4019","targetHints":{"allow":["GET"]}}],"collection":[{"href":"https:\/\/mpg-eyewear.com\/da\/wp-json\/wp\/v2\/pages"}],"about":[{"href":"https:\/\/mpg-eyewear.com\/da\/wp-json\/wp\/v2\/types\/page"}],"author":[{"embeddable":true,"href":"https:\/\/mpg-eyewear.com\/da\/wp-json\/wp\/v2\/users\/1"}],"replies":[{"embeddable":true,"href":"https:\/\/mpg-eyewear.com\/da\/wp-json\/wp\/v2\/comments?post=4019"}],"version-history":[{"count":18,"href":"https:\/\/mpg-eyewear.com\/da\/wp-json\/wp\/v2\/pages\/4019\/revisions"}],"predecessor-version":[{"id":11875,"href":"https:\/\/mpg-eyewear.com\/da\/wp-json\/wp\/v2\/pages\/4019\/revisions\/11875"}],"wp:attachment":[{"href":"https:\/\/mpg-eyewear.com\/da\/wp-json\/wp\/v2\/media?parent=4019"}],"curies":[{"name":"wp","href":"https:\/\/api.w.org\/{rel}","templated":true}]}}