{"id":4015,"date":"2022-10-06T16:12:17","date_gmt":"2022-10-06T14:12:17","guid":{"rendered":"https:\/\/mpg-eyewear.com\/mpg-retail\/"},"modified":"2024-02-21T13:24:33","modified_gmt":"2024-02-21T12:24:33","slug":"mpg-retail","status":"publish","type":"page","link":"https:\/\/mpg-eyewear.com\/da\/mpg-retail\/","title":{"rendered":"MPG Retail"},"content":{"rendered":"\t\t<div data-elementor-type=\"wp-post\" data-elementor-id=\"4015\" class=\"elementor elementor-4015 elementor-1784\" data-elementor-settings=\"{&quot;ha_cmc_init_switcher&quot;:&quot;no&quot;}\" data-elementor-post-type=\"page\">\n\t\t\t\t\t\t<section class=\"elementor-section elementor-top-section elementor-element elementor-element-6df04c4 elementor-section-boxed elementor-section-height-default elementor-section-height-default\" data-id=\"6df04c4\" data-element_type=\"section\" data-settings=\"{&quot;background_background&quot;:&quot;classic&quot;,&quot;_ha_eqh_enable&quot;:false}\">\n\t\t\t\t\t\t<div class=\"elementor-container elementor-column-gap-default\">\n\t\t\t\t\t<div class=\"elementor-column elementor-col-100 elementor-top-column elementor-element elementor-element-16e8430\" data-id=\"16e8430\" data-element_type=\"column\">\n\t\t\t<div class=\"elementor-widget-wrap elementor-element-populated\">\n\t\t\t\t\t\t<div class=\"elementor-element elementor-element-c8cb2d6 elementor-widget__width-inherit elementor-widget elementor-widget-heading\" data-id=\"c8cb2d6\" data-element_type=\"widget\" data-widget_type=\"heading.default\">\n\t\t\t\t<div class=\"elementor-widget-container\">\n\t\t\t\t\t<h1 class=\"elementor-heading-title elementor-size-default\">Fuldt fokus p&aring; detailhandel<\/h1>\t\t\t\t<\/div>\n\t\t\t\t<\/div>\n\t\t\t\t<div class=\"elementor-element elementor-element-7772255 elementor-widget elementor-widget-heading\" data-id=\"7772255\" data-element_type=\"widget\" data-widget_type=\"heading.default\">\n\t\t\t\t<div class=\"elementor-widget-container\">\n\t\t\t\t\t<h2 class=\"elementor-heading-title elementor-size-default\">Vore detailbutikker<\/h2>\t\t\t\t<\/div>\n\t\t\t\t<\/div>\n\t\t\t\t\t<\/div>\n\t\t<\/div>\n\t\t\t\t\t<\/div>\n\t\t<\/section>\n\t\t\t\t<section class=\"elementor-section elementor-top-section elementor-element elementor-element-f582596 elementor-reverse-tablet elementor-reverse-mobile elementor-section-boxed elementor-section-height-default elementor-section-height-default\" data-id=\"f582596\" data-element_type=\"section\" data-settings=\"{&quot;_ha_eqh_enable&quot;:false}\">\n\t\t\t\t\t\t<div class=\"elementor-container elementor-column-gap-default\">\n\t\t\t\t\t<div class=\"elementor-column elementor-col-50 elementor-top-column elementor-element elementor-element-b97113e\" data-id=\"b97113e\" data-element_type=\"column\">\n\t\t\t<div class=\"elementor-widget-wrap elementor-element-populated\">\n\t\t\t\t\t\t<div class=\"elementor-element elementor-element-5793361 elementor-widget elementor-widget-heading\" data-id=\"5793361\" data-element_type=\"widget\" data-widget_type=\"heading.default\">\n\t\t\t\t<div class=\"elementor-widget-container\">\n\t\t\t\t\t<h2 class=\"elementor-heading-title elementor-size-default\">Creating Perspectives<\/h2>\t\t\t\t<\/div>\n\t\t\t\t<\/div>\n\t\t\t\t<div class=\"elementor-element elementor-element-f578c8b elementor-widget elementor-widget-text-editor\" data-id=\"f578c8b\" data-element_type=\"widget\" data-widget_type=\"text-editor.default\">\n\t\t\t\t<div class=\"elementor-widget-container\">\n\t\t\t\t\t\t\t\t\t<p>Gennem vore vidtforgrenede og effektive salgssystemer, lokationer og datterselskaber forsyner vi vore B2B og B2C-kunder i hele Europa med et utal af forskellige m\u00e6rker i stel, sol- og sportsbriller, optiske glas samt sundhedsprodukter.<\/p><p>Gruppens hjerteblod er baseret p\u00e5 konceptet for den lukkede v\u00e6rdik\u00e6de &#8211; fra producent til slutbruger.<\/p><p>Vi tilbyder vore kunder alt fra design, over produktion til salg p\u00e5 et sted. Et konsekvent samspil mellem processer, systemer og strukturer sikrer en konstant v\u00e6kst for gruppen, der is\u00e6r har vundet indflydelse over hele Europa takket v\u00e6re udvidelsen af egne <b>Detail optikerbutikker gennem Hallmann (Optik &amp; Akkustik) og Eye Wish<\/b>, og i \u00f8jeblikket er repr\u00e6senteret p\u00e5 markedet med 250 optiker-fagbutikker.<\/p><p><b>Hallmann <\/b>er gennem sin mange\u00e5rige familievirksomhed med over 100 filialer i <b>Tyskland og Danmark<\/b> t\u00e6t p\u00e5 kunderne, og sikrer dem velbefindende med et bredt sortiment i briller, brillem\u00e6rker, brilleglas af egen produktion, og de mest moderne h\u00f8reapparater.<\/p><p><span style=\"letter-spacing: 0.32px;\"><b>Eye Wish i Holland <\/b>ligger i det mellemste til h\u00f8jeste markedssegment inden for optikervalg. <\/span><span style=\"letter-spacing: 0.32px;\">For at kunne opfylde kunde\u00f8nsker, fleksible tilbud og serviceydelser bedst muligt, bliver filialnettet her udvidet med 145 nye optikerfagbutikker.<\/span><\/p>\t\t\t\t\t\t\t\t<\/div>\n\t\t\t\t<\/div>\n\t\t\t\t\t<\/div>\n\t\t<\/div>\n\t\t\t\t<div class=\"elementor-column elementor-col-50 elementor-top-column elementor-element elementor-element-d7361aa\" data-id=\"d7361aa\" data-element_type=\"column\">\n\t\t\t<div class=\"elementor-widget-wrap elementor-element-populated\">\n\t\t\t\t\t\t<div class=\"elementor-element elementor-element-e451813 elementor-hidden-tablet elementor-hidden-mobile elementor-widget elementor-widget-image\" data-id=\"e451813\" data-element_type=\"widget\" data-widget_type=\"image.default\">\n\t\t\t\t<div class=\"elementor-widget-container\">\n\t\t\t\t\t\t\t\t\t\t\t\t\t\t\t<img fetchpriority=\"high\" decoding=\"async\" width=\"1000\" height=\"1000\" src=\"https:\/\/mpg-eyewear.com\/wp-content\/uploads\/2022\/08\/Kacheln_Retail_WEB.jpg\" class=\"attachment-full size-full wp-image-3227\" alt=\"\" srcset=\"https:\/\/mpg-eyewear.com\/wp-content\/uploads\/2022\/08\/Kacheln_Retail_WEB.jpg 1000w, https:\/\/mpg-eyewear.com\/wp-content\/uploads\/2022\/08\/Kacheln_Retail_WEB-150x150.jpg 150w, https:\/\/mpg-eyewear.com\/wp-content\/uploads\/2022\/08\/Kacheln_Retail_WEB-300x300.jpg 300w, https:\/\/mpg-eyewear.com\/wp-content\/uploads\/2022\/08\/Kacheln_Retail_WEB-768x768.jpg 768w\" sizes=\"(max-width: 1000px) 100vw, 1000px\" \/>\t\t\t\t\t\t\t\t\t\t\t\t\t\t\t<\/div>\n\t\t\t\t<\/div>\n\t\t\t\t<div class=\"elementor-element elementor-element-10e0c04 elementor-hidden-desktop elementor-widget elementor-widget-image\" data-id=\"10e0c04\" data-element_type=\"widget\" data-widget_type=\"image.default\">\n\t\t\t\t<div class=\"elementor-widget-container\">\n\t\t\t\t\t\t\t\t\t\t\t\t\t\t\t<img fetchpriority=\"high\" decoding=\"async\" width=\"1000\" height=\"1000\" src=\"https:\/\/mpg-eyewear.com\/wp-content\/uploads\/2022\/08\/Kacheln_Retail_WEB.jpg\" class=\"attachment-full size-full wp-image-3227\" alt=\"\" srcset=\"https:\/\/mpg-eyewear.com\/wp-content\/uploads\/2022\/08\/Kacheln_Retail_WEB.jpg 1000w, https:\/\/mpg-eyewear.com\/wp-content\/uploads\/2022\/08\/Kacheln_Retail_WEB-150x150.jpg 150w, https:\/\/mpg-eyewear.com\/wp-content\/uploads\/2022\/08\/Kacheln_Retail_WEB-300x300.jpg 300w, https:\/\/mpg-eyewear.com\/wp-content\/uploads\/2022\/08\/Kacheln_Retail_WEB-768x768.jpg 768w\" sizes=\"(max-width: 1000px) 100vw, 1000px\" \/>\t\t\t\t\t\t\t\t\t\t\t\t\t\t\t<\/div>\n\t\t\t\t<\/div>\n\t\t\t\t\t<\/div>\n\t\t<\/div>\n\t\t\t\t\t<\/div>\n\t\t<\/section>\n\t\t\t\t<section class=\"elementor-section elementor-top-section elementor-element elementor-element-519e998 elementor-section-boxed elementor-section-height-default elementor-section-height-default\" data-id=\"519e998\" data-element_type=\"section\" data-settings=\"{&quot;background_background&quot;:&quot;classic&quot;,&quot;_ha_eqh_enable&quot;:false}\">\n\t\t\t\t\t\t<div class=\"elementor-container elementor-column-gap-default\">\n\t\t\t\t\t<div class=\"elementor-column elementor-col-50 elementor-top-column elementor-element elementor-element-7593b5f\" data-id=\"7593b5f\" data-element_type=\"column\" data-settings=\"{&quot;background_background&quot;:&quot;classic&quot;}\">\n\t\t\t<div class=\"elementor-widget-wrap elementor-element-populated\">\n\t\t\t\t\t<div class=\"elementor-background-overlay\"><\/div>\n\t\t\t\t\t\t<div class=\"elementor-element elementor-element-43b15cd ekit-equal-height-disable ha-has-bg-overlay elementor-widget elementor-widget-elementskit-image-box\" data-id=\"43b15cd\" data-element_type=\"widget\" data-widget_type=\"elementskit-image-box.default\">\n\t\t\t\t<div class=\"elementor-widget-container\">\n\t\t\t\t\t<div class=\"ekit-wid-con\" >\n            <div class=\"elementskit-info-image-box ekit-image-box text-left style-modern\" >\n\n                <a href=\"https:\/\/www.optik-hallmann.de\/\">\n                <div class=\"elementskit-box-header image-box-img-left\">\n\n                    <img decoding=\"async\" width=\"1080\" height=\"1350\" src=\"https:\/\/mpg-eyewear.com\/wp-content\/uploads\/2022\/10\/hallmann-hq.png\" class=\"attachment-full size-full wp-image-1800\" alt=\"\" srcset=\"https:\/\/mpg-eyewear.com\/wp-content\/uploads\/2022\/10\/hallmann-hq.png 1080w, https:\/\/mpg-eyewear.com\/wp-content\/uploads\/2022\/10\/hallmann-hq-240x300.png 240w, https:\/\/mpg-eyewear.com\/wp-content\/uploads\/2022\/10\/hallmann-hq-819x1024.png 819w, https:\/\/mpg-eyewear.com\/wp-content\/uploads\/2022\/10\/hallmann-hq-768x960.png 768w\" sizes=\"(max-width: 1080px) 100vw, 1080px\" \/>\n                <\/div>\n                <\/a>\n                <div class=\"elementskit-box-body ekit-image-box-body\">\n                    <div class=\"elementskit-box-content ekit-image-box-body-inner\">\n                                                            <\/div>\n\n                                <div class=\"elementskit-box-footer\">\n                    <div class=\"box-footer\">\n                        <div class=\"btn-wraper\">\n                                                            <a href=\"#\" class=\"elementskit-btn whitespace--normal\">\n                                                                    <\/a>\n                                                    <\/div>\n                    <\/div>\n                <\/div>\n                            <\/div>\n            <\/div>\n    <\/div>\t\t\t\t<\/div>\n\t\t\t\t<\/div>\n\t\t\t\t\t<\/div>\n\t\t<\/div>\n\t\t\t\t<div class=\"elementor-column elementor-col-50 elementor-top-column elementor-element elementor-element-f3eed1e\" data-id=\"f3eed1e\" data-element_type=\"column\" data-settings=\"{&quot;background_background&quot;:&quot;classic&quot;}\">\n\t\t\t<div class=\"elementor-widget-wrap elementor-element-populated\">\n\t\t\t\t\t<div class=\"elementor-background-overlay\"><\/div>\n\t\t\t\t\t\t<div class=\"elementor-element elementor-element-2b4cd30 ekit-equal-height-disable ha-has-bg-overlay elementor-widget elementor-widget-elementskit-image-box\" data-id=\"2b4cd30\" data-element_type=\"widget\" data-widget_type=\"elementskit-image-box.default\">\n\t\t\t\t<div class=\"elementor-widget-container\">\n\t\t\t\t\t<div class=\"ekit-wid-con\" >\n            <div class=\"elementskit-info-image-box ekit-image-box text-left style-modern\" >\n\n                <a href=\"https:\/\/www.eyewish.nl\/\">\n                <div class=\"elementskit-box-header image-box-img-left\">\n\n                    <img decoding=\"async\" width=\"1080\" height=\"1350\" src=\"https:\/\/mpg-eyewear.com\/wp-content\/uploads\/2022\/11\/eyewish-retail.png\" class=\"attachment-full size-full wp-image-2836\" alt=\"\" srcset=\"https:\/\/mpg-eyewear.com\/wp-content\/uploads\/2022\/11\/eyewish-retail.png 1080w, https:\/\/mpg-eyewear.com\/wp-content\/uploads\/2022\/11\/eyewish-retail-240x300.png 240w, https:\/\/mpg-eyewear.com\/wp-content\/uploads\/2022\/11\/eyewish-retail-819x1024.png 819w, https:\/\/mpg-eyewear.com\/wp-content\/uploads\/2022\/11\/eyewish-retail-768x960.png 768w\" sizes=\"(max-width: 1080px) 100vw, 1080px\" \/>\n                <\/div>\n                <\/a>\n                <div class=\"elementskit-box-body ekit-image-box-body\">\n                    <div class=\"elementskit-box-content ekit-image-box-body-inner\">\n                                                            <\/div>\n\n                                <div class=\"elementskit-box-footer\">\n                    <div class=\"box-footer\">\n                        <div class=\"btn-wraper\">\n                                                            <a href=\"https:\/\/mpg-eyewear.com\/mpg_2022\/marketingservice\/\" class=\"elementskit-btn whitespace--normal\">\n                                                                    <\/a>\n                                                    <\/div>\n                    <\/div>\n                <\/div>\n                            <\/div>\n            <\/div>\n    <\/div>\t\t\t\t<\/div>\n\t\t\t\t<\/div>\n\t\t\t\t\t<\/div>\n\t\t<\/div>\n\t\t\t\t\t<\/div>\n\t\t<\/section>\n\t\t\t\t<\/div>\n\t\t","protected":false},"excerpt":{"rendered":"<p>Fuldt fokus p&aring; detailhandel Vore detailbutikker Creating Perspectives Gennem vore vidtforgrenede og effektive salgssystemer, lokationer og datterselskaber forsyner vi vore B2B og B2C-kunder i hele Europa med et utal af forskellige m\u00e6rker i stel, sol- og sportsbriller, optiske glas samt sundhedsprodukter. Gruppens hjerteblod er baseret p\u00e5 konceptet for den lukkede v\u00e6rdik\u00e6de &#8211; fra producent til [&hellip;]<\/p>\n","protected":false},"author":1,"featured_media":0,"parent":0,"menu_order":0,"comment_status":"closed","ping_status":"closed","template":"","meta":{"footnotes":""},"class_list":["post-4015","page","type-page","status-publish","hentry"],"yoast_head":"<!-- This site is optimized with the Yoast SEO plugin v21.8 - https:\/\/yoast.com\/wordpress\/plugins\/seo\/ -->\n<title>Detailoptikbutikker - MPG - The Eyewear Company<\/title>\n<meta name=\"description\" content=\"Vore detailoptikbutikker fuldender perfekt vort koncept for den lukkede v\u00e6rdik\u00e6de - fra producent til slutbruger.\" \/>\n<meta name=\"robots\" content=\"index, follow, max-snippet:-1, max-image-preview:large, max-video-preview:-1\" \/>\n<link rel=\"canonical\" href=\"https:\/\/mpg-eyewear.com\/da\/mpg-retail\/\" \/>\n<meta property=\"og:locale\" content=\"da_DK\" \/>\n<meta property=\"og:type\" content=\"article\" \/>\n<meta property=\"og:title\" content=\"Detailoptikbutikker - MPG - The Eyewear Company\" \/>\n<meta property=\"og:description\" content=\"Vore detailoptikbutikker fuldender perfekt vort koncept for den lukkede v\u00e6rdik\u00e6de - fra producent til slutbruger.\" \/>\n<meta property=\"og:url\" content=\"https:\/\/mpg-eyewear.com\/da\/mpg-retail\/\" \/>\n<meta property=\"og:site_name\" content=\"MPG - The Eyewear Company\" \/>\n<meta property=\"article:modified_time\" content=\"2024-02-21T12:24:33+00:00\" \/>\n<meta property=\"og:image\" content=\"https:\/\/mpg-eyewear.com\/wp-content\/uploads\/2022\/08\/Kacheln_Retail_WEB.jpg\" \/>\n<meta name=\"twitter:card\" content=\"summary_large_image\" \/>\n<meta name=\"twitter:label1\" content=\"Estimeret l\u00e6setid\" \/>\n\t<meta name=\"twitter:data1\" content=\"2 minutter\" \/>\n<script type=\"application\/ld+json\" class=\"yoast-schema-graph\">{\"@context\":\"https:\/\/schema.org\",\"@graph\":[{\"@type\":\"WebPage\",\"@id\":\"https:\/\/mpg-eyewear.com\/da\/mpg-retail\/\",\"url\":\"https:\/\/mpg-eyewear.com\/da\/mpg-retail\/\",\"name\":\"Detailoptikbutikker - MPG - The Eyewear Company\",\"isPartOf\":{\"@id\":\"https:\/\/mpg-eyewear.com\/da\/#website\"},\"datePublished\":\"2022-10-06T14:12:17+00:00\",\"dateModified\":\"2024-02-21T12:24:33+00:00\",\"description\":\"Vore detailoptikbutikker fuldender perfekt vort koncept for den lukkede v\u00e6rdik\u00e6de - fra producent til slutbruger.\",\"breadcrumb\":{\"@id\":\"https:\/\/mpg-eyewear.com\/da\/mpg-retail\/#breadcrumb\"},\"inLanguage\":\"da-DK\",\"potentialAction\":[{\"@type\":\"ReadAction\",\"target\":[\"https:\/\/mpg-eyewear.com\/da\/mpg-retail\/\"]}]},{\"@type\":\"BreadcrumbList\",\"@id\":\"https:\/\/mpg-eyewear.com\/da\/mpg-retail\/#breadcrumb\",\"itemListElement\":[{\"@type\":\"ListItem\",\"position\":1,\"name\":\"Startseite\",\"item\":\"https:\/\/mpg-eyewear.com\/da\/\"},{\"@type\":\"ListItem\",\"position\":2,\"name\":\"MPG Retail\"}]},{\"@type\":\"WebSite\",\"@id\":\"https:\/\/mpg-eyewear.com\/da\/#website\",\"url\":\"https:\/\/mpg-eyewear.com\/da\/\",\"name\":\"MPG - The Eyewear Company\",\"description\":\"Creating Perspectives\",\"publisher\":{\"@id\":\"https:\/\/mpg-eyewear.com\/da\/#organization\"},\"potentialAction\":[{\"@type\":\"SearchAction\",\"target\":{\"@type\":\"EntryPoint\",\"urlTemplate\":\"https:\/\/mpg-eyewear.com\/da\/?s={search_term_string}\"},\"query-input\":\"required name=search_term_string\"}],\"inLanguage\":\"da-DK\"},{\"@type\":\"Organization\",\"@id\":\"https:\/\/mpg-eyewear.com\/da\/#organization\",\"name\":\"MPG - The Eyewear Company\",\"url\":\"https:\/\/mpg-eyewear.com\/da\/\",\"logo\":{\"@type\":\"ImageObject\",\"inLanguage\":\"da-DK\",\"@id\":\"https:\/\/mpg-eyewear.com\/da\/#\/schema\/logo\/image\/\",\"url\":\"https:\/\/mpg-eyewear.com\/wp-content\/uploads\/2022\/08\/logo_mpg.png\",\"contentUrl\":\"https:\/\/mpg-eyewear.com\/wp-content\/uploads\/2022\/08\/logo_mpg.png\",\"width\":201,\"height\":127,\"caption\":\"MPG - The Eyewear Company\"},\"image\":{\"@id\":\"https:\/\/mpg-eyewear.com\/da\/#\/schema\/logo\/image\/\"}}]}<\/script>\n<!-- \/ Yoast SEO plugin. -->","yoast_head_json":{"title":"Detailoptikbutikker - MPG - The Eyewear Company","description":"Vore detailoptikbutikker fuldender perfekt vort koncept for den lukkede v\u00e6rdik\u00e6de - fra producent til slutbruger.","robots":{"index":"index","follow":"follow","max-snippet":"max-snippet:-1","max-image-preview":"max-image-preview:large","max-video-preview":"max-video-preview:-1"},"canonical":"https:\/\/mpg-eyewear.com\/da\/mpg-retail\/","og_locale":"da_DK","og_type":"article","og_title":"Detailoptikbutikker - MPG - The Eyewear Company","og_description":"Vore detailoptikbutikker fuldender perfekt vort koncept for den lukkede v\u00e6rdik\u00e6de - fra producent til slutbruger.","og_url":"https:\/\/mpg-eyewear.com\/da\/mpg-retail\/","og_site_name":"MPG - The Eyewear Company","article_modified_time":"2024-02-21T12:24:33+00:00","og_image":[{"url":"https:\/\/mpg-eyewear.com\/wp-content\/uploads\/2022\/08\/Kacheln_Retail_WEB.jpg"}],"twitter_card":"summary_large_image","twitter_misc":{"Estimeret l\u00e6setid":"2 minutter"},"schema":{"@context":"https:\/\/schema.org","@graph":[{"@type":"WebPage","@id":"https:\/\/mpg-eyewear.com\/da\/mpg-retail\/","url":"https:\/\/mpg-eyewear.com\/da\/mpg-retail\/","name":"Detailoptikbutikker - MPG - The Eyewear Company","isPartOf":{"@id":"https:\/\/mpg-eyewear.com\/da\/#website"},"datePublished":"2022-10-06T14:12:17+00:00","dateModified":"2024-02-21T12:24:33+00:00","description":"Vore detailoptikbutikker fuldender perfekt vort koncept for den lukkede v\u00e6rdik\u00e6de - fra producent til slutbruger.","breadcrumb":{"@id":"https:\/\/mpg-eyewear.com\/da\/mpg-retail\/#breadcrumb"},"inLanguage":"da-DK","potentialAction":[{"@type":"ReadAction","target":["https:\/\/mpg-eyewear.com\/da\/mpg-retail\/"]}]},{"@type":"BreadcrumbList","@id":"https:\/\/mpg-eyewear.com\/da\/mpg-retail\/#breadcrumb","itemListElement":[{"@type":"ListItem","position":1,"name":"Startseite","item":"https:\/\/mpg-eyewear.com\/da\/"},{"@type":"ListItem","position":2,"name":"MPG Retail"}]},{"@type":"WebSite","@id":"https:\/\/mpg-eyewear.com\/da\/#website","url":"https:\/\/mpg-eyewear.com\/da\/","name":"MPG - The Eyewear Company","description":"Creating Perspectives","publisher":{"@id":"https:\/\/mpg-eyewear.com\/da\/#organization"},"potentialAction":[{"@type":"SearchAction","target":{"@type":"EntryPoint","urlTemplate":"https:\/\/mpg-eyewear.com\/da\/?s={search_term_string}"},"query-input":"required name=search_term_string"}],"inLanguage":"da-DK"},{"@type":"Organization","@id":"https:\/\/mpg-eyewear.com\/da\/#organization","name":"MPG - The Eyewear Company","url":"https:\/\/mpg-eyewear.com\/da\/","logo":{"@type":"ImageObject","inLanguage":"da-DK","@id":"https:\/\/mpg-eyewear.com\/da\/#\/schema\/logo\/image\/","url":"https:\/\/mpg-eyewear.com\/wp-content\/uploads\/2022\/08\/logo_mpg.png","contentUrl":"https:\/\/mpg-eyewear.com\/wp-content\/uploads\/2022\/08\/logo_mpg.png","width":201,"height":127,"caption":"MPG - The Eyewear Company"},"image":{"@id":"https:\/\/mpg-eyewear.com\/da\/#\/schema\/logo\/image\/"}}]}},"_links":{"self":[{"href":"https:\/\/mpg-eyewear.com\/da\/wp-json\/wp\/v2\/pages\/4015","targetHints":{"allow":["GET"]}}],"collection":[{"href":"https:\/\/mpg-eyewear.com\/da\/wp-json\/wp\/v2\/pages"}],"about":[{"href":"https:\/\/mpg-eyewear.com\/da\/wp-json\/wp\/v2\/types\/page"}],"author":[{"embeddable":true,"href":"https:\/\/mpg-eyewear.com\/da\/wp-json\/wp\/v2\/users\/1"}],"replies":[{"embeddable":true,"href":"https:\/\/mpg-eyewear.com\/da\/wp-json\/wp\/v2\/comments?post=4015"}],"version-history":[{"count":9,"href":"https:\/\/mpg-eyewear.com\/da\/wp-json\/wp\/v2\/pages\/4015\/revisions"}],"predecessor-version":[{"id":7625,"href":"https:\/\/mpg-eyewear.com\/da\/wp-json\/wp\/v2\/pages\/4015\/revisions\/7625"}],"wp:attachment":[{"href":"https:\/\/mpg-eyewear.com\/da\/wp-json\/wp\/v2\/media?parent=4015"}],"curies":[{"name":"wp","href":"https:\/\/api.w.org\/{rel}","templated":true}]}}