{"id":3992,"date":"2022-10-07T14:21:05","date_gmt":"2022-10-07T12:21:05","guid":{"rendered":"https:\/\/mpg-eyewear.com\/arkitektur\/"},"modified":"2023-01-25T16:13:07","modified_gmt":"2023-01-25T15:13:07","slug":"arkitektur","status":"publish","type":"page","link":"https:\/\/mpg-eyewear.com\/da\/arkitektur\/","title":{"rendered":"Arkitektur"},"content":{"rendered":"\t\t<div data-elementor-type=\"wp-page\" data-elementor-id=\"3992\" class=\"elementor elementor-3992 elementor-2126\" data-elementor-settings=\"{&quot;ha_cmc_init_switcher&quot;:&quot;no&quot;}\" data-elementor-post-type=\"page\">\n\t\t\t\t\t\t<section class=\"elementor-section elementor-top-section elementor-element elementor-element-791def9f elementor-section-full_width elementor-section-height-full elementor-section-height-default elementor-section-items-middle\" data-id=\"791def9f\" data-element_type=\"section\" data-settings=\"{&quot;background_background&quot;:&quot;video&quot;,&quot;background_video_link&quot;:&quot;https:\\\/\\\/youtu.be\\\/yyI62WRwQ0k&quot;,&quot;background_play_on_mobile&quot;:&quot;yes&quot;,&quot;_ha_eqh_enable&quot;:false}\">\n\t\t\t\t\t\t\t\t<div class=\"elementor-background-video-container\" aria-hidden=\"true\">\n\t\t\t\t\t\t\t\t\t\t\t\t\t<div class=\"elementor-background-video-embed\"><\/div>\n\t\t\t\t\t\t\t\t\t\t\t\t<\/div>\n\t\t\t\t\t\t\t\t\t<div class=\"elementor-background-overlay\"><\/div>\n\t\t\t\t\t\t\t<div class=\"elementor-container elementor-column-gap-default\">\n\t\t\t\t\t<div class=\"elementor-column elementor-col-100 elementor-top-column elementor-element elementor-element-4e1f813b\" data-id=\"4e1f813b\" data-element_type=\"column\">\n\t\t\t<div class=\"elementor-widget-wrap elementor-element-populated\">\n\t\t\t\t\t\t<div class=\"elementor-element elementor-element-78a4a17d elementor-widget elementor-widget-heading\" data-id=\"78a4a17d\" data-element_type=\"widget\" data-widget_type=\"heading.default\">\n\t\t\t\t<div class=\"elementor-widget-container\">\n\t\t\t\t\t<h1 class=\"elementor-heading-title elementor-size-default\">Den sorte panter<\/h1>\t\t\t\t<\/div>\n\t\t\t\t<\/div>\n\t\t\t\t<div class=\"elementor-element elementor-element-10262e2f elementor-widget elementor-widget-heading\" data-id=\"10262e2f\" data-element_type=\"widget\" data-widget_type=\"heading.default\">\n\t\t\t\t<div class=\"elementor-widget-container\">\n\t\t\t\t\t<h2 class=\"elementor-heading-title elementor-size-default\">Headquarter MP09<\/h2>\t\t\t\t<\/div>\n\t\t\t\t<\/div>\n\t\t\t\t<div class=\"elementor-element elementor-element-5cf122aa elementor-align-left elementor-mobile-align-center elementor-hidden-mobile elementor-widget elementor-widget-button\" data-id=\"5cf122aa\" data-element_type=\"widget\" data-widget_type=\"button.default\">\n\t\t\t\t<div class=\"elementor-widget-container\">\n\t\t\t\t\t\t\t\t\t<div class=\"elementor-button-wrapper\">\n\t\t\t\t\t<a class=\"elementor-button elementor-button-link elementor-size-sm\" href=\"#arkitektur\">\n\t\t\t\t\t\t<span class=\"elementor-button-content-wrapper\">\n\t\t\t\t\t\t\t\t\t<span class=\"elementor-button-text\">Find ud af mere<\/span>\n\t\t\t\t\t<\/span>\n\t\t\t\t\t<\/a>\n\t\t\t\t<\/div>\n\t\t\t\t\t\t\t\t<\/div>\n\t\t\t\t<\/div>\n\t\t\t\t\t<\/div>\n\t\t<\/div>\n\t\t\t\t\t<\/div>\n\t\t<\/section>\n\t\t\t\t<section class=\"elementor-section elementor-top-section elementor-element elementor-element-25d61794 elementor-reverse-tablet elementor-reverse-mobile elementor-section-boxed elementor-section-height-default elementor-section-height-default\" data-id=\"25d61794\" data-element_type=\"section\" id=\"architektur\" data-settings=\"{&quot;background_background&quot;:&quot;classic&quot;,&quot;_ha_eqh_enable&quot;:false}\">\n\t\t\t\t\t\t<div class=\"elementor-container elementor-column-gap-default\">\n\t\t\t\t\t<div class=\"elementor-column elementor-col-50 elementor-top-column elementor-element elementor-element-78295b04\" data-id=\"78295b04\" data-element_type=\"column\">\n\t\t\t<div class=\"elementor-widget-wrap elementor-element-populated\">\n\t\t\t\t\t\t<div class=\"elementor-element elementor-element-8f6e7a elementor-widget elementor-widget-heading\" data-id=\"8f6e7a\" data-element_type=\"widget\" id=\"arkitektur\" data-widget_type=\"heading.default\">\n\t\t\t\t<div class=\"elementor-widget-container\">\n\t\t\t\t\t<h2 class=\"elementor-heading-title elementor-size-default\">Hovedkvarteret for #TeamMPG<\/h2>\t\t\t\t<\/div>\n\t\t\t\t<\/div>\n\t\t\t\t<div class=\"elementor-element elementor-element-65e1100d elementor-widget elementor-widget-text-editor\" data-id=\"65e1100d\" data-element_type=\"widget\" data-widget_type=\"text-editor.default\">\n\t\t\t\t<div class=\"elementor-widget-container\">\n\t\t\t\t\t\t\t\t\t<p><span style=\"font-weight: 400;\"><strong>MPG&rsquo;s hovedkontor<\/strong>, bygget i 2009 i Liebenau ved indk&oslash;rslen til Graz, er et virkeligt blikfang takket v&aelig;re den kraffulde og elegante arkitektur: MP09, ogs&aring; kendt som &bdquo;<strong>sorte panter&ldquo;<\/strong> , inviterer med sin charme tilskueren til at komme indenfor.&nbsp;<\/span><\/p>\n<p><span style=\"font-weight: 400;\">Bag den imponerende facade skjuler sig mangefacetterede rum. De kan &aelig;ndre st&oslash;rrelse, og mange steder g&aring;r de over i terrasser eller sv&aelig;vende tag. Konceptet g&oslash;r det muligt at indrette ideelle kontorer til forskellige teams og skiftende krav. Ud over design og eksklusivitet lagde man v&aelig;gt p&aring; de mest moderne &oslash;kologiske standarder under byggeriet.<\/span><\/p>\n<p><span style=\"font-weight: 400;\">Bygningen blev ikke kun fejret i talrige arkitekturfagskrifter for sin spektakul&aelig;re arkitektur, men er allerede <strong>pr&aelig;mieret to gange<\/strong> &ndash; blandt andet ved <strong>Arkitektur-Biennalen Venedig 2010.<\/strong> Men det vigtigste er: den 10.500 kvadratmeter store bygning giver vort team masser af plads til nye ideer.<\/span><\/p>\n<div>\n<div>\n<div><\/div>\n<p><\/p>\n<\/div>\n<\/div>\n\t\t\t\t\t\t\t\t<\/div>\n\t\t\t\t<\/div>\n\t\t\t\t\t<\/div>\n\t\t<\/div>\n\t\t\t\t<div class=\"elementor-column elementor-col-50 elementor-top-column elementor-element elementor-element-c5704c3\" data-id=\"c5704c3\" data-element_type=\"column\">\n\t\t\t<div class=\"elementor-widget-wrap elementor-element-populated\">\n\t\t\t\t\t\t<div class=\"elementor-element elementor-element-7a3a4be5 elementor-widget elementor-widget-image\" data-id=\"7a3a4be5\" data-element_type=\"widget\" data-widget_type=\"image.default\">\n\t\t\t\t<div class=\"elementor-widget-container\">\n\t\t\t\t\t\t\t\t\t\t\t\t\t\t\t<img fetchpriority=\"high\" decoding=\"async\" width=\"800\" height=\"534\" src=\"https:\/\/mpg-eyewear.com\/wp-content\/uploads\/2022\/08\/09_16315-RZ_ohne_Saeulen_WEB_1000px.jpg\" class=\"attachment-large size-large wp-image-3355\" alt=\"\" srcset=\"https:\/\/mpg-eyewear.com\/wp-content\/uploads\/2022\/08\/09_16315-RZ_ohne_Saeulen_WEB_1000px.jpg 1000w, https:\/\/mpg-eyewear.com\/wp-content\/uploads\/2022\/08\/09_16315-RZ_ohne_Saeulen_WEB_1000px-300x200.jpg 300w, https:\/\/mpg-eyewear.com\/wp-content\/uploads\/2022\/08\/09_16315-RZ_ohne_Saeulen_WEB_1000px-768x513.jpg 768w\" sizes=\"(max-width: 800px) 100vw, 800px\" \/>\t\t\t\t\t\t\t\t\t\t\t\t\t\t\t<\/div>\n\t\t\t\t<\/div>\n\t\t\t\t\t<\/div>\n\t\t<\/div>\n\t\t\t\t\t<\/div>\n\t\t<\/section>\n\t\t\t\t<\/div>\n\t\t","protected":false},"excerpt":{"rendered":"<p>Den sorte panter Headquarter MP09 Find ud af mere Hovedkvarteret for #TeamMPG MPG&rsquo;s hovedkontor, bygget i 2009 i Liebenau ved indk&oslash;rslen til Graz, er et virkeligt blikfang takket v&aelig;re den kraffulde og elegante arkitektur: MP09, ogs&aring; kendt som &bdquo;sorte panter&ldquo; , inviterer med sin charme tilskueren til at komme indenfor.&nbsp; Bag den imponerende facade skjuler [&hellip;]<\/p>\n","protected":false},"author":1,"featured_media":0,"parent":0,"menu_order":0,"comment_status":"closed","ping_status":"closed","template":"","meta":{"footnotes":""},"class_list":["post-3992","page","type-page","status-publish","hentry"],"yoast_head":"<!-- This site is optimized with the Yoast SEO plugin v21.8 - https:\/\/yoast.com\/wordpress\/plugins\/seo\/ -->\n<title>MPG Headquarter MP09 - MPG - The Eyewear Company<\/title>\n<meta name=\"description\" content=\"MP09 er ogs\u00e5 kendt som \u201dsorte panter\u201d og er allerede pr\u00e6mieret to gange p\u00e5 grund af den spektakul\u00e6re og kraftfulde arkitektur\" \/>\n<meta name=\"robots\" content=\"index, follow, max-snippet:-1, max-image-preview:large, max-video-preview:-1\" \/>\n<link rel=\"canonical\" href=\"https:\/\/mpg-eyewear.com\/da\/arkitektur\/\" \/>\n<meta property=\"og:locale\" content=\"da_DK\" \/>\n<meta property=\"og:type\" content=\"article\" \/>\n<meta property=\"og:title\" content=\"MPG Headquarter MP09 - MPG - The Eyewear Company\" \/>\n<meta property=\"og:description\" content=\"MP09 er ogs\u00e5 kendt som \u201dsorte panter\u201d og er allerede pr\u00e6mieret to gange p\u00e5 grund af den spektakul\u00e6re og kraftfulde arkitektur\" \/>\n<meta property=\"og:url\" content=\"https:\/\/mpg-eyewear.com\/da\/arkitektur\/\" \/>\n<meta property=\"og:site_name\" content=\"MPG - The Eyewear Company\" \/>\n<meta property=\"article:modified_time\" content=\"2023-01-25T15:13:07+00:00\" \/>\n<meta property=\"og:image\" content=\"https:\/\/mpg-eyewear.com\/wp-content\/uploads\/2022\/08\/09_16315-RZ_ohne_Saeulen_WEB_1000px.jpg\" \/>\n<meta name=\"twitter:card\" content=\"summary_large_image\" \/>\n<meta name=\"twitter:label1\" content=\"Estimeret l\u00e6setid\" \/>\n\t<meta name=\"twitter:data1\" content=\"1 minut\" \/>\n<script type=\"application\/ld+json\" class=\"yoast-schema-graph\">{\"@context\":\"https:\/\/schema.org\",\"@graph\":[{\"@type\":\"WebPage\",\"@id\":\"https:\/\/mpg-eyewear.com\/da\/arkitektur\/\",\"url\":\"https:\/\/mpg-eyewear.com\/da\/arkitektur\/\",\"name\":\"MPG Headquarter MP09 - MPG - The Eyewear Company\",\"isPartOf\":{\"@id\":\"https:\/\/mpg-eyewear.com\/da\/#website\"},\"datePublished\":\"2022-10-07T12:21:05+00:00\",\"dateModified\":\"2023-01-25T15:13:07+00:00\",\"description\":\"MP09 er ogs\u00e5 kendt som \u201dsorte panter\u201d og er allerede pr\u00e6mieret to gange p\u00e5 grund af den spektakul\u00e6re og kraftfulde arkitektur\",\"breadcrumb\":{\"@id\":\"https:\/\/mpg-eyewear.com\/da\/arkitektur\/#breadcrumb\"},\"inLanguage\":\"da-DK\",\"potentialAction\":[{\"@type\":\"ReadAction\",\"target\":[\"https:\/\/mpg-eyewear.com\/da\/arkitektur\/\"]}]},{\"@type\":\"BreadcrumbList\",\"@id\":\"https:\/\/mpg-eyewear.com\/da\/arkitektur\/#breadcrumb\",\"itemListElement\":[{\"@type\":\"ListItem\",\"position\":1,\"name\":\"Startseite\",\"item\":\"https:\/\/mpg-eyewear.com\/da\/\"},{\"@type\":\"ListItem\",\"position\":2,\"name\":\"Arkitektur\"}]},{\"@type\":\"WebSite\",\"@id\":\"https:\/\/mpg-eyewear.com\/da\/#website\",\"url\":\"https:\/\/mpg-eyewear.com\/da\/\",\"name\":\"MPG - The Eyewear Company\",\"description\":\"Creating Perspectives\",\"publisher\":{\"@id\":\"https:\/\/mpg-eyewear.com\/da\/#organization\"},\"potentialAction\":[{\"@type\":\"SearchAction\",\"target\":{\"@type\":\"EntryPoint\",\"urlTemplate\":\"https:\/\/mpg-eyewear.com\/da\/?s={search_term_string}\"},\"query-input\":\"required name=search_term_string\"}],\"inLanguage\":\"da-DK\"},{\"@type\":\"Organization\",\"@id\":\"https:\/\/mpg-eyewear.com\/da\/#organization\",\"name\":\"MPG - The Eyewear Company\",\"url\":\"https:\/\/mpg-eyewear.com\/da\/\",\"logo\":{\"@type\":\"ImageObject\",\"inLanguage\":\"da-DK\",\"@id\":\"https:\/\/mpg-eyewear.com\/da\/#\/schema\/logo\/image\/\",\"url\":\"https:\/\/mpg-eyewear.com\/wp-content\/uploads\/2022\/08\/logo_mpg.png\",\"contentUrl\":\"https:\/\/mpg-eyewear.com\/wp-content\/uploads\/2022\/08\/logo_mpg.png\",\"width\":201,\"height\":127,\"caption\":\"MPG - The Eyewear Company\"},\"image\":{\"@id\":\"https:\/\/mpg-eyewear.com\/da\/#\/schema\/logo\/image\/\"}}]}<\/script>\n<!-- \/ Yoast SEO plugin. -->","yoast_head_json":{"title":"MPG Headquarter MP09 - MPG - The Eyewear Company","description":"MP09 er ogs\u00e5 kendt som \u201dsorte panter\u201d og er allerede pr\u00e6mieret to gange p\u00e5 grund af den spektakul\u00e6re og kraftfulde arkitektur","robots":{"index":"index","follow":"follow","max-snippet":"max-snippet:-1","max-image-preview":"max-image-preview:large","max-video-preview":"max-video-preview:-1"},"canonical":"https:\/\/mpg-eyewear.com\/da\/arkitektur\/","og_locale":"da_DK","og_type":"article","og_title":"MPG Headquarter MP09 - MPG - The Eyewear Company","og_description":"MP09 er ogs\u00e5 kendt som \u201dsorte panter\u201d og er allerede pr\u00e6mieret to gange p\u00e5 grund af den spektakul\u00e6re og kraftfulde arkitektur","og_url":"https:\/\/mpg-eyewear.com\/da\/arkitektur\/","og_site_name":"MPG - The Eyewear Company","article_modified_time":"2023-01-25T15:13:07+00:00","og_image":[{"url":"https:\/\/mpg-eyewear.com\/wp-content\/uploads\/2022\/08\/09_16315-RZ_ohne_Saeulen_WEB_1000px.jpg"}],"twitter_card":"summary_large_image","twitter_misc":{"Estimeret l\u00e6setid":"1 minut"},"schema":{"@context":"https:\/\/schema.org","@graph":[{"@type":"WebPage","@id":"https:\/\/mpg-eyewear.com\/da\/arkitektur\/","url":"https:\/\/mpg-eyewear.com\/da\/arkitektur\/","name":"MPG Headquarter MP09 - MPG - The Eyewear Company","isPartOf":{"@id":"https:\/\/mpg-eyewear.com\/da\/#website"},"datePublished":"2022-10-07T12:21:05+00:00","dateModified":"2023-01-25T15:13:07+00:00","description":"MP09 er ogs\u00e5 kendt som \u201dsorte panter\u201d og er allerede pr\u00e6mieret to gange p\u00e5 grund af den spektakul\u00e6re og kraftfulde arkitektur","breadcrumb":{"@id":"https:\/\/mpg-eyewear.com\/da\/arkitektur\/#breadcrumb"},"inLanguage":"da-DK","potentialAction":[{"@type":"ReadAction","target":["https:\/\/mpg-eyewear.com\/da\/arkitektur\/"]}]},{"@type":"BreadcrumbList","@id":"https:\/\/mpg-eyewear.com\/da\/arkitektur\/#breadcrumb","itemListElement":[{"@type":"ListItem","position":1,"name":"Startseite","item":"https:\/\/mpg-eyewear.com\/da\/"},{"@type":"ListItem","position":2,"name":"Arkitektur"}]},{"@type":"WebSite","@id":"https:\/\/mpg-eyewear.com\/da\/#website","url":"https:\/\/mpg-eyewear.com\/da\/","name":"MPG - The Eyewear Company","description":"Creating Perspectives","publisher":{"@id":"https:\/\/mpg-eyewear.com\/da\/#organization"},"potentialAction":[{"@type":"SearchAction","target":{"@type":"EntryPoint","urlTemplate":"https:\/\/mpg-eyewear.com\/da\/?s={search_term_string}"},"query-input":"required name=search_term_string"}],"inLanguage":"da-DK"},{"@type":"Organization","@id":"https:\/\/mpg-eyewear.com\/da\/#organization","name":"MPG - The Eyewear Company","url":"https:\/\/mpg-eyewear.com\/da\/","logo":{"@type":"ImageObject","inLanguage":"da-DK","@id":"https:\/\/mpg-eyewear.com\/da\/#\/schema\/logo\/image\/","url":"https:\/\/mpg-eyewear.com\/wp-content\/uploads\/2022\/08\/logo_mpg.png","contentUrl":"https:\/\/mpg-eyewear.com\/wp-content\/uploads\/2022\/08\/logo_mpg.png","width":201,"height":127,"caption":"MPG - The Eyewear Company"},"image":{"@id":"https:\/\/mpg-eyewear.com\/da\/#\/schema\/logo\/image\/"}}]}},"_links":{"self":[{"href":"https:\/\/mpg-eyewear.com\/da\/wp-json\/wp\/v2\/pages\/3992","targetHints":{"allow":["GET"]}}],"collection":[{"href":"https:\/\/mpg-eyewear.com\/da\/wp-json\/wp\/v2\/pages"}],"about":[{"href":"https:\/\/mpg-eyewear.com\/da\/wp-json\/wp\/v2\/types\/page"}],"author":[{"embeddable":true,"href":"https:\/\/mpg-eyewear.com\/da\/wp-json\/wp\/v2\/users\/1"}],"replies":[{"embeddable":true,"href":"https:\/\/mpg-eyewear.com\/da\/wp-json\/wp\/v2\/comments?post=3992"}],"version-history":[{"count":18,"href":"https:\/\/mpg-eyewear.com\/da\/wp-json\/wp\/v2\/pages\/3992\/revisions"}],"predecessor-version":[{"id":5314,"href":"https:\/\/mpg-eyewear.com\/da\/wp-json\/wp\/v2\/pages\/3992\/revisions\/5314"}],"wp:attachment":[{"href":"https:\/\/mpg-eyewear.com\/da\/wp-json\/wp\/v2\/media?parent=3992"}],"curies":[{"name":"wp","href":"https:\/\/api.w.org\/{rel}","templated":true}]}}