{"id":3984,"date":"2022-10-09T23:16:49","date_gmt":"2022-10-09T21:16:49","guid":{"rendered":"https:\/\/mpg-eyewear.com\/mpg-optische-werke\/"},"modified":"2025-08-20T11:38:34","modified_gmt":"2025-08-20T09:38:34","slug":"mpg-optische-werke","status":"publish","type":"page","link":"https:\/\/mpg-eyewear.com\/da\/mpg-optische-werke\/","title":{"rendered":"MPG Optische Werke"},"content":{"rendered":"\t\t<div data-elementor-type=\"wp-page\" data-elementor-id=\"3984\" class=\"elementor elementor-3984 elementor-2411\" data-elementor-settings=\"{&quot;ha_cmc_init_switcher&quot;:&quot;no&quot;}\" data-elementor-post-type=\"page\">\n\t\t\t\t\t\t<section class=\"elementor-section elementor-top-section elementor-element elementor-element-6c9edb58 elementor-section-boxed elementor-section-height-default elementor-section-height-default\" data-id=\"6c9edb58\" data-element_type=\"section\" data-settings=\"{&quot;background_background&quot;:&quot;classic&quot;,&quot;_ha_eqh_enable&quot;:false}\">\n\t\t\t\t\t\t<div class=\"elementor-container elementor-column-gap-default\">\n\t\t\t\t\t<div class=\"elementor-column elementor-col-100 elementor-top-column elementor-element elementor-element-3d821b96\" data-id=\"3d821b96\" data-element_type=\"column\">\n\t\t\t<div class=\"elementor-widget-wrap elementor-element-populated\">\n\t\t\t\t\t\t<div class=\"elementor-element elementor-element-7a37b822 elementor-widget elementor-widget-heading\" data-id=\"7a37b822\" data-element_type=\"widget\" data-widget_type=\"heading.default\">\n\t\t\t\t<div class=\"elementor-widget-container\">\n\t\t\t\t\t<h1 class=\"elementor-heading-title elementor-size-default\">Tradition m&oslash;der innovation<\/h1>\t\t\t\t<\/div>\n\t\t\t\t<\/div>\n\t\t\t\t<div class=\"elementor-element elementor-element-681138ae elementor-widget elementor-widget-heading\" data-id=\"681138ae\" data-element_type=\"widget\" data-widget_type=\"heading.default\">\n\t\t\t\t<div class=\"elementor-widget-container\">\n\t\t\t\t\t<h2 class=\"elementor-heading-title elementor-size-default\">MPG Optische Werke GmbH<\/h2>\t\t\t\t<\/div>\n\t\t\t\t<\/div>\n\t\t\t\t\t<\/div>\n\t\t<\/div>\n\t\t\t\t\t<\/div>\n\t\t<\/section>\n\t\t\t\t<section class=\"elementor-section elementor-top-section elementor-element elementor-element-6b436e03 elementor-reverse-tablet elementor-reverse-mobile elementor-section-boxed elementor-section-height-default elementor-section-height-default\" data-id=\"6b436e03\" data-element_type=\"section\" data-settings=\"{&quot;background_background&quot;:&quot;classic&quot;,&quot;_ha_eqh_enable&quot;:false}\">\n\t\t\t\t\t\t<div class=\"elementor-container elementor-column-gap-default\">\n\t\t\t\t\t<div class=\"elementor-column elementor-col-50 elementor-top-column elementor-element elementor-element-22b1ad34\" data-id=\"22b1ad34\" data-element_type=\"column\">\n\t\t\t<div class=\"elementor-widget-wrap elementor-element-populated\">\n\t\t\t\t\t\t<div class=\"elementor-element elementor-element-6f266ee1 elementor-widget elementor-widget-heading\" data-id=\"6f266ee1\" data-element_type=\"widget\" data-widget_type=\"heading.default\">\n\t\t\t\t<div class=\"elementor-widget-container\">\n\t\t\t\t\t<h2 class=\"elementor-heading-title elementor-size-default\">Kvaliteten siden 1949<\/h2>\t\t\t\t<\/div>\n\t\t\t\t<\/div>\n\t\t\t\t<div class=\"elementor-element elementor-element-5d4b651 elementor-widget elementor-widget-text-editor\" data-id=\"5d4b651\" data-element_type=\"widget\" data-widget_type=\"text-editor.default\">\n\t\t\t\t<div class=\"elementor-widget-container\">\n\t\t\t\t\t\t\t\t\t<p><span style=\"font-weight: 400;\">Tilbudet fra MPG Optische Werke GmbH str\u00e6kker sig over konventionelt producerede mineralske og organiske enkelt- og flerstyrkeglas til<\/span><span style=\"font-weight: 400;\">brilleglas, fremstillet ved hj\u00e6lp af friformsteknologi.<\/span><\/p><p><span style=\"font-weight: 400;\">Siden grundl\u00e6ggelsen i Nordtyskland i 1949 har vi gennem l\u00f8bende innovation udviklet os til en moderne, effektiv kompletleverand\u00f8r inden for brilleglasproduktion til det europ\u00e6iske marked.<\/span><\/p><p><span style=\"font-weight: 400;\">Vi producerer glas i h\u00f8jeste kvalitet og kombinerer de mest moderne teknologier med traditionelt h\u00e5ndv\u00e6rk.<\/span><\/p><p><b>Over 1.000 tilfredse \u00f8jenoptik-partnere i Tyskland og Skandinavien<\/b><\/p><p><span style=\"font-weight: 400;\">For dagligt at bevise kravet til h\u00f8j kvalitet og den bedste service, arbejder over 100 medarbejdere med produktionsprocessen. For ordremodtagelsen og den daglige r\u00e5dgivning st\u00e5r vores kundeservice og eksportteam til r\u00e5dighed.<\/span><\/p><div><div><div>\u00a0<\/div><\/div><\/div>\t\t\t\t\t\t\t\t<\/div>\n\t\t\t\t<\/div>\n\t\t\t\t\t<\/div>\n\t\t<\/div>\n\t\t\t\t<div class=\"elementor-column elementor-col-50 elementor-top-column elementor-element elementor-element-4e87b2ef\" data-id=\"4e87b2ef\" data-element_type=\"column\">\n\t\t\t<div class=\"elementor-widget-wrap elementor-element-populated\">\n\t\t\t\t\t\t<div class=\"elementor-element elementor-element-6954bc0e elementor-widget elementor-widget-image\" data-id=\"6954bc0e\" data-element_type=\"widget\" data-widget_type=\"image.default\">\n\t\t\t\t<div class=\"elementor-widget-container\">\n\t\t\t\t\t\t\t\t\t\t\t\t\t\t\t<img fetchpriority=\"high\" decoding=\"async\" width=\"800\" height=\"534\" src=\"https:\/\/mpg-eyewear.com\/wp-content\/uploads\/2022\/10\/Bild_MPG_Optische_Werke-1024x683.jpg\" class=\"attachment-large size-large wp-image-3547\" alt=\"\" srcset=\"https:\/\/mpg-eyewear.com\/wp-content\/uploads\/2022\/10\/Bild_MPG_Optische_Werke-1024x683.jpg 1024w, https:\/\/mpg-eyewear.com\/wp-content\/uploads\/2022\/10\/Bild_MPG_Optische_Werke-300x200.jpg 300w, https:\/\/mpg-eyewear.com\/wp-content\/uploads\/2022\/10\/Bild_MPG_Optische_Werke-768x512.jpg 768w, https:\/\/mpg-eyewear.com\/wp-content\/uploads\/2022\/10\/Bild_MPG_Optische_Werke.jpg 1200w\" sizes=\"(max-width: 800px) 100vw, 800px\" \/>\t\t\t\t\t\t\t\t\t\t\t\t\t\t\t<\/div>\n\t\t\t\t<\/div>\n\t\t\t\t\t<\/div>\n\t\t<\/div>\n\t\t\t\t\t<\/div>\n\t\t<\/section>\n\t\t\t\t<section class=\"elementor-section elementor-top-section elementor-element elementor-element-4c83be2 elementor-section-boxed elementor-section-height-default elementor-section-height-default\" data-id=\"4c83be2\" data-element_type=\"section\" data-settings=\"{&quot;background_background&quot;:&quot;classic&quot;,&quot;_ha_eqh_enable&quot;:false}\">\n\t\t\t\t\t\t<div class=\"elementor-container elementor-column-gap-default\">\n\t\t\t\t\t<div class=\"elementor-column elementor-col-100 elementor-top-column elementor-element elementor-element-0199776\" data-id=\"0199776\" data-element_type=\"column\">\n\t\t\t<div class=\"elementor-widget-wrap elementor-element-populated\">\n\t\t\t\t\t\t<div class=\"elementor-element elementor-element-f5ca757 elementor-widget elementor-widget-heading\" data-id=\"f5ca757\" data-element_type=\"widget\" data-widget_type=\"heading.default\">\n\t\t\t\t<div class=\"elementor-widget-container\">\n\t\t\t\t\t<h2 class=\"elementor-heading-title elementor-size-default\">Vi r&aring;dgiver dig gerne<\/h2>\t\t\t\t<\/div>\n\t\t\t\t<\/div>\n\t\t\t\t<div class=\"elementor-element elementor-element-5441494 elementor-widget elementor-widget-text-editor\" data-id=\"5441494\" data-element_type=\"widget\" data-widget_type=\"text-editor.default\">\n\t\t\t\t<div class=\"elementor-widget-container\">\n\t\t\t\t\t\t\t\t\t<p><span style=\"font-weight: 400;\">Vores eksportteam st&aring;r til r&aring;dighed for kunder med r&aring;dgivning og salgsst&oslash;tte, og kundeservice overbeviser i den daglige kundekontakt med hurtig afvikling af ordrer og foresp&oslash;rgsler.<\/span><\/p>\n<p><span style=\"font-weight: 400;\">Du er velkommen til at kontakte vores servicecenter for mere information!<\/span><\/p>\n<p><strong>Mandag &#8211; fredag, Kl. 08:30 til 18:00<\/strong><\/p>\n\t\t\t\t\t\t\t\t<\/div>\n\t\t\t\t<\/div>\n\t\t\t\t<div class=\"elementor-element elementor-element-5fe8d8b elementor-align-center elementor-widget elementor-widget-button\" data-id=\"5fe8d8b\" data-element_type=\"widget\" data-widget_type=\"button.default\">\n\t\t\t\t<div class=\"elementor-widget-container\">\n\t\t\t\t\t\t\t\t\t<div class=\"elementor-button-wrapper\">\n\t\t\t\t\t<a class=\"elementor-button elementor-button-link elementor-size-sm\" href=\"mailto:service-lenses@mpg-eyewear.com\">\n\t\t\t\t\t\t<span class=\"elementor-button-content-wrapper\">\n\t\t\t\t\t\t\t\t\t<span class=\"elementor-button-text\">Eller skriv en e-mail<\/span>\n\t\t\t\t\t<\/span>\n\t\t\t\t\t<\/a>\n\t\t\t\t<\/div>\n\t\t\t\t\t\t\t\t<\/div>\n\t\t\t\t<\/div>\n\t\t\t\t<div class=\"elementor-element elementor-element-d64744e elementor-align-center elementor-widget elementor-widget-button\" data-id=\"d64744e\" data-element_type=\"widget\" data-widget_type=\"button.default\">\n\t\t\t\t<div class=\"elementor-widget-container\">\n\t\t\t\t\t\t\t\t\t<div class=\"elementor-button-wrapper\">\n\t\t\t\t\t<a class=\"elementor-button elementor-button-link elementor-size-sm\" href=\"https:\/\/shop-lenses-de.mpg-eyewear.com\/login?ReturnUrl=%2f\" target=\"_blank\">\n\t\t\t\t\t\t<span class=\"elementor-button-content-wrapper\">\n\t\t\t\t\t\t\t\t\t<span class=\"elementor-button-text\">til webshoppen<\/span>\n\t\t\t\t\t<\/span>\n\t\t\t\t\t<\/a>\n\t\t\t\t<\/div>\n\t\t\t\t\t\t\t\t<\/div>\n\t\t\t\t<\/div>\n\t\t\t\t\t<\/div>\n\t\t<\/div>\n\t\t\t\t\t<\/div>\n\t\t<\/section>\n\t\t\t\t<section class=\"elementor-section elementor-top-section elementor-element elementor-element-405a6a7 elementor-section-boxed elementor-section-height-default elementor-section-height-default\" data-id=\"405a6a7\" data-element_type=\"section\" data-settings=\"{&quot;_ha_eqh_enable&quot;:false}\">\n\t\t\t\t\t\t<div class=\"elementor-container elementor-column-gap-default\">\n\t\t\t\t\t<div class=\"elementor-column elementor-col-100 elementor-top-column elementor-element elementor-element-a059a31\" data-id=\"a059a31\" data-element_type=\"column\">\n\t\t\t<div class=\"elementor-widget-wrap elementor-element-populated\">\n\t\t\t\t\t\t<div class=\"elementor-element elementor-element-e43d290 elementor-widget elementor-widget-image\" data-id=\"e43d290\" data-element_type=\"widget\" data-widget_type=\"image.default\">\n\t\t\t\t<div class=\"elementor-widget-container\">\n\t\t\t\t\t\t\t\t\t\t\t\t\t\t\t<img decoding=\"async\" width=\"768\" height=\"348\" src=\"https:\/\/mpg-eyewear.com\/wp-content\/uploads\/2022\/11\/lpw_deutsch-768x348.jpg\" class=\"attachment-medium_large size-medium_large wp-image-3723\" alt=\"\" srcset=\"https:\/\/mpg-eyewear.com\/wp-content\/uploads\/2022\/11\/lpw_deutsch-768x348.jpg 768w, https:\/\/mpg-eyewear.com\/wp-content\/uploads\/2022\/11\/lpw_deutsch-300x136.jpg 300w, https:\/\/mpg-eyewear.com\/wp-content\/uploads\/2022\/11\/lpw_deutsch-1024x463.jpg 1024w, https:\/\/mpg-eyewear.com\/wp-content\/uploads\/2022\/11\/lpw_deutsch-1536x695.jpg 1536w, https:\/\/mpg-eyewear.com\/wp-content\/uploads\/2022\/11\/lpw_deutsch.jpg 1854w\" sizes=\"(max-width: 768px) 100vw, 768px\" \/>\t\t\t\t\t\t\t\t\t\t\t\t\t\t\t<\/div>\n\t\t\t\t<\/div>\n\t\t\t\t\t<\/div>\n\t\t<\/div>\n\t\t\t\t\t<\/div>\n\t\t<\/section>\n\t\t\t\t<\/div>\n\t\t","protected":false},"excerpt":{"rendered":"<p>Tradition m&oslash;der innovation MPG Optische Werke GmbH Kvaliteten siden 1949 Tilbudet fra MPG Optische Werke GmbH str\u00e6kker sig over konventionelt producerede mineralske og organiske enkelt- og flerstyrkeglas tilbrilleglas, fremstillet ved hj\u00e6lp af friformsteknologi. Siden grundl\u00e6ggelsen i Nordtyskland i 1949 har vi gennem l\u00f8bende innovation udviklet os til en moderne, effektiv kompletleverand\u00f8r inden for brilleglasproduktion til [&hellip;]<\/p>\n","protected":false},"author":1,"featured_media":0,"parent":0,"menu_order":0,"comment_status":"closed","ping_status":"closed","template":"","meta":{"footnotes":""},"class_list":["post-3984","page","type-page","status-publish","hentry"],"yoast_head":"<!-- This site is optimized with the Yoast SEO plugin v21.8 - https:\/\/yoast.com\/wordpress\/plugins\/seo\/ -->\n<title>MPG Optische Werke GmbH - MPG - The Eyewear Company<\/title>\n<meta name=\"description\" content=\"Siden 1949 har MPG Optische Werke GmbH kombineret tradition og innovation og er en effektiv kompletleverand\u00f8r af brilleglas til det europ\u00e6iske marked.\" \/>\n<meta name=\"robots\" content=\"index, follow, max-snippet:-1, max-image-preview:large, max-video-preview:-1\" \/>\n<link rel=\"canonical\" href=\"https:\/\/mpg-eyewear.com\/da\/mpg-optische-werke\/\" \/>\n<meta property=\"og:locale\" content=\"da_DK\" \/>\n<meta property=\"og:type\" content=\"article\" \/>\n<meta property=\"og:title\" content=\"MPG Optische Werke GmbH - MPG - The Eyewear Company\" \/>\n<meta property=\"og:description\" content=\"Siden 1949 har MPG Optische Werke GmbH kombineret tradition og innovation og er en effektiv kompletleverand\u00f8r af brilleglas til det europ\u00e6iske marked.\" \/>\n<meta property=\"og:url\" content=\"https:\/\/mpg-eyewear.com\/da\/mpg-optische-werke\/\" \/>\n<meta property=\"og:site_name\" content=\"MPG - The Eyewear Company\" \/>\n<meta property=\"article:modified_time\" content=\"2025-08-20T09:38:34+00:00\" \/>\n<meta property=\"og:image\" content=\"https:\/\/mpg-eyewear.com\/wp-content\/uploads\/2022\/10\/Bild_MPG_Optische_Werke-1024x683.jpg\" \/>\n<meta name=\"twitter:card\" content=\"summary_large_image\" \/>\n<meta name=\"twitter:label1\" content=\"Estimeret l\u00e6setid\" \/>\n\t<meta name=\"twitter:data1\" content=\"2 minutter\" \/>\n<script type=\"application\/ld+json\" class=\"yoast-schema-graph\">{\"@context\":\"https:\/\/schema.org\",\"@graph\":[{\"@type\":\"WebPage\",\"@id\":\"https:\/\/mpg-eyewear.com\/da\/mpg-optische-werke\/\",\"url\":\"https:\/\/mpg-eyewear.com\/da\/mpg-optische-werke\/\",\"name\":\"MPG Optische Werke GmbH - MPG - The Eyewear Company\",\"isPartOf\":{\"@id\":\"https:\/\/mpg-eyewear.com\/da\/#website\"},\"datePublished\":\"2022-10-09T21:16:49+00:00\",\"dateModified\":\"2025-08-20T09:38:34+00:00\",\"description\":\"Siden 1949 har MPG Optische Werke GmbH kombineret tradition og innovation og er en effektiv kompletleverand\u00f8r af brilleglas til det europ\u00e6iske marked.\",\"breadcrumb\":{\"@id\":\"https:\/\/mpg-eyewear.com\/da\/mpg-optische-werke\/#breadcrumb\"},\"inLanguage\":\"da-DK\",\"potentialAction\":[{\"@type\":\"ReadAction\",\"target\":[\"https:\/\/mpg-eyewear.com\/da\/mpg-optische-werke\/\"]}]},{\"@type\":\"BreadcrumbList\",\"@id\":\"https:\/\/mpg-eyewear.com\/da\/mpg-optische-werke\/#breadcrumb\",\"itemListElement\":[{\"@type\":\"ListItem\",\"position\":1,\"name\":\"Startseite\",\"item\":\"https:\/\/mpg-eyewear.com\/da\/\"},{\"@type\":\"ListItem\",\"position\":2,\"name\":\"MPG Optische Werke\"}]},{\"@type\":\"WebSite\",\"@id\":\"https:\/\/mpg-eyewear.com\/da\/#website\",\"url\":\"https:\/\/mpg-eyewear.com\/da\/\",\"name\":\"MPG - The Eyewear Company\",\"description\":\"Creating Perspectives\",\"publisher\":{\"@id\":\"https:\/\/mpg-eyewear.com\/da\/#organization\"},\"potentialAction\":[{\"@type\":\"SearchAction\",\"target\":{\"@type\":\"EntryPoint\",\"urlTemplate\":\"https:\/\/mpg-eyewear.com\/da\/?s={search_term_string}\"},\"query-input\":\"required name=search_term_string\"}],\"inLanguage\":\"da-DK\"},{\"@type\":\"Organization\",\"@id\":\"https:\/\/mpg-eyewear.com\/da\/#organization\",\"name\":\"MPG - The Eyewear Company\",\"url\":\"https:\/\/mpg-eyewear.com\/da\/\",\"logo\":{\"@type\":\"ImageObject\",\"inLanguage\":\"da-DK\",\"@id\":\"https:\/\/mpg-eyewear.com\/da\/#\/schema\/logo\/image\/\",\"url\":\"https:\/\/mpg-eyewear.com\/wp-content\/uploads\/2022\/08\/logo_mpg.png\",\"contentUrl\":\"https:\/\/mpg-eyewear.com\/wp-content\/uploads\/2022\/08\/logo_mpg.png\",\"width\":201,\"height\":127,\"caption\":\"MPG - The Eyewear Company\"},\"image\":{\"@id\":\"https:\/\/mpg-eyewear.com\/da\/#\/schema\/logo\/image\/\"}}]}<\/script>\n<!-- \/ Yoast SEO plugin. -->","yoast_head_json":{"title":"MPG Optische Werke GmbH - MPG - The Eyewear Company","description":"Siden 1949 har MPG Optische Werke GmbH kombineret tradition og innovation og er en effektiv kompletleverand\u00f8r af brilleglas til det europ\u00e6iske marked.","robots":{"index":"index","follow":"follow","max-snippet":"max-snippet:-1","max-image-preview":"max-image-preview:large","max-video-preview":"max-video-preview:-1"},"canonical":"https:\/\/mpg-eyewear.com\/da\/mpg-optische-werke\/","og_locale":"da_DK","og_type":"article","og_title":"MPG Optische Werke GmbH - MPG - The Eyewear Company","og_description":"Siden 1949 har MPG Optische Werke GmbH kombineret tradition og innovation og er en effektiv kompletleverand\u00f8r af brilleglas til det europ\u00e6iske marked.","og_url":"https:\/\/mpg-eyewear.com\/da\/mpg-optische-werke\/","og_site_name":"MPG - The Eyewear Company","article_modified_time":"2025-08-20T09:38:34+00:00","og_image":[{"url":"https:\/\/mpg-eyewear.com\/wp-content\/uploads\/2022\/10\/Bild_MPG_Optische_Werke-1024x683.jpg"}],"twitter_card":"summary_large_image","twitter_misc":{"Estimeret l\u00e6setid":"2 minutter"},"schema":{"@context":"https:\/\/schema.org","@graph":[{"@type":"WebPage","@id":"https:\/\/mpg-eyewear.com\/da\/mpg-optische-werke\/","url":"https:\/\/mpg-eyewear.com\/da\/mpg-optische-werke\/","name":"MPG Optische Werke GmbH - MPG - The Eyewear Company","isPartOf":{"@id":"https:\/\/mpg-eyewear.com\/da\/#website"},"datePublished":"2022-10-09T21:16:49+00:00","dateModified":"2025-08-20T09:38:34+00:00","description":"Siden 1949 har MPG Optische Werke GmbH kombineret tradition og innovation og er en effektiv kompletleverand\u00f8r af brilleglas til det europ\u00e6iske marked.","breadcrumb":{"@id":"https:\/\/mpg-eyewear.com\/da\/mpg-optische-werke\/#breadcrumb"},"inLanguage":"da-DK","potentialAction":[{"@type":"ReadAction","target":["https:\/\/mpg-eyewear.com\/da\/mpg-optische-werke\/"]}]},{"@type":"BreadcrumbList","@id":"https:\/\/mpg-eyewear.com\/da\/mpg-optische-werke\/#breadcrumb","itemListElement":[{"@type":"ListItem","position":1,"name":"Startseite","item":"https:\/\/mpg-eyewear.com\/da\/"},{"@type":"ListItem","position":2,"name":"MPG Optische Werke"}]},{"@type":"WebSite","@id":"https:\/\/mpg-eyewear.com\/da\/#website","url":"https:\/\/mpg-eyewear.com\/da\/","name":"MPG - The Eyewear Company","description":"Creating Perspectives","publisher":{"@id":"https:\/\/mpg-eyewear.com\/da\/#organization"},"potentialAction":[{"@type":"SearchAction","target":{"@type":"EntryPoint","urlTemplate":"https:\/\/mpg-eyewear.com\/da\/?s={search_term_string}"},"query-input":"required name=search_term_string"}],"inLanguage":"da-DK"},{"@type":"Organization","@id":"https:\/\/mpg-eyewear.com\/da\/#organization","name":"MPG - The Eyewear Company","url":"https:\/\/mpg-eyewear.com\/da\/","logo":{"@type":"ImageObject","inLanguage":"da-DK","@id":"https:\/\/mpg-eyewear.com\/da\/#\/schema\/logo\/image\/","url":"https:\/\/mpg-eyewear.com\/wp-content\/uploads\/2022\/08\/logo_mpg.png","contentUrl":"https:\/\/mpg-eyewear.com\/wp-content\/uploads\/2022\/08\/logo_mpg.png","width":201,"height":127,"caption":"MPG - The Eyewear Company"},"image":{"@id":"https:\/\/mpg-eyewear.com\/da\/#\/schema\/logo\/image\/"}}]}},"_links":{"self":[{"href":"https:\/\/mpg-eyewear.com\/da\/wp-json\/wp\/v2\/pages\/3984","targetHints":{"allow":["GET"]}}],"collection":[{"href":"https:\/\/mpg-eyewear.com\/da\/wp-json\/wp\/v2\/pages"}],"about":[{"href":"https:\/\/mpg-eyewear.com\/da\/wp-json\/wp\/v2\/types\/page"}],"author":[{"embeddable":true,"href":"https:\/\/mpg-eyewear.com\/da\/wp-json\/wp\/v2\/users\/1"}],"replies":[{"embeddable":true,"href":"https:\/\/mpg-eyewear.com\/da\/wp-json\/wp\/v2\/comments?post=3984"}],"version-history":[{"count":9,"href":"https:\/\/mpg-eyewear.com\/da\/wp-json\/wp\/v2\/pages\/3984\/revisions"}],"predecessor-version":[{"id":11884,"href":"https:\/\/mpg-eyewear.com\/da\/wp-json\/wp\/v2\/pages\/3984\/revisions\/11884"}],"wp:attachment":[{"href":"https:\/\/mpg-eyewear.com\/da\/wp-json\/wp\/v2\/media?parent=3984"}],"curies":[{"name":"wp","href":"https:\/\/api.w.org\/{rel}","templated":true}]}}