{"id":3981,"date":"2022-10-09T23:22:45","date_gmt":"2022-10-09T21:22:45","guid":{"rendered":"https:\/\/mpg-eyewear.com\/mpg-logistics\/"},"modified":"2024-02-21T13:27:35","modified_gmt":"2024-02-21T12:27:35","slug":"mpg-logistics","status":"publish","type":"page","link":"https:\/\/mpg-eyewear.com\/da\/mpg-logistics\/","title":{"rendered":"MPG Logistics"},"content":{"rendered":"\t\t<div data-elementor-type=\"wp-page\" data-elementor-id=\"3981\" class=\"elementor elementor-3981 elementor-2423\" data-elementor-settings=\"{&quot;ha_cmc_init_switcher&quot;:&quot;no&quot;}\" data-elementor-post-type=\"page\">\n\t\t\t\t\t\t<section class=\"elementor-section elementor-top-section elementor-element elementor-element-6c9edb58 elementor-section-boxed elementor-section-height-default elementor-section-height-default\" data-id=\"6c9edb58\" data-element_type=\"section\" data-settings=\"{&quot;background_background&quot;:&quot;classic&quot;,&quot;_ha_eqh_enable&quot;:false}\">\n\t\t\t\t\t\t<div class=\"elementor-container elementor-column-gap-default\">\n\t\t\t\t\t<div class=\"elementor-column elementor-col-100 elementor-top-column elementor-element elementor-element-3d821b96\" data-id=\"3d821b96\" data-element_type=\"column\">\n\t\t\t<div class=\"elementor-widget-wrap elementor-element-populated\">\n\t\t\t\t\t\t<div class=\"elementor-element elementor-element-7a37b822 elementor-widget elementor-widget-heading\" data-id=\"7a37b822\" data-element_type=\"widget\" data-widget_type=\"heading.default\">\n\t\t\t\t<div class=\"elementor-widget-container\">\n\t\t\t\t\t<h1 class=\"elementor-heading-title elementor-size-default\">Kontinuerlig effektivitet<\/h1>\t\t\t\t<\/div>\n\t\t\t\t<\/div>\n\t\t\t\t<div class=\"elementor-element elementor-element-681138ae elementor-widget elementor-widget-heading\" data-id=\"681138ae\" data-element_type=\"widget\" data-widget_type=\"heading.default\">\n\t\t\t\t<div class=\"elementor-widget-container\">\n\t\t\t\t\t<h2 class=\"elementor-heading-title elementor-size-default\">MPG Logistics<\/h2>\t\t\t\t<\/div>\n\t\t\t\t<\/div>\n\t\t\t\t\t<\/div>\n\t\t<\/div>\n\t\t\t\t\t<\/div>\n\t\t<\/section>\n\t\t\t\t<section class=\"elementor-section elementor-top-section elementor-element elementor-element-6b436e03 elementor-reverse-tablet elementor-reverse-mobile elementor-section-boxed elementor-section-height-default elementor-section-height-default\" data-id=\"6b436e03\" data-element_type=\"section\" data-settings=\"{&quot;background_background&quot;:&quot;classic&quot;,&quot;_ha_eqh_enable&quot;:false}\">\n\t\t\t\t\t\t<div class=\"elementor-container elementor-column-gap-default\">\n\t\t\t\t\t<div class=\"elementor-column elementor-col-50 elementor-top-column elementor-element elementor-element-22b1ad34\" data-id=\"22b1ad34\" data-element_type=\"column\">\n\t\t\t<div class=\"elementor-widget-wrap elementor-element-populated\">\n\t\t\t\t\t\t<div class=\"elementor-element elementor-element-6f266ee1 elementor-widget elementor-widget-heading\" data-id=\"6f266ee1\" data-element_type=\"widget\" data-widget_type=\"heading.default\">\n\t\t\t\t<div class=\"elementor-widget-container\">\n\t\t\t\t\t<h2 class=\"elementor-heading-title elementor-size-default\">Mere p&aring; lageret for optikere<\/h2>\t\t\t\t<\/div>\n\t\t\t\t<\/div>\n\t\t\t\t<div class=\"elementor-element elementor-element-5d4b651 elementor-widget elementor-widget-text-editor\" data-id=\"5d4b651\" data-element_type=\"widget\" data-widget_type=\"text-editor.default\">\n\t\t\t\t<div class=\"elementor-widget-container\">\n\t\t\t\t\t\t\t\t\t<p>Hvis man vil levere hurtigt, skal man t\u00e6nke stort. Derfor har vi oprettet et moderne logistikcenter i tjekkiske Doma\u017elice i 2013, og allerede fire \u00e5r senere udvidet det kraftigt. Med sine 17.000 kv2 er det nu blevet st\u00f8rre end to fodboldbaner. Mere end 155 personer arbejder her. Mange af dem fremstiller den komplette brille p\u00e5 slibev\u00e6rkstedet, s\u00e5 optikere nemt og bekvemt kan f\u00e5 alt p\u00e5 et sted.<\/p><p><span class=\"ui-provider a b c d e f g h i j k l m n o p q r s t u v w x y z ab ac ae af ag ah ai aj ak\" dir=\"ltr\">Logistikcentret sikrer ogs\u00e5, at leveringen af vores stel og glas til over 80 lande forl\u00f8ber problemfrit. Fra Tjekkiet leverer vi til hele verden: Fra opbevaring og emballering til afsendelse arbejder vores medarbejdere p\u00e5 h\u00f8jtryk for at sikre effektiv produktlevering.<\/span><\/p>\t\t\t\t\t\t\t\t<\/div>\n\t\t\t\t<\/div>\n\t\t\t\t\t<\/div>\n\t\t<\/div>\n\t\t\t\t<div class=\"elementor-column elementor-col-50 elementor-top-column elementor-element elementor-element-4e87b2ef\" data-id=\"4e87b2ef\" data-element_type=\"column\">\n\t\t\t<div class=\"elementor-widget-wrap elementor-element-populated\">\n\t\t\t\t\t\t<div class=\"elementor-element elementor-element-6954bc0e elementor-widget elementor-widget-image\" data-id=\"6954bc0e\" data-element_type=\"widget\" data-widget_type=\"image.default\">\n\t\t\t\t<div class=\"elementor-widget-container\">\n\t\t\t\t\t\t\t\t\t\t\t\t\t\t\t<img fetchpriority=\"high\" decoding=\"async\" width=\"800\" height=\"557\" src=\"https:\/\/mpg-eyewear.com\/wp-content\/uploads\/2022\/10\/MPGS9464-RZ_Domazlice_Aussenansicht_web_c-1024x713.jpg\" class=\"attachment-large size-large wp-image-3583\" alt=\"\" srcset=\"https:\/\/mpg-eyewear.com\/wp-content\/uploads\/2022\/10\/MPGS9464-RZ_Domazlice_Aussenansicht_web_c-1024x713.jpg 1024w, https:\/\/mpg-eyewear.com\/wp-content\/uploads\/2022\/10\/MPGS9464-RZ_Domazlice_Aussenansicht_web_c-300x209.jpg 300w, https:\/\/mpg-eyewear.com\/wp-content\/uploads\/2022\/10\/MPGS9464-RZ_Domazlice_Aussenansicht_web_c-768x535.jpg 768w, https:\/\/mpg-eyewear.com\/wp-content\/uploads\/2022\/10\/MPGS9464-RZ_Domazlice_Aussenansicht_web_c.jpg 1120w\" sizes=\"(max-width: 800px) 100vw, 800px\" \/>\t\t\t\t\t\t\t\t\t\t\t\t\t\t\t<\/div>\n\t\t\t\t<\/div>\n\t\t\t\t\t<\/div>\n\t\t<\/div>\n\t\t\t\t\t<\/div>\n\t\t<\/section>\n\t\t\t\t<\/div>\n\t\t","protected":false},"excerpt":{"rendered":"<p>Kontinuerlig effektivitet MPG Logistics Mere p&aring; lageret for optikere Hvis man vil levere hurtigt, skal man t\u00e6nke stort. Derfor har vi oprettet et moderne logistikcenter i tjekkiske Doma\u017elice i 2013, og allerede fire \u00e5r senere udvidet det kraftigt. Med sine 17.000 kv2 er det nu blevet st\u00f8rre end to fodboldbaner. Mere end 155 personer arbejder [&hellip;]<\/p>\n","protected":false},"author":1,"featured_media":0,"parent":0,"menu_order":0,"comment_status":"closed","ping_status":"closed","template":"","meta":{"footnotes":""},"class_list":["post-3981","page","type-page","status-publish","hentry"],"yoast_head":"<!-- This site is optimized with the Yoast SEO plugin v21.8 - https:\/\/yoast.com\/wordpress\/plugins\/seo\/ -->\n<title>MPG Logistics - MPG - The Eyewear Company<\/title>\n<meta name=\"description\" content=\"Vort logistikcenter i tjekkiske Doma\u017elice sikrer en smidig leveringsproces af vore briller og glas til over 70 lande.\" \/>\n<meta name=\"robots\" content=\"index, follow, max-snippet:-1, max-image-preview:large, max-video-preview:-1\" \/>\n<link rel=\"canonical\" href=\"https:\/\/mpg-eyewear.com\/da\/mpg-logistics\/\" \/>\n<meta property=\"og:locale\" content=\"da_DK\" \/>\n<meta property=\"og:type\" content=\"article\" \/>\n<meta property=\"og:title\" content=\"MPG Logistics - MPG - The Eyewear Company\" \/>\n<meta property=\"og:description\" content=\"Vort logistikcenter i tjekkiske Doma\u017elice sikrer en smidig leveringsproces af vore briller og glas til over 70 lande.\" \/>\n<meta property=\"og:url\" content=\"https:\/\/mpg-eyewear.com\/da\/mpg-logistics\/\" \/>\n<meta property=\"og:site_name\" content=\"MPG - The Eyewear Company\" \/>\n<meta property=\"article:modified_time\" content=\"2024-02-21T12:27:35+00:00\" \/>\n<meta property=\"og:image\" content=\"https:\/\/mpg-eyewear.com\/wp-content\/uploads\/2022\/10\/MPGS9464-RZ_Domazlice_Aussenansicht_web_c-1024x713.jpg\" \/>\n<meta name=\"twitter:card\" content=\"summary_large_image\" \/>\n<meta name=\"twitter:label1\" content=\"Estimeret l\u00e6setid\" \/>\n\t<meta name=\"twitter:data1\" content=\"1 minut\" \/>\n<script type=\"application\/ld+json\" class=\"yoast-schema-graph\">{\"@context\":\"https:\/\/schema.org\",\"@graph\":[{\"@type\":\"WebPage\",\"@id\":\"https:\/\/mpg-eyewear.com\/da\/mpg-logistics\/\",\"url\":\"https:\/\/mpg-eyewear.com\/da\/mpg-logistics\/\",\"name\":\"MPG Logistics - MPG - The Eyewear Company\",\"isPartOf\":{\"@id\":\"https:\/\/mpg-eyewear.com\/da\/#website\"},\"datePublished\":\"2022-10-09T21:22:45+00:00\",\"dateModified\":\"2024-02-21T12:27:35+00:00\",\"description\":\"Vort logistikcenter i tjekkiske Doma\u017elice sikrer en smidig leveringsproces af vore briller og glas til over 70 lande.\",\"breadcrumb\":{\"@id\":\"https:\/\/mpg-eyewear.com\/da\/mpg-logistics\/#breadcrumb\"},\"inLanguage\":\"da-DK\",\"potentialAction\":[{\"@type\":\"ReadAction\",\"target\":[\"https:\/\/mpg-eyewear.com\/da\/mpg-logistics\/\"]}]},{\"@type\":\"BreadcrumbList\",\"@id\":\"https:\/\/mpg-eyewear.com\/da\/mpg-logistics\/#breadcrumb\",\"itemListElement\":[{\"@type\":\"ListItem\",\"position\":1,\"name\":\"Startseite\",\"item\":\"https:\/\/mpg-eyewear.com\/da\/\"},{\"@type\":\"ListItem\",\"position\":2,\"name\":\"MPG Logistics\"}]},{\"@type\":\"WebSite\",\"@id\":\"https:\/\/mpg-eyewear.com\/da\/#website\",\"url\":\"https:\/\/mpg-eyewear.com\/da\/\",\"name\":\"MPG - The Eyewear Company\",\"description\":\"Creating Perspectives\",\"publisher\":{\"@id\":\"https:\/\/mpg-eyewear.com\/da\/#organization\"},\"potentialAction\":[{\"@type\":\"SearchAction\",\"target\":{\"@type\":\"EntryPoint\",\"urlTemplate\":\"https:\/\/mpg-eyewear.com\/da\/?s={search_term_string}\"},\"query-input\":\"required name=search_term_string\"}],\"inLanguage\":\"da-DK\"},{\"@type\":\"Organization\",\"@id\":\"https:\/\/mpg-eyewear.com\/da\/#organization\",\"name\":\"MPG - The Eyewear Company\",\"url\":\"https:\/\/mpg-eyewear.com\/da\/\",\"logo\":{\"@type\":\"ImageObject\",\"inLanguage\":\"da-DK\",\"@id\":\"https:\/\/mpg-eyewear.com\/da\/#\/schema\/logo\/image\/\",\"url\":\"https:\/\/mpg-eyewear.com\/wp-content\/uploads\/2022\/08\/logo_mpg.png\",\"contentUrl\":\"https:\/\/mpg-eyewear.com\/wp-content\/uploads\/2022\/08\/logo_mpg.png\",\"width\":201,\"height\":127,\"caption\":\"MPG - The Eyewear Company\"},\"image\":{\"@id\":\"https:\/\/mpg-eyewear.com\/da\/#\/schema\/logo\/image\/\"}}]}<\/script>\n<!-- \/ Yoast SEO plugin. -->","yoast_head_json":{"title":"MPG Logistics - MPG - The Eyewear Company","description":"Vort logistikcenter i tjekkiske Doma\u017elice sikrer en smidig leveringsproces af vore briller og glas til over 70 lande.","robots":{"index":"index","follow":"follow","max-snippet":"max-snippet:-1","max-image-preview":"max-image-preview:large","max-video-preview":"max-video-preview:-1"},"canonical":"https:\/\/mpg-eyewear.com\/da\/mpg-logistics\/","og_locale":"da_DK","og_type":"article","og_title":"MPG Logistics - MPG - The Eyewear Company","og_description":"Vort logistikcenter i tjekkiske Doma\u017elice sikrer en smidig leveringsproces af vore briller og glas til over 70 lande.","og_url":"https:\/\/mpg-eyewear.com\/da\/mpg-logistics\/","og_site_name":"MPG - The Eyewear Company","article_modified_time":"2024-02-21T12:27:35+00:00","og_image":[{"url":"https:\/\/mpg-eyewear.com\/wp-content\/uploads\/2022\/10\/MPGS9464-RZ_Domazlice_Aussenansicht_web_c-1024x713.jpg"}],"twitter_card":"summary_large_image","twitter_misc":{"Estimeret l\u00e6setid":"1 minut"},"schema":{"@context":"https:\/\/schema.org","@graph":[{"@type":"WebPage","@id":"https:\/\/mpg-eyewear.com\/da\/mpg-logistics\/","url":"https:\/\/mpg-eyewear.com\/da\/mpg-logistics\/","name":"MPG Logistics - MPG - The Eyewear Company","isPartOf":{"@id":"https:\/\/mpg-eyewear.com\/da\/#website"},"datePublished":"2022-10-09T21:22:45+00:00","dateModified":"2024-02-21T12:27:35+00:00","description":"Vort logistikcenter i tjekkiske Doma\u017elice sikrer en smidig leveringsproces af vore briller og glas til over 70 lande.","breadcrumb":{"@id":"https:\/\/mpg-eyewear.com\/da\/mpg-logistics\/#breadcrumb"},"inLanguage":"da-DK","potentialAction":[{"@type":"ReadAction","target":["https:\/\/mpg-eyewear.com\/da\/mpg-logistics\/"]}]},{"@type":"BreadcrumbList","@id":"https:\/\/mpg-eyewear.com\/da\/mpg-logistics\/#breadcrumb","itemListElement":[{"@type":"ListItem","position":1,"name":"Startseite","item":"https:\/\/mpg-eyewear.com\/da\/"},{"@type":"ListItem","position":2,"name":"MPG Logistics"}]},{"@type":"WebSite","@id":"https:\/\/mpg-eyewear.com\/da\/#website","url":"https:\/\/mpg-eyewear.com\/da\/","name":"MPG - The Eyewear Company","description":"Creating Perspectives","publisher":{"@id":"https:\/\/mpg-eyewear.com\/da\/#organization"},"potentialAction":[{"@type":"SearchAction","target":{"@type":"EntryPoint","urlTemplate":"https:\/\/mpg-eyewear.com\/da\/?s={search_term_string}"},"query-input":"required name=search_term_string"}],"inLanguage":"da-DK"},{"@type":"Organization","@id":"https:\/\/mpg-eyewear.com\/da\/#organization","name":"MPG - The Eyewear Company","url":"https:\/\/mpg-eyewear.com\/da\/","logo":{"@type":"ImageObject","inLanguage":"da-DK","@id":"https:\/\/mpg-eyewear.com\/da\/#\/schema\/logo\/image\/","url":"https:\/\/mpg-eyewear.com\/wp-content\/uploads\/2022\/08\/logo_mpg.png","contentUrl":"https:\/\/mpg-eyewear.com\/wp-content\/uploads\/2022\/08\/logo_mpg.png","width":201,"height":127,"caption":"MPG - The Eyewear Company"},"image":{"@id":"https:\/\/mpg-eyewear.com\/da\/#\/schema\/logo\/image\/"}}]}},"_links":{"self":[{"href":"https:\/\/mpg-eyewear.com\/da\/wp-json\/wp\/v2\/pages\/3981","targetHints":{"allow":["GET"]}}],"collection":[{"href":"https:\/\/mpg-eyewear.com\/da\/wp-json\/wp\/v2\/pages"}],"about":[{"href":"https:\/\/mpg-eyewear.com\/da\/wp-json\/wp\/v2\/types\/page"}],"author":[{"embeddable":true,"href":"https:\/\/mpg-eyewear.com\/da\/wp-json\/wp\/v2\/users\/1"}],"replies":[{"embeddable":true,"href":"https:\/\/mpg-eyewear.com\/da\/wp-json\/wp\/v2\/comments?post=3981"}],"version-history":[{"count":9,"href":"https:\/\/mpg-eyewear.com\/da\/wp-json\/wp\/v2\/pages\/3981\/revisions"}],"predecessor-version":[{"id":7631,"href":"https:\/\/mpg-eyewear.com\/da\/wp-json\/wp\/v2\/pages\/3981\/revisions\/7631"}],"wp:attachment":[{"href":"https:\/\/mpg-eyewear.com\/da\/wp-json\/wp\/v2\/media?parent=3981"}],"curies":[{"name":"wp","href":"https:\/\/api.w.org\/{rel}","templated":true}]}}