{"id":3972,"date":"2022-11-02T08:46:03","date_gmt":"2022-11-02T07:46:03","guid":{"rendered":"https:\/\/mpg-eyewear.com\/overensstemmelseserklring\/"},"modified":"2026-02-23T11:52:57","modified_gmt":"2026-02-23T10:52:57","slug":"overensstemmelseserklring","status":"publish","type":"page","link":"https:\/\/mpg-eyewear.com\/da\/overensstemmelseserklring\/","title":{"rendered":"Overensstemmelseserkl&aelig;ring"},"content":{"rendered":"\t\t<div data-elementor-type=\"wp-page\" data-elementor-id=\"3972\" class=\"elementor elementor-3972 elementor-2814\" data-elementor-settings=\"{&quot;ha_cmc_init_switcher&quot;:&quot;no&quot;}\" data-elementor-post-type=\"page\">\n\t\t\t\t\t\t<section class=\"elementor-section elementor-top-section elementor-element elementor-element-5f50e329 elementor-section-full_width elementor-section-height-default elementor-section-height-default\" data-id=\"5f50e329\" data-element_type=\"section\" data-settings=\"{&quot;background_background&quot;:&quot;classic&quot;,&quot;_ha_eqh_enable&quot;:false}\">\n\t\t\t\t\t\t<div class=\"elementor-container elementor-column-gap-default\">\n\t\t\t\t\t<div class=\"elementor-column elementor-col-100 elementor-top-column elementor-element elementor-element-1afbee75\" data-id=\"1afbee75\" data-element_type=\"column\">\n\t\t\t<div class=\"elementor-widget-wrap elementor-element-populated\">\n\t\t\t\t\t\t<div class=\"elementor-element elementor-element-208087be elementor-widget elementor-widget-heading\" data-id=\"208087be\" data-element_type=\"widget\" data-widget_type=\"heading.default\">\n\t\t\t\t<div class=\"elementor-widget-container\">\n\t\t\t\t\t<h1 class=\"elementor-heading-title elementor-size-default\">Overensstemmelseserkl&aelig;ring<\/h1>\t\t\t\t<\/div>\n\t\t\t\t<\/div>\n\t\t\t\t\t<\/div>\n\t\t<\/div>\n\t\t\t\t\t<\/div>\n\t\t<\/section>\n\t\t\t\t<section class=\"elementor-section elementor-top-section elementor-element elementor-element-0c47bc6 elementor-section-boxed elementor-section-height-default elementor-section-height-default\" data-id=\"0c47bc6\" data-element_type=\"section\" data-settings=\"{&quot;_ha_eqh_enable&quot;:false}\">\n\t\t\t\t\t\t<div class=\"elementor-container elementor-column-gap-default\">\n\t\t\t\t\t<div class=\"elementor-column elementor-col-100 elementor-top-column elementor-element elementor-element-fdcb519\" data-id=\"fdcb519\" data-element_type=\"column\">\n\t\t\t<div class=\"elementor-widget-wrap elementor-element-populated\">\n\t\t\t\t\t\t<div class=\"elementor-element elementor-element-b97df87 elementor-widget elementor-widget-text-editor\" data-id=\"b97df87\" data-element_type=\"widget\" data-widget_type=\"text-editor.default\">\n\t\t\t\t<div class=\"elementor-widget-container\">\n\t\t\t\t\t\t\t\t\t<h3><b>Brilleglas overensstemmelseserkl\u00e6ringer<\/b><\/h3><p>Her finder du vore overensstemmelseserkl\u00e6ringer. Klik p\u00e5 de f\u00f8lgende pdf&#8217;er for at bladre. (Det drejer sig her om fortrolige data. Dokumenterne er underlagt sikkerhedsforanstaltninger, der forhindrer bearbejdning og udprintning. \u00c6ndring af indholdet er ikke tilladt.)<\/p><p style=\"margin-bottom: 20px;\"><a href=\"https:\/\/mpg-eyewear.com\/wp-content\/uploads\/2026\/02\/DA_04.02.2026-1.pdf\" target=\"_blank\" rel=\"noopener\">01 Overensstemmelseserkl\u00e6ring (PDF)<\/a><br \/><a href=\"https:\/\/mpg-eyewear.com\/wp-content\/uploads\/2026\/02\/DA_BLC_04.02.26.pdf\" target=\"_blank\" rel=\"noopener\">02 BLC_Overensstemmelseserkl\u00e6ring (PDF)<\/a><br \/><a href=\"https:\/\/mpg-eyewear.com\/wp-content\/uploads\/2026\/02\/DA_04.02.2026.pdf\" target=\"_blank\" rel=\"noopener\">03 Solbeskyttelse_Overensstemmelseserkl\u00e6ring (PDF)<\/a><\/p><h3><b>Versioner: CE overensstemmelseserkl\u00e6ringer<\/b><\/h3><p>Velkommen til vores portal for CE overensstemmelseserkl\u00e6ringer.<\/p><p>Vejledning: V\u00e6lg f\u00f8rst det \u00f8nskede m\u00e6rke nedenfor. I s\u00f8gefeltet anf\u00f8res EAN- eller varenummeret p\u00e5 det \u00f8nskede produkt og klik p\u00e5 S\u00f8g. S\u00f8geresultatet viser alle gyldige CE-overensstemmelseserkl\u00e6ringer for den s\u00f8gte vare.<\/p>\t\t\t\t\t\t\t\t<\/div>\n\t\t\t\t<\/div>\n\t\t\t\t<div class=\"elementor-element elementor-element-d7c29df elementor-widget elementor-widget-html\" data-id=\"d7c29df\" data-element_type=\"widget\" data-widget_type=\"html.default\">\n\t\t\t\t<div class=\"elementor-widget-container\">\n\t\t\t\t\t<iframe src=\"https:\/\/declofco.inetmp.com\/konformitaetserklaerung\/\" width=\"100%\" height=\"1000\" frameborder=\"0\"><\/iframe>\t\t\t\t<\/div>\n\t\t\t\t<\/div>\n\t\t\t\t\t<\/div>\n\t\t<\/div>\n\t\t\t\t\t<\/div>\n\t\t<\/section>\n\t\t\t\t<\/div>\n\t\t","protected":false},"excerpt":{"rendered":"<p>Overensstemmelseserkl&aelig;ring Brilleglas overensstemmelseserkl\u00e6ringer Her finder du vore overensstemmelseserkl\u00e6ringer. Klik p\u00e5 de f\u00f8lgende pdf&#8217;er for at bladre. (Det drejer sig her om fortrolige data. Dokumenterne er underlagt sikkerhedsforanstaltninger, der forhindrer bearbejdning og udprintning. \u00c6ndring af indholdet er ikke tilladt.) 01 Overensstemmelseserkl\u00e6ring (PDF)02 BLC_Overensstemmelseserkl\u00e6ring (PDF)03 Solbeskyttelse_Overensstemmelseserkl\u00e6ring (PDF) Versioner: CE overensstemmelseserkl\u00e6ringer Velkommen til vores portal for CE overensstemmelseserkl\u00e6ringer. [&hellip;]<\/p>\n","protected":false},"author":1,"featured_media":0,"parent":0,"menu_order":0,"comment_status":"closed","ping_status":"closed","template":"","meta":{"footnotes":""},"class_list":["post-3972","page","type-page","status-publish","hentry"],"yoast_head":"<!-- This site is optimized with the Yoast SEO plugin v21.8 - https:\/\/yoast.com\/wordpress\/plugins\/seo\/ -->\n<title>Overensstemmelseserkl&aelig;ring - MPG - The Eyewear Company<\/title>\n<meta name=\"robots\" content=\"index, follow, max-snippet:-1, max-image-preview:large, max-video-preview:-1\" \/>\n<link rel=\"canonical\" href=\"https:\/\/mpg-eyewear.com\/da\/overensstemmelseserklring\/\" \/>\n<meta property=\"og:locale\" content=\"da_DK\" \/>\n<meta property=\"og:type\" content=\"article\" \/>\n<meta property=\"og:title\" content=\"Overensstemmelseserkl&aelig;ring - MPG - The Eyewear Company\" \/>\n<meta property=\"og:description\" content=\"Overensstemmelseserkl&aelig;ring Brilleglas overensstemmelseserkl\u00e6ringer Her finder du vore overensstemmelseserkl\u00e6ringer. Klik p\u00e5 de f\u00f8lgende pdf&#8217;er for at bladre. (Det drejer sig her om fortrolige data. Dokumenterne er underlagt sikkerhedsforanstaltninger, der forhindrer bearbejdning og udprintning. \u00c6ndring af indholdet er ikke tilladt.) 01 Overensstemmelseserkl\u00e6ring (PDF)02 BLC_Overensstemmelseserkl\u00e6ring (PDF)03 Solbeskyttelse_Overensstemmelseserkl\u00e6ring (PDF) Versioner: CE overensstemmelseserkl\u00e6ringer Velkommen til vores portal for CE overensstemmelseserkl\u00e6ringer. [&hellip;]\" \/>\n<meta property=\"og:url\" content=\"https:\/\/mpg-eyewear.com\/da\/overensstemmelseserklring\/\" \/>\n<meta property=\"og:site_name\" content=\"MPG - The Eyewear Company\" \/>\n<meta property=\"article:modified_time\" content=\"2026-02-23T10:52:57+00:00\" \/>\n<meta name=\"twitter:card\" content=\"summary_large_image\" \/>\n<meta name=\"twitter:label1\" content=\"Estimeret l\u00e6setid\" \/>\n\t<meta name=\"twitter:data1\" content=\"1 minut\" \/>\n<script type=\"application\/ld+json\" class=\"yoast-schema-graph\">{\"@context\":\"https:\/\/schema.org\",\"@graph\":[{\"@type\":\"WebPage\",\"@id\":\"https:\/\/mpg-eyewear.com\/da\/overensstemmelseserklring\/\",\"url\":\"https:\/\/mpg-eyewear.com\/da\/overensstemmelseserklring\/\",\"name\":\"Overensstemmelseserkl&aelig;ring - MPG - The Eyewear Company\",\"isPartOf\":{\"@id\":\"https:\/\/mpg-eyewear.com\/da\/#website\"},\"datePublished\":\"2022-11-02T07:46:03+00:00\",\"dateModified\":\"2026-02-23T10:52:57+00:00\",\"breadcrumb\":{\"@id\":\"https:\/\/mpg-eyewear.com\/da\/overensstemmelseserklring\/#breadcrumb\"},\"inLanguage\":\"da-DK\",\"potentialAction\":[{\"@type\":\"ReadAction\",\"target\":[\"https:\/\/mpg-eyewear.com\/da\/overensstemmelseserklring\/\"]}]},{\"@type\":\"BreadcrumbList\",\"@id\":\"https:\/\/mpg-eyewear.com\/da\/overensstemmelseserklring\/#breadcrumb\",\"itemListElement\":[{\"@type\":\"ListItem\",\"position\":1,\"name\":\"Startseite\",\"item\":\"https:\/\/mpg-eyewear.com\/da\/\"},{\"@type\":\"ListItem\",\"position\":2,\"name\":\"Overensstemmelseserkl&aelig;ring\"}]},{\"@type\":\"WebSite\",\"@id\":\"https:\/\/mpg-eyewear.com\/da\/#website\",\"url\":\"https:\/\/mpg-eyewear.com\/da\/\",\"name\":\"MPG - The Eyewear Company\",\"description\":\"Creating Perspectives\",\"publisher\":{\"@id\":\"https:\/\/mpg-eyewear.com\/da\/#organization\"},\"potentialAction\":[{\"@type\":\"SearchAction\",\"target\":{\"@type\":\"EntryPoint\",\"urlTemplate\":\"https:\/\/mpg-eyewear.com\/da\/?s={search_term_string}\"},\"query-input\":\"required name=search_term_string\"}],\"inLanguage\":\"da-DK\"},{\"@type\":\"Organization\",\"@id\":\"https:\/\/mpg-eyewear.com\/da\/#organization\",\"name\":\"MPG - The Eyewear Company\",\"url\":\"https:\/\/mpg-eyewear.com\/da\/\",\"logo\":{\"@type\":\"ImageObject\",\"inLanguage\":\"da-DK\",\"@id\":\"https:\/\/mpg-eyewear.com\/da\/#\/schema\/logo\/image\/\",\"url\":\"https:\/\/mpg-eyewear.com\/wp-content\/uploads\/2022\/08\/logo_mpg.png\",\"contentUrl\":\"https:\/\/mpg-eyewear.com\/wp-content\/uploads\/2022\/08\/logo_mpg.png\",\"width\":201,\"height\":127,\"caption\":\"MPG - The Eyewear Company\"},\"image\":{\"@id\":\"https:\/\/mpg-eyewear.com\/da\/#\/schema\/logo\/image\/\"}}]}<\/script>\n<!-- \/ Yoast SEO plugin. -->","yoast_head_json":{"title":"Overensstemmelseserkl&aelig;ring - MPG - The Eyewear Company","robots":{"index":"index","follow":"follow","max-snippet":"max-snippet:-1","max-image-preview":"max-image-preview:large","max-video-preview":"max-video-preview:-1"},"canonical":"https:\/\/mpg-eyewear.com\/da\/overensstemmelseserklring\/","og_locale":"da_DK","og_type":"article","og_title":"Overensstemmelseserkl&aelig;ring - MPG - The Eyewear Company","og_description":"Overensstemmelseserkl&aelig;ring Brilleglas overensstemmelseserkl\u00e6ringer Her finder du vore overensstemmelseserkl\u00e6ringer. Klik p\u00e5 de f\u00f8lgende pdf&#8217;er for at bladre. (Det drejer sig her om fortrolige data. Dokumenterne er underlagt sikkerhedsforanstaltninger, der forhindrer bearbejdning og udprintning. \u00c6ndring af indholdet er ikke tilladt.) 01 Overensstemmelseserkl\u00e6ring (PDF)02 BLC_Overensstemmelseserkl\u00e6ring (PDF)03 Solbeskyttelse_Overensstemmelseserkl\u00e6ring (PDF) Versioner: CE overensstemmelseserkl\u00e6ringer Velkommen til vores portal for CE overensstemmelseserkl\u00e6ringer. [&hellip;]","og_url":"https:\/\/mpg-eyewear.com\/da\/overensstemmelseserklring\/","og_site_name":"MPG - The Eyewear Company","article_modified_time":"2026-02-23T10:52:57+00:00","twitter_card":"summary_large_image","twitter_misc":{"Estimeret l\u00e6setid":"1 minut"},"schema":{"@context":"https:\/\/schema.org","@graph":[{"@type":"WebPage","@id":"https:\/\/mpg-eyewear.com\/da\/overensstemmelseserklring\/","url":"https:\/\/mpg-eyewear.com\/da\/overensstemmelseserklring\/","name":"Overensstemmelseserkl&aelig;ring - MPG - The Eyewear Company","isPartOf":{"@id":"https:\/\/mpg-eyewear.com\/da\/#website"},"datePublished":"2022-11-02T07:46:03+00:00","dateModified":"2026-02-23T10:52:57+00:00","breadcrumb":{"@id":"https:\/\/mpg-eyewear.com\/da\/overensstemmelseserklring\/#breadcrumb"},"inLanguage":"da-DK","potentialAction":[{"@type":"ReadAction","target":["https:\/\/mpg-eyewear.com\/da\/overensstemmelseserklring\/"]}]},{"@type":"BreadcrumbList","@id":"https:\/\/mpg-eyewear.com\/da\/overensstemmelseserklring\/#breadcrumb","itemListElement":[{"@type":"ListItem","position":1,"name":"Startseite","item":"https:\/\/mpg-eyewear.com\/da\/"},{"@type":"ListItem","position":2,"name":"Overensstemmelseserkl&aelig;ring"}]},{"@type":"WebSite","@id":"https:\/\/mpg-eyewear.com\/da\/#website","url":"https:\/\/mpg-eyewear.com\/da\/","name":"MPG - The Eyewear Company","description":"Creating Perspectives","publisher":{"@id":"https:\/\/mpg-eyewear.com\/da\/#organization"},"potentialAction":[{"@type":"SearchAction","target":{"@type":"EntryPoint","urlTemplate":"https:\/\/mpg-eyewear.com\/da\/?s={search_term_string}"},"query-input":"required name=search_term_string"}],"inLanguage":"da-DK"},{"@type":"Organization","@id":"https:\/\/mpg-eyewear.com\/da\/#organization","name":"MPG - The Eyewear Company","url":"https:\/\/mpg-eyewear.com\/da\/","logo":{"@type":"ImageObject","inLanguage":"da-DK","@id":"https:\/\/mpg-eyewear.com\/da\/#\/schema\/logo\/image\/","url":"https:\/\/mpg-eyewear.com\/wp-content\/uploads\/2022\/08\/logo_mpg.png","contentUrl":"https:\/\/mpg-eyewear.com\/wp-content\/uploads\/2022\/08\/logo_mpg.png","width":201,"height":127,"caption":"MPG - The Eyewear Company"},"image":{"@id":"https:\/\/mpg-eyewear.com\/da\/#\/schema\/logo\/image\/"}}]}},"_links":{"self":[{"href":"https:\/\/mpg-eyewear.com\/da\/wp-json\/wp\/v2\/pages\/3972","targetHints":{"allow":["GET"]}}],"collection":[{"href":"https:\/\/mpg-eyewear.com\/da\/wp-json\/wp\/v2\/pages"}],"about":[{"href":"https:\/\/mpg-eyewear.com\/da\/wp-json\/wp\/v2\/types\/page"}],"author":[{"embeddable":true,"href":"https:\/\/mpg-eyewear.com\/da\/wp-json\/wp\/v2\/users\/1"}],"replies":[{"embeddable":true,"href":"https:\/\/mpg-eyewear.com\/da\/wp-json\/wp\/v2\/comments?post=3972"}],"version-history":[{"count":31,"href":"https:\/\/mpg-eyewear.com\/da\/wp-json\/wp\/v2\/pages\/3972\/revisions"}],"predecessor-version":[{"id":13924,"href":"https:\/\/mpg-eyewear.com\/da\/wp-json\/wp\/v2\/pages\/3972\/revisions\/13924"}],"wp:attachment":[{"href":"https:\/\/mpg-eyewear.com\/da\/wp-json\/wp\/v2\/media?parent=3972"}],"curies":[{"name":"wp","href":"https:\/\/api.w.org\/{rel}","templated":true}]}}