{"id":14013,"date":"2026-02-27T20:28:21","date_gmt":"2026-02-27T19:28:21","guid":{"rendered":"https:\/\/mpg-eyewear.com\/adfaerdskodeks-mpg-gmbh\/"},"modified":"2026-03-09T09:33:26","modified_gmt":"2026-03-09T08:33:26","slug":"adfaerdskodeks-mpg-gmbh","status":"publish","type":"page","link":"https:\/\/mpg-eyewear.com\/da\/adfaerdskodeks-mpg-gmbh\/","title":{"rendered":"Adf\u00e6rdskodeks &#8211; MPG GmbH"},"content":{"rendered":"\t\t<div data-elementor-type=\"wp-page\" data-elementor-id=\"14013\" class=\"elementor elementor-14013 elementor-13992\" data-elementor-settings=\"{&quot;ha_cmc_init_switcher&quot;:&quot;no&quot;}\" data-elementor-post-type=\"page\">\n\t\t\t\t\t\t<section class=\"elementor-section elementor-top-section elementor-element elementor-element-3a9be6b9 elementor-section-full_width elementor-section-height-default elementor-section-height-default\" data-id=\"3a9be6b9\" data-element_type=\"section\" data-settings=\"{&quot;background_background&quot;:&quot;classic&quot;,&quot;_ha_eqh_enable&quot;:false}\">\n\t\t\t\t\t\t<div class=\"elementor-container elementor-column-gap-default\">\n\t\t\t\t\t<div class=\"elementor-column elementor-col-100 elementor-top-column elementor-element elementor-element-715753fd\" data-id=\"715753fd\" data-element_type=\"column\">\n\t\t\t<div class=\"elementor-widget-wrap elementor-element-populated\">\n\t\t\t\t\t\t<div class=\"elementor-element elementor-element-c25abc3 elementor-widget__width-initial elementor-widget elementor-widget-heading\" data-id=\"c25abc3\" data-element_type=\"widget\" data-widget_type=\"heading.default\">\n\t\t\t\t<div class=\"elementor-widget-container\">\n\t\t\t\t\t<h1 class=\"elementor-heading-title elementor-size-default\"><span data-path-to-node=\"3,3,0,0\"><b data-path-to-node=\"3,3,0,0\" data-index-in-node=\"0\"><\/b><\/span><span data-path-to-node=\"3,3,1,0\">Sammen om kvalitet: vores adf\u00e6rdskodeks<\/span><\/h1>\t\t\t\t<\/div>\n\t\t\t\t<\/div>\n\t\t\t\t\t<\/div>\n\t\t<\/div>\n\t\t\t\t\t<\/div>\n\t\t<\/section>\n\t\t\t\t<section class=\"elementor-section elementor-top-section elementor-element elementor-element-23c9d5d6 elementor-reverse-tablet elementor-reverse-mobile elementor-section-boxed elementor-section-height-default elementor-section-height-default\" data-id=\"23c9d5d6\" data-element_type=\"section\" data-settings=\"{&quot;background_background&quot;:&quot;classic&quot;,&quot;_ha_eqh_enable&quot;:false}\">\n\t\t\t\t\t\t<div class=\"elementor-container elementor-column-gap-default\">\n\t\t\t\t\t<div class=\"elementor-column elementor-col-50 elementor-top-column elementor-element elementor-element-272fe54c\" data-id=\"272fe54c\" data-element_type=\"column\">\n\t\t\t<div class=\"elementor-widget-wrap elementor-element-populated\">\n\t\t\t\t\t\t<div class=\"elementor-element elementor-element-598c9cd5 elementor-widget elementor-widget-heading\" data-id=\"598c9cd5\" data-element_type=\"widget\" data-widget_type=\"heading.default\">\n\t\t\t\t<div class=\"elementor-widget-container\">\n\t\t\t\t\t<h2 class=\"elementor-heading-title elementor-size-default\">Dette er, hvad vi st\u00e5r for<\/h2>\t\t\t\t<\/div>\n\t\t\t\t<\/div>\n\t\t\t\t<div class=\"elementor-element elementor-element-7ffc8991 elementor-widget elementor-widget-text-editor\" data-id=\"7ffc8991\" data-element_type=\"widget\" data-widget_type=\"text-editor.default\">\n\t\t\t\t<div class=\"elementor-widget-container\">\n\t\t\t\t\t\t\t\t\t<p class=\"x_MsoNormal\"><span data-olk-copy-source=\"MessageBody\">Som international virksomhed er vi afh\u00e6ngige af en kultur, der er pr\u00e6get af ansvar, respekt og en f\u00e6lles holdning. Vores Code of Conduct viser, hvordan vi efterlever disse principper i vores daglige arbejde &#8211; gennemsigtigt, konsekvent og med et blik for fremtiden. Den danner rammen om beslutninger, som ikke kun er juridisk, men ogs\u00e5 moralsk forsvarlige.  <\/span><\/p><p class=\"x_MsoNormal\">Vores virksomhedsv\u00e6rdier og ledelsesprincipper giver retning for dette. Denne Code of Conduct beskriver, hvordan vi g\u00f8r disse v\u00e6rdier synlige i vores handlinger: gennem retf\u00e6rdighed, integritet, respekt for menneskerettigheder, gennemsigtighed og omhyggelig brug af ressourcer. Den giver vejledning og hj\u00e6lper os med at skabe et tillidsfuldt arbejdsmilj\u00f8 og opbygge p\u00e5lidelige relationer med kunder, partnere og kolleger.  <\/p><p class=\"x_MsoNormal\">Sammen sikrer vi, at vores krav om etisk adf\u00e6rd ikke kun formuleres, men udleves hver dag &#8211; for en fremtid, som vi former ansvarligt og med engagement.<\/p><div><div><div><\/div><p><\/p><\/div><\/div>\t\t\t\t\t\t\t\t<\/div>\n\t\t\t\t<\/div>\n\t\t\t\t<div class=\"elementor-element elementor-element-c064256 elementor-widget elementor-widget-heading\" data-id=\"c064256\" data-element_type=\"widget\" data-widget_type=\"heading.default\">\n\t\t\t\t<div class=\"elementor-widget-container\">\n\t\t\t\t\t<h2 class=\"elementor-heading-title elementor-size-default\">Adf\u00e6rdskodeks<\/h2>\t\t\t\t<\/div>\n\t\t\t\t<\/div>\n\t\t\t\t<div class=\"elementor-element elementor-element-1cd7b4e elementor-widget elementor-widget-text-editor\" data-id=\"1cd7b4e\" data-element_type=\"widget\" data-widget_type=\"text-editor.default\">\n\t\t\t\t<div class=\"elementor-widget-container\">\n\t\t\t\t\t\t\t\t\t<p class=\"x_MsoNormal\">Du kan finde vores adf\u00e6rdskodeks her:<\/p>\n<p><a href=\"https:\/\/www.flipsnack.com\/C8A65D88B7A\/verhaltenskodex-mpg-gmbh-de\/full-view.html\" target=\"_blank\" rel=\"noopener\">Adf\u00e6rdskodeks for MPG GmbH<\/a><\/p>\n<p><a href=\"https:\/\/www.flipsnack.com\/C8A65D88B7A\/code-of-conduct-mpg-gmbh-en\/full-view.html\" target=\"_blank\" rel=\"noopener\">Adf\u00e6rdskodeks mpg gmbh<\/a><\/p>\n<p><a href=\"https:\/\/www.flipsnack.com\/C8A65D88B7A\/code-de-conduite-mpg-gmbh-fr\/full-view.html\" target=\"_blank\" rel=\"noopener\">Code de conduite de MPG GmbH<\/a><\/p>\n<p><a href=\"https:\/\/www.flipsnack.com\/C8A65D88B7A\/gedragscode-mpg-gmbh-nl\/full-view.html\">Gedragscode van MPG GmbH<\/a><\/p>\n<p><a href=\"https:\/\/www.flipsnack.com\/C8A65D88B7A\/adfaerdskodeks-mpg-gmbh-da\/full-view.html\">Adf\u00e6rdskodeks for MPG GmbH<\/a><\/p>\n<p><a href=\"https:\/\/www.flipsnack.com\/C8A65D88B7A\/kodex-chovani-mpg-gmbh-cs\/full-view.html\">Etick\u00fd kodex spole\u010dnosti MPG GmbH<\/a><\/p>\n<div>\n<div>\n<div> <\/div>\n<p> <\/p>\n<\/div>\n<\/div>\t\t\t\t\t\t\t\t<\/div>\n\t\t\t\t<\/div>\n\t\t\t\t\t<\/div>\n\t\t<\/div>\n\t\t\t\t<div class=\"elementor-column elementor-col-50 elementor-top-column elementor-element elementor-element-8a74918\" data-id=\"8a74918\" data-element_type=\"column\">\n\t\t\t<div class=\"elementor-widget-wrap elementor-element-populated\">\n\t\t\t\t\t\t<div class=\"elementor-element elementor-element-4a96ffb2 elementor-widget elementor-widget-image\" data-id=\"4a96ffb2\" data-element_type=\"widget\" data-widget_type=\"image.default\">\n\t\t\t\t<div class=\"elementor-widget-container\">\n\t\t\t\t\t\t\t\t\t\t\t\t\t\t\t<img fetchpriority=\"high\" decoding=\"async\" width=\"510\" height=\"758\" src=\"https:\/\/mpg-eyewear.com\/wp-content\/uploads\/2026\/02\/verhaltenskodex.png\" class=\"attachment-large size-large wp-image-13998\" alt=\"\" srcset=\"https:\/\/mpg-eyewear.com\/wp-content\/uploads\/2026\/02\/verhaltenskodex.png 510w, https:\/\/mpg-eyewear.com\/wp-content\/uploads\/2026\/02\/verhaltenskodex-202x300.png 202w\" sizes=\"(max-width: 510px) 100vw, 510px\" \/>\t\t\t\t\t\t\t\t\t\t\t\t\t\t\t<\/div>\n\t\t\t\t<\/div>\n\t\t\t\t\t<\/div>\n\t\t<\/div>\n\t\t\t\t\t<\/div>\n\t\t<\/section>\n\t\t\t\t<\/div>\n\t\t","protected":false},"excerpt":{"rendered":"<p>Sammen om kvalitet: vores adf\u00e6rdskodeks Dette er, hvad vi st\u00e5r for Som international virksomhed er vi afh\u00e6ngige af en kultur, der er pr\u00e6get af ansvar, respekt og en f\u00e6lles holdning. Vores Code of Conduct viser, hvordan vi efterlever disse principper i vores daglige arbejde &#8211; gennemsigtigt, konsekvent og med et blik for fremtiden. Den danner [&hellip;]<\/p>\n","protected":false},"author":1,"featured_media":0,"parent":0,"menu_order":0,"comment_status":"closed","ping_status":"closed","template":"","meta":{"footnotes":""},"class_list":["post-14013","page","type-page","status-publish","hentry"],"yoast_head":"<!-- This site is optimized with the Yoast SEO plugin v21.8 - https:\/\/yoast.com\/wordpress\/plugins\/seo\/ -->\n<title>Adf\u00e6rdskodeks - MPG GmbH - MPG - The Eyewear Company<\/title>\n<meta name=\"robots\" content=\"index, follow, max-snippet:-1, max-image-preview:large, max-video-preview:-1\" \/>\n<link rel=\"canonical\" href=\"https:\/\/mpg-eyewear.com\/da\/adfaerdskodeks-mpg-gmbh\/\" \/>\n<meta property=\"og:locale\" content=\"da_DK\" \/>\n<meta property=\"og:type\" content=\"article\" \/>\n<meta property=\"og:title\" content=\"Adf\u00e6rdskodeks - MPG GmbH - MPG - The Eyewear Company\" \/>\n<meta property=\"og:description\" content=\"Sammen om kvalitet: vores adf\u00e6rdskodeks Dette er, hvad vi st\u00e5r for Som international virksomhed er vi afh\u00e6ngige af en kultur, der er pr\u00e6get af ansvar, respekt og en f\u00e6lles holdning. Vores Code of Conduct viser, hvordan vi efterlever disse principper i vores daglige arbejde &#8211; gennemsigtigt, konsekvent og med et blik for fremtiden. Den danner [&hellip;]\" \/>\n<meta property=\"og:url\" content=\"https:\/\/mpg-eyewear.com\/da\/adfaerdskodeks-mpg-gmbh\/\" \/>\n<meta property=\"og:site_name\" content=\"MPG - The Eyewear Company\" \/>\n<meta property=\"article:modified_time\" content=\"2026-03-09T08:33:26+00:00\" \/>\n<meta property=\"og:image\" content=\"https:\/\/mpg-eyewear.com\/wp-content\/uploads\/2026\/02\/verhaltenskodex.png\" \/>\n<meta name=\"twitter:card\" content=\"summary_large_image\" \/>\n<meta name=\"twitter:label1\" content=\"Estimeret l\u00e6setid\" \/>\n\t<meta name=\"twitter:data1\" content=\"1 minut\" \/>\n<script type=\"application\/ld+json\" class=\"yoast-schema-graph\">{\"@context\":\"https:\/\/schema.org\",\"@graph\":[{\"@type\":\"WebPage\",\"@id\":\"https:\/\/mpg-eyewear.com\/da\/adfaerdskodeks-mpg-gmbh\/\",\"url\":\"https:\/\/mpg-eyewear.com\/da\/adfaerdskodeks-mpg-gmbh\/\",\"name\":\"Adf\u00e6rdskodeks - MPG GmbH - MPG - The Eyewear Company\",\"isPartOf\":{\"@id\":\"https:\/\/mpg-eyewear.com\/da\/#website\"},\"datePublished\":\"2026-02-27T19:28:21+00:00\",\"dateModified\":\"2026-03-09T08:33:26+00:00\",\"breadcrumb\":{\"@id\":\"https:\/\/mpg-eyewear.com\/da\/adfaerdskodeks-mpg-gmbh\/#breadcrumb\"},\"inLanguage\":\"da-DK\",\"potentialAction\":[{\"@type\":\"ReadAction\",\"target\":[\"https:\/\/mpg-eyewear.com\/da\/adfaerdskodeks-mpg-gmbh\/\"]}]},{\"@type\":\"BreadcrumbList\",\"@id\":\"https:\/\/mpg-eyewear.com\/da\/adfaerdskodeks-mpg-gmbh\/#breadcrumb\",\"itemListElement\":[{\"@type\":\"ListItem\",\"position\":1,\"name\":\"Startseite\",\"item\":\"https:\/\/mpg-eyewear.com\/da\/\"},{\"@type\":\"ListItem\",\"position\":2,\"name\":\"Adf\u00e6rdskodeks &#8211; MPG GmbH\"}]},{\"@type\":\"WebSite\",\"@id\":\"https:\/\/mpg-eyewear.com\/da\/#website\",\"url\":\"https:\/\/mpg-eyewear.com\/da\/\",\"name\":\"MPG - The Eyewear Company\",\"description\":\"Creating Perspectives\",\"publisher\":{\"@id\":\"https:\/\/mpg-eyewear.com\/da\/#organization\"},\"potentialAction\":[{\"@type\":\"SearchAction\",\"target\":{\"@type\":\"EntryPoint\",\"urlTemplate\":\"https:\/\/mpg-eyewear.com\/da\/?s={search_term_string}\"},\"query-input\":\"required name=search_term_string\"}],\"inLanguage\":\"da-DK\"},{\"@type\":\"Organization\",\"@id\":\"https:\/\/mpg-eyewear.com\/da\/#organization\",\"name\":\"MPG - The Eyewear Company\",\"url\":\"https:\/\/mpg-eyewear.com\/da\/\",\"logo\":{\"@type\":\"ImageObject\",\"inLanguage\":\"da-DK\",\"@id\":\"https:\/\/mpg-eyewear.com\/da\/#\/schema\/logo\/image\/\",\"url\":\"https:\/\/mpg-eyewear.com\/wp-content\/uploads\/2022\/08\/logo_mpg.png\",\"contentUrl\":\"https:\/\/mpg-eyewear.com\/wp-content\/uploads\/2022\/08\/logo_mpg.png\",\"width\":201,\"height\":127,\"caption\":\"MPG - The Eyewear Company\"},\"image\":{\"@id\":\"https:\/\/mpg-eyewear.com\/da\/#\/schema\/logo\/image\/\"}}]}<\/script>\n<!-- \/ Yoast SEO plugin. -->","yoast_head_json":{"title":"Adf\u00e6rdskodeks - MPG GmbH - MPG - The Eyewear Company","robots":{"index":"index","follow":"follow","max-snippet":"max-snippet:-1","max-image-preview":"max-image-preview:large","max-video-preview":"max-video-preview:-1"},"canonical":"https:\/\/mpg-eyewear.com\/da\/adfaerdskodeks-mpg-gmbh\/","og_locale":"da_DK","og_type":"article","og_title":"Adf\u00e6rdskodeks - MPG GmbH - MPG - The Eyewear Company","og_description":"Sammen om kvalitet: vores adf\u00e6rdskodeks Dette er, hvad vi st\u00e5r for Som international virksomhed er vi afh\u00e6ngige af en kultur, der er pr\u00e6get af ansvar, respekt og en f\u00e6lles holdning. Vores Code of Conduct viser, hvordan vi efterlever disse principper i vores daglige arbejde &#8211; gennemsigtigt, konsekvent og med et blik for fremtiden. Den danner [&hellip;]","og_url":"https:\/\/mpg-eyewear.com\/da\/adfaerdskodeks-mpg-gmbh\/","og_site_name":"MPG - The Eyewear Company","article_modified_time":"2026-03-09T08:33:26+00:00","og_image":[{"url":"https:\/\/mpg-eyewear.com\/wp-content\/uploads\/2026\/02\/verhaltenskodex.png"}],"twitter_card":"summary_large_image","twitter_misc":{"Estimeret l\u00e6setid":"1 minut"},"schema":{"@context":"https:\/\/schema.org","@graph":[{"@type":"WebPage","@id":"https:\/\/mpg-eyewear.com\/da\/adfaerdskodeks-mpg-gmbh\/","url":"https:\/\/mpg-eyewear.com\/da\/adfaerdskodeks-mpg-gmbh\/","name":"Adf\u00e6rdskodeks - MPG GmbH - MPG - The Eyewear Company","isPartOf":{"@id":"https:\/\/mpg-eyewear.com\/da\/#website"},"datePublished":"2026-02-27T19:28:21+00:00","dateModified":"2026-03-09T08:33:26+00:00","breadcrumb":{"@id":"https:\/\/mpg-eyewear.com\/da\/adfaerdskodeks-mpg-gmbh\/#breadcrumb"},"inLanguage":"da-DK","potentialAction":[{"@type":"ReadAction","target":["https:\/\/mpg-eyewear.com\/da\/adfaerdskodeks-mpg-gmbh\/"]}]},{"@type":"BreadcrumbList","@id":"https:\/\/mpg-eyewear.com\/da\/adfaerdskodeks-mpg-gmbh\/#breadcrumb","itemListElement":[{"@type":"ListItem","position":1,"name":"Startseite","item":"https:\/\/mpg-eyewear.com\/da\/"},{"@type":"ListItem","position":2,"name":"Adf\u00e6rdskodeks &#8211; MPG GmbH"}]},{"@type":"WebSite","@id":"https:\/\/mpg-eyewear.com\/da\/#website","url":"https:\/\/mpg-eyewear.com\/da\/","name":"MPG - The Eyewear Company","description":"Creating Perspectives","publisher":{"@id":"https:\/\/mpg-eyewear.com\/da\/#organization"},"potentialAction":[{"@type":"SearchAction","target":{"@type":"EntryPoint","urlTemplate":"https:\/\/mpg-eyewear.com\/da\/?s={search_term_string}"},"query-input":"required name=search_term_string"}],"inLanguage":"da-DK"},{"@type":"Organization","@id":"https:\/\/mpg-eyewear.com\/da\/#organization","name":"MPG - The Eyewear Company","url":"https:\/\/mpg-eyewear.com\/da\/","logo":{"@type":"ImageObject","inLanguage":"da-DK","@id":"https:\/\/mpg-eyewear.com\/da\/#\/schema\/logo\/image\/","url":"https:\/\/mpg-eyewear.com\/wp-content\/uploads\/2022\/08\/logo_mpg.png","contentUrl":"https:\/\/mpg-eyewear.com\/wp-content\/uploads\/2022\/08\/logo_mpg.png","width":201,"height":127,"caption":"MPG - The Eyewear Company"},"image":{"@id":"https:\/\/mpg-eyewear.com\/da\/#\/schema\/logo\/image\/"}}]}},"_links":{"self":[{"href":"https:\/\/mpg-eyewear.com\/da\/wp-json\/wp\/v2\/pages\/14013","targetHints":{"allow":["GET"]}}],"collection":[{"href":"https:\/\/mpg-eyewear.com\/da\/wp-json\/wp\/v2\/pages"}],"about":[{"href":"https:\/\/mpg-eyewear.com\/da\/wp-json\/wp\/v2\/types\/page"}],"author":[{"embeddable":true,"href":"https:\/\/mpg-eyewear.com\/da\/wp-json\/wp\/v2\/users\/1"}],"replies":[{"embeddable":true,"href":"https:\/\/mpg-eyewear.com\/da\/wp-json\/wp\/v2\/comments?post=14013"}],"version-history":[{"count":4,"href":"https:\/\/mpg-eyewear.com\/da\/wp-json\/wp\/v2\/pages\/14013\/revisions"}],"predecessor-version":[{"id":14042,"href":"https:\/\/mpg-eyewear.com\/da\/wp-json\/wp\/v2\/pages\/14013\/revisions\/14042"}],"wp:attachment":[{"href":"https:\/\/mpg-eyewear.com\/da\/wp-json\/wp\/v2\/media?parent=14013"}],"curies":[{"name":"wp","href":"https:\/\/api.w.org\/{rel}","templated":true}]}}