{"id":3965,"date":"2022-07-08T09:48:22","date_gmt":"2022-07-08T07:48:22","guid":{"rendered":"https:\/\/mpg-eyewear.com\/ukzkov-strnka\/"},"modified":"2023-01-10T08:49:13","modified_gmt":"2023-01-10T07:49:13","slug":"ukzkov-strnka","status":"publish","type":"page","link":"https:\/\/mpg-eyewear.com\/cs\/ukzkov-strnka\/","title":{"rendered":"Uk&aacute;zkov&aacute; str&aacute;nka"},"content":{"rendered":"\n<p>Toto je uk\u00e1zkov\u00e1 str\u00e1nka. Od p\u0159\u00edsp\u011bvk\u016f se li\u0161\u00ed t\u00edm, \u017ee z\u016fst\u00e1v\u00e1 v\u017edy na stejn\u00e9m m\u00edst\u011b a (u v\u011bt\u0161iny t\u00e9mat) se zobrazuje v navigaci webov\u00e9 str\u00e1nky. V\u011bt\u0161inou za\u010d\u00ednaj\u00ed str\u00e1nkou impressum, z\u00e1sadami ochrany osobn\u00edch \u00fadaj\u016f nebo str\u00e1nkou \u201eO n\u00e1s\u201c, kterou se prezentujeme potenci\u00e1ln\u00edm n\u00e1v\u0161t\u011bvn\u00edk\u016fm webov\u00fdch str\u00e1nek. Zde by mohlo b\u00fdt nap\u0159\u00edklad uvedeno:<\/p>\n\n<blockquote class=\"wp-block-quote is-layout-flow wp-block-quote-is-layout-flow\"><p>Dobr\u00fd den! P\u0159es den pracuji v kur\u00fdrn\u00ed slu\u017eb\u011b, v noci se v\u011bnuji herectv\u00ed a toto je m\u016fj web. \u017diji ve velk\u00e9m m\u011bst\u011b, m\u00e1m kr\u00e1sn\u00e9ho psa a miluji drinky s de\u0161tn\u00ed\u010dkem (ale nerad stoj\u00edm v de\u0161ti bez de\u0161tn\u00edku).<\/p><\/blockquote>\n\n<p>&#8230; nebo n\u011bco jako:<\/p>\n\n<blockquote class=\"wp-block-quote is-layout-flow wp-block-quote-is-layout-flow\"><p>Firma XYZ byla zalo\u017eena v roce 1971 a od t\u00e9 doby poskytuje ve\u0159ejnosti vysoce kvalitn\u00ed v\u00fdrobky. Firma zam\u011bstn\u00e1v\u00e1 ve sv\u00e9m s\u00eddle v mal\u00e9m velkom\u011bst\u011b v\u00edce ne\u017e 2000 lid\u00ed a v mnoha ohledech podporuje obyvatele tohoto m\u011bsta.<\/p><\/blockquote>\n\n<p>Jako nov\u00fd u\u017eivatel WordPressu byste m\u011bli p\u0159ej\u00edt na <a href=\"https:\/\/mpg-eyewear.com\/mpg_2022\/wp-admin\/\">Dashboard<\/a>, vymazat tyto str\u00e1nky a vytvo\u0159it pro sv\u016fj obsah nov\u00e9 str\u00e1nky. Hodn\u011b z\u00e1bavy!<\/p>\n","protected":false},"excerpt":{"rendered":"<p>Toto je uk\u00e1zkov\u00e1 str\u00e1nka. Od p\u0159\u00edsp\u011bvk\u016f se li\u0161\u00ed t\u00edm, \u017ee z\u016fst\u00e1v\u00e1 v\u017edy na stejn\u00e9m m\u00edst\u011b a (u v\u011bt\u0161iny t\u00e9mat) se zobrazuje v navigaci webov\u00e9 str\u00e1nky. V\u011bt\u0161inou za\u010d\u00ednaj\u00ed str\u00e1nkou impressum, z\u00e1sadami ochrany osobn\u00edch \u00fadaj\u016f nebo str\u00e1nkou \u201eO n\u00e1s\u201c, kterou se prezentujeme potenci\u00e1ln\u00edm n\u00e1v\u0161t\u011bvn\u00edk\u016fm webov\u00fdch str\u00e1nek. Zde by mohlo b\u00fdt nap\u0159\u00edklad uvedeno: Dobr\u00fd den! P\u0159es den pracuji [&hellip;]<\/p>\n","protected":false},"author":1,"featured_media":0,"parent":0,"menu_order":0,"comment_status":"closed","ping_status":"open","template":"","meta":{"footnotes":""},"class_list":["post-3965","page","type-page","status-publish","hentry"],"yoast_head":"<!-- This site is optimized with the Yoast SEO plugin v21.8 - https:\/\/yoast.com\/wordpress\/plugins\/seo\/ -->\n<title>Uk&aacute;zkov&aacute; str&aacute;nka - MPG - The Eyewear Company<\/title>\n<meta name=\"robots\" content=\"index, follow, max-snippet:-1, max-image-preview:large, max-video-preview:-1\" \/>\n<link rel=\"canonical\" href=\"https:\/\/mpg-eyewear.com\/cs\/ukzkov-strnka\/\" \/>\n<meta property=\"og:locale\" content=\"en_US\" \/>\n<meta property=\"og:type\" content=\"article\" \/>\n<meta property=\"og:title\" content=\"Uk&aacute;zkov&aacute; str&aacute;nka - MPG - The Eyewear Company\" \/>\n<meta property=\"og:description\" content=\"Toto je uk\u00e1zkov\u00e1 str\u00e1nka. Od p\u0159\u00edsp\u011bvk\u016f se li\u0161\u00ed t\u00edm, \u017ee z\u016fst\u00e1v\u00e1 v\u017edy na stejn\u00e9m m\u00edst\u011b a (u v\u011bt\u0161iny t\u00e9mat) se zobrazuje v navigaci webov\u00e9 str\u00e1nky. V\u011bt\u0161inou za\u010d\u00ednaj\u00ed str\u00e1nkou impressum, z\u00e1sadami ochrany osobn\u00edch \u00fadaj\u016f nebo str\u00e1nkou \u201eO n\u00e1s\u201c, kterou se prezentujeme potenci\u00e1ln\u00edm n\u00e1v\u0161t\u011bvn\u00edk\u016fm webov\u00fdch str\u00e1nek. Zde by mohlo b\u00fdt nap\u0159\u00edklad uvedeno: Dobr\u00fd den! P\u0159es den pracuji [&hellip;]\" \/>\n<meta property=\"og:url\" content=\"https:\/\/mpg-eyewear.com\/cs\/ukzkov-strnka\/\" \/>\n<meta property=\"og:site_name\" content=\"MPG - The Eyewear Company\" \/>\n<meta property=\"article:modified_time\" content=\"2023-01-10T07:49:13+00:00\" \/>\n<meta name=\"twitter:card\" content=\"summary_large_image\" \/>\n<meta name=\"twitter:label1\" content=\"Est. reading time\" \/>\n\t<meta name=\"twitter:data1\" content=\"1 minute\" \/>\n<script type=\"application\/ld+json\" class=\"yoast-schema-graph\">{\"@context\":\"https:\/\/schema.org\",\"@graph\":[{\"@type\":\"WebPage\",\"@id\":\"https:\/\/mpg-eyewear.com\/cs\/ukzkov-strnka\/\",\"url\":\"https:\/\/mpg-eyewear.com\/cs\/ukzkov-strnka\/\",\"name\":\"Uk&aacute;zkov&aacute; str&aacute;nka - MPG - The Eyewear Company\",\"isPartOf\":{\"@id\":\"https:\/\/mpg-eyewear.com\/cs\/#website\"},\"datePublished\":\"2022-07-08T07:48:22+00:00\",\"dateModified\":\"2023-01-10T07:49:13+00:00\",\"breadcrumb\":{\"@id\":\"https:\/\/mpg-eyewear.com\/cs\/ukzkov-strnka\/#breadcrumb\"},\"inLanguage\":\"cz-CZ\",\"potentialAction\":[{\"@type\":\"ReadAction\",\"target\":[\"https:\/\/mpg-eyewear.com\/cs\/ukzkov-strnka\/\"]}]},{\"@type\":\"BreadcrumbList\",\"@id\":\"https:\/\/mpg-eyewear.com\/cs\/ukzkov-strnka\/#breadcrumb\",\"itemListElement\":[{\"@type\":\"ListItem\",\"position\":1,\"name\":\"Startseite\",\"item\":\"https:\/\/mpg-eyewear.com\/cs\/\"},{\"@type\":\"ListItem\",\"position\":2,\"name\":\"Uk&aacute;zkov&aacute; str&aacute;nka\"}]},{\"@type\":\"WebSite\",\"@id\":\"https:\/\/mpg-eyewear.com\/cs\/#website\",\"url\":\"https:\/\/mpg-eyewear.com\/cs\/\",\"name\":\"MPG - The Eyewear Company\",\"description\":\"Creating Perspectives\",\"publisher\":{\"@id\":\"https:\/\/mpg-eyewear.com\/cs\/#organization\"},\"potentialAction\":[{\"@type\":\"SearchAction\",\"target\":{\"@type\":\"EntryPoint\",\"urlTemplate\":\"https:\/\/mpg-eyewear.com\/cs\/?s={search_term_string}\"},\"query-input\":\"required name=search_term_string\"}],\"inLanguage\":\"cz-CZ\"},{\"@type\":\"Organization\",\"@id\":\"https:\/\/mpg-eyewear.com\/cs\/#organization\",\"name\":\"MPG - The Eyewear Company\",\"url\":\"https:\/\/mpg-eyewear.com\/cs\/\",\"logo\":{\"@type\":\"ImageObject\",\"inLanguage\":\"cz-CZ\",\"@id\":\"https:\/\/mpg-eyewear.com\/cs\/#\/schema\/logo\/image\/\",\"url\":\"https:\/\/mpg-eyewear.com\/wp-content\/uploads\/2022\/08\/logo_mpg.png\",\"contentUrl\":\"https:\/\/mpg-eyewear.com\/wp-content\/uploads\/2022\/08\/logo_mpg.png\",\"width\":201,\"height\":127,\"caption\":\"MPG - The Eyewear Company\"},\"image\":{\"@id\":\"https:\/\/mpg-eyewear.com\/cs\/#\/schema\/logo\/image\/\"}}]}<\/script>\n<!-- \/ Yoast SEO plugin. -->","yoast_head_json":{"title":"Uk&aacute;zkov&aacute; str&aacute;nka - MPG - The Eyewear Company","robots":{"index":"index","follow":"follow","max-snippet":"max-snippet:-1","max-image-preview":"max-image-preview:large","max-video-preview":"max-video-preview:-1"},"canonical":"https:\/\/mpg-eyewear.com\/cs\/ukzkov-strnka\/","og_locale":"en_US","og_type":"article","og_title":"Uk&aacute;zkov&aacute; str&aacute;nka - MPG - The Eyewear Company","og_description":"Toto je uk\u00e1zkov\u00e1 str\u00e1nka. Od p\u0159\u00edsp\u011bvk\u016f se li\u0161\u00ed t\u00edm, \u017ee z\u016fst\u00e1v\u00e1 v\u017edy na stejn\u00e9m m\u00edst\u011b a (u v\u011bt\u0161iny t\u00e9mat) se zobrazuje v navigaci webov\u00e9 str\u00e1nky. V\u011bt\u0161inou za\u010d\u00ednaj\u00ed str\u00e1nkou impressum, z\u00e1sadami ochrany osobn\u00edch \u00fadaj\u016f nebo str\u00e1nkou \u201eO n\u00e1s\u201c, kterou se prezentujeme potenci\u00e1ln\u00edm n\u00e1v\u0161t\u011bvn\u00edk\u016fm webov\u00fdch str\u00e1nek. Zde by mohlo b\u00fdt nap\u0159\u00edklad uvedeno: Dobr\u00fd den! P\u0159es den pracuji [&hellip;]","og_url":"https:\/\/mpg-eyewear.com\/cs\/ukzkov-strnka\/","og_site_name":"MPG - The Eyewear Company","article_modified_time":"2023-01-10T07:49:13+00:00","twitter_card":"summary_large_image","twitter_misc":{"Est. reading time":"1 minute"},"schema":{"@context":"https:\/\/schema.org","@graph":[{"@type":"WebPage","@id":"https:\/\/mpg-eyewear.com\/cs\/ukzkov-strnka\/","url":"https:\/\/mpg-eyewear.com\/cs\/ukzkov-strnka\/","name":"Uk&aacute;zkov&aacute; str&aacute;nka - MPG - The Eyewear Company","isPartOf":{"@id":"https:\/\/mpg-eyewear.com\/cs\/#website"},"datePublished":"2022-07-08T07:48:22+00:00","dateModified":"2023-01-10T07:49:13+00:00","breadcrumb":{"@id":"https:\/\/mpg-eyewear.com\/cs\/ukzkov-strnka\/#breadcrumb"},"inLanguage":"cz-CZ","potentialAction":[{"@type":"ReadAction","target":["https:\/\/mpg-eyewear.com\/cs\/ukzkov-strnka\/"]}]},{"@type":"BreadcrumbList","@id":"https:\/\/mpg-eyewear.com\/cs\/ukzkov-strnka\/#breadcrumb","itemListElement":[{"@type":"ListItem","position":1,"name":"Startseite","item":"https:\/\/mpg-eyewear.com\/cs\/"},{"@type":"ListItem","position":2,"name":"Uk&aacute;zkov&aacute; str&aacute;nka"}]},{"@type":"WebSite","@id":"https:\/\/mpg-eyewear.com\/cs\/#website","url":"https:\/\/mpg-eyewear.com\/cs\/","name":"MPG - The Eyewear Company","description":"Creating Perspectives","publisher":{"@id":"https:\/\/mpg-eyewear.com\/cs\/#organization"},"potentialAction":[{"@type":"SearchAction","target":{"@type":"EntryPoint","urlTemplate":"https:\/\/mpg-eyewear.com\/cs\/?s={search_term_string}"},"query-input":"required name=search_term_string"}],"inLanguage":"cz-CZ"},{"@type":"Organization","@id":"https:\/\/mpg-eyewear.com\/cs\/#organization","name":"MPG - The Eyewear Company","url":"https:\/\/mpg-eyewear.com\/cs\/","logo":{"@type":"ImageObject","inLanguage":"cz-CZ","@id":"https:\/\/mpg-eyewear.com\/cs\/#\/schema\/logo\/image\/","url":"https:\/\/mpg-eyewear.com\/wp-content\/uploads\/2022\/08\/logo_mpg.png","contentUrl":"https:\/\/mpg-eyewear.com\/wp-content\/uploads\/2022\/08\/logo_mpg.png","width":201,"height":127,"caption":"MPG - The Eyewear Company"},"image":{"@id":"https:\/\/mpg-eyewear.com\/cs\/#\/schema\/logo\/image\/"}}]}},"_links":{"self":[{"href":"https:\/\/mpg-eyewear.com\/cs\/wp-json\/wp\/v2\/pages\/3965","targetHints":{"allow":["GET"]}}],"collection":[{"href":"https:\/\/mpg-eyewear.com\/cs\/wp-json\/wp\/v2\/pages"}],"about":[{"href":"https:\/\/mpg-eyewear.com\/cs\/wp-json\/wp\/v2\/types\/page"}],"author":[{"embeddable":true,"href":"https:\/\/mpg-eyewear.com\/cs\/wp-json\/wp\/v2\/users\/1"}],"replies":[{"embeddable":true,"href":"https:\/\/mpg-eyewear.com\/cs\/wp-json\/wp\/v2\/comments?post=3965"}],"version-history":[{"count":1,"href":"https:\/\/mpg-eyewear.com\/cs\/wp-json\/wp\/v2\/pages\/3965\/revisions"}],"predecessor-version":[{"id":3968,"href":"https:\/\/mpg-eyewear.com\/cs\/wp-json\/wp\/v2\/pages\/3965\/revisions\/3968"}],"wp:attachment":[{"href":"https:\/\/mpg-eyewear.com\/cs\/wp-json\/wp\/v2\/media?parent=3965"}],"curies":[{"name":"wp","href":"https:\/\/api.w.org\/{rel}","templated":true}]}}