{"id":3962,"date":"2022-07-08T09:51:57","date_gmt":"2022-07-08T07:51:57","guid":{"rendered":"https:\/\/mpg-eyewear.com\/voln-pracovn-msta\/"},"modified":"2023-01-10T08:49:13","modified_gmt":"2023-01-10T07:49:13","slug":"voln-pracovn-msta","status":"publish","type":"page","link":"https:\/\/mpg-eyewear.com\/cs\/voln-pracovn-msta\/","title":{"rendered":"Voln&aacute; pracovn&iacute; m&iacute;sta"},"content":{"rendered":"\t\t<div data-elementor-type=\"wp-page\" data-elementor-id=\"3962\" class=\"elementor elementor-3962 elementor-5\" data-elementor-settings=\"{&quot;ha_cmc_init_switcher&quot;:&quot;no&quot;}\" data-elementor-post-type=\"page\">\n\t\t\t\t\t\t<section class=\"elementor-section elementor-top-section elementor-element elementor-element-3bd5302c elementor-section-boxed elementor-section-height-default elementor-section-height-default\" data-id=\"3bd5302c\" data-element_type=\"section\" data-settings=\"{&quot;background_background&quot;:&quot;classic&quot;,&quot;_ha_eqh_enable&quot;:false}\">\n\t\t\t\t\t\t<div class=\"elementor-container elementor-column-gap-default\">\n\t\t\t\t\t<div class=\"elementor-column elementor-col-100 elementor-top-column elementor-element elementor-element-32eed3c5\" data-id=\"32eed3c5\" data-element_type=\"column\">\n\t\t\t<div class=\"elementor-widget-wrap elementor-element-populated\">\n\t\t\t\t\t\t<div class=\"elementor-element elementor-element-1ee14516 elementor-widget elementor-widget-heading\" data-id=\"1ee14516\" data-element_type=\"widget\" data-widget_type=\"heading.default\">\n\t\t\t\t<div class=\"elementor-widget-container\">\n\t\t\t\t\t<h1 class=\"elementor-heading-title elementor-size-default\">Hled&aacute;me pr&aacute;v\u011b v&aacute;s<\/h1>\t\t\t\t<\/div>\n\t\t\t\t<\/div>\n\t\t\t\t<div class=\"elementor-element elementor-element-3b4ac09e elementor-widget elementor-widget-heading\" data-id=\"3b4ac09e\" data-element_type=\"widget\" data-widget_type=\"heading.default\">\n\t\t\t\t<div class=\"elementor-widget-container\">\n\t\t\t\t\t<h2 class=\"elementor-heading-title elementor-size-default\">Voln&aacute; pracovn&iacute; m&iacute;sta a \u017e&aacute;dosti o m&iacute;sto<\/h2>\t\t\t\t<\/div>\n\t\t\t\t<\/div>\n\t\t\t\t\t<\/div>\n\t\t<\/div>\n\t\t\t\t\t<\/div>\n\t\t<\/section>\n\t\t\t\t<section class=\"elementor-section elementor-top-section elementor-element elementor-element-2e8a8ef1 elementor-section-boxed elementor-section-height-default elementor-section-height-default\" data-id=\"2e8a8ef1\" data-element_type=\"section\" data-settings=\"{&quot;_ha_eqh_enable&quot;:false}\">\n\t\t\t\t\t\t<div class=\"elementor-container elementor-column-gap-default\">\n\t\t\t\t\t<div class=\"elementor-column elementor-col-100 elementor-top-column elementor-element elementor-element-e682c4d\" data-id=\"e682c4d\" data-element_type=\"column\">\n\t\t\t<div class=\"elementor-widget-wrap elementor-element-populated\">\n\t\t\t\t\t\t<div class=\"elementor-element elementor-element-31cdbce7 elementor-widget elementor-widget-text-editor\" data-id=\"31cdbce7\" data-element_type=\"widget\" data-widget_type=\"text-editor.default\">\n\t\t\t\t<div class=\"elementor-widget-container\">\n\t\t\t\t\t\t\t\t\t<div id=\"offeneStelle\">\n<table id=\"jobOffers\" class=\"display\" style=\"width:100%\">\n<thead>\n<tr>\n<th>Title<\/th>\n<th>Location<\/th>\n<th>Country<\/th>\n<th>Employment<\/th>\n<\/tr>\n<\/thead>\n<tbody><\/tbody>\n<\/table>\n<\/div>\t\t\t\t\t\t\t\t<\/div>\n\t\t\t\t<\/div>\n\t\t\t\t\t<\/div>\n\t\t<\/div>\n\t\t\t\t\t<\/div>\n\t\t<\/section>\n\t\t\t\t<section class=\"elementor-section elementor-top-section elementor-element elementor-element-19190aa7 elementor-section-boxed elementor-section-height-default elementor-section-height-default\" data-id=\"19190aa7\" data-element_type=\"section\" data-settings=\"{&quot;background_background&quot;:&quot;classic&quot;,&quot;_ha_eqh_enable&quot;:false}\">\n\t\t\t\t\t\t<div class=\"elementor-container elementor-column-gap-default\">\n\t\t\t\t\t<div class=\"elementor-column elementor-col-100 elementor-top-column elementor-element elementor-element-333bbefd\" data-id=\"333bbefd\" data-element_type=\"column\">\n\t\t\t<div class=\"elementor-widget-wrap elementor-element-populated\">\n\t\t\t\t\t\t<div class=\"elementor-element elementor-element-28dff90d elementor-widget elementor-widget-heading\" data-id=\"28dff90d\" data-element_type=\"widget\" data-widget_type=\"heading.default\">\n\t\t\t\t<div class=\"elementor-widget-container\">\n\t\t\t\t\t<h3 class=\"elementor-heading-title elementor-size-default\"><p>Pr&aacute;v\u011b te\u010f pro v&aacute;s nem&aacute;me vhodnou pracovn&iacute; pozici, cht\u011bli byste se v&scaron;ak st&aacute;t sou\u010d&aacute;st&iacute; #teamMPG?<\/p>\n<p>\u017d&aacute;dn&yacute; probl&eacute;m! V&aacute;\u017e&iacute;me si iniciativn&iacute;ch lid&iacute; &ndash; za&scaron;lete n&aacute;m svou \u017e&aacute;dost s p\u0159edstavou profilu pracovn&iacute;ho m&iacute;sta.<\/p> <p><br> T\u011b&scaron;&iacute;me se!<\/p> <\/h3>\t\t\t\t<\/div>\n\t\t\t\t<\/div>\n\t\t\t\t<div class=\"elementor-element elementor-element-72cd6f39 elementor-align-center elementor-mobile-align-center elementor-widget elementor-widget-button\" data-id=\"72cd6f39\" data-element_type=\"widget\" data-widget_type=\"button.default\">\n\t\t\t\t<div class=\"elementor-widget-container\">\n\t\t\t\t\t\t\t\t\t<div class=\"elementor-button-wrapper\">\n\t\t\t\t\t<a class=\"elementor-button elementor-button-link elementor-size-sm\" href=\"https:\/\/mpg-eyewear.com\/initiativbewerbung\/\">\n\t\t\t\t\t\t<span class=\"elementor-button-content-wrapper\">\n\t\t\t\t\t\t\t\t\t<span class=\"elementor-button-text\">Poslat \u017e&aacute;dost nyn&iacute;<\/span>\n\t\t\t\t\t<\/span>\n\t\t\t\t\t<\/a>\n\t\t\t\t<\/div>\n\t\t\t\t\t\t\t\t<\/div>\n\t\t\t\t<\/div>\n\t\t\t\t\t<\/div>\n\t\t<\/div>\n\t\t\t\t\t<\/div>\n\t\t<\/section>\n\t\t\t\t<section class=\"elementor-section elementor-top-section elementor-element elementor-element-3b673680 elementor-section-boxed elementor-section-height-default elementor-section-height-default\" data-id=\"3b673680\" data-element_type=\"section\" data-settings=\"{&quot;_ha_eqh_enable&quot;:false}\">\n\t\t\t\t\t\t\t<div class=\"elementor-background-overlay\"><\/div>\n\t\t\t\t\t\t\t<div class=\"elementor-container elementor-column-gap-default\">\n\t\t\t\t\t<div class=\"elementor-column elementor-col-100 elementor-top-column elementor-element elementor-element-5ae4af66\" data-id=\"5ae4af66\" data-element_type=\"column\">\n\t\t\t<div class=\"elementor-widget-wrap elementor-element-populated\">\n\t\t\t\t\t\t<div class=\"elementor-element elementor-element-7efcdab8 elementor-widget elementor-widget-heading\" data-id=\"7efcdab8\" data-element_type=\"widget\" data-widget_type=\"heading.default\">\n\t\t\t\t<div class=\"elementor-widget-container\">\n\t\t\t\t\t<h2 class=\"elementor-heading-title elementor-size-default\">Jak se st&aacute;t sou\u010d&aacute;st&iacute; #teamMPG<\/h2>\t\t\t\t<\/div>\n\t\t\t\t<\/div>\n\t\t\t\t<section class=\"elementor-section elementor-inner-section elementor-element elementor-element-2999dfd2 elementor-section-boxed elementor-section-height-default elementor-section-height-default\" data-id=\"2999dfd2\" data-element_type=\"section\" data-settings=\"{&quot;_ha_eqh_enable&quot;:false}\">\n\t\t\t\t\t\t<div class=\"elementor-container elementor-column-gap-default\">\n\t\t\t\t\t<div class=\"elementor-column elementor-col-25 elementor-inner-column elementor-element elementor-element-63211c53\" data-id=\"63211c53\" data-element_type=\"column\">\n\t\t\t<div class=\"elementor-widget-wrap elementor-element-populated\">\n\t\t\t\t\t\t<div class=\"elementor-element elementor-element-4826376d elementor-widget elementor-widget-ha-step-flow happy-addon ha-step-flow\" data-id=\"4826376d\" data-element_type=\"widget\" data-widget_type=\"ha-step-flow.default\">\n\t\t\t\t<div class=\"elementor-widget-container\">\n\t\t\t\t\t\n\t\t<div class=\"ha-steps-icon\">\n\t\t\t\t\t\t\t<span class=\"ha-step-arrow\"><\/span>\n\t\t\t\n\t\t\t<i class=\"icon icon-thumbs-up\"><\/i>\n\t\t\t\t\t\t\t<span class=\"ha-steps-label\">1. krok<\/span>\n\t\t\t\t\t<\/div>\n\n\t\t<h2 class=\"ha-steps-title\">Ode&scaron;lete \u017e&aacute;dost o m&iacute;sto<\/h2>\n\t\t\t\t\t<p class=\"ha-step-description\">Na&scaron;li jste vhodnou pracovn&iacute; pozici? Pot&eacute; vyberte &bdquo;Odeslat \u017e&aacute;dost o m&iacute;sto nyn&iacute;&ldquo; u p\u0159&iacute;slu&scaron;n&eacute; nab&iacute;dky pracovn&iacute;ho m&iacute;sta a za&scaron;lete n&aacute;m sv\u016fj \u017eivotopis. Nem&aacute;me pro v&aacute;s pr&aacute;v\u011b nic vhodn&eacute;ho? V tom p\u0159&iacute;pad\u011b se budeme t\u011b&scaron;it na \u017e&aacute;dost z va&scaron;&iacute; strany.<\/p>\n\t\t\n\t\t\t\t\t\t<\/div>\n\t\t\t\t<\/div>\n\t\t\t\t\t<\/div>\n\t\t<\/div>\n\t\t\t\t<div class=\"elementor-column elementor-col-25 elementor-inner-column elementor-element elementor-element-6c96c687\" data-id=\"6c96c687\" data-element_type=\"column\">\n\t\t\t<div class=\"elementor-widget-wrap elementor-element-populated\">\n\t\t\t\t\t\t<div class=\"elementor-element elementor-element-2147637a elementor-widget elementor-widget-ha-step-flow happy-addon ha-step-flow\" data-id=\"2147637a\" data-element_type=\"widget\" data-widget_type=\"ha-step-flow.default\">\n\t\t\t\t<div class=\"elementor-widget-container\">\n\t\t\t\t\t\n\t\t<div class=\"ha-steps-icon\">\n\t\t\t\t\t\t\t<span class=\"ha-step-arrow\"><\/span>\n\t\t\t\n\t\t\t<i class=\"hm hm-user-check\"><\/i>\n\t\t\t\t\t\t\t<span class=\"ha-steps-label\">2. krok<\/span>\n\t\t\t\t\t<\/div>\n\n\t\t<h2 class=\"ha-steps-title\">V&yacute;b\u011brov&eacute; \u0159&iacute;zen&iacute;<\/h2>\n\t\t\t\t\t<p class=\"ha-step-description\">Podrobn\u011b prov\u011b\u0159&iacute;me v&scaron;echny p\u0159&iacute;choz&iacute; \u017e&aacute;dosti, co\u017e m\u016f\u017ee trvat maxim&aacute;ln\u011b t&yacute;den. N&aacute;sledn\u011b v&aacute;s budeme telefonicky \u010di e-mailem kontaktovat.<\/p>\n\t\t\n\t\t\t\t\t\t<\/div>\n\t\t\t\t<\/div>\n\t\t\t\t\t<\/div>\n\t\t<\/div>\n\t\t\t\t<div class=\"elementor-column elementor-col-25 elementor-inner-column elementor-element elementor-element-3e53cf38\" data-id=\"3e53cf38\" data-element_type=\"column\">\n\t\t\t<div class=\"elementor-widget-wrap elementor-element-populated\">\n\t\t\t\t\t\t<div class=\"elementor-element elementor-element-3f895dab elementor-widget elementor-widget-ha-step-flow happy-addon ha-step-flow\" data-id=\"3f895dab\" data-element_type=\"widget\" data-widget_type=\"ha-step-flow.default\">\n\t\t\t\t<div class=\"elementor-widget-container\">\n\t\t\t\t\t\n\t\t<div class=\"ha-steps-icon\">\n\t\t\t\t\t\t\t<span class=\"ha-step-arrow\"><\/span>\n\t\t\t\n\t\t\t<i class=\"hm hm-chat-bubble1\"><\/i>\n\t\t\t\t\t\t\t<span class=\"ha-steps-label\">3. krok<\/span>\n\t\t\t\t\t<\/div>\n\n\t\t<h2 class=\"ha-steps-title\">P\u0159ij&iacute;mac&iacute; pohovor<\/h2>\n\t\t\t\t\t<p class=\"ha-step-description\">Bude-li n&aacute;m v&aacute;&scaron; profil vyhovovat, r&aacute;di v&aacute;s osobn\u011b pozn&aacute;me. Ve v\u011bt&scaron;in\u011b p\u0159&iacute;pad\u016f m&aacute;me dv\u011b kola rozhovor\u016f &ndash; podrobnosti se dozv&iacute;te osobn\u011b u n&aacute;s.<\/p>\n\t\t\n\t\t\t\t\t\t<\/div>\n\t\t\t\t<\/div>\n\t\t\t\t\t<\/div>\n\t\t<\/div>\n\t\t\t\t<div class=\"elementor-column elementor-col-25 elementor-inner-column elementor-element elementor-element-4034dd31\" data-id=\"4034dd31\" data-element_type=\"column\">\n\t\t\t<div class=\"elementor-widget-wrap elementor-element-populated\">\n\t\t\t\t\t\t<div class=\"elementor-element elementor-element-61db7d3d elementor-widget elementor-widget-ha-step-flow happy-addon ha-step-flow\" data-id=\"61db7d3d\" data-element_type=\"widget\" data-widget_type=\"ha-step-flow.default\">\n\t\t\t\t<div class=\"elementor-widget-container\">\n\t\t\t\t\t\n\t\t<div class=\"ha-steps-icon\">\n\t\t\t\n\t\t\t<i class=\"hm hm-heart-beat\"><\/i>\n\t\t\t\t\t\t\t<span class=\"ha-steps-label\">4. krok<\/span>\n\t\t\t\t\t<\/div>\n\n\t\t<h2 class=\"ha-steps-title\">Za\u010dn\u011bte pracovat v #teamMPG<\/h2>\n\t\t\t\t\t<p class=\"ha-step-description\">Pokud to bude vyhovovat ob\u011bma stran&aacute;m, obdr\u017e&iacute;te od n&aacute;s nab&iacute;dku pracovn&iacute;ho m&iacute;sta. V&iacute;t&aacute;me v&aacute;s v #teamMPG!<\/p>\n\t\t\n\t\t\t\t\t\t<\/div>\n\t\t\t\t<\/div>\n\t\t\t\t\t<\/div>\n\t\t<\/div>\n\t\t\t\t\t<\/div>\n\t\t<\/section>\n\t\t\t\t\t<\/div>\n\t\t<\/div>\n\t\t\t\t\t<\/div>\n\t\t<\/section>\n\t\t\t\t<\/div>\n\t\t","protected":false},"excerpt":{"rendered":"<p>Hled&aacute;me pr&aacute;v\u011b v&aacute;s Voln&aacute; pracovn&iacute; m&iacute;sta a \u017e&aacute;dosti o m&iacute;sto Title Location Country Employment Pr&aacute;v\u011b te\u010f pro v&aacute;s nem&aacute;me vhodnou pracovn&iacute; pozici, cht\u011bli byste se v&scaron;ak st&aacute;t sou\u010d&aacute;st&iacute; #teamMPG? \u017d&aacute;dn&yacute; probl&eacute;m! V&aacute;\u017e&iacute;me si iniciativn&iacute;ch lid&iacute; &ndash; za&scaron;lete n&aacute;m svou \u017e&aacute;dost s p\u0159edstavou profilu pracovn&iacute;ho m&iacute;sta. T\u011b&scaron;&iacute;me se! Poslat \u017e&aacute;dost nyn&iacute; Jak se st&aacute;t sou\u010d&aacute;st&iacute; #teamMPG [&hellip;]<\/p>\n","protected":false},"author":1,"featured_media":0,"parent":0,"menu_order":0,"comment_status":"closed","ping_status":"closed","template":"","meta":{"footnotes":""},"class_list":["post-3962","page","type-page","status-publish","hentry"],"yoast_head":"<!-- This site is optimized with the Yoast SEO plugin v21.8 - https:\/\/yoast.com\/wordpress\/plugins\/seo\/ -->\n<title>Voln&aacute; pracovn&iacute; m&iacute;sta - MPG - The Eyewear Company<\/title>\n<meta name=\"description\" content=\"Objevte vhodn\u00e9 pracovn\u00ed m\u00edsto v #teamMPG a po\u0161lete \u017e\u00e1dost nyn\u00ed! T\u011b\u0161\u00edme se i na va\u0161i \u017e\u00e1dost s p\u0159edstavou profilu va\u0161eho pracovn\u00edho m\u00edsta.\" \/>\n<meta name=\"robots\" content=\"index, follow, max-snippet:-1, max-image-preview:large, max-video-preview:-1\" \/>\n<link rel=\"canonical\" href=\"https:\/\/mpg-eyewear.com\/cs\/voln-pracovn-msta\/\" \/>\n<meta property=\"og:locale\" content=\"en_US\" \/>\n<meta property=\"og:type\" content=\"article\" \/>\n<meta property=\"og:title\" content=\"Voln&aacute; pracovn&iacute; m&iacute;sta - MPG - The Eyewear Company\" \/>\n<meta property=\"og:description\" content=\"Objevte vhodn\u00e9 pracovn\u00ed m\u00edsto v #teamMPG a po\u0161lete \u017e\u00e1dost nyn\u00ed! T\u011b\u0161\u00edme se i na va\u0161i \u017e\u00e1dost s p\u0159edstavou profilu va\u0161eho pracovn\u00edho m\u00edsta.\" \/>\n<meta property=\"og:url\" content=\"https:\/\/mpg-eyewear.com\/cs\/voln-pracovn-msta\/\" \/>\n<meta property=\"og:site_name\" content=\"MPG - The Eyewear Company\" \/>\n<meta property=\"article:modified_time\" content=\"2023-01-10T07:49:13+00:00\" \/>\n<meta name=\"twitter:card\" content=\"summary_large_image\" \/>\n<meta name=\"twitter:label1\" content=\"Est. reading time\" \/>\n\t<meta name=\"twitter:data1\" content=\"2 minutes\" \/>\n<script type=\"application\/ld+json\" class=\"yoast-schema-graph\">{\"@context\":\"https:\/\/schema.org\",\"@graph\":[{\"@type\":\"WebPage\",\"@id\":\"https:\/\/mpg-eyewear.com\/cs\/voln-pracovn-msta\/\",\"url\":\"https:\/\/mpg-eyewear.com\/cs\/voln-pracovn-msta\/\",\"name\":\"Voln&aacute; pracovn&iacute; m&iacute;sta - MPG - The Eyewear Company\",\"isPartOf\":{\"@id\":\"https:\/\/mpg-eyewear.com\/cs\/#website\"},\"datePublished\":\"2022-07-08T07:51:57+00:00\",\"dateModified\":\"2023-01-10T07:49:13+00:00\",\"description\":\"Objevte vhodn\u00e9 pracovn\u00ed m\u00edsto v #teamMPG a po\u0161lete \u017e\u00e1dost nyn\u00ed! T\u011b\u0161\u00edme se i na va\u0161i \u017e\u00e1dost s p\u0159edstavou profilu va\u0161eho pracovn\u00edho m\u00edsta.\",\"breadcrumb\":{\"@id\":\"https:\/\/mpg-eyewear.com\/cs\/voln-pracovn-msta\/#breadcrumb\"},\"inLanguage\":\"cz-CZ\",\"potentialAction\":[{\"@type\":\"ReadAction\",\"target\":[\"https:\/\/mpg-eyewear.com\/cs\/voln-pracovn-msta\/\"]}]},{\"@type\":\"BreadcrumbList\",\"@id\":\"https:\/\/mpg-eyewear.com\/cs\/voln-pracovn-msta\/#breadcrumb\",\"itemListElement\":[{\"@type\":\"ListItem\",\"position\":1,\"name\":\"Startseite\",\"item\":\"https:\/\/mpg-eyewear.com\/cs\/\"},{\"@type\":\"ListItem\",\"position\":2,\"name\":\"Voln&aacute; pracovn&iacute; m&iacute;sta\"}]},{\"@type\":\"WebSite\",\"@id\":\"https:\/\/mpg-eyewear.com\/cs\/#website\",\"url\":\"https:\/\/mpg-eyewear.com\/cs\/\",\"name\":\"MPG - The Eyewear Company\",\"description\":\"Creating Perspectives\",\"publisher\":{\"@id\":\"https:\/\/mpg-eyewear.com\/cs\/#organization\"},\"potentialAction\":[{\"@type\":\"SearchAction\",\"target\":{\"@type\":\"EntryPoint\",\"urlTemplate\":\"https:\/\/mpg-eyewear.com\/cs\/?s={search_term_string}\"},\"query-input\":\"required name=search_term_string\"}],\"inLanguage\":\"cz-CZ\"},{\"@type\":\"Organization\",\"@id\":\"https:\/\/mpg-eyewear.com\/cs\/#organization\",\"name\":\"MPG - The Eyewear Company\",\"url\":\"https:\/\/mpg-eyewear.com\/cs\/\",\"logo\":{\"@type\":\"ImageObject\",\"inLanguage\":\"cz-CZ\",\"@id\":\"https:\/\/mpg-eyewear.com\/cs\/#\/schema\/logo\/image\/\",\"url\":\"https:\/\/mpg-eyewear.com\/wp-content\/uploads\/2022\/08\/logo_mpg.png\",\"contentUrl\":\"https:\/\/mpg-eyewear.com\/wp-content\/uploads\/2022\/08\/logo_mpg.png\",\"width\":201,\"height\":127,\"caption\":\"MPG - The Eyewear Company\"},\"image\":{\"@id\":\"https:\/\/mpg-eyewear.com\/cs\/#\/schema\/logo\/image\/\"}}]}<\/script>\n<!-- \/ Yoast SEO plugin. -->","yoast_head_json":{"title":"Voln&aacute; pracovn&iacute; m&iacute;sta - MPG - The Eyewear Company","description":"Objevte vhodn\u00e9 pracovn\u00ed m\u00edsto v #teamMPG a po\u0161lete \u017e\u00e1dost nyn\u00ed! T\u011b\u0161\u00edme se i na va\u0161i \u017e\u00e1dost s p\u0159edstavou profilu va\u0161eho pracovn\u00edho m\u00edsta.","robots":{"index":"index","follow":"follow","max-snippet":"max-snippet:-1","max-image-preview":"max-image-preview:large","max-video-preview":"max-video-preview:-1"},"canonical":"https:\/\/mpg-eyewear.com\/cs\/voln-pracovn-msta\/","og_locale":"en_US","og_type":"article","og_title":"Voln&aacute; pracovn&iacute; m&iacute;sta - MPG - The Eyewear Company","og_description":"Objevte vhodn\u00e9 pracovn\u00ed m\u00edsto v #teamMPG a po\u0161lete \u017e\u00e1dost nyn\u00ed! T\u011b\u0161\u00edme se i na va\u0161i \u017e\u00e1dost s p\u0159edstavou profilu va\u0161eho pracovn\u00edho m\u00edsta.","og_url":"https:\/\/mpg-eyewear.com\/cs\/voln-pracovn-msta\/","og_site_name":"MPG - The Eyewear Company","article_modified_time":"2023-01-10T07:49:13+00:00","twitter_card":"summary_large_image","twitter_misc":{"Est. reading time":"2 minutes"},"schema":{"@context":"https:\/\/schema.org","@graph":[{"@type":"WebPage","@id":"https:\/\/mpg-eyewear.com\/cs\/voln-pracovn-msta\/","url":"https:\/\/mpg-eyewear.com\/cs\/voln-pracovn-msta\/","name":"Voln&aacute; pracovn&iacute; m&iacute;sta - MPG - The Eyewear Company","isPartOf":{"@id":"https:\/\/mpg-eyewear.com\/cs\/#website"},"datePublished":"2022-07-08T07:51:57+00:00","dateModified":"2023-01-10T07:49:13+00:00","description":"Objevte vhodn\u00e9 pracovn\u00ed m\u00edsto v #teamMPG a po\u0161lete \u017e\u00e1dost nyn\u00ed! T\u011b\u0161\u00edme se i na va\u0161i \u017e\u00e1dost s p\u0159edstavou profilu va\u0161eho pracovn\u00edho m\u00edsta.","breadcrumb":{"@id":"https:\/\/mpg-eyewear.com\/cs\/voln-pracovn-msta\/#breadcrumb"},"inLanguage":"cz-CZ","potentialAction":[{"@type":"ReadAction","target":["https:\/\/mpg-eyewear.com\/cs\/voln-pracovn-msta\/"]}]},{"@type":"BreadcrumbList","@id":"https:\/\/mpg-eyewear.com\/cs\/voln-pracovn-msta\/#breadcrumb","itemListElement":[{"@type":"ListItem","position":1,"name":"Startseite","item":"https:\/\/mpg-eyewear.com\/cs\/"},{"@type":"ListItem","position":2,"name":"Voln&aacute; pracovn&iacute; m&iacute;sta"}]},{"@type":"WebSite","@id":"https:\/\/mpg-eyewear.com\/cs\/#website","url":"https:\/\/mpg-eyewear.com\/cs\/","name":"MPG - The Eyewear Company","description":"Creating Perspectives","publisher":{"@id":"https:\/\/mpg-eyewear.com\/cs\/#organization"},"potentialAction":[{"@type":"SearchAction","target":{"@type":"EntryPoint","urlTemplate":"https:\/\/mpg-eyewear.com\/cs\/?s={search_term_string}"},"query-input":"required name=search_term_string"}],"inLanguage":"cz-CZ"},{"@type":"Organization","@id":"https:\/\/mpg-eyewear.com\/cs\/#organization","name":"MPG - The Eyewear Company","url":"https:\/\/mpg-eyewear.com\/cs\/","logo":{"@type":"ImageObject","inLanguage":"cz-CZ","@id":"https:\/\/mpg-eyewear.com\/cs\/#\/schema\/logo\/image\/","url":"https:\/\/mpg-eyewear.com\/wp-content\/uploads\/2022\/08\/logo_mpg.png","contentUrl":"https:\/\/mpg-eyewear.com\/wp-content\/uploads\/2022\/08\/logo_mpg.png","width":201,"height":127,"caption":"MPG - The Eyewear Company"},"image":{"@id":"https:\/\/mpg-eyewear.com\/cs\/#\/schema\/logo\/image\/"}}]}},"_links":{"self":[{"href":"https:\/\/mpg-eyewear.com\/cs\/wp-json\/wp\/v2\/pages\/3962","targetHints":{"allow":["GET"]}}],"collection":[{"href":"https:\/\/mpg-eyewear.com\/cs\/wp-json\/wp\/v2\/pages"}],"about":[{"href":"https:\/\/mpg-eyewear.com\/cs\/wp-json\/wp\/v2\/types\/page"}],"author":[{"embeddable":true,"href":"https:\/\/mpg-eyewear.com\/cs\/wp-json\/wp\/v2\/users\/1"}],"replies":[{"embeddable":true,"href":"https:\/\/mpg-eyewear.com\/cs\/wp-json\/wp\/v2\/comments?post=3962"}],"version-history":[{"count":2,"href":"https:\/\/mpg-eyewear.com\/cs\/wp-json\/wp\/v2\/pages\/3962\/revisions"}],"predecessor-version":[{"id":3967,"href":"https:\/\/mpg-eyewear.com\/cs\/wp-json\/wp\/v2\/pages\/3962\/revisions\/3967"}],"wp:attachment":[{"href":"https:\/\/mpg-eyewear.com\/cs\/wp-json\/wp\/v2\/media?parent=3962"}],"curies":[{"name":"wp","href":"https:\/\/api.w.org\/{rel}","templated":true}]}}