{"id":3954,"date":"2022-08-05T13:18:25","date_gmt":"2022-08-05T11:18:25","guid":{"rendered":"https:\/\/mpg-eyewear.com\/mpg-the-eyewear-company\/"},"modified":"2023-01-27T12:29:10","modified_gmt":"2023-01-27T11:29:10","slug":"mpg-the-eyewear-company","status":"publish","type":"page","link":"https:\/\/mpg-eyewear.com\/cs\/","title":{"rendered":"MPG &ndash; The eyewear company"},"content":{"rendered":"\t\t<div data-elementor-type=\"wp-post\" data-elementor-id=\"3954\" class=\"elementor elementor-3954 elementor-24\" data-elementor-settings=\"{&quot;ha_cmc_init_switcher&quot;:&quot;no&quot;}\" data-elementor-post-type=\"page\">\n\t\t\t\t\t\t<section class=\"elementor-section elementor-top-section elementor-element elementor-element-43e510b elementor-section-full_width elementor-section-height-full elementor-section-height-default elementor-section-items-middle\" data-id=\"43e510b\" data-element_type=\"section\" data-settings=\"{&quot;background_background&quot;:&quot;video&quot;,&quot;background_video_link&quot;:&quot;https:\\\/\\\/youtu.be\\\/v6vuIvpdAQo&quot;,&quot;background_play_on_mobile&quot;:&quot;yes&quot;,&quot;_ha_eqh_enable&quot;:false}\">\n\t\t\t\t\t\t\t\t<div class=\"elementor-background-video-container\" aria-hidden=\"true\">\n\t\t\t\t\t\t\t\t\t\t\t\t\t<div class=\"elementor-background-video-embed\"><\/div>\n\t\t\t\t\t\t\t\t\t\t\t\t<\/div>\n\t\t\t\t\t\t\t\t\t<div class=\"elementor-background-overlay\"><\/div>\n\t\t\t\t\t\t\t<div class=\"elementor-container elementor-column-gap-default\">\n\t\t\t\t\t<div class=\"elementor-column elementor-col-100 elementor-top-column elementor-element elementor-element-1faafbd\" data-id=\"1faafbd\" data-element_type=\"column\">\n\t\t\t<div class=\"elementor-widget-wrap elementor-element-populated\">\n\t\t\t\t\t\t<div class=\"elementor-element elementor-element-9f8155a elementor-widget elementor-widget-heading\" data-id=\"9f8155a\" data-element_type=\"widget\" data-widget_type=\"heading.default\">\n\t\t\t\t<div class=\"elementor-widget-container\">\n\t\t\t\t\t<h1 class=\"elementor-heading-title elementor-size-default\">D\u011bl&aacute;me v&scaron;e <br> pro optiku<\/h1>\t\t\t\t<\/div>\n\t\t\t\t<\/div>\n\t\t\t\t<div class=\"elementor-element elementor-element-5ba7f1d elementor-widget elementor-widget-heading\" data-id=\"5ba7f1d\" data-element_type=\"widget\" data-widget_type=\"heading.default\">\n\t\t\t\t<div class=\"elementor-widget-container\">\n\t\t\t\t\t<h2 class=\"elementor-heading-title elementor-size-default\">Vid\u011bn&iacute; je n&aacute;&scaron; \u017eivot<\/h2>\t\t\t\t<\/div>\n\t\t\t\t<\/div>\n\t\t\t\t<div class=\"elementor-element elementor-element-e5c6bb7 elementor-align-left elementor-mobile-align-center elementor-widget elementor-widget-button\" data-id=\"e5c6bb7\" data-element_type=\"widget\" data-widget_type=\"button.default\">\n\t\t\t\t<div class=\"elementor-widget-container\">\n\t\t\t\t\t\t\t\t\t<div class=\"elementor-button-wrapper\">\n\t\t\t\t\t<a class=\"elementor-button elementor-button-link elementor-size-sm\" href=\"https:\/\/mpg-eyewear.com\/cs\/kolekce-mpg\/\">\n\t\t\t\t\t\t<span class=\"elementor-button-content-wrapper\">\n\t\t\t\t\t\t\t\t\t<span class=\"elementor-button-text\">Kolekce<\/span>\n\t\t\t\t\t<\/span>\n\t\t\t\t\t<\/a>\n\t\t\t\t<\/div>\n\t\t\t\t\t\t\t\t<\/div>\n\t\t\t\t<\/div>\n\t\t\t\t\t<\/div>\n\t\t<\/div>\n\t\t\t\t\t<\/div>\n\t\t<\/section>\n\t\t\t\t<section class=\"elementor-section elementor-top-section elementor-element elementor-element-6129cc5 elementor-section-content-middle elementor-section-boxed elementor-section-height-default elementor-section-height-default\" data-id=\"6129cc5\" data-element_type=\"section\" data-settings=\"{&quot;_ha_eqh_enable&quot;:false}\">\n\t\t\t\t\t\t<div class=\"elementor-container elementor-column-gap-extended\">\n\t\t\t\t\t<div class=\"elementor-column elementor-col-100 elementor-top-column elementor-element elementor-element-dec49e7\" data-id=\"dec49e7\" data-element_type=\"column\">\n\t\t\t<div class=\"elementor-widget-wrap elementor-element-populated\">\n\t\t\t\t\t\t<div class=\"elementor-element elementor-element-db316f9 elementor-testimonial--skin-default elementor-testimonial--layout-image_inline elementor-testimonial--align-center elementor-widget elementor-widget-testimonial-carousel\" data-id=\"db316f9\" data-element_type=\"widget\" data-settings=\"{&quot;slides_per_view&quot;:&quot;3&quot;,&quot;space_between&quot;:{&quot;unit&quot;:&quot;px&quot;,&quot;size&quot;:17,&quot;sizes&quot;:[]},&quot;autoplay_speed&quot;:1500,&quot;speed&quot;:500,&quot;autoplay&quot;:&quot;yes&quot;,&quot;loop&quot;:&quot;yes&quot;,&quot;pause_on_hover&quot;:&quot;yes&quot;,&quot;pause_on_interaction&quot;:&quot;yes&quot;,&quot;space_between_tablet&quot;:{&quot;unit&quot;:&quot;px&quot;,&quot;size&quot;:10,&quot;sizes&quot;:[]},&quot;space_between_mobile&quot;:{&quot;unit&quot;:&quot;px&quot;,&quot;size&quot;:10,&quot;sizes&quot;:[]}}\" data-widget_type=\"testimonial-carousel.default\">\n\t\t\t\t<div class=\"elementor-widget-container\">\n\t\t\t\t\t\t\t\t\t<div class=\"elementor-swiper\">\n\t\t\t\t\t<div class=\"elementor-main-swiper swiper\" role=\"region\" aria-roledescription=\"carousel\" aria-label=\"Slides\">\n\t\t\t\t<div class=\"swiper-wrapper\">\n\t\t\t\t\t\t\t\t\t\t\t<div class=\"swiper-slide\" role=\"group\" aria-roledescription=\"slide\">\n\t\t\t\t\t\t\t\t\t<div class=\"elementor-testimonial\">\n\t\t\t\t\t\t\t<div class=\"elementor-testimonial__content\">\n\t\t\t\t\t<div class=\"elementor-testimonial__text\">\n\t\t\t\t\t\t<p><a href=\"mpg_2022\/das-unternehmen\/\"><span class=\"linkholder\"><\/span><\/a><\/p>\n\t\t\t\t\t<\/div>\n\t\t\t\t\t\t\t\t\t<\/div>\n\t\t\t\t\t\t<div class=\"elementor-testimonial__footer\">\n\t\t\t\t\t\t\t\t\t<div class=\"elementor-testimonial__image\">\n\t\t\t\t\t\t<img decoding=\"async\" src=\"https:\/\/mpg-eyewear.com\/wp-content\/uploads\/2022\/11\/Unternehmen.jpg\" alt=\"Spole\u010dnost\">\n\t\t\t\t\t\t\t\t\t\t\t<\/div>\n\t\t\t\t\t\t\t\t<cite class=\"elementor-testimonial__cite\"><span class=\"elementor-testimonial__name\">Spole\u010dnost<\/span><span class=\"elementor-testimonial__title\"><a href=\"mpg_2022\/das-unternehmen\/\" style=\"color:white\">Zjistit v&iacute;ce<\/a><\/span><\/cite>\t\t\t<\/div>\n\t\t<\/div>\n\t\t\t\t\t\t\t\t<\/div>\n\t\t\t\t\t\t\t\t\t\t\t<div class=\"swiper-slide\" role=\"group\" aria-roledescription=\"slide\">\n\t\t\t\t\t\t\t\t\t<div class=\"elementor-testimonial\">\n\t\t\t\t\t\t\t<div class=\"elementor-testimonial__content\">\n\t\t\t\t\t<div class=\"elementor-testimonial__text\">\n\t\t\t\t\t\t<p><a href=\"https:\/\/mpg-eyewear.com\/cs\/tm-mpg\/\"><span class=\"linkholder\"><\/span><\/a><\/p>\n\t\t\t\t\t<\/div>\n\t\t\t\t\t\t\t\t\t<\/div>\n\t\t\t\t\t\t<div class=\"elementor-testimonial__footer\">\n\t\t\t\t\t\t\t\t\t<div class=\"elementor-testimonial__image\">\n\t\t\t\t\t\t<img decoding=\"async\" src=\"https:\/\/mpg-eyewear.com\/wp-content\/uploads\/2022\/11\/Karriere.jpg\" alt=\"Kari&eacute;ra\">\n\t\t\t\t\t\t\t\t\t\t\t<\/div>\n\t\t\t\t\t\t\t\t<cite class=\"elementor-testimonial__cite\"><span class=\"elementor-testimonial__name\">Kari&eacute;ra<\/span><span class=\"elementor-testimonial__title\"><a href=\"mpg_2022\/tm-mpg\/\" style=\"color:white\">Zjistit v&iacute;ce<\/a><\/span><\/cite>\t\t\t<\/div>\n\t\t<\/div>\n\t\t\t\t\t\t\t\t<\/div>\n\t\t\t\t\t\t\t\t\t\t\t<div class=\"swiper-slide\" role=\"group\" aria-roledescription=\"slide\">\n\t\t\t\t\t\t\t\t\t<div class=\"elementor-testimonial\">\n\t\t\t\t\t\t\t<div class=\"elementor-testimonial__content\">\n\t\t\t\t\t<div class=\"elementor-testimonial__text\">\n\t\t\t\t\t\t<p><a href=\"https:\/\/mpg-eyewear.com\/cs\/kolekce-mpg\/\"><span class=\"linkholder\"><\/span><\/a><\/p>\n\t\t\t\t\t<\/div>\n\t\t\t\t\t\t\t\t\t<\/div>\n\t\t\t\t\t\t<div class=\"elementor-testimonial__footer\">\n\t\t\t\t\t\t\t\t\t<div class=\"elementor-testimonial__image\">\n\t\t\t\t\t\t<img decoding=\"async\" src=\"https:\/\/mpg-eyewear.com\/wp-content\/uploads\/2022\/11\/Brillen.jpg\" alt=\"Br&yacute;le\">\n\t\t\t\t\t\t\t\t\t\t\t<\/div>\n\t\t\t\t\t\t\t\t<cite class=\"elementor-testimonial__cite\"><span class=\"elementor-testimonial__name\">Br&yacute;le<\/span><span class=\"elementor-testimonial__title\"><a href=\"mpg_2022\/kolekce-mpg\/\" style=\"color:white\">Zjistit v&iacute;ce<\/a><\/span><\/cite>\t\t\t<\/div>\n\t\t<\/div>\n\t\t\t\t\t\t\t\t<\/div>\n\t\t\t\t\t\t\t\t\t\t\t<div class=\"swiper-slide\" role=\"group\" aria-roledescription=\"slide\">\n\t\t\t\t\t\t\t\t\t<div class=\"elementor-testimonial\">\n\t\t\t\t\t\t\t<div class=\"elementor-testimonial__content\">\n\t\t\t\t\t<div class=\"elementor-testimonial__text\">\n\t\t\t\t\t\t<p><a href=\"https:\/\/mpg-eyewear.com\/cs\/maloobchodn-prodej-mpg\/\"><span class=\"linkholder\"><\/span><\/a><\/p>\n\t\t\t\t\t<\/div>\n\t\t\t\t\t\t\t\t\t<\/div>\n\t\t\t\t\t\t<div class=\"elementor-testimonial__footer\">\n\t\t\t\t\t\t\t\t\t<div class=\"elementor-testimonial__image\">\n\t\t\t\t\t\t<img decoding=\"async\" src=\"https:\/\/mpg-eyewear.com\/wp-content\/uploads\/2022\/11\/Retail.jpg\" alt=\"Maloobchod\">\n\t\t\t\t\t\t\t\t\t\t\t<\/div>\n\t\t\t\t\t\t\t\t<cite class=\"elementor-testimonial__cite\"><span class=\"elementor-testimonial__name\">Maloobchod<\/span><span class=\"elementor-testimonial__title\"><a href=\"mpg_2022\/maloobchodn-prodej-mpg\/\" style=\"color:white\">Zjistit v&iacute;ce<\/a><\/span><\/cite>\t\t\t<\/div>\n\t\t<\/div>\n\t\t\t\t\t\t\t\t<\/div>\n\t\t\t\t\t\t\t\t\t\t\t<div class=\"swiper-slide\" role=\"group\" aria-roledescription=\"slide\">\n\t\t\t\t\t\t\t\t\t<div class=\"elementor-testimonial\">\n\t\t\t\t\t\t\t<div class=\"elementor-testimonial__content\">\n\t\t\t\t\t<div class=\"elementor-testimonial__text\">\n\t\t\t\t\t\t<p><a href=\"https:\/\/mpg-eyewear.com\/cs\/mpg-healthcare\/\"><span class=\"linkholder\"><\/span><\/a><\/p>\n\t\t\t\t\t<\/div>\n\t\t\t\t\t\t\t\t\t<\/div>\n\t\t\t\t\t\t<div class=\"elementor-testimonial__footer\">\n\t\t\t\t\t\t\t\t\t<div class=\"elementor-testimonial__image\">\n\t\t\t\t\t\t<img decoding=\"async\" src=\"https:\/\/mpg-eyewear.com\/wp-content\/uploads\/2022\/08\/Kacheln_Healthcare_WEB.jpg\" alt=\"Healthcare\">\n\t\t\t\t\t\t\t\t\t\t\t<\/div>\n\t\t\t\t\t\t\t\t<cite class=\"elementor-testimonial__cite\"><span class=\"elementor-testimonial__name\">Healthcare<\/span><span class=\"elementor-testimonial__title\"><a href=\"mpg_2022\/mpg-healthcare\/\" style=\"color:white\">Zjistit v&iacute;ce<\/a><\/span><\/cite>\t\t\t<\/div>\n\t\t<\/div>\n\t\t\t\t\t\t\t\t<\/div>\n\t\t\t\t\t\t\t\t\t\t\t<div class=\"swiper-slide\" role=\"group\" aria-roledescription=\"slide\">\n\t\t\t\t\t\t\t\t\t<div class=\"elementor-testimonial\">\n\t\t\t\t\t\t\t<div class=\"elementor-testimonial__content\">\n\t\t\t\t\t<div class=\"elementor-testimonial__text\">\n\t\t\t\t\t\t<p><a href=\"https:\/\/www.linkedin.com\/company\/mpg-eyewear\/\"><span class=\"linkholder\"><\/span><\/a><\/p>\n\t\t\t\t\t<\/div>\n\t\t\t\t\t\t\t\t\t<\/div>\n\t\t\t\t\t\t<div class=\"elementor-testimonial__footer\">\n\t\t\t\t\t\t\t\t\t<div class=\"elementor-testimonial__image\">\n\t\t\t\t\t\t<img decoding=\"async\" src=\"https:\/\/mpg-eyewear.com\/wp-content\/uploads\/2022\/11\/News.jpg\" alt=\"Novinky\">\n\t\t\t\t\t\t\t\t\t\t\t<\/div>\n\t\t\t\t\t\t\t\t<cite class=\"elementor-testimonial__cite\"><span class=\"elementor-testimonial__name\">Novinky<\/span><span class=\"elementor-testimonial__title\"><a href=\"https:\/\/www.linkedin.com\/company\/mpg-eyewear\/\" style=\"color:white\">Zjistit v&iacute;ce<\/a><\/span><\/cite>\t\t\t<\/div>\n\t\t<\/div>\n\t\t\t\t\t\t\t\t<\/div>\n\t\t\t\t\t\t\t\t\t<\/div>\n\t\t\t\t\t\t\t\t\t\t\t\t\t\t\t\t\t\t\t\t\t<\/div>\n\t\t\t\t<\/div>\n\t\t\t\t\t\t\t\t<\/div>\n\t\t\t\t<\/div>\n\t\t\t\t\t<\/div>\n\t\t<\/div>\n\t\t\t\t\t<\/div>\n\t\t<\/section>\n\t\t\t\t<\/div>\n\t\t","protected":false},"excerpt":{"rendered":"<p>D\u011bl&aacute;me v&scaron;e pro optiku Vid\u011bn&iacute; je n&aacute;&scaron; \u017eivot Kolekce Spole\u010dnostZjistit v&iacute;ce Kari&eacute;raZjistit v&iacute;ce Br&yacute;leZjistit v&iacute;ce MaloobchodZjistit v&iacute;ce HealthcareZjistit v&iacute;ce NovinkyZjistit v&iacute;ce<\/p>\n","protected":false},"author":1,"featured_media":0,"parent":0,"menu_order":0,"comment_status":"closed","ping_status":"closed","template":"","meta":{"footnotes":""},"class_list":["post-3954","page","type-page","status-publish","hentry"],"yoast_head":"<!-- This site is optimized with the Yoast SEO plugin v21.8 - https:\/\/yoast.com\/wordpress\/plugins\/seo\/ -->\n<title>MPG GmbH \u2013 The Eyewear Company<\/title>\n<meta name=\"description\" content=\"MPG je vlastn\u00edky \u0159\u00edzen\u00e1 skupina spole\u010dnost\u00ed se zam\u011b\u0159en\u00edm na o\u010dn\u00ed optiku. Dod\u00e1v\u00e1me br\u00fdle a optick\u00e9 \u010do\u010dky z\u00e1kazn\u00edk\u016fm B2B a B2C.\" \/>\n<meta name=\"robots\" content=\"index, follow, max-snippet:-1, max-image-preview:large, max-video-preview:-1\" \/>\n<link rel=\"canonical\" href=\"https:\/\/mpg-eyewear.com\/cs\/\" \/>\n<meta property=\"og:locale\" content=\"en_US\" \/>\n<meta property=\"og:type\" content=\"article\" \/>\n<meta property=\"og:title\" content=\"MPG GmbH \u2013 The Eyewear Company\" \/>\n<meta property=\"og:description\" content=\"MPG je vlastn\u00edky \u0159\u00edzen\u00e1 skupina spole\u010dnost\u00ed se zam\u011b\u0159en\u00edm na o\u010dn\u00ed optiku. Dod\u00e1v\u00e1me br\u00fdle a optick\u00e9 \u010do\u010dky z\u00e1kazn\u00edk\u016fm B2B a B2C.\" \/>\n<meta property=\"og:url\" content=\"https:\/\/mpg-eyewear.com\/cs\/\" \/>\n<meta property=\"og:site_name\" content=\"MPG - The Eyewear Company\" \/>\n<meta property=\"article:modified_time\" content=\"2023-01-27T11:29:10+00:00\" \/>\n<meta property=\"og:image\" content=\"https:\/\/mpg-eyewear.com\/wp-content\/uploads\/2022\/11\/Unternehmen.jpg\" \/>\n<meta name=\"twitter:card\" content=\"summary_large_image\" \/>\n<meta name=\"twitter:label1\" content=\"Est. reading time\" \/>\n\t<meta name=\"twitter:data1\" content=\"2 minutes\" \/>\n<script type=\"application\/ld+json\" class=\"yoast-schema-graph\">{\"@context\":\"https:\/\/schema.org\",\"@graph\":[{\"@type\":\"WebPage\",\"@id\":\"https:\/\/mpg-eyewear.com\/cs\/\",\"url\":\"https:\/\/mpg-eyewear.com\/cs\/\",\"name\":\"MPG GmbH \u2013 The Eyewear Company\",\"isPartOf\":{\"@id\":\"https:\/\/mpg-eyewear.com\/cs\/#website\"},\"datePublished\":\"2022-08-05T11:18:25+00:00\",\"dateModified\":\"2023-01-27T11:29:10+00:00\",\"description\":\"MPG je vlastn\u00edky \u0159\u00edzen\u00e1 skupina spole\u010dnost\u00ed se zam\u011b\u0159en\u00edm na o\u010dn\u00ed optiku. Dod\u00e1v\u00e1me br\u00fdle a optick\u00e9 \u010do\u010dky z\u00e1kazn\u00edk\u016fm B2B a B2C.\",\"breadcrumb\":{\"@id\":\"https:\/\/mpg-eyewear.com\/cs\/#breadcrumb\"},\"inLanguage\":\"cz-CZ\",\"potentialAction\":[{\"@type\":\"ReadAction\",\"target\":[\"https:\/\/mpg-eyewear.com\/cs\/\"]}]},{\"@type\":\"BreadcrumbList\",\"@id\":\"https:\/\/mpg-eyewear.com\/cs\/#breadcrumb\",\"itemListElement\":[{\"@type\":\"ListItem\",\"position\":1,\"name\":\"Startseite\",\"item\":\"https:\/\/mpg-eyewear.com\/cs\/\"},{\"@type\":\"ListItem\",\"position\":2,\"name\":\"MPG &ndash; The eyewear company\"}]},{\"@type\":\"WebSite\",\"@id\":\"https:\/\/mpg-eyewear.com\/cs\/#website\",\"url\":\"https:\/\/mpg-eyewear.com\/cs\/\",\"name\":\"MPG - The Eyewear Company\",\"description\":\"Creating Perspectives\",\"publisher\":{\"@id\":\"https:\/\/mpg-eyewear.com\/cs\/#organization\"},\"potentialAction\":[{\"@type\":\"SearchAction\",\"target\":{\"@type\":\"EntryPoint\",\"urlTemplate\":\"https:\/\/mpg-eyewear.com\/cs\/?s={search_term_string}\"},\"query-input\":\"required name=search_term_string\"}],\"inLanguage\":\"cz-CZ\"},{\"@type\":\"Organization\",\"@id\":\"https:\/\/mpg-eyewear.com\/cs\/#organization\",\"name\":\"MPG - The Eyewear Company\",\"url\":\"https:\/\/mpg-eyewear.com\/cs\/\",\"logo\":{\"@type\":\"ImageObject\",\"inLanguage\":\"cz-CZ\",\"@id\":\"https:\/\/mpg-eyewear.com\/cs\/#\/schema\/logo\/image\/\",\"url\":\"https:\/\/mpg-eyewear.com\/wp-content\/uploads\/2022\/08\/logo_mpg.png\",\"contentUrl\":\"https:\/\/mpg-eyewear.com\/wp-content\/uploads\/2022\/08\/logo_mpg.png\",\"width\":201,\"height\":127,\"caption\":\"MPG - The Eyewear Company\"},\"image\":{\"@id\":\"https:\/\/mpg-eyewear.com\/cs\/#\/schema\/logo\/image\/\"}}]}<\/script>\n<!-- \/ Yoast SEO plugin. -->","yoast_head_json":{"title":"MPG GmbH \u2013 The Eyewear Company","description":"MPG je vlastn\u00edky \u0159\u00edzen\u00e1 skupina spole\u010dnost\u00ed se zam\u011b\u0159en\u00edm na o\u010dn\u00ed optiku. Dod\u00e1v\u00e1me br\u00fdle a optick\u00e9 \u010do\u010dky z\u00e1kazn\u00edk\u016fm B2B a B2C.","robots":{"index":"index","follow":"follow","max-snippet":"max-snippet:-1","max-image-preview":"max-image-preview:large","max-video-preview":"max-video-preview:-1"},"canonical":"https:\/\/mpg-eyewear.com\/cs\/","og_locale":"en_US","og_type":"article","og_title":"MPG GmbH \u2013 The Eyewear Company","og_description":"MPG je vlastn\u00edky \u0159\u00edzen\u00e1 skupina spole\u010dnost\u00ed se zam\u011b\u0159en\u00edm na o\u010dn\u00ed optiku. Dod\u00e1v\u00e1me br\u00fdle a optick\u00e9 \u010do\u010dky z\u00e1kazn\u00edk\u016fm B2B a B2C.","og_url":"https:\/\/mpg-eyewear.com\/cs\/","og_site_name":"MPG - The Eyewear Company","article_modified_time":"2023-01-27T11:29:10+00:00","og_image":[{"url":"https:\/\/mpg-eyewear.com\/wp-content\/uploads\/2022\/11\/Unternehmen.jpg"}],"twitter_card":"summary_large_image","twitter_misc":{"Est. reading time":"2 minutes"},"schema":{"@context":"https:\/\/schema.org","@graph":[{"@type":"WebPage","@id":"https:\/\/mpg-eyewear.com\/cs\/","url":"https:\/\/mpg-eyewear.com\/cs\/","name":"MPG GmbH \u2013 The Eyewear Company","isPartOf":{"@id":"https:\/\/mpg-eyewear.com\/cs\/#website"},"datePublished":"2022-08-05T11:18:25+00:00","dateModified":"2023-01-27T11:29:10+00:00","description":"MPG je vlastn\u00edky \u0159\u00edzen\u00e1 skupina spole\u010dnost\u00ed se zam\u011b\u0159en\u00edm na o\u010dn\u00ed optiku. Dod\u00e1v\u00e1me br\u00fdle a optick\u00e9 \u010do\u010dky z\u00e1kazn\u00edk\u016fm B2B a B2C.","breadcrumb":{"@id":"https:\/\/mpg-eyewear.com\/cs\/#breadcrumb"},"inLanguage":"cz-CZ","potentialAction":[{"@type":"ReadAction","target":["https:\/\/mpg-eyewear.com\/cs\/"]}]},{"@type":"BreadcrumbList","@id":"https:\/\/mpg-eyewear.com\/cs\/#breadcrumb","itemListElement":[{"@type":"ListItem","position":1,"name":"Startseite","item":"https:\/\/mpg-eyewear.com\/cs\/"},{"@type":"ListItem","position":2,"name":"MPG &ndash; The eyewear company"}]},{"@type":"WebSite","@id":"https:\/\/mpg-eyewear.com\/cs\/#website","url":"https:\/\/mpg-eyewear.com\/cs\/","name":"MPG - The Eyewear Company","description":"Creating Perspectives","publisher":{"@id":"https:\/\/mpg-eyewear.com\/cs\/#organization"},"potentialAction":[{"@type":"SearchAction","target":{"@type":"EntryPoint","urlTemplate":"https:\/\/mpg-eyewear.com\/cs\/?s={search_term_string}"},"query-input":"required name=search_term_string"}],"inLanguage":"cz-CZ"},{"@type":"Organization","@id":"https:\/\/mpg-eyewear.com\/cs\/#organization","name":"MPG - The Eyewear Company","url":"https:\/\/mpg-eyewear.com\/cs\/","logo":{"@type":"ImageObject","inLanguage":"cz-CZ","@id":"https:\/\/mpg-eyewear.com\/cs\/#\/schema\/logo\/image\/","url":"https:\/\/mpg-eyewear.com\/wp-content\/uploads\/2022\/08\/logo_mpg.png","contentUrl":"https:\/\/mpg-eyewear.com\/wp-content\/uploads\/2022\/08\/logo_mpg.png","width":201,"height":127,"caption":"MPG - The Eyewear Company"},"image":{"@id":"https:\/\/mpg-eyewear.com\/cs\/#\/schema\/logo\/image\/"}}]}},"_links":{"self":[{"href":"https:\/\/mpg-eyewear.com\/cs\/wp-json\/wp\/v2\/pages\/3954","targetHints":{"allow":["GET"]}}],"collection":[{"href":"https:\/\/mpg-eyewear.com\/cs\/wp-json\/wp\/v2\/pages"}],"about":[{"href":"https:\/\/mpg-eyewear.com\/cs\/wp-json\/wp\/v2\/types\/page"}],"author":[{"embeddable":true,"href":"https:\/\/mpg-eyewear.com\/cs\/wp-json\/wp\/v2\/users\/1"}],"replies":[{"embeddable":true,"href":"https:\/\/mpg-eyewear.com\/cs\/wp-json\/wp\/v2\/comments?post=3954"}],"version-history":[{"count":5,"href":"https:\/\/mpg-eyewear.com\/cs\/wp-json\/wp\/v2\/pages\/3954\/revisions"}],"predecessor-version":[{"id":5514,"href":"https:\/\/mpg-eyewear.com\/cs\/wp-json\/wp\/v2\/pages\/3954\/revisions\/5514"}],"wp:attachment":[{"href":"https:\/\/mpg-eyewear.com\/cs\/wp-json\/wp\/v2\/media?parent=3954"}],"curies":[{"name":"wp","href":"https:\/\/api.w.org\/{rel}","templated":true}]}}