{"id":3949,"date":"2022-08-22T15:18:16","date_gmt":"2022-08-22T13:18:16","guid":{"rendered":"https:\/\/mpg-eyewear.com\/cocky-mpg\/"},"modified":"2023-01-10T08:49:12","modified_gmt":"2023-01-10T07:49:12","slug":"cocky-mpg","status":"publish","type":"page","link":"https:\/\/mpg-eyewear.com\/cs\/cocky-mpg\/","title":{"rendered":"\u010co\u010dky MPG"},"content":{"rendered":"\t\t<div data-elementor-type=\"wp-post\" data-elementor-id=\"3949\" class=\"elementor elementor-3949 elementor-342\" data-elementor-settings=\"{&quot;ha_cmc_init_switcher&quot;:&quot;no&quot;}\" data-elementor-post-type=\"page\">\n\t\t\t\t\t\t<section class=\"elementor-section elementor-top-section elementor-element elementor-element-43e510b elementor-section-height-full elementor-section-boxed elementor-section-height-default elementor-section-items-middle\" data-id=\"43e510b\" data-element_type=\"section\" data-settings=\"{&quot;background_background&quot;:&quot;classic&quot;,&quot;_ha_eqh_enable&quot;:false}\">\n\t\t\t\t\t\t<div class=\"elementor-container elementor-column-gap-default\">\n\t\t\t\t\t<div class=\"elementor-column elementor-col-100 elementor-top-column elementor-element elementor-element-1faafbd\" data-id=\"1faafbd\" data-element_type=\"column\">\n\t\t\t<div class=\"elementor-widget-wrap elementor-element-populated\">\n\t\t\t\t\t\t<div class=\"elementor-element elementor-element-9f8155a elementor-widget elementor-widget-heading\" data-id=\"9f8155a\" data-element_type=\"widget\" data-widget_type=\"heading.default\">\n\t\t\t\t<div class=\"elementor-widget-container\">\n\t\t\t\t\t<h1 class=\"elementor-heading-title elementor-size-default\">Kvalita <br> p\u0159ed o\u010dima<\/h1>\t\t\t\t<\/div>\n\t\t\t\t<\/div>\n\t\t\t\t<div class=\"elementor-element elementor-element-5ba7f1d elementor-widget elementor-widget-heading\" data-id=\"5ba7f1d\" data-element_type=\"widget\" data-widget_type=\"heading.default\">\n\t\t\t\t<div class=\"elementor-widget-container\">\n\t\t\t\t\t<h2 class=\"elementor-heading-title elementor-size-default\">Optim&aacute;ln&iacute; \u010do\u010dky pro ka\u017ed&eacute;ho<\/h2>\t\t\t\t<\/div>\n\t\t\t\t<\/div>\n\t\t\t\t<div class=\"elementor-element elementor-element-e5c6bb7 elementor-mobile-align-center elementor-widget elementor-widget-button\" data-id=\"e5c6bb7\" data-element_type=\"widget\" data-widget_type=\"button.default\">\n\t\t\t\t<div class=\"elementor-widget-container\">\n\t\t\t\t\t\t\t\t\t<div class=\"elementor-button-wrapper\">\n\t\t\t\t\t<a class=\"elementor-button elementor-button-link elementor-size-sm\" href=\"https:\/\/shop-lenses-de.mpg-eyewear.com\/login?ReturnUrl=%2f\">\n\t\t\t\t\t\t<span class=\"elementor-button-content-wrapper\">\n\t\t\t\t\t\t\t\t\t<span class=\"elementor-button-text\">Do e-shopu<\/span>\n\t\t\t\t\t<\/span>\n\t\t\t\t\t<\/a>\n\t\t\t\t<\/div>\n\t\t\t\t\t\t\t\t<\/div>\n\t\t\t\t<\/div>\n\t\t\t\t\t<\/div>\n\t\t<\/div>\n\t\t\t\t\t<\/div>\n\t\t<\/section>\n\t\t\t\t<section class=\"elementor-section elementor-top-section elementor-element elementor-element-f582596 elementor-section-boxed elementor-section-height-default elementor-section-height-default\" data-id=\"f582596\" data-element_type=\"section\" data-settings=\"{&quot;_ha_eqh_enable&quot;:false}\">\n\t\t\t\t\t\t<div class=\"elementor-container elementor-column-gap-default\">\n\t\t\t\t\t<div class=\"elementor-column elementor-col-50 elementor-top-column elementor-element elementor-element-b97113e\" data-id=\"b97113e\" data-element_type=\"column\">\n\t\t\t<div class=\"elementor-widget-wrap elementor-element-populated\">\n\t\t\t\t\t\t<div class=\"elementor-element elementor-element-5793361 elementor-widget elementor-widget-heading\" data-id=\"5793361\" data-element_type=\"widget\" data-widget_type=\"heading.default\">\n\t\t\t\t<div class=\"elementor-widget-container\">\n\t\t\t\t\t<h2 class=\"elementor-heading-title elementor-size-default\">Inovace ve vid\u011bn&iacute;<\/h2>\t\t\t\t<\/div>\n\t\t\t\t<\/div>\n\t\t\t\t<div class=\"elementor-element elementor-element-f578c8b elementor-widget elementor-widget-text-editor\" data-id=\"f578c8b\" data-element_type=\"widget\" data-widget_type=\"text-editor.default\">\n\t\t\t\t<div class=\"elementor-widget-container\">\n\t\t\t\t\t\t\t\t\t<p>N&aacute;roky na na&scaron;e o\u010di se m\u011bn&iacute;. Od t&eacute; doby co jsme v roce 2001 za\u010dali vyr&aacute;b\u011bt br&yacute;lov&eacute; \u010do\u010dky, neust&aacute;le investujeme do v&yacute;zkumu a v&yacute;voje, abychom je&scaron;t\u011b v&iacute;ce zdokonalili vid\u011bn&iacute;.&nbsp;<\/p>\n<p>Proto nab&iacute;z&iacute;me v&iacute;ce ne\u017e jen jednoohniskov&eacute; \u010do\u010dky na m&iacute;ru, klasick&eacute; v&iacute;ceohniskov&eacute; \u010do\u010dky a &scaron;pi\u010dkov&eacute; progresivn&iacute; \u010do\u010dky.&nbsp;<\/p><p>Vyr&aacute;b&iacute;me \u010do\u010dky pro pr&aacute;ci na po\u010d&iacute;ta\u010di i vysoce specializovan&eacute; \u010do\u010dky pro golf, \u010do\u010dky pro dokonal&eacute; vid\u011bn&iacute; na vod\u011b a sn\u011bhu a \u010do\u010dky pro bezpe\u010dnou j&iacute;zdu v noci bez osl\u0148ov&aacute;n&iacute;.<\/p>\t\t\t\t\t\t\t\t<\/div>\n\t\t\t\t<\/div>\n\t\t\t\t<div class=\"elementor-element elementor-element-78696d4 elementor-align-left elementor-widget elementor-widget-button\" data-id=\"78696d4\" data-element_type=\"widget\" data-widget_type=\"button.default\">\n\t\t\t\t<div class=\"elementor-widget-container\">\n\t\t\t\t\t\t\t\t\t<div class=\"elementor-button-wrapper\">\n\t\t\t\t\t<a class=\"elementor-button elementor-button-link elementor-size-sm\" href=\"mailto:service-frames@mpg-eyewear.com\">\n\t\t\t\t\t\t<span class=\"elementor-button-content-wrapper\">\n\t\t\t\t\t\t\t\t\t<span class=\"elementor-button-text\">Kontaktujte n&aacute;s<\/span>\n\t\t\t\t\t<\/span>\n\t\t\t\t\t<\/a>\n\t\t\t\t<\/div>\n\t\t\t\t\t\t\t\t<\/div>\n\t\t\t\t<\/div>\n\t\t\t\t\t<\/div>\n\t\t<\/div>\n\t\t\t\t<div class=\"elementor-column elementor-col-50 elementor-top-column elementor-element elementor-element-d7361aa\" data-id=\"d7361aa\" data-element_type=\"column\">\n\t\t\t<div class=\"elementor-widget-wrap elementor-element-populated\">\n\t\t\t\t\t\t<div class=\"elementor-element elementor-element-5472b8e elementor-widget elementor-widget-video\" data-id=\"5472b8e\" data-element_type=\"widget\" data-settings=\"{&quot;youtube_url&quot;:&quot;https:\\\/\\\/youtu.be\\\/NSH1L8Ne81g&quot;,&quot;autoplay&quot;:&quot;yes&quot;,&quot;play_on_mobile&quot;:&quot;yes&quot;,&quot;mute&quot;:&quot;yes&quot;,&quot;loop&quot;:&quot;yes&quot;,&quot;video_type&quot;:&quot;youtube&quot;}\" data-widget_type=\"video.default\">\n\t\t\t\t<div class=\"elementor-widget-container\">\n\t\t\t\t\t\t\t<div class=\"elementor-wrapper elementor-open-inline\">\n\t\t\t<div class=\"elementor-video\"><\/div>\t\t<\/div>\n\t\t\t\t\t\t<\/div>\n\t\t\t\t<\/div>\n\t\t\t\t\t<\/div>\n\t\t<\/div>\n\t\t\t\t\t<\/div>\n\t\t<\/section>\n\t\t\t\t<section class=\"elementor-section elementor-top-section elementor-element elementor-element-519e998 elementor-section-boxed elementor-section-height-default elementor-section-height-default\" data-id=\"519e998\" data-element_type=\"section\" data-settings=\"{&quot;background_background&quot;:&quot;classic&quot;,&quot;_ha_eqh_enable&quot;:false}\">\n\t\t\t\t\t\t<div class=\"elementor-container elementor-column-gap-default\">\n\t\t\t\t\t<div class=\"elementor-column elementor-col-50 elementor-top-column elementor-element elementor-element-7593b5f\" data-id=\"7593b5f\" data-element_type=\"column\" data-settings=\"{&quot;background_background&quot;:&quot;classic&quot;}\">\n\t\t\t<div class=\"elementor-widget-wrap elementor-element-populated\">\n\t\t\t\t\t<div class=\"elementor-background-overlay\"><\/div>\n\t\t\t\t\t\t<div class=\"elementor-element elementor-element-43b15cd ekit-equal-height-disable ha-has-bg-overlay elementor-widget elementor-widget-elementskit-image-box\" data-id=\"43b15cd\" data-element_type=\"widget\" data-widget_type=\"elementskit-image-box.default\">\n\t\t\t\t<div class=\"elementor-widget-container\">\n\t\t\t\t\t<div class=\"ekit-wid-con\" >\n            <div class=\"elementskit-info-image-box ekit-image-box text-left style-modern\" >\n\n                <a href=\"https:\/\/mpg-eyewear.com\/cs\/znacky-brlovch-cocek-mpg\/\">\n                <div class=\"elementskit-box-header image-box-img-left\">\n\n                    <img fetchpriority=\"high\" decoding=\"async\" width=\"1000\" height=\"720\" src=\"https:\/\/mpg-eyewear.com\/wp-content\/uploads\/2022\/08\/Unsere_Marken_Linse_WEB.jpg\" class=\"attachment-full size-full wp-image-210\" alt=\"\" srcset=\"https:\/\/mpg-eyewear.com\/wp-content\/uploads\/2022\/08\/Unsere_Marken_Linse_WEB.jpg 1000w, https:\/\/mpg-eyewear.com\/wp-content\/uploads\/2022\/08\/Unsere_Marken_Linse_WEB-300x216.jpg 300w, https:\/\/mpg-eyewear.com\/wp-content\/uploads\/2022\/08\/Unsere_Marken_Linse_WEB-768x553.jpg 768w\" sizes=\"(max-width: 1000px) 100vw, 1000px\" \/>\n                <\/div>\n                <\/a>\n                <div class=\"elementskit-box-body ekit-image-box-body\">\n                    <div class=\"elementskit-box-content ekit-image-box-body-inner\">\n                                                <h3 class=\"elementskit-info-box-title\">\n\n                        Na&scaron;e zna\u010dky\n                        \n                    <\/h3>\n                                                        <\/div>\n\n                                <div class=\"elementskit-box-footer\">\n                    <div class=\"box-footer\">\n                        <div class=\"btn-wraper\">\n                                                            <a href=\"https:\/\/mpg-eyewear.com\/cs\/znacky-brlovch-cocek-mpg\/\" class=\"elementskit-btn whitespace--normal\">\n                                    Zjistit v&iacute;ce                                <\/a>\n                                                    <\/div>\n                    <\/div>\n                <\/div>\n                            <\/div>\n            <\/div>\n    <\/div>\t\t\t\t<\/div>\n\t\t\t\t<\/div>\n\t\t\t\t\t<\/div>\n\t\t<\/div>\n\t\t\t\t<div class=\"elementor-column elementor-col-50 elementor-top-column elementor-element elementor-element-f3eed1e\" data-id=\"f3eed1e\" data-element_type=\"column\" data-settings=\"{&quot;background_background&quot;:&quot;classic&quot;}\">\n\t\t\t<div class=\"elementor-widget-wrap elementor-element-populated\">\n\t\t\t\t\t<div class=\"elementor-background-overlay\"><\/div>\n\t\t\t\t\t\t<div class=\"elementor-element elementor-element-2b4cd30 ekit-equal-height-disable ha-has-bg-overlay elementor-widget elementor-widget-elementskit-image-box\" data-id=\"2b4cd30\" data-element_type=\"widget\" data-widget_type=\"elementskit-image-box.default\">\n\t\t\t\t<div class=\"elementor-widget-container\">\n\t\t\t\t\t<div class=\"ekit-wid-con\" >\n            <div class=\"elementskit-info-image-box ekit-image-box text-left style-modern\" >\n\n                <a href=\"https:\/\/mpg-eyewear.com\/cs\/marketingov-sluzby\/\">\n                <div class=\"elementskit-box-header image-box-img-left\">\n\n                    <img decoding=\"async\" width=\"1000\" height=\"720\" src=\"https:\/\/mpg-eyewear.com\/wp-content\/uploads\/2022\/08\/Marketingservice_MPO_Brillenputztuch_Mockup_WEB.jpg\" class=\"attachment-full size-full wp-image-204\" alt=\"\" srcset=\"https:\/\/mpg-eyewear.com\/wp-content\/uploads\/2022\/08\/Marketingservice_MPO_Brillenputztuch_Mockup_WEB.jpg 1000w, https:\/\/mpg-eyewear.com\/wp-content\/uploads\/2022\/08\/Marketingservice_MPO_Brillenputztuch_Mockup_WEB-300x216.jpg 300w, https:\/\/mpg-eyewear.com\/wp-content\/uploads\/2022\/08\/Marketingservice_MPO_Brillenputztuch_Mockup_WEB-768x553.jpg 768w\" sizes=\"(max-width: 1000px) 100vw, 1000px\" \/>\n                <\/div>\n                <\/a>\n                <div class=\"elementskit-box-body ekit-image-box-body\">\n                    <div class=\"elementskit-box-content ekit-image-box-body-inner\">\n                                                <h3 class=\"elementskit-info-box-title\">\n\n                        Marketingov&eacute; slu\u017eby\n                        \n                    <\/h3>\n                                                        <\/div>\n\n                                <div class=\"elementskit-box-footer\">\n                    <div class=\"box-footer\">\n                        <div class=\"btn-wraper\">\n                                                            <a href=\"https:\/\/mpg-eyewear.com\/cs\/marketingov-sluzby\/\" class=\"elementskit-btn whitespace--normal\">\n                                    Zjistit v&iacute;ce                                <\/a>\n                                                    <\/div>\n                    <\/div>\n                <\/div>\n                            <\/div>\n            <\/div>\n    <\/div>\t\t\t\t<\/div>\n\t\t\t\t<\/div>\n\t\t\t\t\t<\/div>\n\t\t<\/div>\n\t\t\t\t\t<\/div>\n\t\t<\/section>\n\t\t\t\t<\/div>\n\t\t","protected":false},"excerpt":{"rendered":"<p>Kvalita p\u0159ed o\u010dima Optim&aacute;ln&iacute; \u010do\u010dky pro ka\u017ed&eacute;ho Do e-shopu Inovace ve vid\u011bn&iacute; N&aacute;roky na na&scaron;e o\u010di se m\u011bn&iacute;. Od t&eacute; doby co jsme v roce 2001 za\u010dali vyr&aacute;b\u011bt br&yacute;lov&eacute; \u010do\u010dky, neust&aacute;le investujeme do v&yacute;zkumu a v&yacute;voje, abychom je&scaron;t\u011b v&iacute;ce zdokonalili vid\u011bn&iacute;.&nbsp; Proto nab&iacute;z&iacute;me v&iacute;ce ne\u017e jen jednoohniskov&eacute; \u010do\u010dky na m&iacute;ru, klasick&eacute; v&iacute;ceohniskov&eacute; \u010do\u010dky a &scaron;pi\u010dkov&eacute; [&hellip;]<\/p>\n","protected":false},"author":1,"featured_media":0,"parent":0,"menu_order":0,"comment_status":"closed","ping_status":"closed","template":"","meta":{"footnotes":""},"class_list":["post-3949","page","type-page","status-publish","hentry"],"yoast_head":"<!-- This site is optimized with the Yoast SEO plugin v21.8 - https:\/\/yoast.com\/wordpress\/plugins\/seo\/ -->\n<title>V\u00fdroba \u010do\u010dek \u2013 MPG - The Eyewear Company<\/title>\n<meta name=\"description\" content=\"P\u0159i v\u00fdrob\u011b \u010do\u010dek neust\u00e1le investujeme do v\u00fdzkumu a v\u00fdvoje, abychom je\u0161t\u011b v\u00edce zdokonalili vid\u011bn\u00ed.\" \/>\n<meta name=\"robots\" content=\"index, follow, max-snippet:-1, max-image-preview:large, max-video-preview:-1\" \/>\n<link rel=\"canonical\" href=\"https:\/\/mpg-eyewear.com\/cs\/cocky-mpg\/\" \/>\n<meta property=\"og:locale\" content=\"en_US\" \/>\n<meta property=\"og:type\" content=\"article\" \/>\n<meta property=\"og:title\" content=\"V\u00fdroba \u010do\u010dek \u2013 MPG - The Eyewear Company\" \/>\n<meta property=\"og:description\" content=\"P\u0159i v\u00fdrob\u011b \u010do\u010dek neust\u00e1le investujeme do v\u00fdzkumu a v\u00fdvoje, abychom je\u0161t\u011b v\u00edce zdokonalili vid\u011bn\u00ed.\" \/>\n<meta property=\"og:url\" content=\"https:\/\/mpg-eyewear.com\/cs\/cocky-mpg\/\" \/>\n<meta property=\"og:site_name\" content=\"MPG - The Eyewear Company\" \/>\n<meta property=\"article:modified_time\" content=\"2023-01-10T07:49:12+00:00\" \/>\n<meta property=\"og:image\" content=\"https:\/\/mpg-eyewear.com\/wp-content\/uploads\/2022\/08\/Unsere_Marken_Linse_WEB.jpg\" \/>\n<meta name=\"twitter:card\" content=\"summary_large_image\" \/>\n<meta name=\"twitter:label1\" content=\"Est. reading time\" \/>\n\t<meta name=\"twitter:data1\" content=\"1 minute\" \/>\n<script type=\"application\/ld+json\" class=\"yoast-schema-graph\">{\"@context\":\"https:\/\/schema.org\",\"@graph\":[{\"@type\":\"WebPage\",\"@id\":\"https:\/\/mpg-eyewear.com\/cs\/cocky-mpg\/\",\"url\":\"https:\/\/mpg-eyewear.com\/cs\/cocky-mpg\/\",\"name\":\"V\u00fdroba \u010do\u010dek \u2013 MPG - The Eyewear Company\",\"isPartOf\":{\"@id\":\"https:\/\/mpg-eyewear.com\/cs\/#website\"},\"datePublished\":\"2022-08-22T13:18:16+00:00\",\"dateModified\":\"2023-01-10T07:49:12+00:00\",\"description\":\"P\u0159i v\u00fdrob\u011b \u010do\u010dek neust\u00e1le investujeme do v\u00fdzkumu a v\u00fdvoje, abychom je\u0161t\u011b v\u00edce zdokonalili vid\u011bn\u00ed.\",\"breadcrumb\":{\"@id\":\"https:\/\/mpg-eyewear.com\/cs\/cocky-mpg\/#breadcrumb\"},\"inLanguage\":\"cz-CZ\",\"potentialAction\":[{\"@type\":\"ReadAction\",\"target\":[\"https:\/\/mpg-eyewear.com\/cs\/cocky-mpg\/\"]}]},{\"@type\":\"BreadcrumbList\",\"@id\":\"https:\/\/mpg-eyewear.com\/cs\/cocky-mpg\/#breadcrumb\",\"itemListElement\":[{\"@type\":\"ListItem\",\"position\":1,\"name\":\"Startseite\",\"item\":\"https:\/\/mpg-eyewear.com\/cs\/\"},{\"@type\":\"ListItem\",\"position\":2,\"name\":\"\u010co\u010dky MPG\"}]},{\"@type\":\"WebSite\",\"@id\":\"https:\/\/mpg-eyewear.com\/cs\/#website\",\"url\":\"https:\/\/mpg-eyewear.com\/cs\/\",\"name\":\"MPG - The Eyewear Company\",\"description\":\"Creating Perspectives\",\"publisher\":{\"@id\":\"https:\/\/mpg-eyewear.com\/cs\/#organization\"},\"potentialAction\":[{\"@type\":\"SearchAction\",\"target\":{\"@type\":\"EntryPoint\",\"urlTemplate\":\"https:\/\/mpg-eyewear.com\/cs\/?s={search_term_string}\"},\"query-input\":\"required name=search_term_string\"}],\"inLanguage\":\"cz-CZ\"},{\"@type\":\"Organization\",\"@id\":\"https:\/\/mpg-eyewear.com\/cs\/#organization\",\"name\":\"MPG - The Eyewear Company\",\"url\":\"https:\/\/mpg-eyewear.com\/cs\/\",\"logo\":{\"@type\":\"ImageObject\",\"inLanguage\":\"cz-CZ\",\"@id\":\"https:\/\/mpg-eyewear.com\/cs\/#\/schema\/logo\/image\/\",\"url\":\"https:\/\/mpg-eyewear.com\/wp-content\/uploads\/2022\/08\/logo_mpg.png\",\"contentUrl\":\"https:\/\/mpg-eyewear.com\/wp-content\/uploads\/2022\/08\/logo_mpg.png\",\"width\":201,\"height\":127,\"caption\":\"MPG - The Eyewear Company\"},\"image\":{\"@id\":\"https:\/\/mpg-eyewear.com\/cs\/#\/schema\/logo\/image\/\"}}]}<\/script>\n<!-- \/ Yoast SEO plugin. -->","yoast_head_json":{"title":"V\u00fdroba \u010do\u010dek \u2013 MPG - The Eyewear Company","description":"P\u0159i v\u00fdrob\u011b \u010do\u010dek neust\u00e1le investujeme do v\u00fdzkumu a v\u00fdvoje, abychom je\u0161t\u011b v\u00edce zdokonalili vid\u011bn\u00ed.","robots":{"index":"index","follow":"follow","max-snippet":"max-snippet:-1","max-image-preview":"max-image-preview:large","max-video-preview":"max-video-preview:-1"},"canonical":"https:\/\/mpg-eyewear.com\/cs\/cocky-mpg\/","og_locale":"en_US","og_type":"article","og_title":"V\u00fdroba \u010do\u010dek \u2013 MPG - The Eyewear Company","og_description":"P\u0159i v\u00fdrob\u011b \u010do\u010dek neust\u00e1le investujeme do v\u00fdzkumu a v\u00fdvoje, abychom je\u0161t\u011b v\u00edce zdokonalili vid\u011bn\u00ed.","og_url":"https:\/\/mpg-eyewear.com\/cs\/cocky-mpg\/","og_site_name":"MPG - The Eyewear Company","article_modified_time":"2023-01-10T07:49:12+00:00","og_image":[{"url":"https:\/\/mpg-eyewear.com\/wp-content\/uploads\/2022\/08\/Unsere_Marken_Linse_WEB.jpg"}],"twitter_card":"summary_large_image","twitter_misc":{"Est. reading time":"1 minute"},"schema":{"@context":"https:\/\/schema.org","@graph":[{"@type":"WebPage","@id":"https:\/\/mpg-eyewear.com\/cs\/cocky-mpg\/","url":"https:\/\/mpg-eyewear.com\/cs\/cocky-mpg\/","name":"V\u00fdroba \u010do\u010dek \u2013 MPG - The Eyewear Company","isPartOf":{"@id":"https:\/\/mpg-eyewear.com\/cs\/#website"},"datePublished":"2022-08-22T13:18:16+00:00","dateModified":"2023-01-10T07:49:12+00:00","description":"P\u0159i v\u00fdrob\u011b \u010do\u010dek neust\u00e1le investujeme do v\u00fdzkumu a v\u00fdvoje, abychom je\u0161t\u011b v\u00edce zdokonalili vid\u011bn\u00ed.","breadcrumb":{"@id":"https:\/\/mpg-eyewear.com\/cs\/cocky-mpg\/#breadcrumb"},"inLanguage":"cz-CZ","potentialAction":[{"@type":"ReadAction","target":["https:\/\/mpg-eyewear.com\/cs\/cocky-mpg\/"]}]},{"@type":"BreadcrumbList","@id":"https:\/\/mpg-eyewear.com\/cs\/cocky-mpg\/#breadcrumb","itemListElement":[{"@type":"ListItem","position":1,"name":"Startseite","item":"https:\/\/mpg-eyewear.com\/cs\/"},{"@type":"ListItem","position":2,"name":"\u010co\u010dky MPG"}]},{"@type":"WebSite","@id":"https:\/\/mpg-eyewear.com\/cs\/#website","url":"https:\/\/mpg-eyewear.com\/cs\/","name":"MPG - The Eyewear Company","description":"Creating Perspectives","publisher":{"@id":"https:\/\/mpg-eyewear.com\/cs\/#organization"},"potentialAction":[{"@type":"SearchAction","target":{"@type":"EntryPoint","urlTemplate":"https:\/\/mpg-eyewear.com\/cs\/?s={search_term_string}"},"query-input":"required name=search_term_string"}],"inLanguage":"cz-CZ"},{"@type":"Organization","@id":"https:\/\/mpg-eyewear.com\/cs\/#organization","name":"MPG - The Eyewear Company","url":"https:\/\/mpg-eyewear.com\/cs\/","logo":{"@type":"ImageObject","inLanguage":"cz-CZ","@id":"https:\/\/mpg-eyewear.com\/cs\/#\/schema\/logo\/image\/","url":"https:\/\/mpg-eyewear.com\/wp-content\/uploads\/2022\/08\/logo_mpg.png","contentUrl":"https:\/\/mpg-eyewear.com\/wp-content\/uploads\/2022\/08\/logo_mpg.png","width":201,"height":127,"caption":"MPG - The Eyewear Company"},"image":{"@id":"https:\/\/mpg-eyewear.com\/cs\/#\/schema\/logo\/image\/"}}]}},"_links":{"self":[{"href":"https:\/\/mpg-eyewear.com\/cs\/wp-json\/wp\/v2\/pages\/3949","targetHints":{"allow":["GET"]}}],"collection":[{"href":"https:\/\/mpg-eyewear.com\/cs\/wp-json\/wp\/v2\/pages"}],"about":[{"href":"https:\/\/mpg-eyewear.com\/cs\/wp-json\/wp\/v2\/types\/page"}],"author":[{"embeddable":true,"href":"https:\/\/mpg-eyewear.com\/cs\/wp-json\/wp\/v2\/users\/1"}],"replies":[{"embeddable":true,"href":"https:\/\/mpg-eyewear.com\/cs\/wp-json\/wp\/v2\/comments?post=3949"}],"version-history":[{"count":2,"href":"https:\/\/mpg-eyewear.com\/cs\/wp-json\/wp\/v2\/pages\/3949\/revisions"}],"predecessor-version":[{"id":3952,"href":"https:\/\/mpg-eyewear.com\/cs\/wp-json\/wp\/v2\/pages\/3949\/revisions\/3952"}],"wp:attachment":[{"href":"https:\/\/mpg-eyewear.com\/cs\/wp-json\/wp\/v2\/media?parent=3949"}],"curies":[{"name":"wp","href":"https:\/\/api.w.org\/{rel}","templated":true}]}}