{"id":3942,"date":"2022-10-05T17:11:57","date_gmt":"2022-10-05T15:11:57","guid":{"rendered":"https:\/\/mpg-eyewear.com\/znacky-brlovch-cocek-mpg\/"},"modified":"2025-08-20T11:48:56","modified_gmt":"2025-08-20T09:48:56","slug":"znacky-brlovch-cocek-mpg","status":"publish","type":"page","link":"https:\/\/mpg-eyewear.com\/cs\/znacky-brlovch-cocek-mpg\/","title":{"rendered":"Zna\u010dky br&yacute;lov&yacute;ch \u010do\u010dek MPG"},"content":{"rendered":"\t\t<div data-elementor-type=\"wp-post\" data-elementor-id=\"3942\" class=\"elementor elementor-3942 elementor-1697\" data-elementor-settings=\"{&quot;ha_cmc_init_switcher&quot;:&quot;no&quot;}\" data-elementor-post-type=\"page\">\n\t\t\t\t\t\t<section class=\"elementor-section elementor-top-section elementor-element elementor-element-43e510b elementor-section-boxed elementor-section-height-default elementor-section-height-default\" data-id=\"43e510b\" data-element_type=\"section\" data-settings=\"{&quot;background_background&quot;:&quot;classic&quot;,&quot;_ha_eqh_enable&quot;:false}\">\n\t\t\t\t\t\t<div class=\"elementor-container elementor-column-gap-default\">\n\t\t\t\t\t<div class=\"elementor-column elementor-col-100 elementor-top-column elementor-element elementor-element-1faafbd\" data-id=\"1faafbd\" data-element_type=\"column\">\n\t\t\t<div class=\"elementor-widget-wrap elementor-element-populated\">\n\t\t\t\t\t\t<div class=\"elementor-element elementor-element-9f8155a elementor-widget elementor-widget-heading\" data-id=\"9f8155a\" data-element_type=\"widget\" data-widget_type=\"heading.default\">\n\t\t\t\t<div class=\"elementor-widget-container\">\n\t\t\t\t\t<h1 class=\"elementor-heading-title elementor-size-default\">Kompletn&iacute; p&eacute;\u010de<\/h1>\t\t\t\t<\/div>\n\t\t\t\t<\/div>\n\t\t\t\t<div class=\"elementor-element elementor-element-5ba7f1d elementor-widget elementor-widget-heading\" data-id=\"5ba7f1d\" data-element_type=\"widget\" data-widget_type=\"heading.default\">\n\t\t\t\t<div class=\"elementor-widget-container\">\n\t\t\t\t\t<h2 class=\"elementor-heading-title elementor-size-default\">Na&scaron;e zna\u010dky br&yacute;lov&yacute;ch \u010do\u010dek<\/h2>\t\t\t\t<\/div>\n\t\t\t\t<\/div>\n\t\t\t\t\t<\/div>\n\t\t<\/div>\n\t\t\t\t\t<\/div>\n\t\t<\/section>\n\t\t\t\t<section class=\"elementor-section elementor-top-section elementor-element elementor-element-3cc6809 marken elementor-section-boxed elementor-section-height-default elementor-section-height-default\" data-id=\"3cc6809\" data-element_type=\"section\" id=\"unsereMarken\" data-settings=\"{&quot;background_background&quot;:&quot;classic&quot;,&quot;_ha_eqh_enable&quot;:false}\">\n\t\t\t\t\t\t<div class=\"elementor-container elementor-column-gap-default\">\n\t\t\t\t\t<div class=\"elementor-column elementor-col-50 elementor-top-column elementor-element elementor-element-963ffca\" data-id=\"963ffca\" data-element_type=\"column\" data-settings=\"{&quot;background_background&quot;:&quot;classic&quot;}\">\n\t\t\t<div class=\"elementor-widget-wrap elementor-element-populated\">\n\t\t\t\t\t\t<div class=\"elementor-element elementor-element-98b9bbe elementor-hidden-tablet elementor-hidden-mobile elementor-widget elementor-widget-image\" data-id=\"98b9bbe\" data-element_type=\"widget\" data-widget_type=\"image.default\">\n\t\t\t\t<div class=\"elementor-widget-container\">\n\t\t\t\t\t\t\t\t\t\t\t\t\t\t\t<img fetchpriority=\"high\" decoding=\"async\" width=\"1000\" height=\"948\" src=\"https:\/\/mpg-eyewear.com\/wp-content\/uploads\/2025\/08\/Glasstatue-MPO-Brillenglas-tuerkis-blau-mpg-1000x948-1.jpg\" class=\"attachment-full size-full wp-image-11823\" alt=\"\" srcset=\"https:\/\/mpg-eyewear.com\/wp-content\/uploads\/2025\/08\/Glasstatue-MPO-Brillenglas-tuerkis-blau-mpg-1000x948-1.jpg 1000w, https:\/\/mpg-eyewear.com\/wp-content\/uploads\/2025\/08\/Glasstatue-MPO-Brillenglas-tuerkis-blau-mpg-1000x948-1-300x284.jpg 300w, https:\/\/mpg-eyewear.com\/wp-content\/uploads\/2025\/08\/Glasstatue-MPO-Brillenglas-tuerkis-blau-mpg-1000x948-1-768x728.jpg 768w\" sizes=\"(max-width: 1000px) 100vw, 1000px\" \/>\t\t\t\t\t\t\t\t\t\t\t\t\t\t\t<\/div>\n\t\t\t\t<\/div>\n\t\t\t\t<div class=\"elementor-element elementor-element-b6f9b60 elementor-hidden-desktop elementor-widget elementor-widget-image\" data-id=\"b6f9b60\" data-element_type=\"widget\" data-widget_type=\"image.default\">\n\t\t\t\t<div class=\"elementor-widget-container\">\n\t\t\t\t\t\t\t\t\t\t\t\t\t\t\t<img fetchpriority=\"high\" decoding=\"async\" width=\"1000\" height=\"948\" src=\"https:\/\/mpg-eyewear.com\/wp-content\/uploads\/2025\/08\/Glasstatue-MPO-Brillenglas-tuerkis-blau-mpg-1000x948-1.jpg\" class=\"attachment-full size-full wp-image-11823\" alt=\"\" srcset=\"https:\/\/mpg-eyewear.com\/wp-content\/uploads\/2025\/08\/Glasstatue-MPO-Brillenglas-tuerkis-blau-mpg-1000x948-1.jpg 1000w, https:\/\/mpg-eyewear.com\/wp-content\/uploads\/2025\/08\/Glasstatue-MPO-Brillenglas-tuerkis-blau-mpg-1000x948-1-300x284.jpg 300w, https:\/\/mpg-eyewear.com\/wp-content\/uploads\/2025\/08\/Glasstatue-MPO-Brillenglas-tuerkis-blau-mpg-1000x948-1-768x728.jpg 768w\" sizes=\"(max-width: 1000px) 100vw, 1000px\" \/>\t\t\t\t\t\t\t\t\t\t\t\t\t\t\t<\/div>\n\t\t\t\t<\/div>\n\t\t\t\t\t<\/div>\n\t\t<\/div>\n\t\t\t\t<div class=\"elementor-column elementor-col-50 elementor-top-column elementor-element elementor-element-8ea8b10\" data-id=\"8ea8b10\" data-element_type=\"column\">\n\t\t\t<div class=\"elementor-widget-wrap elementor-element-populated\">\n\t\t\t\t\t\t<div class=\"elementor-element elementor-element-235cb9a elementor-absolute elementor-widget elementor-widget-image\" data-id=\"235cb9a\" data-element_type=\"widget\" data-settings=\"{&quot;_position&quot;:&quot;absolute&quot;}\" data-widget_type=\"image.default\">\n\t\t\t\t<div class=\"elementor-widget-container\">\n\t\t\t\t\t\t\t\t\t\t\t\t\t\t\t<img decoding=\"async\" src=\"https:\/\/mpg-eyewear.com\/wp-content\/uploads\/2025\/08\/MPO_International_tuerkis_CMYK.jpg\" title=\"MPO_International_tuerkis_CMYK\" alt=\"MPO_International_tuerkis_CMYK\" loading=\"lazy\" \/>\t\t\t\t\t\t\t\t\t\t\t\t\t\t\t<\/div>\n\t\t\t\t<\/div>\n\t\t\t\t<div class=\"elementor-element elementor-element-eee332b elementor-widget elementor-widget-heading\" data-id=\"eee332b\" data-element_type=\"widget\" data-widget_type=\"heading.default\">\n\t\t\t\t<div class=\"elementor-widget-container\">\n\t\t\t\t\t<h2 class=\"elementor-heading-title elementor-size-default\">Proz&iacute;rav&eacute; \u010do\u010dky<\/h2>\t\t\t\t<\/div>\n\t\t\t\t<\/div>\n\t\t\t\t<div class=\"elementor-element elementor-element-2925a69 elementor-widget elementor-widget-text-editor\" data-id=\"2925a69\" data-element_type=\"widget\" data-widget_type=\"text-editor.default\">\n\t\t\t\t<div class=\"elementor-widget-container\">\n\t\t\t\t\t\t\t\t\t<p>Neponech&aacute;v&aacute;me nic n&aacute;hod\u011b: proto ob\u011b na&scaron;e dce\u0159in&eacute; spole\u010dnosti, rakousk&aacute; jedni\u010dka na trhu AOTG (Austrian Optics Technologies) a MPG Optische Werke GmbH z n\u011bmeck&eacute;ho Gl&uuml;cksburgu, spojily sv&eacute; s&iacute;ly. V&yacute;sledkem t&eacute;to spolupr&aacute;ce jsou vysoce kvalitn&iacute; br&yacute;lov&eacute; \u010do\u010dky zna\u010dky MPO s ozna\u010den&iacute;m &bdquo;Made in Germany&ldquo;.<\/p>\n<p>MPO je synonymem pro inovativn&iacute; \u010do\u010dky, kter&eacute; jsou p\u0159izp\u016fsobeny modern&iacute;m po\u017eadavk\u016fm na zrak a sou\u010dasn&yacute;m trend\u016fm. Abychom na&scaron;i vizi zdokonalili, neust&aacute;le investujeme do v&yacute;zkumu a v&yacute;voje &ndash; to poskytuje optik\u016fm jasnou konkuren\u010dn&iacute; v&yacute;hodu a z&aacute;kazn&iacute;k\u016fm nejlep&scaron;&iacute; vid\u011bn&iacute;.<\/p>\n\t\t\t\t\t\t\t\t<\/div>\n\t\t\t\t<\/div>\n\t\t\t\t<div class=\"elementor-element elementor-element-68c7d02 elementor-align-left elementor-widget elementor-widget-button\" data-id=\"68c7d02\" data-element_type=\"widget\" data-widget_type=\"button.default\">\n\t\t\t\t<div class=\"elementor-widget-container\">\n\t\t\t\t\t\t\t\t\t<div class=\"elementor-button-wrapper\">\n\t\t\t\t\t<a class=\"elementor-button elementor-button-link elementor-size-sm\" href=\"https:\/\/www.mpo-lenses.com\" target=\"blank\">\n\t\t\t\t\t\t<span class=\"elementor-button-content-wrapper\">\n\t\t\t\t\t\t\t\t\t<span class=\"elementor-button-text\">Na webov&eacute; str&aacute;nky<\/span>\n\t\t\t\t\t<\/span>\n\t\t\t\t\t<\/a>\n\t\t\t\t<\/div>\n\t\t\t\t\t\t\t\t<\/div>\n\t\t\t\t<\/div>\n\t\t\t\t\t<\/div>\n\t\t<\/div>\n\t\t\t\t\t<\/div>\n\t\t<\/section>\n\t\t\t\t<\/div>\n\t\t","protected":false},"excerpt":{"rendered":"<p>Kompletn&iacute; p&eacute;\u010de Na&scaron;e zna\u010dky br&yacute;lov&yacute;ch \u010do\u010dek Proz&iacute;rav&eacute; \u010do\u010dky Neponech&aacute;v&aacute;me nic n&aacute;hod\u011b: proto ob\u011b na&scaron;e dce\u0159in&eacute; spole\u010dnosti, rakousk&aacute; jedni\u010dka na trhu AOTG (Austrian Optics Technologies) a MPG Optische Werke GmbH z n\u011bmeck&eacute;ho Gl&uuml;cksburgu, spojily sv&eacute; s&iacute;ly. V&yacute;sledkem t&eacute;to spolupr&aacute;ce jsou vysoce kvalitn&iacute; br&yacute;lov&eacute; \u010do\u010dky zna\u010dky MPO s ozna\u010den&iacute;m &bdquo;Made in Germany&ldquo;. MPO je synonymem pro inovativn&iacute; [&hellip;]<\/p>\n","protected":false},"author":1,"featured_media":0,"parent":0,"menu_order":0,"comment_status":"closed","ping_status":"closed","template":"","meta":{"footnotes":""},"class_list":["post-3942","page","type-page","status-publish","hentry"],"yoast_head":"<!-- This site is optimized with the Yoast SEO plugin v21.8 - https:\/\/yoast.com\/wordpress\/plugins\/seo\/ -->\n<title>Zna\u010dky br\u00fdlov\u00fdch \u010do\u010dek \u2013 MPG - The Eyewear Company<\/title>\n<meta name=\"description\" content=\"D\u00edky na\u0161\u00ed zna\u010dce br\u00fdlov\u00fdch \u010do\u010dek MPO s ozna\u010den\u00edm \u201eMade in Germany\u201c maj\u00ed na\u0161i specialist\u00e9 na optiku jasnou konkuren\u010dn\u00ed v\u00fdhodu a z\u00e1kazn\u00edci si u\u017e\u00edvaj\u00ed nejlep\u0161\u00edho vid\u011bn\u00ed.\" \/>\n<meta name=\"robots\" content=\"index, follow, max-snippet:-1, max-image-preview:large, max-video-preview:-1\" \/>\n<link rel=\"canonical\" href=\"https:\/\/mpg-eyewear.com\/cs\/znacky-brlovch-cocek-mpg\/\" \/>\n<meta property=\"og:locale\" content=\"en_US\" \/>\n<meta property=\"og:type\" content=\"article\" \/>\n<meta property=\"og:title\" content=\"Zna\u010dky br\u00fdlov\u00fdch \u010do\u010dek \u2013 MPG - The Eyewear Company\" \/>\n<meta property=\"og:description\" content=\"D\u00edky na\u0161\u00ed zna\u010dce br\u00fdlov\u00fdch \u010do\u010dek MPO s ozna\u010den\u00edm \u201eMade in Germany\u201c maj\u00ed na\u0161i specialist\u00e9 na optiku jasnou konkuren\u010dn\u00ed v\u00fdhodu a z\u00e1kazn\u00edci si u\u017e\u00edvaj\u00ed nejlep\u0161\u00edho vid\u011bn\u00ed.\" \/>\n<meta property=\"og:url\" content=\"https:\/\/mpg-eyewear.com\/cs\/znacky-brlovch-cocek-mpg\/\" \/>\n<meta property=\"og:site_name\" content=\"MPG - The Eyewear Company\" \/>\n<meta property=\"article:modified_time\" content=\"2025-08-20T09:48:56+00:00\" \/>\n<meta property=\"og:image\" content=\"https:\/\/mpg-eyewear.com\/wp-content\/uploads\/2025\/08\/Glasstatue-MPO-Brillenglas-tuerkis-blau-mpg-1000x948-1.jpg\" \/>\n<meta name=\"twitter:card\" content=\"summary_large_image\" \/>\n<meta name=\"twitter:label1\" content=\"Est. reading time\" \/>\n\t<meta name=\"twitter:data1\" content=\"2 minutes\" \/>\n<script type=\"application\/ld+json\" class=\"yoast-schema-graph\">{\"@context\":\"https:\/\/schema.org\",\"@graph\":[{\"@type\":\"WebPage\",\"@id\":\"https:\/\/mpg-eyewear.com\/cs\/znacky-brlovch-cocek-mpg\/\",\"url\":\"https:\/\/mpg-eyewear.com\/cs\/znacky-brlovch-cocek-mpg\/\",\"name\":\"Zna\u010dky br\u00fdlov\u00fdch \u010do\u010dek \u2013 MPG - The Eyewear Company\",\"isPartOf\":{\"@id\":\"https:\/\/mpg-eyewear.com\/cs\/#website\"},\"datePublished\":\"2022-10-05T15:11:57+00:00\",\"dateModified\":\"2025-08-20T09:48:56+00:00\",\"description\":\"D\u00edky na\u0161\u00ed zna\u010dce br\u00fdlov\u00fdch \u010do\u010dek MPO s ozna\u010den\u00edm \u201eMade in Germany\u201c maj\u00ed na\u0161i specialist\u00e9 na optiku jasnou konkuren\u010dn\u00ed v\u00fdhodu a z\u00e1kazn\u00edci si u\u017e\u00edvaj\u00ed nejlep\u0161\u00edho vid\u011bn\u00ed.\",\"breadcrumb\":{\"@id\":\"https:\/\/mpg-eyewear.com\/cs\/znacky-brlovch-cocek-mpg\/#breadcrumb\"},\"inLanguage\":\"cz-CZ\",\"potentialAction\":[{\"@type\":\"ReadAction\",\"target\":[\"https:\/\/mpg-eyewear.com\/cs\/znacky-brlovch-cocek-mpg\/\"]}]},{\"@type\":\"BreadcrumbList\",\"@id\":\"https:\/\/mpg-eyewear.com\/cs\/znacky-brlovch-cocek-mpg\/#breadcrumb\",\"itemListElement\":[{\"@type\":\"ListItem\",\"position\":1,\"name\":\"Startseite\",\"item\":\"https:\/\/mpg-eyewear.com\/cs\/\"},{\"@type\":\"ListItem\",\"position\":2,\"name\":\"Zna\u010dky br&yacute;lov&yacute;ch \u010do\u010dek MPG\"}]},{\"@type\":\"WebSite\",\"@id\":\"https:\/\/mpg-eyewear.com\/cs\/#website\",\"url\":\"https:\/\/mpg-eyewear.com\/cs\/\",\"name\":\"MPG - The Eyewear Company\",\"description\":\"Creating Perspectives\",\"publisher\":{\"@id\":\"https:\/\/mpg-eyewear.com\/cs\/#organization\"},\"potentialAction\":[{\"@type\":\"SearchAction\",\"target\":{\"@type\":\"EntryPoint\",\"urlTemplate\":\"https:\/\/mpg-eyewear.com\/cs\/?s={search_term_string}\"},\"query-input\":\"required name=search_term_string\"}],\"inLanguage\":\"cz-CZ\"},{\"@type\":\"Organization\",\"@id\":\"https:\/\/mpg-eyewear.com\/cs\/#organization\",\"name\":\"MPG - The Eyewear Company\",\"url\":\"https:\/\/mpg-eyewear.com\/cs\/\",\"logo\":{\"@type\":\"ImageObject\",\"inLanguage\":\"cz-CZ\",\"@id\":\"https:\/\/mpg-eyewear.com\/cs\/#\/schema\/logo\/image\/\",\"url\":\"https:\/\/mpg-eyewear.com\/wp-content\/uploads\/2022\/08\/logo_mpg.png\",\"contentUrl\":\"https:\/\/mpg-eyewear.com\/wp-content\/uploads\/2022\/08\/logo_mpg.png\",\"width\":201,\"height\":127,\"caption\":\"MPG - The Eyewear Company\"},\"image\":{\"@id\":\"https:\/\/mpg-eyewear.com\/cs\/#\/schema\/logo\/image\/\"}}]}<\/script>\n<!-- \/ Yoast SEO plugin. -->","yoast_head_json":{"title":"Zna\u010dky br\u00fdlov\u00fdch \u010do\u010dek \u2013 MPG - The Eyewear Company","description":"D\u00edky na\u0161\u00ed zna\u010dce br\u00fdlov\u00fdch \u010do\u010dek MPO s ozna\u010den\u00edm \u201eMade in Germany\u201c maj\u00ed na\u0161i specialist\u00e9 na optiku jasnou konkuren\u010dn\u00ed v\u00fdhodu a z\u00e1kazn\u00edci si u\u017e\u00edvaj\u00ed nejlep\u0161\u00edho vid\u011bn\u00ed.","robots":{"index":"index","follow":"follow","max-snippet":"max-snippet:-1","max-image-preview":"max-image-preview:large","max-video-preview":"max-video-preview:-1"},"canonical":"https:\/\/mpg-eyewear.com\/cs\/znacky-brlovch-cocek-mpg\/","og_locale":"en_US","og_type":"article","og_title":"Zna\u010dky br\u00fdlov\u00fdch \u010do\u010dek \u2013 MPG - The Eyewear Company","og_description":"D\u00edky na\u0161\u00ed zna\u010dce br\u00fdlov\u00fdch \u010do\u010dek MPO s ozna\u010den\u00edm \u201eMade in Germany\u201c maj\u00ed na\u0161i specialist\u00e9 na optiku jasnou konkuren\u010dn\u00ed v\u00fdhodu a z\u00e1kazn\u00edci si u\u017e\u00edvaj\u00ed nejlep\u0161\u00edho vid\u011bn\u00ed.","og_url":"https:\/\/mpg-eyewear.com\/cs\/znacky-brlovch-cocek-mpg\/","og_site_name":"MPG - The Eyewear Company","article_modified_time":"2025-08-20T09:48:56+00:00","og_image":[{"url":"https:\/\/mpg-eyewear.com\/wp-content\/uploads\/2025\/08\/Glasstatue-MPO-Brillenglas-tuerkis-blau-mpg-1000x948-1.jpg"}],"twitter_card":"summary_large_image","twitter_misc":{"Est. reading time":"2 minutes"},"schema":{"@context":"https:\/\/schema.org","@graph":[{"@type":"WebPage","@id":"https:\/\/mpg-eyewear.com\/cs\/znacky-brlovch-cocek-mpg\/","url":"https:\/\/mpg-eyewear.com\/cs\/znacky-brlovch-cocek-mpg\/","name":"Zna\u010dky br\u00fdlov\u00fdch \u010do\u010dek \u2013 MPG - The Eyewear Company","isPartOf":{"@id":"https:\/\/mpg-eyewear.com\/cs\/#website"},"datePublished":"2022-10-05T15:11:57+00:00","dateModified":"2025-08-20T09:48:56+00:00","description":"D\u00edky na\u0161\u00ed zna\u010dce br\u00fdlov\u00fdch \u010do\u010dek MPO s ozna\u010den\u00edm \u201eMade in Germany\u201c maj\u00ed na\u0161i specialist\u00e9 na optiku jasnou konkuren\u010dn\u00ed v\u00fdhodu a z\u00e1kazn\u00edci si u\u017e\u00edvaj\u00ed nejlep\u0161\u00edho vid\u011bn\u00ed.","breadcrumb":{"@id":"https:\/\/mpg-eyewear.com\/cs\/znacky-brlovch-cocek-mpg\/#breadcrumb"},"inLanguage":"cz-CZ","potentialAction":[{"@type":"ReadAction","target":["https:\/\/mpg-eyewear.com\/cs\/znacky-brlovch-cocek-mpg\/"]}]},{"@type":"BreadcrumbList","@id":"https:\/\/mpg-eyewear.com\/cs\/znacky-brlovch-cocek-mpg\/#breadcrumb","itemListElement":[{"@type":"ListItem","position":1,"name":"Startseite","item":"https:\/\/mpg-eyewear.com\/cs\/"},{"@type":"ListItem","position":2,"name":"Zna\u010dky br&yacute;lov&yacute;ch \u010do\u010dek MPG"}]},{"@type":"WebSite","@id":"https:\/\/mpg-eyewear.com\/cs\/#website","url":"https:\/\/mpg-eyewear.com\/cs\/","name":"MPG - The Eyewear Company","description":"Creating Perspectives","publisher":{"@id":"https:\/\/mpg-eyewear.com\/cs\/#organization"},"potentialAction":[{"@type":"SearchAction","target":{"@type":"EntryPoint","urlTemplate":"https:\/\/mpg-eyewear.com\/cs\/?s={search_term_string}"},"query-input":"required name=search_term_string"}],"inLanguage":"cz-CZ"},{"@type":"Organization","@id":"https:\/\/mpg-eyewear.com\/cs\/#organization","name":"MPG - The Eyewear Company","url":"https:\/\/mpg-eyewear.com\/cs\/","logo":{"@type":"ImageObject","inLanguage":"cz-CZ","@id":"https:\/\/mpg-eyewear.com\/cs\/#\/schema\/logo\/image\/","url":"https:\/\/mpg-eyewear.com\/wp-content\/uploads\/2022\/08\/logo_mpg.png","contentUrl":"https:\/\/mpg-eyewear.com\/wp-content\/uploads\/2022\/08\/logo_mpg.png","width":201,"height":127,"caption":"MPG - The Eyewear Company"},"image":{"@id":"https:\/\/mpg-eyewear.com\/cs\/#\/schema\/logo\/image\/"}}]}},"_links":{"self":[{"href":"https:\/\/mpg-eyewear.com\/cs\/wp-json\/wp\/v2\/pages\/3942","targetHints":{"allow":["GET"]}}],"collection":[{"href":"https:\/\/mpg-eyewear.com\/cs\/wp-json\/wp\/v2\/pages"}],"about":[{"href":"https:\/\/mpg-eyewear.com\/cs\/wp-json\/wp\/v2\/types\/page"}],"author":[{"embeddable":true,"href":"https:\/\/mpg-eyewear.com\/cs\/wp-json\/wp\/v2\/users\/1"}],"replies":[{"embeddable":true,"href":"https:\/\/mpg-eyewear.com\/cs\/wp-json\/wp\/v2\/comments?post=3942"}],"version-history":[{"count":10,"href":"https:\/\/mpg-eyewear.com\/cs\/wp-json\/wp\/v2\/pages\/3942\/revisions"}],"predecessor-version":[{"id":11917,"href":"https:\/\/mpg-eyewear.com\/cs\/wp-json\/wp\/v2\/pages\/3942\/revisions\/11917"}],"wp:attachment":[{"href":"https:\/\/mpg-eyewear.com\/cs\/wp-json\/wp\/v2\/media?parent=3942"}],"curies":[{"name":"wp","href":"https:\/\/api.w.org\/{rel}","templated":true}]}}