{"id":3939,"date":"2022-10-06T16:06:41","date_gmt":"2022-10-06T14:06:41","guid":{"rendered":"https:\/\/mpg-eyewear.com\/mpg-healthcare\/"},"modified":"2023-02-01T16:23:50","modified_gmt":"2023-02-01T15:23:50","slug":"mpg-healthcare","status":"publish","type":"page","link":"https:\/\/mpg-eyewear.com\/cs\/mpg-healthcare\/","title":{"rendered":"MPG Healthcare"},"content":{"rendered":"\t\t<div data-elementor-type=\"wp-post\" data-elementor-id=\"3939\" class=\"elementor elementor-3939 elementor-1772\" data-elementor-settings=\"{&quot;ha_cmc_init_switcher&quot;:&quot;no&quot;}\" data-elementor-post-type=\"page\">\n\t\t\t\t\t\t<section class=\"elementor-section elementor-top-section elementor-element elementor-element-43e510b elementor-section-boxed elementor-section-height-default elementor-section-height-default\" data-id=\"43e510b\" data-element_type=\"section\" data-settings=\"{&quot;background_background&quot;:&quot;classic&quot;,&quot;_ha_eqh_enable&quot;:false}\">\n\t\t\t\t\t\t<div class=\"elementor-container elementor-column-gap-default\">\n\t\t\t\t\t<div class=\"elementor-column elementor-col-100 elementor-top-column elementor-element elementor-element-1faafbd\" data-id=\"1faafbd\" data-element_type=\"column\">\n\t\t\t<div class=\"elementor-widget-wrap elementor-element-populated\">\n\t\t\t\t\t\t<div class=\"elementor-element elementor-element-9f8155a elementor-widget elementor-widget-heading\" data-id=\"9f8155a\" data-element_type=\"widget\" data-widget_type=\"heading.default\">\n\t\t\t\t<div class=\"elementor-widget-container\">\n\t\t\t\t\t<h1 class=\"elementor-heading-title elementor-size-default\">Zam\u011b\u0159eno <br>na zdrav\u00ed<\/h1>\t\t\t\t<\/div>\n\t\t\t\t<\/div>\n\t\t\t\t<div class=\"elementor-element elementor-element-5ba7f1d elementor-widget elementor-widget-heading\" data-id=\"5ba7f1d\" data-element_type=\"widget\" data-widget_type=\"heading.default\">\n\t\t\t\t<div class=\"elementor-widget-container\">\n\t\t\t\t\t<h2 class=\"elementor-heading-title elementor-size-default\">MPG Healthcare &ndash; ochrann&eacute; masky a dal&scaron;&iacute;<\/h2>\t\t\t\t<\/div>\n\t\t\t\t<\/div>\n\t\t\t\t\t<\/div>\n\t\t<\/div>\n\t\t\t\t\t<\/div>\n\t\t<\/section>\n\t\t\t\t<section class=\"elementor-section elementor-top-section elementor-element elementor-element-3cc6809 marken elementor-section-boxed elementor-section-height-default elementor-section-height-default\" data-id=\"3cc6809\" data-element_type=\"section\" id=\"unsereMarken\" data-settings=\"{&quot;background_background&quot;:&quot;classic&quot;,&quot;_ha_eqh_enable&quot;:false}\">\n\t\t\t\t\t\t<div class=\"elementor-container elementor-column-gap-default\">\n\t\t\t\t\t<div class=\"elementor-column elementor-col-50 elementor-top-column elementor-element elementor-element-963ffca\" data-id=\"963ffca\" data-element_type=\"column\" data-settings=\"{&quot;background_background&quot;:&quot;classic&quot;}\">\n\t\t\t<div class=\"elementor-widget-wrap elementor-element-populated\">\n\t\t\t\t\t\t<div class=\"elementor-element elementor-element-98b9bbe elementor-hidden-tablet elementor-hidden-mobile elementor-widget elementor-widget-image\" data-id=\"98b9bbe\" data-element_type=\"widget\" data-widget_type=\"image.default\">\n\t\t\t\t<div class=\"elementor-widget-container\">\n\t\t\t\t\t\t\t\t\t\t\t\t\t\t\t<img fetchpriority=\"high\" decoding=\"async\" width=\"2121\" height=\"1414\" src=\"https:\/\/mpg-eyewear.com\/wp-content\/uploads\/2022\/10\/mpg_healthcare_ffp2.jpg\" class=\"attachment-full size-full wp-image-3866\" alt=\"\" srcset=\"https:\/\/mpg-eyewear.com\/wp-content\/uploads\/2022\/10\/mpg_healthcare_ffp2.jpg 2121w, https:\/\/mpg-eyewear.com\/wp-content\/uploads\/2022\/10\/mpg_healthcare_ffp2-300x200.jpg 300w, https:\/\/mpg-eyewear.com\/wp-content\/uploads\/2022\/10\/mpg_healthcare_ffp2-1024x683.jpg 1024w, https:\/\/mpg-eyewear.com\/wp-content\/uploads\/2022\/10\/mpg_healthcare_ffp2-768x512.jpg 768w, https:\/\/mpg-eyewear.com\/wp-content\/uploads\/2022\/10\/mpg_healthcare_ffp2-1536x1024.jpg 1536w, https:\/\/mpg-eyewear.com\/wp-content\/uploads\/2022\/10\/mpg_healthcare_ffp2-2048x1365.jpg 2048w\" sizes=\"(max-width: 2121px) 100vw, 2121px\" \/>\t\t\t\t\t\t\t\t\t\t\t\t\t\t\t<\/div>\n\t\t\t\t<\/div>\n\t\t\t\t<div class=\"elementor-element elementor-element-b6f9b60 elementor-hidden-desktop elementor-widget elementor-widget-image\" data-id=\"b6f9b60\" data-element_type=\"widget\" data-widget_type=\"image.default\">\n\t\t\t\t<div class=\"elementor-widget-container\">\n\t\t\t\t\t\t\t\t\t\t\t\t\t\t\t<img decoding=\"async\" width=\"2000\" height=\"1000\" src=\"https:\/\/mpg-eyewear.com\/wp-content\/uploads\/2022\/10\/MPG20037_Healtcare_Pictogramme_Produkte_WEB-siegel2.jpg\" class=\"attachment-full size-full wp-image-3836\" alt=\"\" srcset=\"https:\/\/mpg-eyewear.com\/wp-content\/uploads\/2022\/10\/MPG20037_Healtcare_Pictogramme_Produkte_WEB-siegel2.jpg 2000w, https:\/\/mpg-eyewear.com\/wp-content\/uploads\/2022\/10\/MPG20037_Healtcare_Pictogramme_Produkte_WEB-siegel2-300x150.jpg 300w, https:\/\/mpg-eyewear.com\/wp-content\/uploads\/2022\/10\/MPG20037_Healtcare_Pictogramme_Produkte_WEB-siegel2-1024x512.jpg 1024w, https:\/\/mpg-eyewear.com\/wp-content\/uploads\/2022\/10\/MPG20037_Healtcare_Pictogramme_Produkte_WEB-siegel2-768x384.jpg 768w, https:\/\/mpg-eyewear.com\/wp-content\/uploads\/2022\/10\/MPG20037_Healtcare_Pictogramme_Produkte_WEB-siegel2-1536x768.jpg 1536w\" sizes=\"(max-width: 2000px) 100vw, 2000px\" \/>\t\t\t\t\t\t\t\t\t\t\t\t\t\t\t<\/div>\n\t\t\t\t<\/div>\n\t\t\t\t\t<\/div>\n\t\t<\/div>\n\t\t\t\t<div class=\"elementor-column elementor-col-50 elementor-top-column elementor-element elementor-element-8ea8b10\" data-id=\"8ea8b10\" data-element_type=\"column\">\n\t\t\t<div class=\"elementor-widget-wrap elementor-element-populated\">\n\t\t\t\t\t\t<div class=\"elementor-element elementor-element-eee332b elementor-widget elementor-widget-heading\" data-id=\"eee332b\" data-element_type=\"widget\" data-widget_type=\"heading.default\">\n\t\t\t\t<div class=\"elementor-widget-container\">\n\t\t\t\t\t<h2 class=\"elementor-heading-title elementor-size-default\">Zam\u011b\u0159eno na zdrav&iacute;<\/h2>\t\t\t\t<\/div>\n\t\t\t\t<\/div>\n\t\t\t\t<div class=\"elementor-element elementor-element-2925a69 elementor-widget elementor-widget-text-editor\" data-id=\"2925a69\" data-element_type=\"widget\" data-widget_type=\"text-editor.default\">\n\t\t\t\t<div class=\"elementor-widget-container\">\n\t\t\t\t\t\t\t\t\t<p>U n&aacute;s se zam\u011b\u0159ujeme na zdrav&iacute; &ndash; popt&aacute;vka po ochrann&yacute;ch pom\u016fck&aacute;ch v posledn&iacute;ch letech vzrostla, proto aktivn\u011b oslovujeme na&scaron;e z&aacute;kazn&iacute;ky se zna\u010dkou MPG Healthcare.<\/p>\n<p><strong>MPG Healthcare<\/strong> p\u016fsob&iacute; jako dodavatel a dovozce ochrann&yacute;ch produkt\u016f, jako jsou respir&aacute;tory FFP2 a ochrann&eacute; br&yacute;le, a tak&eacute; zdravotnick&yacute;ch produkt\u016f, jako jsou antigenn&iacute; testy. P\u0159itom se v ka\u017ed&eacute;m ohledu zam\u011b\u0159ujeme na kvalitu produkt\u016f, slu\u017eeb, optimalizaci proces\u016f a partnerstv&iacute; s ka\u017ed&yacute;m z&aacute;kazn&iacute;kem.<\/p>\n<p>V&scaron;echny na&scaron;e produkty jsou pr\u016fb\u011b\u017en\u011b testov&aacute;ny, certifikov&aacute;ny CE a spl\u0148uj&iacute; v&scaron;echny pot\u0159ebn&eacute; normy.<\/p>\n<p><strong>Na&scaron;e nab&iacute;dka<\/strong><\/p>\n<ul>\n<li>Speci&aacute;ln&iacute; tkanina proti zaml\u017eov&aacute;n&iacute;<\/li>\n<li>Respir&aacute;tory<\/li>\n<li>Antigenn&iacute; rychlotesty<\/li>\n<li>Ochrann&eacute; br&yacute;le<\/li>\n<li>Pr\u016fzory<\/li>\n<\/ul>\n\t\t\t\t\t\t\t\t<\/div>\n\t\t\t\t<\/div>\n\t\t\t\t<div class=\"elementor-element elementor-element-68c7d02 elementor-align-left elementor-widget elementor-widget-button\" data-id=\"68c7d02\" data-element_type=\"widget\" data-widget_type=\"button.default\">\n\t\t\t\t<div class=\"elementor-widget-container\">\n\t\t\t\t\t\t\t\t\t<div class=\"elementor-button-wrapper\">\n\t\t\t\t\t<a class=\"elementor-button elementor-button-link elementor-size-sm\" href=\"http:\/\/mpg-healthcare.com\/\" target=\"_blank\">\n\t\t\t\t\t\t<span class=\"elementor-button-content-wrapper\">\n\t\t\t\t\t\t\t\t\t<span class=\"elementor-button-text\">Na webov&eacute; str&aacute;nky<\/span>\n\t\t\t\t\t<\/span>\n\t\t\t\t\t<\/a>\n\t\t\t\t<\/div>\n\t\t\t\t\t\t\t\t<\/div>\n\t\t\t\t<\/div>\n\t\t\t\t\t<\/div>\n\t\t<\/div>\n\t\t\t\t\t<\/div>\n\t\t<\/section>\n\t\t\t\t<\/div>\n\t\t","protected":false},"excerpt":{"rendered":"<p>Zam\u011b\u0159eno na zdrav\u00ed MPG Healthcare &ndash; ochrann&eacute; masky a dal&scaron;&iacute; Zam\u011b\u0159eno na zdrav&iacute; U n&aacute;s se zam\u011b\u0159ujeme na zdrav&iacute; &ndash; popt&aacute;vka po ochrann&yacute;ch pom\u016fck&aacute;ch v posledn&iacute;ch letech vzrostla, proto aktivn\u011b oslovujeme na&scaron;e z&aacute;kazn&iacute;ky se zna\u010dkou MPG Healthcare. MPG Healthcare p\u016fsob&iacute; jako dodavatel a dovozce ochrann&yacute;ch produkt\u016f, jako jsou respir&aacute;tory FFP2 a ochrann&eacute; br&yacute;le, a tak&eacute; [&hellip;]<\/p>\n","protected":false},"author":1,"featured_media":0,"parent":0,"menu_order":0,"comment_status":"closed","ping_status":"closed","template":"","meta":{"footnotes":""},"class_list":["post-3939","page","type-page","status-publish","hentry"],"yoast_head":"<!-- This site is optimized with the Yoast SEO plugin v21.8 - https:\/\/yoast.com\/wordpress\/plugins\/seo\/ -->\n<title>MPG Healthcare - MPG - The Eyewear Company<\/title>\n<meta name=\"description\" content=\"MPG Healthcare p\u016fsob\u00ed jako dodavatel a dovozce ochrann\u00fdch produkt\u016f, jako jsou respir\u00e1tory FFP2 a ochrann\u00e9 br\u00fdle, a tak\u00e9 zdravotnick\u00fdch produkt\u016f, jako jsou antigenn\u00ed testy.\" \/>\n<meta name=\"robots\" content=\"index, follow, max-snippet:-1, max-image-preview:large, max-video-preview:-1\" \/>\n<link rel=\"canonical\" href=\"https:\/\/mpg-eyewear.com\/cs\/mpg-healthcare\/\" \/>\n<meta property=\"og:locale\" content=\"en_US\" \/>\n<meta property=\"og:type\" content=\"article\" \/>\n<meta property=\"og:title\" content=\"MPG Healthcare - MPG - The Eyewear Company\" \/>\n<meta property=\"og:description\" content=\"MPG Healthcare p\u016fsob\u00ed jako dodavatel a dovozce ochrann\u00fdch produkt\u016f, jako jsou respir\u00e1tory FFP2 a ochrann\u00e9 br\u00fdle, a tak\u00e9 zdravotnick\u00fdch produkt\u016f, jako jsou antigenn\u00ed testy.\" \/>\n<meta property=\"og:url\" content=\"https:\/\/mpg-eyewear.com\/cs\/mpg-healthcare\/\" \/>\n<meta property=\"og:site_name\" content=\"MPG - The Eyewear Company\" \/>\n<meta property=\"article:modified_time\" content=\"2023-02-01T15:23:50+00:00\" \/>\n<meta property=\"og:image\" content=\"https:\/\/mpg-eyewear.com\/wp-content\/uploads\/2022\/10\/mpg_healthcare_ffp2.jpg\" \/>\n<meta name=\"twitter:card\" content=\"summary_large_image\" \/>\n<meta name=\"twitter:label1\" content=\"Est. reading time\" \/>\n\t<meta name=\"twitter:data1\" content=\"1 minute\" \/>\n<script type=\"application\/ld+json\" class=\"yoast-schema-graph\">{\"@context\":\"https:\/\/schema.org\",\"@graph\":[{\"@type\":\"WebPage\",\"@id\":\"https:\/\/mpg-eyewear.com\/cs\/mpg-healthcare\/\",\"url\":\"https:\/\/mpg-eyewear.com\/cs\/mpg-healthcare\/\",\"name\":\"MPG Healthcare - MPG - The Eyewear Company\",\"isPartOf\":{\"@id\":\"https:\/\/mpg-eyewear.com\/cs\/#website\"},\"datePublished\":\"2022-10-06T14:06:41+00:00\",\"dateModified\":\"2023-02-01T15:23:50+00:00\",\"description\":\"MPG Healthcare p\u016fsob\u00ed jako dodavatel a dovozce ochrann\u00fdch produkt\u016f, jako jsou respir\u00e1tory FFP2 a ochrann\u00e9 br\u00fdle, a tak\u00e9 zdravotnick\u00fdch produkt\u016f, jako jsou antigenn\u00ed testy.\",\"breadcrumb\":{\"@id\":\"https:\/\/mpg-eyewear.com\/cs\/mpg-healthcare\/#breadcrumb\"},\"inLanguage\":\"cz-CZ\",\"potentialAction\":[{\"@type\":\"ReadAction\",\"target\":[\"https:\/\/mpg-eyewear.com\/cs\/mpg-healthcare\/\"]}]},{\"@type\":\"BreadcrumbList\",\"@id\":\"https:\/\/mpg-eyewear.com\/cs\/mpg-healthcare\/#breadcrumb\",\"itemListElement\":[{\"@type\":\"ListItem\",\"position\":1,\"name\":\"Startseite\",\"item\":\"https:\/\/mpg-eyewear.com\/cs\/\"},{\"@type\":\"ListItem\",\"position\":2,\"name\":\"MPG Healthcare\"}]},{\"@type\":\"WebSite\",\"@id\":\"https:\/\/mpg-eyewear.com\/cs\/#website\",\"url\":\"https:\/\/mpg-eyewear.com\/cs\/\",\"name\":\"MPG - The Eyewear Company\",\"description\":\"Creating Perspectives\",\"publisher\":{\"@id\":\"https:\/\/mpg-eyewear.com\/cs\/#organization\"},\"potentialAction\":[{\"@type\":\"SearchAction\",\"target\":{\"@type\":\"EntryPoint\",\"urlTemplate\":\"https:\/\/mpg-eyewear.com\/cs\/?s={search_term_string}\"},\"query-input\":\"required name=search_term_string\"}],\"inLanguage\":\"cz-CZ\"},{\"@type\":\"Organization\",\"@id\":\"https:\/\/mpg-eyewear.com\/cs\/#organization\",\"name\":\"MPG - The Eyewear Company\",\"url\":\"https:\/\/mpg-eyewear.com\/cs\/\",\"logo\":{\"@type\":\"ImageObject\",\"inLanguage\":\"cz-CZ\",\"@id\":\"https:\/\/mpg-eyewear.com\/cs\/#\/schema\/logo\/image\/\",\"url\":\"https:\/\/mpg-eyewear.com\/wp-content\/uploads\/2022\/08\/logo_mpg.png\",\"contentUrl\":\"https:\/\/mpg-eyewear.com\/wp-content\/uploads\/2022\/08\/logo_mpg.png\",\"width\":201,\"height\":127,\"caption\":\"MPG - The Eyewear Company\"},\"image\":{\"@id\":\"https:\/\/mpg-eyewear.com\/cs\/#\/schema\/logo\/image\/\"}}]}<\/script>\n<!-- \/ Yoast SEO plugin. -->","yoast_head_json":{"title":"MPG Healthcare - MPG - The Eyewear Company","description":"MPG Healthcare p\u016fsob\u00ed jako dodavatel a dovozce ochrann\u00fdch produkt\u016f, jako jsou respir\u00e1tory FFP2 a ochrann\u00e9 br\u00fdle, a tak\u00e9 zdravotnick\u00fdch produkt\u016f, jako jsou antigenn\u00ed testy.","robots":{"index":"index","follow":"follow","max-snippet":"max-snippet:-1","max-image-preview":"max-image-preview:large","max-video-preview":"max-video-preview:-1"},"canonical":"https:\/\/mpg-eyewear.com\/cs\/mpg-healthcare\/","og_locale":"en_US","og_type":"article","og_title":"MPG Healthcare - MPG - The Eyewear Company","og_description":"MPG Healthcare p\u016fsob\u00ed jako dodavatel a dovozce ochrann\u00fdch produkt\u016f, jako jsou respir\u00e1tory FFP2 a ochrann\u00e9 br\u00fdle, a tak\u00e9 zdravotnick\u00fdch produkt\u016f, jako jsou antigenn\u00ed testy.","og_url":"https:\/\/mpg-eyewear.com\/cs\/mpg-healthcare\/","og_site_name":"MPG - The Eyewear Company","article_modified_time":"2023-02-01T15:23:50+00:00","og_image":[{"url":"https:\/\/mpg-eyewear.com\/wp-content\/uploads\/2022\/10\/mpg_healthcare_ffp2.jpg"}],"twitter_card":"summary_large_image","twitter_misc":{"Est. reading time":"1 minute"},"schema":{"@context":"https:\/\/schema.org","@graph":[{"@type":"WebPage","@id":"https:\/\/mpg-eyewear.com\/cs\/mpg-healthcare\/","url":"https:\/\/mpg-eyewear.com\/cs\/mpg-healthcare\/","name":"MPG Healthcare - MPG - The Eyewear Company","isPartOf":{"@id":"https:\/\/mpg-eyewear.com\/cs\/#website"},"datePublished":"2022-10-06T14:06:41+00:00","dateModified":"2023-02-01T15:23:50+00:00","description":"MPG Healthcare p\u016fsob\u00ed jako dodavatel a dovozce ochrann\u00fdch produkt\u016f, jako jsou respir\u00e1tory FFP2 a ochrann\u00e9 br\u00fdle, a tak\u00e9 zdravotnick\u00fdch produkt\u016f, jako jsou antigenn\u00ed testy.","breadcrumb":{"@id":"https:\/\/mpg-eyewear.com\/cs\/mpg-healthcare\/#breadcrumb"},"inLanguage":"cz-CZ","potentialAction":[{"@type":"ReadAction","target":["https:\/\/mpg-eyewear.com\/cs\/mpg-healthcare\/"]}]},{"@type":"BreadcrumbList","@id":"https:\/\/mpg-eyewear.com\/cs\/mpg-healthcare\/#breadcrumb","itemListElement":[{"@type":"ListItem","position":1,"name":"Startseite","item":"https:\/\/mpg-eyewear.com\/cs\/"},{"@type":"ListItem","position":2,"name":"MPG Healthcare"}]},{"@type":"WebSite","@id":"https:\/\/mpg-eyewear.com\/cs\/#website","url":"https:\/\/mpg-eyewear.com\/cs\/","name":"MPG - The Eyewear Company","description":"Creating Perspectives","publisher":{"@id":"https:\/\/mpg-eyewear.com\/cs\/#organization"},"potentialAction":[{"@type":"SearchAction","target":{"@type":"EntryPoint","urlTemplate":"https:\/\/mpg-eyewear.com\/cs\/?s={search_term_string}"},"query-input":"required name=search_term_string"}],"inLanguage":"cz-CZ"},{"@type":"Organization","@id":"https:\/\/mpg-eyewear.com\/cs\/#organization","name":"MPG - The Eyewear Company","url":"https:\/\/mpg-eyewear.com\/cs\/","logo":{"@type":"ImageObject","inLanguage":"cz-CZ","@id":"https:\/\/mpg-eyewear.com\/cs\/#\/schema\/logo\/image\/","url":"https:\/\/mpg-eyewear.com\/wp-content\/uploads\/2022\/08\/logo_mpg.png","contentUrl":"https:\/\/mpg-eyewear.com\/wp-content\/uploads\/2022\/08\/logo_mpg.png","width":201,"height":127,"caption":"MPG - The Eyewear Company"},"image":{"@id":"https:\/\/mpg-eyewear.com\/cs\/#\/schema\/logo\/image\/"}}]}},"_links":{"self":[{"href":"https:\/\/mpg-eyewear.com\/cs\/wp-json\/wp\/v2\/pages\/3939","targetHints":{"allow":["GET"]}}],"collection":[{"href":"https:\/\/mpg-eyewear.com\/cs\/wp-json\/wp\/v2\/pages"}],"about":[{"href":"https:\/\/mpg-eyewear.com\/cs\/wp-json\/wp\/v2\/types\/page"}],"author":[{"embeddable":true,"href":"https:\/\/mpg-eyewear.com\/cs\/wp-json\/wp\/v2\/users\/1"}],"replies":[{"embeddable":true,"href":"https:\/\/mpg-eyewear.com\/cs\/wp-json\/wp\/v2\/comments?post=3939"}],"version-history":[{"count":7,"href":"https:\/\/mpg-eyewear.com\/cs\/wp-json\/wp\/v2\/pages\/3939\/revisions"}],"predecessor-version":[{"id":5755,"href":"https:\/\/mpg-eyewear.com\/cs\/wp-json\/wp\/v2\/pages\/3939\/revisions\/5755"}],"wp:attachment":[{"href":"https:\/\/mpg-eyewear.com\/cs\/wp-json\/wp\/v2\/media?parent=3939"}],"curies":[{"name":"wp","href":"https:\/\/api.w.org\/{rel}","templated":true}]}}