{"id":3937,"date":"2022-10-06T16:12:17","date_gmt":"2022-10-06T14:12:17","guid":{"rendered":"https:\/\/mpg-eyewear.com\/maloobchodn-prodej-mpg\/"},"modified":"2024-02-21T12:58:08","modified_gmt":"2024-02-21T11:58:08","slug":"maloobchodn-prodej-mpg","status":"publish","type":"page","link":"https:\/\/mpg-eyewear.com\/cs\/maloobchodn-prodej-mpg\/","title":{"rendered":"Maloobchodn&iacute; prodej MPG"},"content":{"rendered":"\t\t<div data-elementor-type=\"wp-post\" data-elementor-id=\"3937\" class=\"elementor elementor-3937 elementor-1784\" data-elementor-settings=\"{&quot;ha_cmc_init_switcher&quot;:&quot;no&quot;}\" data-elementor-post-type=\"page\">\n\t\t\t\t\t\t<section class=\"elementor-section elementor-top-section elementor-element elementor-element-6df04c4 elementor-section-boxed elementor-section-height-default elementor-section-height-default\" data-id=\"6df04c4\" data-element_type=\"section\" data-settings=\"{&quot;background_background&quot;:&quot;classic&quot;,&quot;_ha_eqh_enable&quot;:false}\">\n\t\t\t\t\t\t<div class=\"elementor-container elementor-column-gap-default\">\n\t\t\t\t\t<div class=\"elementor-column elementor-col-100 elementor-top-column elementor-element elementor-element-16e8430\" data-id=\"16e8430\" data-element_type=\"column\">\n\t\t\t<div class=\"elementor-widget-wrap elementor-element-populated\">\n\t\t\t\t\t\t<div class=\"elementor-element elementor-element-c8cb2d6 elementor-widget elementor-widget-heading\" data-id=\"c8cb2d6\" data-element_type=\"widget\" data-widget_type=\"heading.default\">\n\t\t\t\t<div class=\"elementor-widget-container\">\n\t\t\t\t\t<h1 class=\"elementor-heading-title elementor-size-default\">Zam\u011b\u0159eno na maloobchodn&iacute; prodej<\/h1>\t\t\t\t<\/div>\n\t\t\t\t<\/div>\n\t\t\t\t<div class=\"elementor-element elementor-element-7772255 elementor-widget elementor-widget-heading\" data-id=\"7772255\" data-element_type=\"widget\" data-widget_type=\"heading.default\">\n\t\t\t\t<div class=\"elementor-widget-container\">\n\t\t\t\t\t<h2 class=\"elementor-heading-title elementor-size-default\">Na&scaron;e maloobchodn&iacute; prodejny<\/h2>\t\t\t\t<\/div>\n\t\t\t\t<\/div>\n\t\t\t\t\t<\/div>\n\t\t<\/div>\n\t\t\t\t\t<\/div>\n\t\t<\/section>\n\t\t\t\t<section class=\"elementor-section elementor-top-section elementor-element elementor-element-f582596 elementor-reverse-tablet elementor-reverse-mobile elementor-section-boxed elementor-section-height-default elementor-section-height-default\" data-id=\"f582596\" data-element_type=\"section\" data-settings=\"{&quot;_ha_eqh_enable&quot;:false}\">\n\t\t\t\t\t\t<div class=\"elementor-container elementor-column-gap-default\">\n\t\t\t\t\t<div class=\"elementor-column elementor-col-50 elementor-top-column elementor-element elementor-element-b97113e\" data-id=\"b97113e\" data-element_type=\"column\">\n\t\t\t<div class=\"elementor-widget-wrap elementor-element-populated\">\n\t\t\t\t\t\t<div class=\"elementor-element elementor-element-5793361 elementor-widget elementor-widget-heading\" data-id=\"5793361\" data-element_type=\"widget\" data-widget_type=\"heading.default\">\n\t\t\t\t<div class=\"elementor-widget-container\">\n\t\t\t\t\t<h2 class=\"elementor-heading-title elementor-size-default\">Vytv&aacute;\u0159en&iacute; perspektiv<\/h2>\t\t\t\t<\/div>\n\t\t\t\t<\/div>\n\t\t\t\t<div class=\"elementor-element elementor-element-f578c8b elementor-widget elementor-widget-text-editor\" data-id=\"f578c8b\" data-element_type=\"widget\" data-widget_type=\"text-editor.default\">\n\t\t\t\t<div class=\"elementor-widget-container\">\n\t\t\t\t\t\t\t\t\t<p>Prost\u0159ednictv\u00edm na\u0161ich \u0161iroce rozv\u011btven\u00fdch a efektivn\u011b propojen\u00fdch prodejn\u00edch syst\u00e9m\u016f, pobo\u010dek a dce\u0159in\u00fdch spole\u010dnost\u00ed dod\u00e1v\u00e1me na\u0161im B2B a B2C z\u00e1kazn\u00edk\u016fm po cel\u00e9 Evrop\u011b \u0161irokou \u0161k\u00e1lu r\u016fzn\u00fdch zna\u010dek obrub, slune\u010dn\u00edch a sportovn\u00edch br\u00fdl\u00ed, optick\u00fdch \u010do\u010dek a zdravotnick\u00fdch produkt\u016f.<\/p><p>Podstata skupiny je zalo\u017eena na koncepci uzav\u0159en\u00e9ho hodnotov\u00e9ho \u0159et\u011bzce \u2013 od v\u00fdrobce a\u017e po kone\u010dn\u00e9ho spot\u0159ebitele.<\/p><p>Na\u0161im z\u00e1kazn\u00edk\u016fm nab\u00edz\u00edme v\u0161e z jednoho zdroje: od n\u00e1vrhu p\u0159es v\u00fdrobu a\u017e po prodej. D\u016fsledn\u00e1 souhra proces\u016f, syst\u00e9m\u016f a struktur umo\u017e\u0148uje neust\u00e1l\u00fd r\u016fst skupiny, kter\u00e1 z\u00edskala na v\u00fdznamu po cel\u00e9 Evrop\u011b zejm\u00e9na d\u00edky roz\u0161\u00ed\u0159en\u00ed vlastn\u00edch<b> maloobchodn\u00edch prodejen optiky o Hallmann (optika a akustika) a Eye Wish<\/b> a v sou\u010dasnosti se na trhu prezentuje s 250 specializovan\u00fdmi prodejnami optiky.<\/p><p><b>Hallmann <\/b>m\u00e1 jako dlouholet\u00e1 rodinn\u00e1 firma s v\u00edce ne\u017e 100 pobo\u010dkami v <b>N\u011bmecku a D\u00e1nsku<\/b> velmi bl\u00edzko sv\u00fdm z\u00e1kazn\u00edk\u016fm a nab\u00edz\u00ed \u0161irok\u00fd sortiment br\u00fdl\u00ed, zna\u010dkov\u00fdch v\u00fdrobk\u016f, \u010do\u010dek vyr\u00e1b\u011bn\u00fdch v N\u011bmecku a nejmodern\u011bj\u0161\u00edch \u0159e\u0161en\u00ed pro sluch.<\/p><p><span style=\"letter-spacing: 0.32px;\"><b>Eye Wish v Nizozemsku <\/b>se jako optika s mo\u017enost\u00ed volby zam\u011b\u0159uje na st\u0159edn\u00ed a\u017e vy\u0161\u0161\u00ed segment trhu.\u00a0<\/span><span style=\"letter-spacing: 0.32px;\">St\u00e1vaj\u00edc\u00ed s\u00ed\u0165 pobo\u010dek se 145 prodejnami optiky je d\u00e1le roz\u0161i\u0159ov\u00e1na, aby co nejl\u00e9pe reagovala na p\u0159\u00e1n\u00ed z\u00e1kazn\u00edk\u016f, flexibiln\u00ed nab\u00eddky a slu\u017eby.<\/span><\/p>\t\t\t\t\t\t\t\t<\/div>\n\t\t\t\t<\/div>\n\t\t\t\t\t<\/div>\n\t\t<\/div>\n\t\t\t\t<div class=\"elementor-column elementor-col-50 elementor-top-column elementor-element elementor-element-d7361aa\" data-id=\"d7361aa\" data-element_type=\"column\">\n\t\t\t<div class=\"elementor-widget-wrap elementor-element-populated\">\n\t\t\t\t\t\t<div class=\"elementor-element elementor-element-e451813 elementor-hidden-tablet elementor-hidden-mobile elementor-widget elementor-widget-image\" data-id=\"e451813\" data-element_type=\"widget\" data-widget_type=\"image.default\">\n\t\t\t\t<div class=\"elementor-widget-container\">\n\t\t\t\t\t\t\t\t\t\t\t\t\t\t\t<img fetchpriority=\"high\" decoding=\"async\" width=\"1000\" height=\"1000\" src=\"https:\/\/mpg-eyewear.com\/wp-content\/uploads\/2022\/08\/Kacheln_Retail_WEB.jpg\" class=\"attachment-full size-full wp-image-3766\" alt=\"\" srcset=\"https:\/\/mpg-eyewear.com\/wp-content\/uploads\/2022\/08\/Kacheln_Retail_WEB.jpg 1000w, https:\/\/mpg-eyewear.com\/wp-content\/uploads\/2022\/08\/Kacheln_Retail_WEB-150x150.jpg 150w, https:\/\/mpg-eyewear.com\/wp-content\/uploads\/2022\/08\/Kacheln_Retail_WEB-300x300.jpg 300w, https:\/\/mpg-eyewear.com\/wp-content\/uploads\/2022\/08\/Kacheln_Retail_WEB-768x768.jpg 768w\" sizes=\"(max-width: 1000px) 100vw, 1000px\" \/>\t\t\t\t\t\t\t\t\t\t\t\t\t\t\t<\/div>\n\t\t\t\t<\/div>\n\t\t\t\t<div class=\"elementor-element elementor-element-10e0c04 elementor-hidden-desktop elementor-widget elementor-widget-image\" data-id=\"10e0c04\" data-element_type=\"widget\" data-widget_type=\"image.default\">\n\t\t\t\t<div class=\"elementor-widget-container\">\n\t\t\t\t\t\t\t\t\t\t\t\t\t\t\t<img fetchpriority=\"high\" decoding=\"async\" width=\"1000\" height=\"1000\" src=\"https:\/\/mpg-eyewear.com\/wp-content\/uploads\/2022\/08\/Kacheln_Retail_WEB.jpg\" class=\"attachment-full size-full wp-image-3766\" alt=\"\" srcset=\"https:\/\/mpg-eyewear.com\/wp-content\/uploads\/2022\/08\/Kacheln_Retail_WEB.jpg 1000w, https:\/\/mpg-eyewear.com\/wp-content\/uploads\/2022\/08\/Kacheln_Retail_WEB-150x150.jpg 150w, https:\/\/mpg-eyewear.com\/wp-content\/uploads\/2022\/08\/Kacheln_Retail_WEB-300x300.jpg 300w, https:\/\/mpg-eyewear.com\/wp-content\/uploads\/2022\/08\/Kacheln_Retail_WEB-768x768.jpg 768w\" sizes=\"(max-width: 1000px) 100vw, 1000px\" \/>\t\t\t\t\t\t\t\t\t\t\t\t\t\t\t<\/div>\n\t\t\t\t<\/div>\n\t\t\t\t\t<\/div>\n\t\t<\/div>\n\t\t\t\t\t<\/div>\n\t\t<\/section>\n\t\t\t\t<section class=\"elementor-section elementor-top-section elementor-element elementor-element-519e998 elementor-section-boxed elementor-section-height-default elementor-section-height-default\" data-id=\"519e998\" data-element_type=\"section\" data-settings=\"{&quot;background_background&quot;:&quot;classic&quot;,&quot;_ha_eqh_enable&quot;:false}\">\n\t\t\t\t\t\t<div class=\"elementor-container elementor-column-gap-default\">\n\t\t\t\t\t<div class=\"elementor-column elementor-col-50 elementor-top-column elementor-element elementor-element-7593b5f\" data-id=\"7593b5f\" data-element_type=\"column\" data-settings=\"{&quot;background_background&quot;:&quot;classic&quot;}\">\n\t\t\t<div class=\"elementor-widget-wrap elementor-element-populated\">\n\t\t\t\t\t<div class=\"elementor-background-overlay\"><\/div>\n\t\t\t\t\t\t<div class=\"elementor-element elementor-element-43b15cd ekit-equal-height-disable ha-has-bg-overlay elementor-widget elementor-widget-elementskit-image-box\" data-id=\"43b15cd\" data-element_type=\"widget\" data-widget_type=\"elementskit-image-box.default\">\n\t\t\t\t<div class=\"elementor-widget-container\">\n\t\t\t\t\t<div class=\"ekit-wid-con\" >\n            <div class=\"elementskit-info-image-box ekit-image-box text-left style-modern\" >\n\n                <a href=\"https:\/\/www.optik-hallmann.de\/\">\n                <div class=\"elementskit-box-header image-box-img-left\">\n\n                    <img decoding=\"async\" width=\"1080\" height=\"1350\" src=\"https:\/\/mpg-eyewear.com\/wp-content\/uploads\/2022\/10\/hallmann-hq.png\" class=\"attachment-full size-full wp-image-1800\" alt=\"\" srcset=\"https:\/\/mpg-eyewear.com\/wp-content\/uploads\/2022\/10\/hallmann-hq.png 1080w, https:\/\/mpg-eyewear.com\/wp-content\/uploads\/2022\/10\/hallmann-hq-240x300.png 240w, https:\/\/mpg-eyewear.com\/wp-content\/uploads\/2022\/10\/hallmann-hq-819x1024.png 819w, https:\/\/mpg-eyewear.com\/wp-content\/uploads\/2022\/10\/hallmann-hq-768x960.png 768w\" sizes=\"(max-width: 1080px) 100vw, 1080px\" \/>\n                <\/div>\n                <\/a>\n                <div class=\"elementskit-box-body ekit-image-box-body\">\n                    <div class=\"elementskit-box-content ekit-image-box-body-inner\">\n                                                            <\/div>\n\n                                <div class=\"elementskit-box-footer\">\n                    <div class=\"box-footer\">\n                        <div class=\"btn-wraper\">\n                                                            <a href=\"#\" class=\"elementskit-btn whitespace--normal\">\n                                                                    <\/a>\n                                                    <\/div>\n                    <\/div>\n                <\/div>\n                            <\/div>\n            <\/div>\n    <\/div>\t\t\t\t<\/div>\n\t\t\t\t<\/div>\n\t\t\t\t\t<\/div>\n\t\t<\/div>\n\t\t\t\t<div class=\"elementor-column elementor-col-50 elementor-top-column elementor-element elementor-element-f3eed1e\" data-id=\"f3eed1e\" data-element_type=\"column\" data-settings=\"{&quot;background_background&quot;:&quot;classic&quot;}\">\n\t\t\t<div class=\"elementor-widget-wrap elementor-element-populated\">\n\t\t\t\t\t<div class=\"elementor-background-overlay\"><\/div>\n\t\t\t\t\t\t<div class=\"elementor-element elementor-element-2b4cd30 ekit-equal-height-disable ha-has-bg-overlay elementor-widget elementor-widget-elementskit-image-box\" data-id=\"2b4cd30\" data-element_type=\"widget\" data-widget_type=\"elementskit-image-box.default\">\n\t\t\t\t<div class=\"elementor-widget-container\">\n\t\t\t\t\t<div class=\"ekit-wid-con\" >\n            <div class=\"elementskit-info-image-box ekit-image-box text-left style-modern\" >\n\n                <a href=\"https:\/\/www.eyewish.nl\/\">\n                <div class=\"elementskit-box-header image-box-img-left\">\n\n                    <img decoding=\"async\" width=\"1080\" height=\"1350\" src=\"https:\/\/mpg-eyewear.com\/wp-content\/uploads\/2022\/11\/eyewish-retail.png\" class=\"attachment-full size-full wp-image-2836\" alt=\"\" srcset=\"https:\/\/mpg-eyewear.com\/wp-content\/uploads\/2022\/11\/eyewish-retail.png 1080w, https:\/\/mpg-eyewear.com\/wp-content\/uploads\/2022\/11\/eyewish-retail-240x300.png 240w, https:\/\/mpg-eyewear.com\/wp-content\/uploads\/2022\/11\/eyewish-retail-819x1024.png 819w, https:\/\/mpg-eyewear.com\/wp-content\/uploads\/2022\/11\/eyewish-retail-768x960.png 768w\" sizes=\"(max-width: 1080px) 100vw, 1080px\" \/>\n                <\/div>\n                <\/a>\n                <div class=\"elementskit-box-body ekit-image-box-body\">\n                    <div class=\"elementskit-box-content ekit-image-box-body-inner\">\n                                                            <\/div>\n\n                                <div class=\"elementskit-box-footer\">\n                    <div class=\"box-footer\">\n                        <div class=\"btn-wraper\">\n                                                            <a href=\"https:\/\/mpg-eyewear.com\/marketingservice\/\" class=\"elementskit-btn whitespace--normal\">\n                                                                    <\/a>\n                                                    <\/div>\n                    <\/div>\n                <\/div>\n                            <\/div>\n            <\/div>\n    <\/div>\t\t\t\t<\/div>\n\t\t\t\t<\/div>\n\t\t\t\t\t<\/div>\n\t\t<\/div>\n\t\t\t\t\t<\/div>\n\t\t<\/section>\n\t\t\t\t<\/div>\n\t\t","protected":false},"excerpt":{"rendered":"<p>Zam\u011b\u0159eno na maloobchodn&iacute; prodej Na&scaron;e maloobchodn&iacute; prodejny Vytv&aacute;\u0159en&iacute; perspektiv Prost\u0159ednictv\u00edm na\u0161ich \u0161iroce rozv\u011btven\u00fdch a efektivn\u011b propojen\u00fdch prodejn\u00edch syst\u00e9m\u016f, pobo\u010dek a dce\u0159in\u00fdch spole\u010dnost\u00ed dod\u00e1v\u00e1me na\u0161im B2B a B2C z\u00e1kazn\u00edk\u016fm po cel\u00e9 Evrop\u011b \u0161irokou \u0161k\u00e1lu r\u016fzn\u00fdch zna\u010dek obrub, slune\u010dn\u00edch a sportovn\u00edch br\u00fdl\u00ed, optick\u00fdch \u010do\u010dek a zdravotnick\u00fdch produkt\u016f. Podstata skupiny je zalo\u017eena na koncepci uzav\u0159en\u00e9ho hodnotov\u00e9ho \u0159et\u011bzce \u2013 [&hellip;]<\/p>\n","protected":false},"author":1,"featured_media":0,"parent":0,"menu_order":0,"comment_status":"closed","ping_status":"closed","template":"","meta":{"footnotes":""},"class_list":["post-3937","page","type-page","status-publish","hentry"],"yoast_head":"<!-- This site is optimized with the Yoast SEO plugin v21.8 - https:\/\/yoast.com\/wordpress\/plugins\/seo\/ -->\n<title>Maloobchodn\u00ed prodejny optiky - MPG - The Eyewear Company<\/title>\n<meta name=\"description\" content=\"Na\u0161e vlastn\u00ed maloobchodn\u00ed prodejny optiky dokonale dopl\u0148uj\u00ed na\u0161i koncepci uzav\u0159en\u00e9ho hodnotov\u00e9ho \u0159et\u011bzce \u2013 od v\u00fdrobce a\u017e po kone\u010dn\u00e9ho spot\u0159ebitele.\" \/>\n<meta name=\"robots\" content=\"index, follow, max-snippet:-1, max-image-preview:large, max-video-preview:-1\" \/>\n<link rel=\"canonical\" href=\"https:\/\/mpg-eyewear.com\/cs\/maloobchodn-prodej-mpg\/\" \/>\n<meta property=\"og:locale\" content=\"en_US\" \/>\n<meta property=\"og:type\" content=\"article\" \/>\n<meta property=\"og:title\" content=\"Maloobchodn\u00ed prodejny optiky - MPG - The Eyewear Company\" \/>\n<meta property=\"og:description\" content=\"Na\u0161e vlastn\u00ed maloobchodn\u00ed prodejny optiky dokonale dopl\u0148uj\u00ed na\u0161i koncepci uzav\u0159en\u00e9ho hodnotov\u00e9ho \u0159et\u011bzce \u2013 od v\u00fdrobce a\u017e po kone\u010dn\u00e9ho spot\u0159ebitele.\" \/>\n<meta property=\"og:url\" content=\"https:\/\/mpg-eyewear.com\/cs\/maloobchodn-prodej-mpg\/\" \/>\n<meta property=\"og:site_name\" content=\"MPG - The Eyewear Company\" \/>\n<meta property=\"article:modified_time\" content=\"2024-02-21T11:58:08+00:00\" \/>\n<meta property=\"og:image\" content=\"https:\/\/mpg-eyewear.com\/wp-content\/uploads\/2022\/08\/Kacheln_Retail_WEB.jpg\" \/>\n<meta name=\"twitter:card\" content=\"summary_large_image\" \/>\n<meta name=\"twitter:label1\" content=\"Est. reading time\" \/>\n\t<meta name=\"twitter:data1\" content=\"2 minutes\" \/>\n<script type=\"application\/ld+json\" class=\"yoast-schema-graph\">{\"@context\":\"https:\/\/schema.org\",\"@graph\":[{\"@type\":\"WebPage\",\"@id\":\"https:\/\/mpg-eyewear.com\/cs\/maloobchodn-prodej-mpg\/\",\"url\":\"https:\/\/mpg-eyewear.com\/cs\/maloobchodn-prodej-mpg\/\",\"name\":\"Maloobchodn\u00ed prodejny optiky - MPG - The Eyewear Company\",\"isPartOf\":{\"@id\":\"https:\/\/mpg-eyewear.com\/cs\/#website\"},\"datePublished\":\"2022-10-06T14:12:17+00:00\",\"dateModified\":\"2024-02-21T11:58:08+00:00\",\"description\":\"Na\u0161e vlastn\u00ed maloobchodn\u00ed prodejny optiky dokonale dopl\u0148uj\u00ed na\u0161i koncepci uzav\u0159en\u00e9ho hodnotov\u00e9ho \u0159et\u011bzce \u2013 od v\u00fdrobce a\u017e po kone\u010dn\u00e9ho spot\u0159ebitele.\",\"breadcrumb\":{\"@id\":\"https:\/\/mpg-eyewear.com\/cs\/maloobchodn-prodej-mpg\/#breadcrumb\"},\"inLanguage\":\"cz-CZ\",\"potentialAction\":[{\"@type\":\"ReadAction\",\"target\":[\"https:\/\/mpg-eyewear.com\/cs\/maloobchodn-prodej-mpg\/\"]}]},{\"@type\":\"BreadcrumbList\",\"@id\":\"https:\/\/mpg-eyewear.com\/cs\/maloobchodn-prodej-mpg\/#breadcrumb\",\"itemListElement\":[{\"@type\":\"ListItem\",\"position\":1,\"name\":\"Startseite\",\"item\":\"https:\/\/mpg-eyewear.com\/cs\/\"},{\"@type\":\"ListItem\",\"position\":2,\"name\":\"Maloobchodn&iacute; prodej MPG\"}]},{\"@type\":\"WebSite\",\"@id\":\"https:\/\/mpg-eyewear.com\/cs\/#website\",\"url\":\"https:\/\/mpg-eyewear.com\/cs\/\",\"name\":\"MPG - The Eyewear Company\",\"description\":\"Creating Perspectives\",\"publisher\":{\"@id\":\"https:\/\/mpg-eyewear.com\/cs\/#organization\"},\"potentialAction\":[{\"@type\":\"SearchAction\",\"target\":{\"@type\":\"EntryPoint\",\"urlTemplate\":\"https:\/\/mpg-eyewear.com\/cs\/?s={search_term_string}\"},\"query-input\":\"required name=search_term_string\"}],\"inLanguage\":\"cz-CZ\"},{\"@type\":\"Organization\",\"@id\":\"https:\/\/mpg-eyewear.com\/cs\/#organization\",\"name\":\"MPG - The Eyewear Company\",\"url\":\"https:\/\/mpg-eyewear.com\/cs\/\",\"logo\":{\"@type\":\"ImageObject\",\"inLanguage\":\"cz-CZ\",\"@id\":\"https:\/\/mpg-eyewear.com\/cs\/#\/schema\/logo\/image\/\",\"url\":\"https:\/\/mpg-eyewear.com\/wp-content\/uploads\/2022\/08\/logo_mpg.png\",\"contentUrl\":\"https:\/\/mpg-eyewear.com\/wp-content\/uploads\/2022\/08\/logo_mpg.png\",\"width\":201,\"height\":127,\"caption\":\"MPG - The Eyewear Company\"},\"image\":{\"@id\":\"https:\/\/mpg-eyewear.com\/cs\/#\/schema\/logo\/image\/\"}}]}<\/script>\n<!-- \/ Yoast SEO plugin. -->","yoast_head_json":{"title":"Maloobchodn\u00ed prodejny optiky - MPG - The Eyewear Company","description":"Na\u0161e vlastn\u00ed maloobchodn\u00ed prodejny optiky dokonale dopl\u0148uj\u00ed na\u0161i koncepci uzav\u0159en\u00e9ho hodnotov\u00e9ho \u0159et\u011bzce \u2013 od v\u00fdrobce a\u017e po kone\u010dn\u00e9ho spot\u0159ebitele.","robots":{"index":"index","follow":"follow","max-snippet":"max-snippet:-1","max-image-preview":"max-image-preview:large","max-video-preview":"max-video-preview:-1"},"canonical":"https:\/\/mpg-eyewear.com\/cs\/maloobchodn-prodej-mpg\/","og_locale":"en_US","og_type":"article","og_title":"Maloobchodn\u00ed prodejny optiky - MPG - The Eyewear Company","og_description":"Na\u0161e vlastn\u00ed maloobchodn\u00ed prodejny optiky dokonale dopl\u0148uj\u00ed na\u0161i koncepci uzav\u0159en\u00e9ho hodnotov\u00e9ho \u0159et\u011bzce \u2013 od v\u00fdrobce a\u017e po kone\u010dn\u00e9ho spot\u0159ebitele.","og_url":"https:\/\/mpg-eyewear.com\/cs\/maloobchodn-prodej-mpg\/","og_site_name":"MPG - The Eyewear Company","article_modified_time":"2024-02-21T11:58:08+00:00","og_image":[{"url":"https:\/\/mpg-eyewear.com\/wp-content\/uploads\/2022\/08\/Kacheln_Retail_WEB.jpg"}],"twitter_card":"summary_large_image","twitter_misc":{"Est. reading time":"2 minutes"},"schema":{"@context":"https:\/\/schema.org","@graph":[{"@type":"WebPage","@id":"https:\/\/mpg-eyewear.com\/cs\/maloobchodn-prodej-mpg\/","url":"https:\/\/mpg-eyewear.com\/cs\/maloobchodn-prodej-mpg\/","name":"Maloobchodn\u00ed prodejny optiky - MPG - The Eyewear Company","isPartOf":{"@id":"https:\/\/mpg-eyewear.com\/cs\/#website"},"datePublished":"2022-10-06T14:12:17+00:00","dateModified":"2024-02-21T11:58:08+00:00","description":"Na\u0161e vlastn\u00ed maloobchodn\u00ed prodejny optiky dokonale dopl\u0148uj\u00ed na\u0161i koncepci uzav\u0159en\u00e9ho hodnotov\u00e9ho \u0159et\u011bzce \u2013 od v\u00fdrobce a\u017e po kone\u010dn\u00e9ho spot\u0159ebitele.","breadcrumb":{"@id":"https:\/\/mpg-eyewear.com\/cs\/maloobchodn-prodej-mpg\/#breadcrumb"},"inLanguage":"cz-CZ","potentialAction":[{"@type":"ReadAction","target":["https:\/\/mpg-eyewear.com\/cs\/maloobchodn-prodej-mpg\/"]}]},{"@type":"BreadcrumbList","@id":"https:\/\/mpg-eyewear.com\/cs\/maloobchodn-prodej-mpg\/#breadcrumb","itemListElement":[{"@type":"ListItem","position":1,"name":"Startseite","item":"https:\/\/mpg-eyewear.com\/cs\/"},{"@type":"ListItem","position":2,"name":"Maloobchodn&iacute; prodej MPG"}]},{"@type":"WebSite","@id":"https:\/\/mpg-eyewear.com\/cs\/#website","url":"https:\/\/mpg-eyewear.com\/cs\/","name":"MPG - The Eyewear Company","description":"Creating Perspectives","publisher":{"@id":"https:\/\/mpg-eyewear.com\/cs\/#organization"},"potentialAction":[{"@type":"SearchAction","target":{"@type":"EntryPoint","urlTemplate":"https:\/\/mpg-eyewear.com\/cs\/?s={search_term_string}"},"query-input":"required name=search_term_string"}],"inLanguage":"cz-CZ"},{"@type":"Organization","@id":"https:\/\/mpg-eyewear.com\/cs\/#organization","name":"MPG - The Eyewear Company","url":"https:\/\/mpg-eyewear.com\/cs\/","logo":{"@type":"ImageObject","inLanguage":"cz-CZ","@id":"https:\/\/mpg-eyewear.com\/cs\/#\/schema\/logo\/image\/","url":"https:\/\/mpg-eyewear.com\/wp-content\/uploads\/2022\/08\/logo_mpg.png","contentUrl":"https:\/\/mpg-eyewear.com\/wp-content\/uploads\/2022\/08\/logo_mpg.png","width":201,"height":127,"caption":"MPG - The Eyewear Company"},"image":{"@id":"https:\/\/mpg-eyewear.com\/cs\/#\/schema\/logo\/image\/"}}]}},"_links":{"self":[{"href":"https:\/\/mpg-eyewear.com\/cs\/wp-json\/wp\/v2\/pages\/3937","targetHints":{"allow":["GET"]}}],"collection":[{"href":"https:\/\/mpg-eyewear.com\/cs\/wp-json\/wp\/v2\/pages"}],"about":[{"href":"https:\/\/mpg-eyewear.com\/cs\/wp-json\/wp\/v2\/types\/page"}],"author":[{"embeddable":true,"href":"https:\/\/mpg-eyewear.com\/cs\/wp-json\/wp\/v2\/users\/1"}],"replies":[{"embeddable":true,"href":"https:\/\/mpg-eyewear.com\/cs\/wp-json\/wp\/v2\/comments?post=3937"}],"version-history":[{"count":5,"href":"https:\/\/mpg-eyewear.com\/cs\/wp-json\/wp\/v2\/pages\/3937\/revisions"}],"predecessor-version":[{"id":7594,"href":"https:\/\/mpg-eyewear.com\/cs\/wp-json\/wp\/v2\/pages\/3937\/revisions\/7594"}],"wp:attachment":[{"href":"https:\/\/mpg-eyewear.com\/cs\/wp-json\/wp\/v2\/media?parent=3937"}],"curies":[{"name":"wp","href":"https:\/\/api.w.org\/{rel}","templated":true}]}}