{"id":3914,"date":"2022-10-07T14:21:05","date_gmt":"2022-10-07T12:21:05","guid":{"rendered":"https:\/\/mpg-eyewear.com\/architektura\/"},"modified":"2023-01-25T16:15:43","modified_gmt":"2023-01-25T15:15:43","slug":"architektura","status":"publish","type":"page","link":"https:\/\/mpg-eyewear.com\/cs\/architektura\/","title":{"rendered":"Architektura"},"content":{"rendered":"\t\t<div data-elementor-type=\"wp-page\" data-elementor-id=\"3914\" class=\"elementor elementor-3914 elementor-2126\" data-elementor-settings=\"{&quot;ha_cmc_init_switcher&quot;:&quot;no&quot;}\" data-elementor-post-type=\"page\">\n\t\t\t\t\t\t<section class=\"elementor-section elementor-top-section elementor-element elementor-element-791def9f elementor-section-full_width elementor-section-height-full elementor-section-height-default elementor-section-items-middle\" data-id=\"791def9f\" data-element_type=\"section\" data-settings=\"{&quot;background_background&quot;:&quot;video&quot;,&quot;background_video_link&quot;:&quot;https:\\\/\\\/youtu.be\\\/yyI62WRwQ0k&quot;,&quot;background_play_on_mobile&quot;:&quot;yes&quot;,&quot;_ha_eqh_enable&quot;:false}\">\n\t\t\t\t\t\t\t\t<div class=\"elementor-background-video-container\" aria-hidden=\"true\">\n\t\t\t\t\t\t\t\t\t\t\t\t\t<div class=\"elementor-background-video-embed\"><\/div>\n\t\t\t\t\t\t\t\t\t\t\t\t<\/div>\n\t\t\t\t\t\t\t\t\t<div class=\"elementor-background-overlay\"><\/div>\n\t\t\t\t\t\t\t<div class=\"elementor-container elementor-column-gap-default\">\n\t\t\t\t\t<div class=\"elementor-column elementor-col-100 elementor-top-column elementor-element elementor-element-4e1f813b\" data-id=\"4e1f813b\" data-element_type=\"column\">\n\t\t\t<div class=\"elementor-widget-wrap elementor-element-populated\">\n\t\t\t\t\t\t<div class=\"elementor-element elementor-element-78a4a17d elementor-widget elementor-widget-heading\" data-id=\"78a4a17d\" data-element_type=\"widget\" data-widget_type=\"heading.default\">\n\t\t\t\t<div class=\"elementor-widget-container\">\n\t\t\t\t\t<h1 class=\"elementor-heading-title elementor-size-default\">\u010cern&yacute; panter<\/h1>\t\t\t\t<\/div>\n\t\t\t\t<\/div>\n\t\t\t\t<div class=\"elementor-element elementor-element-10262e2f elementor-widget elementor-widget-heading\" data-id=\"10262e2f\" data-element_type=\"widget\" data-widget_type=\"heading.default\">\n\t\t\t\t<div class=\"elementor-widget-container\">\n\t\t\t\t\t<h2 class=\"elementor-heading-title elementor-size-default\">Hlavn&iacute; s&iacute;dlo MP09<\/h2>\t\t\t\t<\/div>\n\t\t\t\t<\/div>\n\t\t\t\t<div class=\"elementor-element elementor-element-5cf122aa elementor-align-left elementor-mobile-align-center elementor-hidden-mobile elementor-widget elementor-widget-button\" data-id=\"5cf122aa\" data-element_type=\"widget\" data-widget_type=\"button.default\">\n\t\t\t\t<div class=\"elementor-widget-container\">\n\t\t\t\t\t\t\t\t\t<div class=\"elementor-button-wrapper\">\n\t\t\t\t\t<a class=\"elementor-button elementor-button-link elementor-size-sm\" href=\"#architektura\">\n\t\t\t\t\t\t<span class=\"elementor-button-content-wrapper\">\n\t\t\t\t\t\t\t\t\t<span class=\"elementor-button-text\">Zjistit v&iacute;ce<\/span>\n\t\t\t\t\t<\/span>\n\t\t\t\t\t<\/a>\n\t\t\t\t<\/div>\n\t\t\t\t\t\t\t\t<\/div>\n\t\t\t\t<\/div>\n\t\t\t\t\t<\/div>\n\t\t<\/div>\n\t\t\t\t\t<\/div>\n\t\t<\/section>\n\t\t\t\t<section class=\"elementor-section elementor-top-section elementor-element elementor-element-25d61794 elementor-reverse-tablet elementor-reverse-mobile elementor-section-boxed elementor-section-height-default elementor-section-height-default\" data-id=\"25d61794\" data-element_type=\"section\" id=\"architektur\" data-settings=\"{&quot;background_background&quot;:&quot;classic&quot;,&quot;_ha_eqh_enable&quot;:false}\">\n\t\t\t\t\t\t<div class=\"elementor-container elementor-column-gap-default\">\n\t\t\t\t\t<div class=\"elementor-column elementor-col-50 elementor-top-column elementor-element elementor-element-78295b04\" data-id=\"78295b04\" data-element_type=\"column\">\n\t\t\t<div class=\"elementor-widget-wrap elementor-element-populated\">\n\t\t\t\t\t\t<div class=\"elementor-element elementor-element-8f6e7a elementor-widget elementor-widget-heading\" data-id=\"8f6e7a\" data-element_type=\"widget\" id=\"architektura\" data-widget_type=\"heading.default\">\n\t\t\t\t<div class=\"elementor-widget-container\">\n\t\t\t\t\t<h2 class=\"elementor-heading-title elementor-size-default\">Hlavn&iacute; s&iacute;dlo #TeamMPG<\/h2>\t\t\t\t<\/div>\n\t\t\t\t<\/div>\n\t\t\t\t<div class=\"elementor-element elementor-element-65e1100d elementor-widget elementor-widget-text-editor\" data-id=\"65e1100d\" data-element_type=\"widget\" id=\"architektura\" data-widget_type=\"text-editor.default\">\n\t\t\t\t<div class=\"elementor-widget-container\">\n\t\t\t\t\t\t\t\t\t<p><span style=\"font-weight: 400;\"><strong>Hlavn&iacute; s&iacute;dlo spole\u010dnosti MPG<\/strong>, vybudovan&eacute; v roce 2009 na p\u0159&iacute;jezdu do Grazu v Liebenau, pout&aacute; pozornost p\u016fsobivou a elegantn&iacute; architekturou: budova MP09, zn&aacute;m&aacute; tak&eacute; pod n&aacute;zvem &bdquo;<strong>\u010cern&yacute; panter&ldquo;<\/strong>, zaujme n&aacute;v&scaron;t\u011bvn&iacute;ka sv&yacute;m exteri&eacute;rem i interi&eacute;rem.&nbsp;<\/span><\/p>\n<p><span style=\"font-weight: 400;\">Za p\u016fsobivou fas&aacute;dou se skr&yacute;vaj&iacute; v&iacute;cevrstv&eacute; m&iacute;stnosti. Dok&aacute;\u017eou m\u011bnit svou velikost, pak se zase spojuj&iacute; v terasy nebo levituj&iacute;c&iacute; st\u0159echy. Tento koncept umo\u017e\u0148uje vytvo\u0159it ide&aacute;ln&iacute; kancel&aacute;\u0159e pro r\u016fzn&eacute; t&yacute;my a r\u016fzn&eacute; po\u017eadavky. Krom\u011b designu a exkluzivity se p\u0159i stavb\u011b pamatovalo na nejmodern\u011bj&scaron;&iacute; ekologick&eacute; normy.<\/span><\/p>\n<p><span style=\"font-weight: 400;\">Velkolep&aacute; architektura budovy byla nejen op\u011bvov&aacute;na v mnoha odborn&yacute;ch architektonick&yacute;ch \u010dasopisech, ale tak&eacute; <strong>z&iacute;skala dv\u011b ocen\u011bn&iacute;<\/strong> &ndash; mimo jin&eacute; na <strong>&ndash; na Bien&aacute;le architektury v Ben&aacute;tk&aacute;ch v roce 2010.<\/strong> Co je v&scaron;ak nejd\u016fle\u017eit\u011bj&scaron;&iacute;: budova o velikosti 10 500 metr\u016f \u010dtvere\u010dn&iacute;ch nab&iacute;z&iacute; na&scaron;emu t&yacute;mu dostatek prostoru pro nov&eacute; n&aacute;pady.<\/span><\/p>\n<div>\n<div>\n<div><\/div>\n<p><\/p>\n<\/div>\n<\/div>\n\t\t\t\t\t\t\t\t<\/div>\n\t\t\t\t<\/div>\n\t\t\t\t\t<\/div>\n\t\t<\/div>\n\t\t\t\t<div class=\"elementor-column elementor-col-50 elementor-top-column elementor-element elementor-element-c5704c3\" data-id=\"c5704c3\" data-element_type=\"column\">\n\t\t\t<div class=\"elementor-widget-wrap elementor-element-populated\">\n\t\t\t\t\t\t<div class=\"elementor-element elementor-element-7a3a4be5 elementor-widget elementor-widget-image\" data-id=\"7a3a4be5\" data-element_type=\"widget\" data-widget_type=\"image.default\">\n\t\t\t\t<div class=\"elementor-widget-container\">\n\t\t\t\t\t\t\t\t\t\t\t\t\t\t\t<img fetchpriority=\"high\" decoding=\"async\" width=\"800\" height=\"534\" src=\"https:\/\/mpg-eyewear.com\/wp-content\/uploads\/2022\/08\/09_16315-RZ_ohne_Saeulen_WEB_1000px.jpg\" class=\"attachment-large size-large wp-image-3798\" alt=\"\" srcset=\"https:\/\/mpg-eyewear.com\/wp-content\/uploads\/2022\/08\/09_16315-RZ_ohne_Saeulen_WEB_1000px.jpg 1000w, https:\/\/mpg-eyewear.com\/wp-content\/uploads\/2022\/08\/09_16315-RZ_ohne_Saeulen_WEB_1000px-300x200.jpg 300w, https:\/\/mpg-eyewear.com\/wp-content\/uploads\/2022\/08\/09_16315-RZ_ohne_Saeulen_WEB_1000px-768x513.jpg 768w\" sizes=\"(max-width: 800px) 100vw, 800px\" \/>\t\t\t\t\t\t\t\t\t\t\t\t\t\t\t<\/div>\n\t\t\t\t<\/div>\n\t\t\t\t\t<\/div>\n\t\t<\/div>\n\t\t\t\t\t<\/div>\n\t\t<\/section>\n\t\t\t\t<\/div>\n\t\t","protected":false},"excerpt":{"rendered":"<p>\u010cern&yacute; panter Hlavn&iacute; s&iacute;dlo MP09 Zjistit v&iacute;ce Hlavn&iacute; s&iacute;dlo #TeamMPG Hlavn&iacute; s&iacute;dlo spole\u010dnosti MPG, vybudovan&eacute; v roce 2009 na p\u0159&iacute;jezdu do Grazu v Liebenau, pout&aacute; pozornost p\u016fsobivou a elegantn&iacute; architekturou: budova MP09, zn&aacute;m&aacute; tak&eacute; pod n&aacute;zvem &bdquo;\u010cern&yacute; panter&ldquo;, zaujme n&aacute;v&scaron;t\u011bvn&iacute;ka sv&yacute;m exteri&eacute;rem i interi&eacute;rem.&nbsp; Za p\u016fsobivou fas&aacute;dou se skr&yacute;vaj&iacute; v&iacute;cevrstv&eacute; m&iacute;stnosti. Dok&aacute;\u017eou m\u011bnit svou velikost, [&hellip;]<\/p>\n","protected":false},"author":1,"featured_media":0,"parent":0,"menu_order":0,"comment_status":"closed","ping_status":"closed","template":"","meta":{"footnotes":""},"class_list":["post-3914","page","type-page","status-publish","hentry"],"yoast_head":"<!-- This site is optimized with the Yoast SEO plugin v21.8 - https:\/\/yoast.com\/wordpress\/plugins\/seo\/ -->\n<title>Hlavn\u00ed s\u00eddlo spole\u010dnosti MPG MP09 \u2013 MPG - The Eyewear Company<\/title>\n<meta name=\"description\" content=\"Budova MP09, zn\u00e1m\u00e1 tak\u00e9 pod n\u00e1zvem \u201e\u010cern\u00fd panter\u201c, z\u00edskala d\u00edky sv\u00e9 velkolep\u00e9 a p\u016fsobiv\u00e9 architektu\u0159e ji\u017e dv\u011b ocen\u011bn\u00ed.\" \/>\n<meta name=\"robots\" content=\"index, follow, max-snippet:-1, max-image-preview:large, max-video-preview:-1\" \/>\n<link rel=\"canonical\" href=\"https:\/\/mpg-eyewear.com\/cs\/architektura\/\" \/>\n<meta property=\"og:locale\" content=\"en_US\" \/>\n<meta property=\"og:type\" content=\"article\" \/>\n<meta property=\"og:title\" content=\"Hlavn\u00ed s\u00eddlo spole\u010dnosti MPG MP09 \u2013 MPG - The Eyewear Company\" \/>\n<meta property=\"og:description\" content=\"Budova MP09, zn\u00e1m\u00e1 tak\u00e9 pod n\u00e1zvem \u201e\u010cern\u00fd panter\u201c, z\u00edskala d\u00edky sv\u00e9 velkolep\u00e9 a p\u016fsobiv\u00e9 architektu\u0159e ji\u017e dv\u011b ocen\u011bn\u00ed.\" \/>\n<meta property=\"og:url\" content=\"https:\/\/mpg-eyewear.com\/cs\/architektura\/\" \/>\n<meta property=\"og:site_name\" content=\"MPG - The Eyewear Company\" \/>\n<meta property=\"article:modified_time\" content=\"2023-01-25T15:15:43+00:00\" \/>\n<meta property=\"og:image\" content=\"https:\/\/mpg-eyewear.com\/wp-content\/uploads\/2022\/08\/09_16315-RZ_ohne_Saeulen_WEB_1000px.jpg\" \/>\n<meta name=\"twitter:card\" content=\"summary_large_image\" \/>\n<meta name=\"twitter:label1\" content=\"Est. reading time\" \/>\n\t<meta name=\"twitter:data1\" content=\"1 minute\" \/>\n<script type=\"application\/ld+json\" class=\"yoast-schema-graph\">{\"@context\":\"https:\/\/schema.org\",\"@graph\":[{\"@type\":\"WebPage\",\"@id\":\"https:\/\/mpg-eyewear.com\/cs\/architektura\/\",\"url\":\"https:\/\/mpg-eyewear.com\/cs\/architektura\/\",\"name\":\"Hlavn\u00ed s\u00eddlo spole\u010dnosti MPG MP09 \u2013 MPG - The Eyewear Company\",\"isPartOf\":{\"@id\":\"https:\/\/mpg-eyewear.com\/cs\/#website\"},\"datePublished\":\"2022-10-07T12:21:05+00:00\",\"dateModified\":\"2023-01-25T15:15:43+00:00\",\"description\":\"Budova MP09, zn\u00e1m\u00e1 tak\u00e9 pod n\u00e1zvem \u201e\u010cern\u00fd panter\u201c, z\u00edskala d\u00edky sv\u00e9 velkolep\u00e9 a p\u016fsobiv\u00e9 architektu\u0159e ji\u017e dv\u011b ocen\u011bn\u00ed.\",\"breadcrumb\":{\"@id\":\"https:\/\/mpg-eyewear.com\/cs\/architektura\/#breadcrumb\"},\"inLanguage\":\"cz-CZ\",\"potentialAction\":[{\"@type\":\"ReadAction\",\"target\":[\"https:\/\/mpg-eyewear.com\/cs\/architektura\/\"]}]},{\"@type\":\"BreadcrumbList\",\"@id\":\"https:\/\/mpg-eyewear.com\/cs\/architektura\/#breadcrumb\",\"itemListElement\":[{\"@type\":\"ListItem\",\"position\":1,\"name\":\"Startseite\",\"item\":\"https:\/\/mpg-eyewear.com\/cs\/\"},{\"@type\":\"ListItem\",\"position\":2,\"name\":\"Architektura\"}]},{\"@type\":\"WebSite\",\"@id\":\"https:\/\/mpg-eyewear.com\/cs\/#website\",\"url\":\"https:\/\/mpg-eyewear.com\/cs\/\",\"name\":\"MPG - The Eyewear Company\",\"description\":\"Creating Perspectives\",\"publisher\":{\"@id\":\"https:\/\/mpg-eyewear.com\/cs\/#organization\"},\"potentialAction\":[{\"@type\":\"SearchAction\",\"target\":{\"@type\":\"EntryPoint\",\"urlTemplate\":\"https:\/\/mpg-eyewear.com\/cs\/?s={search_term_string}\"},\"query-input\":\"required name=search_term_string\"}],\"inLanguage\":\"cz-CZ\"},{\"@type\":\"Organization\",\"@id\":\"https:\/\/mpg-eyewear.com\/cs\/#organization\",\"name\":\"MPG - The Eyewear Company\",\"url\":\"https:\/\/mpg-eyewear.com\/cs\/\",\"logo\":{\"@type\":\"ImageObject\",\"inLanguage\":\"cz-CZ\",\"@id\":\"https:\/\/mpg-eyewear.com\/cs\/#\/schema\/logo\/image\/\",\"url\":\"https:\/\/mpg-eyewear.com\/wp-content\/uploads\/2022\/08\/logo_mpg.png\",\"contentUrl\":\"https:\/\/mpg-eyewear.com\/wp-content\/uploads\/2022\/08\/logo_mpg.png\",\"width\":201,\"height\":127,\"caption\":\"MPG - The Eyewear Company\"},\"image\":{\"@id\":\"https:\/\/mpg-eyewear.com\/cs\/#\/schema\/logo\/image\/\"}}]}<\/script>\n<!-- \/ Yoast SEO plugin. -->","yoast_head_json":{"title":"Hlavn\u00ed s\u00eddlo spole\u010dnosti MPG MP09 \u2013 MPG - The Eyewear Company","description":"Budova MP09, zn\u00e1m\u00e1 tak\u00e9 pod n\u00e1zvem \u201e\u010cern\u00fd panter\u201c, z\u00edskala d\u00edky sv\u00e9 velkolep\u00e9 a p\u016fsobiv\u00e9 architektu\u0159e ji\u017e dv\u011b ocen\u011bn\u00ed.","robots":{"index":"index","follow":"follow","max-snippet":"max-snippet:-1","max-image-preview":"max-image-preview:large","max-video-preview":"max-video-preview:-1"},"canonical":"https:\/\/mpg-eyewear.com\/cs\/architektura\/","og_locale":"en_US","og_type":"article","og_title":"Hlavn\u00ed s\u00eddlo spole\u010dnosti MPG MP09 \u2013 MPG - The Eyewear Company","og_description":"Budova MP09, zn\u00e1m\u00e1 tak\u00e9 pod n\u00e1zvem \u201e\u010cern\u00fd panter\u201c, z\u00edskala d\u00edky sv\u00e9 velkolep\u00e9 a p\u016fsobiv\u00e9 architektu\u0159e ji\u017e dv\u011b ocen\u011bn\u00ed.","og_url":"https:\/\/mpg-eyewear.com\/cs\/architektura\/","og_site_name":"MPG - The Eyewear Company","article_modified_time":"2023-01-25T15:15:43+00:00","og_image":[{"url":"https:\/\/mpg-eyewear.com\/wp-content\/uploads\/2022\/08\/09_16315-RZ_ohne_Saeulen_WEB_1000px.jpg"}],"twitter_card":"summary_large_image","twitter_misc":{"Est. reading time":"1 minute"},"schema":{"@context":"https:\/\/schema.org","@graph":[{"@type":"WebPage","@id":"https:\/\/mpg-eyewear.com\/cs\/architektura\/","url":"https:\/\/mpg-eyewear.com\/cs\/architektura\/","name":"Hlavn\u00ed s\u00eddlo spole\u010dnosti MPG MP09 \u2013 MPG - The Eyewear Company","isPartOf":{"@id":"https:\/\/mpg-eyewear.com\/cs\/#website"},"datePublished":"2022-10-07T12:21:05+00:00","dateModified":"2023-01-25T15:15:43+00:00","description":"Budova MP09, zn\u00e1m\u00e1 tak\u00e9 pod n\u00e1zvem \u201e\u010cern\u00fd panter\u201c, z\u00edskala d\u00edky sv\u00e9 velkolep\u00e9 a p\u016fsobiv\u00e9 architektu\u0159e ji\u017e dv\u011b ocen\u011bn\u00ed.","breadcrumb":{"@id":"https:\/\/mpg-eyewear.com\/cs\/architektura\/#breadcrumb"},"inLanguage":"cz-CZ","potentialAction":[{"@type":"ReadAction","target":["https:\/\/mpg-eyewear.com\/cs\/architektura\/"]}]},{"@type":"BreadcrumbList","@id":"https:\/\/mpg-eyewear.com\/cs\/architektura\/#breadcrumb","itemListElement":[{"@type":"ListItem","position":1,"name":"Startseite","item":"https:\/\/mpg-eyewear.com\/cs\/"},{"@type":"ListItem","position":2,"name":"Architektura"}]},{"@type":"WebSite","@id":"https:\/\/mpg-eyewear.com\/cs\/#website","url":"https:\/\/mpg-eyewear.com\/cs\/","name":"MPG - The Eyewear Company","description":"Creating Perspectives","publisher":{"@id":"https:\/\/mpg-eyewear.com\/cs\/#organization"},"potentialAction":[{"@type":"SearchAction","target":{"@type":"EntryPoint","urlTemplate":"https:\/\/mpg-eyewear.com\/cs\/?s={search_term_string}"},"query-input":"required name=search_term_string"}],"inLanguage":"cz-CZ"},{"@type":"Organization","@id":"https:\/\/mpg-eyewear.com\/cs\/#organization","name":"MPG - The Eyewear Company","url":"https:\/\/mpg-eyewear.com\/cs\/","logo":{"@type":"ImageObject","inLanguage":"cz-CZ","@id":"https:\/\/mpg-eyewear.com\/cs\/#\/schema\/logo\/image\/","url":"https:\/\/mpg-eyewear.com\/wp-content\/uploads\/2022\/08\/logo_mpg.png","contentUrl":"https:\/\/mpg-eyewear.com\/wp-content\/uploads\/2022\/08\/logo_mpg.png","width":201,"height":127,"caption":"MPG - The Eyewear Company"},"image":{"@id":"https:\/\/mpg-eyewear.com\/cs\/#\/schema\/logo\/image\/"}}]}},"_links":{"self":[{"href":"https:\/\/mpg-eyewear.com\/cs\/wp-json\/wp\/v2\/pages\/3914","targetHints":{"allow":["GET"]}}],"collection":[{"href":"https:\/\/mpg-eyewear.com\/cs\/wp-json\/wp\/v2\/pages"}],"about":[{"href":"https:\/\/mpg-eyewear.com\/cs\/wp-json\/wp\/v2\/types\/page"}],"author":[{"embeddable":true,"href":"https:\/\/mpg-eyewear.com\/cs\/wp-json\/wp\/v2\/users\/1"}],"replies":[{"embeddable":true,"href":"https:\/\/mpg-eyewear.com\/cs\/wp-json\/wp\/v2\/comments?post=3914"}],"version-history":[{"count":16,"href":"https:\/\/mpg-eyewear.com\/cs\/wp-json\/wp\/v2\/pages\/3914\/revisions"}],"predecessor-version":[{"id":5326,"href":"https:\/\/mpg-eyewear.com\/cs\/wp-json\/wp\/v2\/pages\/3914\/revisions\/5326"}],"wp:attachment":[{"href":"https:\/\/mpg-eyewear.com\/cs\/wp-json\/wp\/v2\/media?parent=3914"}],"curies":[{"name":"wp","href":"https:\/\/api.w.org\/{rel}","templated":true}]}}