{"id":3910,"date":"2022-10-09T23:07:14","date_gmt":"2022-10-09T21:07:14","guid":{"rendered":"https:\/\/mpg-eyewear.com\/aotg\/"},"modified":"2025-08-20T11:54:29","modified_gmt":"2025-08-20T09:54:29","slug":"aotg","status":"publish","type":"page","link":"https:\/\/mpg-eyewear.com\/cs\/aotg\/","title":{"rendered":"AOTG"},"content":{"rendered":"\t\t<div data-elementor-type=\"wp-page\" data-elementor-id=\"3910\" class=\"elementor elementor-3910 elementor-2396\" data-elementor-settings=\"{&quot;ha_cmc_init_switcher&quot;:&quot;no&quot;}\" data-elementor-post-type=\"page\">\n\t\t\t\t\t\t<section class=\"elementor-section elementor-top-section elementor-element elementor-element-3d2c1421 elementor-section-boxed elementor-section-height-default elementor-section-height-default\" data-id=\"3d2c1421\" data-element_type=\"section\" data-settings=\"{&quot;background_background&quot;:&quot;classic&quot;,&quot;_ha_eqh_enable&quot;:false}\">\n\t\t\t\t\t\t<div class=\"elementor-container elementor-column-gap-default\">\n\t\t\t\t\t<div class=\"elementor-column elementor-col-100 elementor-top-column elementor-element elementor-element-5dff06e7\" data-id=\"5dff06e7\" data-element_type=\"column\">\n\t\t\t<div class=\"elementor-widget-wrap elementor-element-populated\">\n\t\t\t\t\t\t<div class=\"elementor-element elementor-element-6984e806 elementor-widget elementor-widget-heading\" data-id=\"6984e806\" data-element_type=\"widget\" data-widget_type=\"heading.default\">\n\t\t\t\t<div class=\"elementor-widget-container\">\n\t\t\t\t\t<h1 class=\"elementor-heading-title elementor-size-default\">\u010co\u010dky vyr&aacute;b\u011bn&eacute; s maxim&aacute;ln&iacute; p\u0159esnost&iacute;<\/h1>\t\t\t\t<\/div>\n\t\t\t\t<\/div>\n\t\t\t\t<div class=\"elementor-element elementor-element-6ad7b04d elementor-widget elementor-widget-heading\" data-id=\"6ad7b04d\" data-element_type=\"widget\" data-widget_type=\"heading.default\">\n\t\t\t\t<div class=\"elementor-widget-container\">\n\t\t\t\t\t<h2 class=\"elementor-heading-title elementor-size-default\">Austrian Optic Technologies<\/h2>\t\t\t\t<\/div>\n\t\t\t\t<\/div>\n\t\t\t\t\t<\/div>\n\t\t<\/div>\n\t\t\t\t\t<\/div>\n\t\t<\/section>\n\t\t\t\t<section class=\"elementor-section elementor-top-section elementor-element elementor-element-23ff1681 elementor-reverse-tablet elementor-reverse-mobile elementor-section-boxed elementor-section-height-default elementor-section-height-default\" data-id=\"23ff1681\" data-element_type=\"section\" data-settings=\"{&quot;background_background&quot;:&quot;classic&quot;,&quot;_ha_eqh_enable&quot;:false}\">\n\t\t\t\t\t\t<div class=\"elementor-container elementor-column-gap-default\">\n\t\t\t\t\t<div class=\"elementor-column elementor-col-50 elementor-top-column elementor-element elementor-element-6c2127aa\" data-id=\"6c2127aa\" data-element_type=\"column\">\n\t\t\t<div class=\"elementor-widget-wrap elementor-element-populated\">\n\t\t\t\t\t\t<div class=\"elementor-element elementor-element-74bc0586 elementor-widget elementor-widget-heading\" data-id=\"74bc0586\" data-element_type=\"widget\" data-widget_type=\"heading.default\">\n\t\t\t\t<div class=\"elementor-widget-container\">\n\t\t\t\t\t<h2 class=\"elementor-heading-title elementor-size-default\">Austrian Optic Technologies<\/h2>\t\t\t\t<\/div>\n\t\t\t\t<\/div>\n\t\t\t\t<div class=\"elementor-element elementor-element-5960d18f elementor-widget elementor-widget-text-editor\" data-id=\"5960d18f\" data-element_type=\"widget\" data-widget_type=\"text-editor.default\">\n\t\t\t\t<div class=\"elementor-widget-container\">\n\t\t\t\t\t\t\t\t\t<p><span style=\"letter-spacing: 0.32px;\">Austrian Optic Technologies (AOTG) se s\u00eddlem v je Guntramsdorfu je dce\u0159inou spole\u010dnost\u00ed firmy <\/span><a style=\"letter-spacing: 0.32px; background-color: #f4f4f4;\" href=\"https:\/\/mpg-eyewear.com\/cs\/\">MPG GmbH<\/a><span style=\"letter-spacing: 0.32px;\">, kter\u00e1 se zam\u011b\u0159uje na v\u00fdrobu vysoce kvalitn\u00edch br\u00fdlov\u00fdch \u010do\u010dek. Nab\u00eddka zahrnuje inovativn\u00ed progresivn\u00ed \u010do\u010dky, \u010do\u010dky vyr\u00e1b\u011bn\u00e9 technologi\u00ed free-form a\u017e po konven\u010dn\u011b vyr\u00e1b\u011bn\u00e9 miner\u00e1ln\u00ed a organick\u00e9 jednoohniskov\u00e9 a v\u00edceohniskov\u00e9 \u010do\u010dky.<\/span><\/p><p><b>L\u00eddr na trhu a specialista na br\u00fdlov\u00e9 \u010do\u010dky<\/b><\/p><p><span style=\"font-weight: 400;\">Spole\u010dnost AOTG, kter\u00e1 byla zalo\u017eena v roce 1982 pod n\u00e1zvem Optic GmbH, je dnes l\u00eddrem na rakousk\u00e9m trhu v po\u010dtu prodan\u00fdch br\u00fdlov\u00fdch \u010do\u010dek. V roce 2009 byla spole\u010dnost p\u0159ejmenov\u00e1na na Austrian Optic Technologies. Tento vlastn\u00edky \u0159\u00edzen\u00fd podnik se vyzna\u010duje mimo\u0159\u00e1dnou flexibilitou, inovacemi a individualitou a pat\u0159\u00ed tak\u00e9 mezi specialisty na speci\u00e1ln\u00ed v\u00fdrobu.\u00a0<\/span><\/p><p><b>M\u00edsto v\u00fdvoje pr\u00e9miov\u00fdch br\u00fdlov\u00fdch \u010do\u010dek MPO<\/b><\/p><p><span style=\"font-weight: 400;\">Spole\u010dnost AOTG vytvo\u0159ila spole\u010dn\u011b s MPG Optische Werke zna\u010dku MPO. Zna\u010dka MPO, vyvinut\u00e1 spole\u010dnost\u00ed AOTG v Rakousku a vyr\u00e1b\u011bn\u00e1 v N\u011bmecku, nab\u00edz\u00ed pr\u00e9miov\u00e9 \u010do\u010dky a inovativn\u00ed sortiment produkt\u016f na nejvy\u0161\u0161\u00ed \u00farovni &#8211; v kombinaci s individu\u00e1ln\u00edmi nab\u00eddkami vznik\u00e1 nejlep\u0161\u00ed v\u0161estrann\u00fd servis pro optiky.<\/span><\/p><div><div><div>\u00a0<\/div><\/div><\/div>\t\t\t\t\t\t\t\t<\/div>\n\t\t\t\t<\/div>\n\t\t\t\t\t<\/div>\n\t\t<\/div>\n\t\t\t\t<div class=\"elementor-column elementor-col-50 elementor-top-column elementor-element elementor-element-515038f5\" data-id=\"515038f5\" data-element_type=\"column\">\n\t\t\t<div class=\"elementor-widget-wrap elementor-element-populated\">\n\t\t\t\t\t\t<div class=\"elementor-element elementor-element-59065863 elementor-widget elementor-widget-image\" data-id=\"59065863\" data-element_type=\"widget\" data-widget_type=\"image.default\">\n\t\t\t\t<div class=\"elementor-widget-container\">\n\t\t\t\t\t\t\t\t\t\t\t\t\t\t\t<img fetchpriority=\"high\" decoding=\"async\" width=\"800\" height=\"600\" src=\"https:\/\/mpg-eyewear.com\/wp-content\/uploads\/2022\/10\/Production_selection_5942-RZ-1024x768.jpg\" class=\"attachment-large size-large wp-image-3851\" alt=\"\" srcset=\"https:\/\/mpg-eyewear.com\/wp-content\/uploads\/2022\/10\/Production_selection_5942-RZ-1024x768.jpg 1024w, https:\/\/mpg-eyewear.com\/wp-content\/uploads\/2022\/10\/Production_selection_5942-RZ-300x225.jpg 300w, https:\/\/mpg-eyewear.com\/wp-content\/uploads\/2022\/10\/Production_selection_5942-RZ-768x576.jpg 768w, https:\/\/mpg-eyewear.com\/wp-content\/uploads\/2022\/10\/Production_selection_5942-RZ-1536x1152.jpg 1536w, https:\/\/mpg-eyewear.com\/wp-content\/uploads\/2022\/10\/Production_selection_5942-RZ.jpg 2000w\" sizes=\"(max-width: 800px) 100vw, 800px\" \/>\t\t\t\t\t\t\t\t\t\t\t\t\t\t\t<\/div>\n\t\t\t\t<\/div>\n\t\t\t\t\t<\/div>\n\t\t<\/div>\n\t\t\t\t\t<\/div>\n\t\t<\/section>\n\t\t\t\t<section class=\"elementor-section elementor-top-section elementor-element elementor-element-4b56ead2 elementor-section-boxed elementor-section-height-default elementor-section-height-default\" data-id=\"4b56ead2\" data-element_type=\"section\" data-settings=\"{&quot;background_background&quot;:&quot;classic&quot;,&quot;_ha_eqh_enable&quot;:false}\">\n\t\t\t\t\t\t<div class=\"elementor-container elementor-column-gap-default\">\n\t\t\t\t\t<div class=\"elementor-column elementor-col-100 elementor-top-column elementor-element elementor-element-62a7e685\" data-id=\"62a7e685\" data-element_type=\"column\">\n\t\t\t<div class=\"elementor-widget-wrap elementor-element-populated\">\n\t\t\t\t\t\t<div class=\"elementor-element elementor-element-5aa68dab elementor-widget elementor-widget-heading\" data-id=\"5aa68dab\" data-element_type=\"widget\" data-widget_type=\"heading.default\">\n\t\t\t\t<div class=\"elementor-widget-container\">\n\t\t\t\t\t<h2 class=\"elementor-heading-title elementor-size-default\">Jsme p\u0159ipraveni poradit<\/h2>\t\t\t\t<\/div>\n\t\t\t\t<\/div>\n\t\t\t\t<div class=\"elementor-element elementor-element-205e94ae elementor-widget elementor-widget-text-editor\" data-id=\"205e94ae\" data-element_type=\"widget\" data-widget_type=\"text-editor.default\">\n\t\t\t\t<div class=\"elementor-widget-container\">\n\t\t\t\t\t\t\t\t\t<p><span style=\"font-weight: 400;\">N&aacute;&scaron; t&yacute;m obchodn&iacute;ch z&aacute;stupc\u016f je z&aacute;kazn&iacute;k\u016fm k dispozici pro poradenstv&iacute; a podporu prodeje a z&aacute;kaznick&yacute; servis p\u0159esv\u011bd\u010d&iacute; p\u0159i ka\u017edodenn&iacute;m kontaktu se z&aacute;kazn&iacute;ky rychl&yacute;m vy\u0159izov&aacute;n&iacute;m objedn&aacute;vek a popt&aacute;vek.<\/span><\/p>\n<p><span style=\"font-weight: 400;\">Kontaktujte na&scaron;e zam\u011bstnance z&aacute;kaznick&eacute;ho servisu:<\/span><\/p>\n<p><strong>Pond\u011bl&iacute; a\u017e p&aacute;tek, 08:30 a\u017e 18:00 hod.<\/strong><\/p>\n\t\t\t\t\t\t\t\t<\/div>\n\t\t\t\t<\/div>\n\t\t\t\t<div class=\"elementor-element elementor-element-2eef80f2 elementor-align-center elementor-widget elementor-widget-button\" data-id=\"2eef80f2\" data-element_type=\"widget\" data-widget_type=\"button.default\">\n\t\t\t\t<div class=\"elementor-widget-container\">\n\t\t\t\t\t\t\t\t\t<div class=\"elementor-button-wrapper\">\n\t\t\t\t\t<a class=\"elementor-button elementor-button-link elementor-size-sm\" href=\"mailto:service-lenses@mpg-eyewear.com\">\n\t\t\t\t\t\t<span class=\"elementor-button-content-wrapper\">\n\t\t\t\t\t\t\t\t\t<span class=\"elementor-button-text\">Napsat e-mail<\/span>\n\t\t\t\t\t<\/span>\n\t\t\t\t\t<\/a>\n\t\t\t\t<\/div>\n\t\t\t\t\t\t\t\t<\/div>\n\t\t\t\t<\/div>\n\t\t\t\t<div class=\"elementor-element elementor-element-40708adf elementor-align-center elementor-widget elementor-widget-button\" data-id=\"40708adf\" data-element_type=\"widget\" data-widget_type=\"button.default\">\n\t\t\t\t<div class=\"elementor-widget-container\">\n\t\t\t\t\t\t\t\t\t<div class=\"elementor-button-wrapper\">\n\t\t\t\t\t<a class=\"elementor-button elementor-button-link elementor-size-sm\" href=\"https:\/\/shop-lenses-at.mpg-eyewear.com\/login?ReturnUrl=%2f\" target=\"_blank\">\n\t\t\t\t\t\t<span class=\"elementor-button-content-wrapper\">\n\t\t\t\t\t\t\t\t\t<span class=\"elementor-button-text\">Do e-shopu<\/span>\n\t\t\t\t\t<\/span>\n\t\t\t\t\t<\/a>\n\t\t\t\t<\/div>\n\t\t\t\t\t\t\t\t<\/div>\n\t\t\t\t<\/div>\n\t\t\t\t\t<\/div>\n\t\t<\/div>\n\t\t\t\t\t<\/div>\n\t\t<\/section>\n\t\t\t\t<\/div>\n\t\t","protected":false},"excerpt":{"rendered":"<p>\u010co\u010dky vyr&aacute;b\u011bn&eacute; s maxim&aacute;ln&iacute; p\u0159esnost&iacute; Austrian Optic Technologies Austrian Optic Technologies Austrian Optic Technologies (AOTG) se s\u00eddlem v je Guntramsdorfu je dce\u0159inou spole\u010dnost\u00ed firmy MPG GmbH, kter\u00e1 se zam\u011b\u0159uje na v\u00fdrobu vysoce kvalitn\u00edch br\u00fdlov\u00fdch \u010do\u010dek. Nab\u00eddka zahrnuje inovativn\u00ed progresivn\u00ed \u010do\u010dky, \u010do\u010dky vyr\u00e1b\u011bn\u00e9 technologi\u00ed free-form a\u017e po konven\u010dn\u011b vyr\u00e1b\u011bn\u00e9 miner\u00e1ln\u00ed a organick\u00e9 jednoohniskov\u00e9 a v\u00edceohniskov\u00e9 \u010do\u010dky. [&hellip;]<\/p>\n","protected":false},"author":1,"featured_media":0,"parent":0,"menu_order":0,"comment_status":"closed","ping_status":"closed","template":"","meta":{"footnotes":""},"class_list":["post-3910","page","type-page","status-publish","hentry"],"yoast_head":"<!-- This site is optimized with the Yoast SEO plugin v21.8 - https:\/\/yoast.com\/wordpress\/plugins\/seo\/ -->\n<title>AOTG - MPG - The Eyewear Company<\/title>\n<meta name=\"description\" content=\"Austrian Optic Technologies (AOTG) je dce\u0159inou spole\u010dnost\u00ed firmy MPG GmbH, kter\u00e1 vyv\u00edj\u00ed vysoce kvalitn\u00ed a inovativn\u00ed br\u00fdlov\u00e9 \u010do\u010dky.\" \/>\n<meta name=\"robots\" content=\"index, follow, max-snippet:-1, max-image-preview:large, max-video-preview:-1\" \/>\n<link rel=\"canonical\" href=\"https:\/\/mpg-eyewear.com\/cs\/aotg\/\" \/>\n<meta property=\"og:locale\" content=\"en_US\" \/>\n<meta property=\"og:type\" content=\"article\" \/>\n<meta property=\"og:title\" content=\"AOTG - MPG - The Eyewear Company\" \/>\n<meta property=\"og:description\" content=\"Austrian Optic Technologies (AOTG) je dce\u0159inou spole\u010dnost\u00ed firmy MPG GmbH, kter\u00e1 vyv\u00edj\u00ed vysoce kvalitn\u00ed a inovativn\u00ed br\u00fdlov\u00e9 \u010do\u010dky.\" \/>\n<meta property=\"og:url\" content=\"https:\/\/mpg-eyewear.com\/cs\/aotg\/\" \/>\n<meta property=\"og:site_name\" content=\"MPG - The Eyewear Company\" \/>\n<meta property=\"article:modified_time\" content=\"2025-08-20T09:54:29+00:00\" \/>\n<meta property=\"og:image\" content=\"https:\/\/mpg-eyewear.com\/wp-content\/uploads\/2022\/10\/Production_selection_5942-RZ-1024x768.jpg\" \/>\n<meta name=\"twitter:card\" content=\"summary_large_image\" \/>\n<meta name=\"twitter:label1\" content=\"Est. reading time\" \/>\n\t<meta name=\"twitter:data1\" content=\"2 minutes\" \/>\n<script type=\"application\/ld+json\" class=\"yoast-schema-graph\">{\"@context\":\"https:\/\/schema.org\",\"@graph\":[{\"@type\":\"WebPage\",\"@id\":\"https:\/\/mpg-eyewear.com\/cs\/aotg\/\",\"url\":\"https:\/\/mpg-eyewear.com\/cs\/aotg\/\",\"name\":\"AOTG - MPG - The Eyewear Company\",\"isPartOf\":{\"@id\":\"https:\/\/mpg-eyewear.com\/cs\/#website\"},\"datePublished\":\"2022-10-09T21:07:14+00:00\",\"dateModified\":\"2025-08-20T09:54:29+00:00\",\"description\":\"Austrian Optic Technologies (AOTG) je dce\u0159inou spole\u010dnost\u00ed firmy MPG GmbH, kter\u00e1 vyv\u00edj\u00ed vysoce kvalitn\u00ed a inovativn\u00ed br\u00fdlov\u00e9 \u010do\u010dky.\",\"breadcrumb\":{\"@id\":\"https:\/\/mpg-eyewear.com\/cs\/aotg\/#breadcrumb\"},\"inLanguage\":\"cz-CZ\",\"potentialAction\":[{\"@type\":\"ReadAction\",\"target\":[\"https:\/\/mpg-eyewear.com\/cs\/aotg\/\"]}]},{\"@type\":\"BreadcrumbList\",\"@id\":\"https:\/\/mpg-eyewear.com\/cs\/aotg\/#breadcrumb\",\"itemListElement\":[{\"@type\":\"ListItem\",\"position\":1,\"name\":\"Startseite\",\"item\":\"https:\/\/mpg-eyewear.com\/cs\/\"},{\"@type\":\"ListItem\",\"position\":2,\"name\":\"AOTG\"}]},{\"@type\":\"WebSite\",\"@id\":\"https:\/\/mpg-eyewear.com\/cs\/#website\",\"url\":\"https:\/\/mpg-eyewear.com\/cs\/\",\"name\":\"MPG - The Eyewear Company\",\"description\":\"Creating Perspectives\",\"publisher\":{\"@id\":\"https:\/\/mpg-eyewear.com\/cs\/#organization\"},\"potentialAction\":[{\"@type\":\"SearchAction\",\"target\":{\"@type\":\"EntryPoint\",\"urlTemplate\":\"https:\/\/mpg-eyewear.com\/cs\/?s={search_term_string}\"},\"query-input\":\"required name=search_term_string\"}],\"inLanguage\":\"cz-CZ\"},{\"@type\":\"Organization\",\"@id\":\"https:\/\/mpg-eyewear.com\/cs\/#organization\",\"name\":\"MPG - The Eyewear Company\",\"url\":\"https:\/\/mpg-eyewear.com\/cs\/\",\"logo\":{\"@type\":\"ImageObject\",\"inLanguage\":\"cz-CZ\",\"@id\":\"https:\/\/mpg-eyewear.com\/cs\/#\/schema\/logo\/image\/\",\"url\":\"https:\/\/mpg-eyewear.com\/wp-content\/uploads\/2022\/08\/logo_mpg.png\",\"contentUrl\":\"https:\/\/mpg-eyewear.com\/wp-content\/uploads\/2022\/08\/logo_mpg.png\",\"width\":201,\"height\":127,\"caption\":\"MPG - The Eyewear Company\"},\"image\":{\"@id\":\"https:\/\/mpg-eyewear.com\/cs\/#\/schema\/logo\/image\/\"}}]}<\/script>\n<!-- \/ Yoast SEO plugin. -->","yoast_head_json":{"title":"AOTG - MPG - The Eyewear Company","description":"Austrian Optic Technologies (AOTG) je dce\u0159inou spole\u010dnost\u00ed firmy MPG GmbH, kter\u00e1 vyv\u00edj\u00ed vysoce kvalitn\u00ed a inovativn\u00ed br\u00fdlov\u00e9 \u010do\u010dky.","robots":{"index":"index","follow":"follow","max-snippet":"max-snippet:-1","max-image-preview":"max-image-preview:large","max-video-preview":"max-video-preview:-1"},"canonical":"https:\/\/mpg-eyewear.com\/cs\/aotg\/","og_locale":"en_US","og_type":"article","og_title":"AOTG - MPG - The Eyewear Company","og_description":"Austrian Optic Technologies (AOTG) je dce\u0159inou spole\u010dnost\u00ed firmy MPG GmbH, kter\u00e1 vyv\u00edj\u00ed vysoce kvalitn\u00ed a inovativn\u00ed br\u00fdlov\u00e9 \u010do\u010dky.","og_url":"https:\/\/mpg-eyewear.com\/cs\/aotg\/","og_site_name":"MPG - The Eyewear Company","article_modified_time":"2025-08-20T09:54:29+00:00","og_image":[{"url":"https:\/\/mpg-eyewear.com\/wp-content\/uploads\/2022\/10\/Production_selection_5942-RZ-1024x768.jpg"}],"twitter_card":"summary_large_image","twitter_misc":{"Est. reading time":"2 minutes"},"schema":{"@context":"https:\/\/schema.org","@graph":[{"@type":"WebPage","@id":"https:\/\/mpg-eyewear.com\/cs\/aotg\/","url":"https:\/\/mpg-eyewear.com\/cs\/aotg\/","name":"AOTG - MPG - The Eyewear Company","isPartOf":{"@id":"https:\/\/mpg-eyewear.com\/cs\/#website"},"datePublished":"2022-10-09T21:07:14+00:00","dateModified":"2025-08-20T09:54:29+00:00","description":"Austrian Optic Technologies (AOTG) je dce\u0159inou spole\u010dnost\u00ed firmy MPG GmbH, kter\u00e1 vyv\u00edj\u00ed vysoce kvalitn\u00ed a inovativn\u00ed br\u00fdlov\u00e9 \u010do\u010dky.","breadcrumb":{"@id":"https:\/\/mpg-eyewear.com\/cs\/aotg\/#breadcrumb"},"inLanguage":"cz-CZ","potentialAction":[{"@type":"ReadAction","target":["https:\/\/mpg-eyewear.com\/cs\/aotg\/"]}]},{"@type":"BreadcrumbList","@id":"https:\/\/mpg-eyewear.com\/cs\/aotg\/#breadcrumb","itemListElement":[{"@type":"ListItem","position":1,"name":"Startseite","item":"https:\/\/mpg-eyewear.com\/cs\/"},{"@type":"ListItem","position":2,"name":"AOTG"}]},{"@type":"WebSite","@id":"https:\/\/mpg-eyewear.com\/cs\/#website","url":"https:\/\/mpg-eyewear.com\/cs\/","name":"MPG - The Eyewear Company","description":"Creating Perspectives","publisher":{"@id":"https:\/\/mpg-eyewear.com\/cs\/#organization"},"potentialAction":[{"@type":"SearchAction","target":{"@type":"EntryPoint","urlTemplate":"https:\/\/mpg-eyewear.com\/cs\/?s={search_term_string}"},"query-input":"required name=search_term_string"}],"inLanguage":"cz-CZ"},{"@type":"Organization","@id":"https:\/\/mpg-eyewear.com\/cs\/#organization","name":"MPG - The Eyewear Company","url":"https:\/\/mpg-eyewear.com\/cs\/","logo":{"@type":"ImageObject","inLanguage":"cz-CZ","@id":"https:\/\/mpg-eyewear.com\/cs\/#\/schema\/logo\/image\/","url":"https:\/\/mpg-eyewear.com\/wp-content\/uploads\/2022\/08\/logo_mpg.png","contentUrl":"https:\/\/mpg-eyewear.com\/wp-content\/uploads\/2022\/08\/logo_mpg.png","width":201,"height":127,"caption":"MPG - The Eyewear Company"},"image":{"@id":"https:\/\/mpg-eyewear.com\/cs\/#\/schema\/logo\/image\/"}}]}},"_links":{"self":[{"href":"https:\/\/mpg-eyewear.com\/cs\/wp-json\/wp\/v2\/pages\/3910","targetHints":{"allow":["GET"]}}],"collection":[{"href":"https:\/\/mpg-eyewear.com\/cs\/wp-json\/wp\/v2\/pages"}],"about":[{"href":"https:\/\/mpg-eyewear.com\/cs\/wp-json\/wp\/v2\/types\/page"}],"author":[{"embeddable":true,"href":"https:\/\/mpg-eyewear.com\/cs\/wp-json\/wp\/v2\/users\/1"}],"replies":[{"embeddable":true,"href":"https:\/\/mpg-eyewear.com\/cs\/wp-json\/wp\/v2\/comments?post=3910"}],"version-history":[{"count":13,"href":"https:\/\/mpg-eyewear.com\/cs\/wp-json\/wp\/v2\/pages\/3910\/revisions"}],"predecessor-version":[{"id":11950,"href":"https:\/\/mpg-eyewear.com\/cs\/wp-json\/wp\/v2\/pages\/3910\/revisions\/11950"}],"wp:attachment":[{"href":"https:\/\/mpg-eyewear.com\/cs\/wp-json\/wp\/v2\/media?parent=3910"}],"curies":[{"name":"wp","href":"https:\/\/api.w.org\/{rel}","templated":true}]}}