{"id":3906,"date":"2022-10-09T23:16:49","date_gmt":"2022-10-09T21:16:49","guid":{"rendered":"https:\/\/mpg-eyewear.com\/mpg-optische-werke\/"},"modified":"2025-08-20T11:42:43","modified_gmt":"2025-08-20T09:42:43","slug":"mpg-optische-werke","status":"publish","type":"page","link":"https:\/\/mpg-eyewear.com\/cs\/mpg-optische-werke\/","title":{"rendered":"MPG Optische Werke"},"content":{"rendered":"\t\t<div data-elementor-type=\"wp-page\" data-elementor-id=\"3906\" class=\"elementor elementor-3906 elementor-2411\" data-elementor-settings=\"{&quot;ha_cmc_init_switcher&quot;:&quot;no&quot;}\" data-elementor-post-type=\"page\">\n\t\t\t\t\t\t<section class=\"elementor-section elementor-top-section elementor-element elementor-element-6c9edb58 elementor-section-boxed elementor-section-height-default elementor-section-height-default\" data-id=\"6c9edb58\" data-element_type=\"section\" data-settings=\"{&quot;background_background&quot;:&quot;classic&quot;,&quot;_ha_eqh_enable&quot;:false}\">\n\t\t\t\t\t\t<div class=\"elementor-container elementor-column-gap-default\">\n\t\t\t\t\t<div class=\"elementor-column elementor-col-100 elementor-top-column elementor-element elementor-element-3d821b96\" data-id=\"3d821b96\" data-element_type=\"column\">\n\t\t\t<div class=\"elementor-widget-wrap elementor-element-populated\">\n\t\t\t\t\t\t<div class=\"elementor-element elementor-element-7a37b822 elementor-widget elementor-widget-heading\" data-id=\"7a37b822\" data-element_type=\"widget\" data-widget_type=\"heading.default\">\n\t\t\t\t<div class=\"elementor-widget-container\">\n\t\t\t\t\t<h1 class=\"elementor-heading-title elementor-size-default\">Tradice se snoub&iacute; s inovac&iacute;<\/h1>\t\t\t\t<\/div>\n\t\t\t\t<\/div>\n\t\t\t\t<div class=\"elementor-element elementor-element-681138ae elementor-widget elementor-widget-heading\" data-id=\"681138ae\" data-element_type=\"widget\" data-widget_type=\"heading.default\">\n\t\t\t\t<div class=\"elementor-widget-container\">\n\t\t\t\t\t<h2 class=\"elementor-heading-title elementor-size-default\">MPG Optische Werke GmbH<\/h2>\t\t\t\t<\/div>\n\t\t\t\t<\/div>\n\t\t\t\t\t<\/div>\n\t\t<\/div>\n\t\t\t\t\t<\/div>\n\t\t<\/section>\n\t\t\t\t<section class=\"elementor-section elementor-top-section elementor-element elementor-element-6b436e03 elementor-reverse-tablet elementor-reverse-mobile elementor-section-boxed elementor-section-height-default elementor-section-height-default\" data-id=\"6b436e03\" data-element_type=\"section\" data-settings=\"{&quot;background_background&quot;:&quot;classic&quot;,&quot;_ha_eqh_enable&quot;:false}\">\n\t\t\t\t\t\t<div class=\"elementor-container elementor-column-gap-default\">\n\t\t\t\t\t<div class=\"elementor-column elementor-col-50 elementor-top-column elementor-element elementor-element-22b1ad34\" data-id=\"22b1ad34\" data-element_type=\"column\">\n\t\t\t<div class=\"elementor-widget-wrap elementor-element-populated\">\n\t\t\t\t\t\t<div class=\"elementor-element elementor-element-6f266ee1 elementor-widget elementor-widget-heading\" data-id=\"6f266ee1\" data-element_type=\"widget\" data-widget_type=\"heading.default\">\n\t\t\t\t<div class=\"elementor-widget-container\">\n\t\t\t\t\t<h2 class=\"elementor-heading-title elementor-size-default\">Kvalita od roku 1949<\/h2>\t\t\t\t<\/div>\n\t\t\t\t<\/div>\n\t\t\t\t<div class=\"elementor-element elementor-element-5d4b651 elementor-widget elementor-widget-text-editor\" data-id=\"5d4b651\" data-element_type=\"widget\" data-widget_type=\"text-editor.default\">\n\t\t\t\t<div class=\"elementor-widget-container\">\n\t\t\t\t\t\t\t\t\t<p><span style=\"font-weight: 400;\">Sortiment spole\u010dnosti MPG Optische Werke GmbH zahrnuje \u0161irokou nab\u00eddku od konven\u010dn\u011b vyr\u00e1b\u011bn\u00fdch miner\u00e1ln\u00edch a organick\u00fdch jednoohniskov\u00fdch a v\u00edceohniskov\u00fdch \u010do\u010dek a\u017e po <\/span><span style=\"font-weight: 400;\">br\u00fdlov\u00e9 \u010do\u010dky vyr\u00e1b\u011bn\u00e9 technologi\u00ed free-form.<\/span><\/p><p><span style=\"font-weight: 400;\">Spole\u010dnost, kter\u00e1 byla zalo\u017eena v roce 1949 v severn\u00edm N\u011bmecku, se d\u00edky neust\u00e1l\u00fdm inovac\u00edm vyvinula v modern\u00edho a v\u00fdkonn\u00e9ho dodavatele komplexn\u00edch slu\u017eeb v oblasti v\u00fdroby br\u00fdlov\u00fdch \u010do\u010dek na evropsk\u00e9m trhu.<\/span><\/p><p><span style=\"font-weight: 400;\">Vyr\u00e1b\u00edme \u010do\u010dky nejvy\u0161\u0161\u00ed kvality, p\u0159i\u010dem\u017e spojujeme nejmodern\u011bj\u0161\u00ed technologie s tradi\u010dn\u00edm \u0159emesln\u00fdm zpracov\u00e1n\u00edm.<\/span><\/p><p><b>V\u00edce ne\u017e 1000 spokojen\u00fdch partnersk\u00fdch optik v N\u011bmecku a Skandin\u00e1vii<\/b><\/p><p><span style=\"font-weight: 400;\">Proces v\u00fdroby doprov\u00e1z\u00ed v\u00edce ne\u017e 100 zam\u011bstnanc\u016f, \u010d\u00edm\u017e dennodenn\u011b dokazujeme, \u017ee si zakl\u00e1d\u00e1me na vysok\u00e9 kvalit\u011b a nejlep\u0161\u00edch slu\u017eb\u00e1ch. Pro p\u0159ij\u00edm\u00e1n\u00ed objedn\u00e1vek a ka\u017edodenn\u00ed poradenstv\u00ed je k dispozici n\u00e1\u0161 z\u00e1kaznick\u00fd servis i t\u00fdm obchodn\u00edch z\u00e1stupc\u016f.<\/span><\/p><div><div><div>\u00a0<\/div><\/div><\/div>\t\t\t\t\t\t\t\t<\/div>\n\t\t\t\t<\/div>\n\t\t\t\t\t<\/div>\n\t\t<\/div>\n\t\t\t\t<div class=\"elementor-column elementor-col-50 elementor-top-column elementor-element elementor-element-4e87b2ef\" data-id=\"4e87b2ef\" data-element_type=\"column\">\n\t\t\t<div class=\"elementor-widget-wrap elementor-element-populated\">\n\t\t\t\t\t\t<div class=\"elementor-element elementor-element-6954bc0e elementor-widget elementor-widget-image\" data-id=\"6954bc0e\" data-element_type=\"widget\" data-widget_type=\"image.default\">\n\t\t\t\t<div class=\"elementor-widget-container\">\n\t\t\t\t\t\t\t\t\t\t\t\t\t\t\t<img fetchpriority=\"high\" decoding=\"async\" width=\"800\" height=\"534\" src=\"https:\/\/mpg-eyewear.com\/wp-content\/uploads\/2022\/10\/Bild_MPG_Optische_Werke-1024x683.jpg\" class=\"attachment-large size-large wp-image-3846\" alt=\"\" srcset=\"https:\/\/mpg-eyewear.com\/wp-content\/uploads\/2022\/10\/Bild_MPG_Optische_Werke-1024x683.jpg 1024w, https:\/\/mpg-eyewear.com\/wp-content\/uploads\/2022\/10\/Bild_MPG_Optische_Werke-300x200.jpg 300w, https:\/\/mpg-eyewear.com\/wp-content\/uploads\/2022\/10\/Bild_MPG_Optische_Werke-768x512.jpg 768w, https:\/\/mpg-eyewear.com\/wp-content\/uploads\/2022\/10\/Bild_MPG_Optische_Werke.jpg 1200w\" sizes=\"(max-width: 800px) 100vw, 800px\" \/>\t\t\t\t\t\t\t\t\t\t\t\t\t\t\t<\/div>\n\t\t\t\t<\/div>\n\t\t\t\t\t<\/div>\n\t\t<\/div>\n\t\t\t\t\t<\/div>\n\t\t<\/section>\n\t\t\t\t<section class=\"elementor-section elementor-top-section elementor-element elementor-element-4c83be2 elementor-section-boxed elementor-section-height-default elementor-section-height-default\" data-id=\"4c83be2\" data-element_type=\"section\" data-settings=\"{&quot;background_background&quot;:&quot;classic&quot;,&quot;_ha_eqh_enable&quot;:false}\">\n\t\t\t\t\t\t<div class=\"elementor-container elementor-column-gap-default\">\n\t\t\t\t\t<div class=\"elementor-column elementor-col-100 elementor-top-column elementor-element elementor-element-0199776\" data-id=\"0199776\" data-element_type=\"column\">\n\t\t\t<div class=\"elementor-widget-wrap elementor-element-populated\">\n\t\t\t\t\t\t<div class=\"elementor-element elementor-element-f5ca757 elementor-widget elementor-widget-heading\" data-id=\"f5ca757\" data-element_type=\"widget\" data-widget_type=\"heading.default\">\n\t\t\t\t<div class=\"elementor-widget-container\">\n\t\t\t\t\t<h2 class=\"elementor-heading-title elementor-size-default\">Jsme p\u0159ipraveni poradit<\/h2>\t\t\t\t<\/div>\n\t\t\t\t<\/div>\n\t\t\t\t<div class=\"elementor-element elementor-element-5441494 elementor-widget elementor-widget-text-editor\" data-id=\"5441494\" data-element_type=\"widget\" data-widget_type=\"text-editor.default\">\n\t\t\t\t<div class=\"elementor-widget-container\">\n\t\t\t\t\t\t\t\t\t<p><span style=\"font-weight: 400;\">N&aacute;&scaron; t&yacute;m obchodn&iacute;ch z&aacute;stupc\u016f je z&aacute;kazn&iacute;k\u016fm k dispozici pro poradenstv&iacute; a podporu prodeje a z&aacute;kaznick&yacute; servis p\u0159esv\u011bd\u010d&iacute; p\u0159i ka\u017edodenn&iacute;m kontaktu se z&aacute;kazn&iacute;ky rychl&yacute;m vy\u0159izov&aacute;n&iacute;m objedn&aacute;vek a popt&aacute;vek.<\/span><\/p>\n<p><span style=\"font-weight: 400;\">Pro v&iacute;ce informac&iacute; kontaktujte na&scaron;e servisn&iacute; st\u0159edisko.<\/span><\/p>\n<p><strong>Pond\u011bl&iacute; a\u017e p&aacute;tek, 08:30 a\u017e 18:00 hod.<\/strong><\/p>\n\t\t\t\t\t\t\t\t<\/div>\n\t\t\t\t<\/div>\n\t\t\t\t<div class=\"elementor-element elementor-element-5fe8d8b elementor-align-center elementor-widget elementor-widget-button\" data-id=\"5fe8d8b\" data-element_type=\"widget\" data-widget_type=\"button.default\">\n\t\t\t\t<div class=\"elementor-widget-container\">\n\t\t\t\t\t\t\t\t\t<div class=\"elementor-button-wrapper\">\n\t\t\t\t\t<a class=\"elementor-button elementor-button-link elementor-size-sm\" href=\"mailto:service-lenses@mpg-eyewear.com\">\n\t\t\t\t\t\t<span class=\"elementor-button-content-wrapper\">\n\t\t\t\t\t\t\t\t\t<span class=\"elementor-button-text\">Napsat e-mail<\/span>\n\t\t\t\t\t<\/span>\n\t\t\t\t\t<\/a>\n\t\t\t\t<\/div>\n\t\t\t\t\t\t\t\t<\/div>\n\t\t\t\t<\/div>\n\t\t\t\t<div class=\"elementor-element elementor-element-d64744e elementor-align-center elementor-widget elementor-widget-button\" data-id=\"d64744e\" data-element_type=\"widget\" data-widget_type=\"button.default\">\n\t\t\t\t<div class=\"elementor-widget-container\">\n\t\t\t\t\t\t\t\t\t<div class=\"elementor-button-wrapper\">\n\t\t\t\t\t<a class=\"elementor-button elementor-button-link elementor-size-sm\" href=\"https:\/\/shop-lenses-de.mpg-eyewear.com\/login?ReturnUrl=%2f\" target=\"_blank\">\n\t\t\t\t\t\t<span class=\"elementor-button-content-wrapper\">\n\t\t\t\t\t\t\t\t\t<span class=\"elementor-button-text\">Do e-shopu<\/span>\n\t\t\t\t\t<\/span>\n\t\t\t\t\t<\/a>\n\t\t\t\t<\/div>\n\t\t\t\t\t\t\t\t<\/div>\n\t\t\t\t<\/div>\n\t\t\t\t\t<\/div>\n\t\t<\/div>\n\t\t\t\t\t<\/div>\n\t\t<\/section>\n\t\t\t\t<section class=\"elementor-section elementor-top-section elementor-element elementor-element-405a6a7 elementor-section-boxed elementor-section-height-default elementor-section-height-default\" data-id=\"405a6a7\" data-element_type=\"section\" data-settings=\"{&quot;_ha_eqh_enable&quot;:false}\">\n\t\t\t\t\t\t<div class=\"elementor-container elementor-column-gap-default\">\n\t\t\t\t\t<div class=\"elementor-column elementor-col-100 elementor-top-column elementor-element elementor-element-a059a31\" data-id=\"a059a31\" data-element_type=\"column\">\n\t\t\t<div class=\"elementor-widget-wrap elementor-element-populated\">\n\t\t\t\t\t\t<div class=\"elementor-element elementor-element-e43d290 elementor-widget elementor-widget-image\" data-id=\"e43d290\" data-element_type=\"widget\" data-widget_type=\"image.default\">\n\t\t\t\t<div class=\"elementor-widget-container\">\n\t\t\t\t\t\t\t\t\t\t\t\t\t\t\t<img decoding=\"async\" width=\"768\" height=\"348\" src=\"https:\/\/mpg-eyewear.com\/wp-content\/uploads\/2022\/11\/lpw_deutsch-768x348.jpg\" class=\"attachment-medium_large size-medium_large wp-image-3890\" alt=\"\" srcset=\"https:\/\/mpg-eyewear.com\/wp-content\/uploads\/2022\/11\/lpw_deutsch-768x348.jpg 768w, https:\/\/mpg-eyewear.com\/wp-content\/uploads\/2022\/11\/lpw_deutsch-300x136.jpg 300w, https:\/\/mpg-eyewear.com\/wp-content\/uploads\/2022\/11\/lpw_deutsch-1024x463.jpg 1024w, https:\/\/mpg-eyewear.com\/wp-content\/uploads\/2022\/11\/lpw_deutsch-1536x695.jpg 1536w, https:\/\/mpg-eyewear.com\/wp-content\/uploads\/2022\/11\/lpw_deutsch.jpg 1854w\" sizes=\"(max-width: 768px) 100vw, 768px\" \/>\t\t\t\t\t\t\t\t\t\t\t\t\t\t\t<\/div>\n\t\t\t\t<\/div>\n\t\t\t\t\t<\/div>\n\t\t<\/div>\n\t\t\t\t\t<\/div>\n\t\t<\/section>\n\t\t\t\t<\/div>\n\t\t","protected":false},"excerpt":{"rendered":"<p>Tradice se snoub&iacute; s inovac&iacute; MPG Optische Werke GmbH Kvalita od roku 1949 Sortiment spole\u010dnosti MPG Optische Werke GmbH zahrnuje \u0161irokou nab\u00eddku od konven\u010dn\u011b vyr\u00e1b\u011bn\u00fdch miner\u00e1ln\u00edch a organick\u00fdch jednoohniskov\u00fdch a v\u00edceohniskov\u00fdch \u010do\u010dek a\u017e po br\u00fdlov\u00e9 \u010do\u010dky vyr\u00e1b\u011bn\u00e9 technologi\u00ed free-form. Spole\u010dnost, kter\u00e1 byla zalo\u017eena v roce 1949 v severn\u00edm N\u011bmecku, se d\u00edky neust\u00e1l\u00fdm inovac\u00edm vyvinula v [&hellip;]<\/p>\n","protected":false},"author":1,"featured_media":0,"parent":0,"menu_order":0,"comment_status":"closed","ping_status":"closed","template":"","meta":{"footnotes":""},"class_list":["post-3906","page","type-page","status-publish","hentry"],"yoast_head":"<!-- This site is optimized with the Yoast SEO plugin v21.8 - https:\/\/yoast.com\/wordpress\/plugins\/seo\/ -->\n<title>MPG Optische Werke GmbH - MPG - The Eyewear Company<\/title>\n<meta name=\"description\" content=\"Spole\u010dnost MPG Optische Werke GmbH spojuje od roku 1949 tradici a inovaci a je \u0161pi\u010dkov\u00fdm komplexn\u00edm dodavatelem \u010do\u010dek na evropsk\u00e9m trhu.\" \/>\n<meta name=\"robots\" content=\"index, follow, max-snippet:-1, max-image-preview:large, max-video-preview:-1\" \/>\n<link rel=\"canonical\" href=\"https:\/\/mpg-eyewear.com\/cs\/mpg-optische-werke\/\" \/>\n<meta property=\"og:locale\" content=\"en_US\" \/>\n<meta property=\"og:type\" content=\"article\" \/>\n<meta property=\"og:title\" content=\"MPG Optische Werke GmbH - MPG - The Eyewear Company\" \/>\n<meta property=\"og:description\" content=\"Spole\u010dnost MPG Optische Werke GmbH spojuje od roku 1949 tradici a inovaci a je \u0161pi\u010dkov\u00fdm komplexn\u00edm dodavatelem \u010do\u010dek na evropsk\u00e9m trhu.\" \/>\n<meta property=\"og:url\" content=\"https:\/\/mpg-eyewear.com\/cs\/mpg-optische-werke\/\" \/>\n<meta property=\"og:site_name\" content=\"MPG - The Eyewear Company\" \/>\n<meta property=\"article:modified_time\" content=\"2025-08-20T09:42:43+00:00\" \/>\n<meta property=\"og:image\" content=\"https:\/\/mpg-eyewear.com\/wp-content\/uploads\/2022\/10\/Bild_MPG_Optische_Werke-1024x683.jpg\" \/>\n<meta name=\"twitter:card\" content=\"summary_large_image\" \/>\n<meta name=\"twitter:label1\" content=\"Est. reading time\" \/>\n\t<meta name=\"twitter:data1\" content=\"2 minutes\" \/>\n<script type=\"application\/ld+json\" class=\"yoast-schema-graph\">{\"@context\":\"https:\/\/schema.org\",\"@graph\":[{\"@type\":\"WebPage\",\"@id\":\"https:\/\/mpg-eyewear.com\/cs\/mpg-optische-werke\/\",\"url\":\"https:\/\/mpg-eyewear.com\/cs\/mpg-optische-werke\/\",\"name\":\"MPG Optische Werke GmbH - MPG - The Eyewear Company\",\"isPartOf\":{\"@id\":\"https:\/\/mpg-eyewear.com\/cs\/#website\"},\"datePublished\":\"2022-10-09T21:16:49+00:00\",\"dateModified\":\"2025-08-20T09:42:43+00:00\",\"description\":\"Spole\u010dnost MPG Optische Werke GmbH spojuje od roku 1949 tradici a inovaci a je \u0161pi\u010dkov\u00fdm komplexn\u00edm dodavatelem \u010do\u010dek na evropsk\u00e9m trhu.\",\"breadcrumb\":{\"@id\":\"https:\/\/mpg-eyewear.com\/cs\/mpg-optische-werke\/#breadcrumb\"},\"inLanguage\":\"cz-CZ\",\"potentialAction\":[{\"@type\":\"ReadAction\",\"target\":[\"https:\/\/mpg-eyewear.com\/cs\/mpg-optische-werke\/\"]}]},{\"@type\":\"BreadcrumbList\",\"@id\":\"https:\/\/mpg-eyewear.com\/cs\/mpg-optische-werke\/#breadcrumb\",\"itemListElement\":[{\"@type\":\"ListItem\",\"position\":1,\"name\":\"Startseite\",\"item\":\"https:\/\/mpg-eyewear.com\/cs\/\"},{\"@type\":\"ListItem\",\"position\":2,\"name\":\"MPG Optische Werke\"}]},{\"@type\":\"WebSite\",\"@id\":\"https:\/\/mpg-eyewear.com\/cs\/#website\",\"url\":\"https:\/\/mpg-eyewear.com\/cs\/\",\"name\":\"MPG - The Eyewear Company\",\"description\":\"Creating Perspectives\",\"publisher\":{\"@id\":\"https:\/\/mpg-eyewear.com\/cs\/#organization\"},\"potentialAction\":[{\"@type\":\"SearchAction\",\"target\":{\"@type\":\"EntryPoint\",\"urlTemplate\":\"https:\/\/mpg-eyewear.com\/cs\/?s={search_term_string}\"},\"query-input\":\"required name=search_term_string\"}],\"inLanguage\":\"cz-CZ\"},{\"@type\":\"Organization\",\"@id\":\"https:\/\/mpg-eyewear.com\/cs\/#organization\",\"name\":\"MPG - The Eyewear Company\",\"url\":\"https:\/\/mpg-eyewear.com\/cs\/\",\"logo\":{\"@type\":\"ImageObject\",\"inLanguage\":\"cz-CZ\",\"@id\":\"https:\/\/mpg-eyewear.com\/cs\/#\/schema\/logo\/image\/\",\"url\":\"https:\/\/mpg-eyewear.com\/wp-content\/uploads\/2022\/08\/logo_mpg.png\",\"contentUrl\":\"https:\/\/mpg-eyewear.com\/wp-content\/uploads\/2022\/08\/logo_mpg.png\",\"width\":201,\"height\":127,\"caption\":\"MPG - The Eyewear Company\"},\"image\":{\"@id\":\"https:\/\/mpg-eyewear.com\/cs\/#\/schema\/logo\/image\/\"}}]}<\/script>\n<!-- \/ Yoast SEO plugin. -->","yoast_head_json":{"title":"MPG Optische Werke GmbH - MPG - The Eyewear Company","description":"Spole\u010dnost MPG Optische Werke GmbH spojuje od roku 1949 tradici a inovaci a je \u0161pi\u010dkov\u00fdm komplexn\u00edm dodavatelem \u010do\u010dek na evropsk\u00e9m trhu.","robots":{"index":"index","follow":"follow","max-snippet":"max-snippet:-1","max-image-preview":"max-image-preview:large","max-video-preview":"max-video-preview:-1"},"canonical":"https:\/\/mpg-eyewear.com\/cs\/mpg-optische-werke\/","og_locale":"en_US","og_type":"article","og_title":"MPG Optische Werke GmbH - MPG - The Eyewear Company","og_description":"Spole\u010dnost MPG Optische Werke GmbH spojuje od roku 1949 tradici a inovaci a je \u0161pi\u010dkov\u00fdm komplexn\u00edm dodavatelem \u010do\u010dek na evropsk\u00e9m trhu.","og_url":"https:\/\/mpg-eyewear.com\/cs\/mpg-optische-werke\/","og_site_name":"MPG - The Eyewear Company","article_modified_time":"2025-08-20T09:42:43+00:00","og_image":[{"url":"https:\/\/mpg-eyewear.com\/wp-content\/uploads\/2022\/10\/Bild_MPG_Optische_Werke-1024x683.jpg"}],"twitter_card":"summary_large_image","twitter_misc":{"Est. reading time":"2 minutes"},"schema":{"@context":"https:\/\/schema.org","@graph":[{"@type":"WebPage","@id":"https:\/\/mpg-eyewear.com\/cs\/mpg-optische-werke\/","url":"https:\/\/mpg-eyewear.com\/cs\/mpg-optische-werke\/","name":"MPG Optische Werke GmbH - MPG - The Eyewear Company","isPartOf":{"@id":"https:\/\/mpg-eyewear.com\/cs\/#website"},"datePublished":"2022-10-09T21:16:49+00:00","dateModified":"2025-08-20T09:42:43+00:00","description":"Spole\u010dnost MPG Optische Werke GmbH spojuje od roku 1949 tradici a inovaci a je \u0161pi\u010dkov\u00fdm komplexn\u00edm dodavatelem \u010do\u010dek na evropsk\u00e9m trhu.","breadcrumb":{"@id":"https:\/\/mpg-eyewear.com\/cs\/mpg-optische-werke\/#breadcrumb"},"inLanguage":"cz-CZ","potentialAction":[{"@type":"ReadAction","target":["https:\/\/mpg-eyewear.com\/cs\/mpg-optische-werke\/"]}]},{"@type":"BreadcrumbList","@id":"https:\/\/mpg-eyewear.com\/cs\/mpg-optische-werke\/#breadcrumb","itemListElement":[{"@type":"ListItem","position":1,"name":"Startseite","item":"https:\/\/mpg-eyewear.com\/cs\/"},{"@type":"ListItem","position":2,"name":"MPG Optische Werke"}]},{"@type":"WebSite","@id":"https:\/\/mpg-eyewear.com\/cs\/#website","url":"https:\/\/mpg-eyewear.com\/cs\/","name":"MPG - The Eyewear Company","description":"Creating Perspectives","publisher":{"@id":"https:\/\/mpg-eyewear.com\/cs\/#organization"},"potentialAction":[{"@type":"SearchAction","target":{"@type":"EntryPoint","urlTemplate":"https:\/\/mpg-eyewear.com\/cs\/?s={search_term_string}"},"query-input":"required name=search_term_string"}],"inLanguage":"cz-CZ"},{"@type":"Organization","@id":"https:\/\/mpg-eyewear.com\/cs\/#organization","name":"MPG - The Eyewear Company","url":"https:\/\/mpg-eyewear.com\/cs\/","logo":{"@type":"ImageObject","inLanguage":"cz-CZ","@id":"https:\/\/mpg-eyewear.com\/cs\/#\/schema\/logo\/image\/","url":"https:\/\/mpg-eyewear.com\/wp-content\/uploads\/2022\/08\/logo_mpg.png","contentUrl":"https:\/\/mpg-eyewear.com\/wp-content\/uploads\/2022\/08\/logo_mpg.png","width":201,"height":127,"caption":"MPG - The Eyewear Company"},"image":{"@id":"https:\/\/mpg-eyewear.com\/cs\/#\/schema\/logo\/image\/"}}]}},"_links":{"self":[{"href":"https:\/\/mpg-eyewear.com\/cs\/wp-json\/wp\/v2\/pages\/3906","targetHints":{"allow":["GET"]}}],"collection":[{"href":"https:\/\/mpg-eyewear.com\/cs\/wp-json\/wp\/v2\/pages"}],"about":[{"href":"https:\/\/mpg-eyewear.com\/cs\/wp-json\/wp\/v2\/types\/page"}],"author":[{"embeddable":true,"href":"https:\/\/mpg-eyewear.com\/cs\/wp-json\/wp\/v2\/users\/1"}],"replies":[{"embeddable":true,"href":"https:\/\/mpg-eyewear.com\/cs\/wp-json\/wp\/v2\/comments?post=3906"}],"version-history":[{"count":7,"href":"https:\/\/mpg-eyewear.com\/cs\/wp-json\/wp\/v2\/pages\/3906\/revisions"}],"predecessor-version":[{"id":11896,"href":"https:\/\/mpg-eyewear.com\/cs\/wp-json\/wp\/v2\/pages\/3906\/revisions\/11896"}],"wp:attachment":[{"href":"https:\/\/mpg-eyewear.com\/cs\/wp-json\/wp\/v2\/media?parent=3906"}],"curies":[{"name":"wp","href":"https:\/\/api.w.org\/{rel}","templated":true}]}}