{"id":3903,"date":"2022-10-09T23:22:45","date_gmt":"2022-10-09T21:22:45","guid":{"rendered":"https:\/\/mpg-eyewear.com\/mpg-logistics\/"},"modified":"2024-02-21T13:17:45","modified_gmt":"2024-02-21T12:17:45","slug":"mpg-logistics","status":"publish","type":"page","link":"https:\/\/mpg-eyewear.com\/cs\/mpg-logistics\/","title":{"rendered":"MPG Logistics"},"content":{"rendered":"\t\t<div data-elementor-type=\"wp-page\" data-elementor-id=\"3903\" class=\"elementor elementor-3903 elementor-2423\" data-elementor-settings=\"{&quot;ha_cmc_init_switcher&quot;:&quot;no&quot;}\" data-elementor-post-type=\"page\">\n\t\t\t\t\t\t<section class=\"elementor-section elementor-top-section elementor-element elementor-element-6c9edb58 elementor-section-boxed elementor-section-height-default elementor-section-height-default\" data-id=\"6c9edb58\" data-element_type=\"section\" data-settings=\"{&quot;background_background&quot;:&quot;classic&quot;,&quot;_ha_eqh_enable&quot;:false}\">\n\t\t\t\t\t\t<div class=\"elementor-container elementor-column-gap-default\">\n\t\t\t\t\t<div class=\"elementor-column elementor-col-100 elementor-top-column elementor-element elementor-element-3d821b96\" data-id=\"3d821b96\" data-element_type=\"column\">\n\t\t\t<div class=\"elementor-widget-wrap elementor-element-populated\">\n\t\t\t\t\t\t<div class=\"elementor-element elementor-element-7a37b822 elementor-widget elementor-widget-heading\" data-id=\"7a37b822\" data-element_type=\"widget\" data-widget_type=\"heading.default\">\n\t\t\t\t<div class=\"elementor-widget-container\">\n\t\t\t\t\t<h1 class=\"elementor-heading-title elementor-size-default\">Nep\u0159etr\u017eit&aacute; efektivita<\/h1>\t\t\t\t<\/div>\n\t\t\t\t<\/div>\n\t\t\t\t<div class=\"elementor-element elementor-element-681138ae elementor-widget elementor-widget-heading\" data-id=\"681138ae\" data-element_type=\"widget\" data-widget_type=\"heading.default\">\n\t\t\t\t<div class=\"elementor-widget-container\">\n\t\t\t\t\t<h2 class=\"elementor-heading-title elementor-size-default\">MPG Logistics<\/h2>\t\t\t\t<\/div>\n\t\t\t\t<\/div>\n\t\t\t\t\t<\/div>\n\t\t<\/div>\n\t\t\t\t\t<\/div>\n\t\t<\/section>\n\t\t\t\t<section class=\"elementor-section elementor-top-section elementor-element elementor-element-6b436e03 elementor-reverse-tablet elementor-reverse-mobile elementor-section-boxed elementor-section-height-default elementor-section-height-default\" data-id=\"6b436e03\" data-element_type=\"section\" data-settings=\"{&quot;background_background&quot;:&quot;classic&quot;,&quot;_ha_eqh_enable&quot;:false}\">\n\t\t\t\t\t\t<div class=\"elementor-container elementor-column-gap-default\">\n\t\t\t\t\t<div class=\"elementor-column elementor-col-50 elementor-top-column elementor-element elementor-element-22b1ad34\" data-id=\"22b1ad34\" data-element_type=\"column\">\n\t\t\t<div class=\"elementor-widget-wrap elementor-element-populated\">\n\t\t\t\t\t\t<div class=\"elementor-element elementor-element-6f266ee1 elementor-widget elementor-widget-heading\" data-id=\"6f266ee1\" data-element_type=\"widget\" data-widget_type=\"heading.default\">\n\t\t\t\t<div class=\"elementor-widget-container\">\n\t\t\t\t\t<h2 class=\"elementor-heading-title elementor-size-default\">V&iacute;ce zbo\u017e&iacute; na sklad\u011b pro optiky<\/h2>\t\t\t\t<\/div>\n\t\t\t\t<\/div>\n\t\t\t\t<div class=\"elementor-element elementor-element-5d4b651 elementor-widget elementor-widget-text-editor\" data-id=\"5d4b651\" data-element_type=\"widget\" data-widget_type=\"text-editor.default\">\n\t\t\t\t<div class=\"elementor-widget-container\">\n\t\t\t\t\t\t\t\t\t<p>Pokud chcete dod\u00e1vat rychle, mus\u00edte p\u0159em\u00fd\u0161let ve velk\u00e9m. Proto jsme v roce 2013 postavili modern\u00ed logistick\u00e9 centrum v Doma\u017elic\u00edch v \u010cesk\u00e9 republice a ji\u017e o \u010dty\u0159i roky pozd\u011bji jej v\u00fdrazn\u011b roz\u0161\u00ed\u0159ili. S rozlohou 17 000 metr\u016f \u010dtvere\u010dn\u00edch je moment\u00e1ln\u011b v\u011bt\u0161\u00ed ne\u017e dv\u011b fotbalov\u00e1 h\u0159i\u0161t\u011b. Pracuje zde p\u0159es 155 lid\u00ed. Mnoz\u00ed z nich vyr\u00e1b\u011bj\u00ed kompletn\u00ed br\u00fdle v brus\u00edrn\u011b, aby mohli optici z\u00edskat v\u0161e rychle a pohodln\u011b na jednom m\u00edst\u011b.<\/p><p>Logistick\u00e9 centrum tak\u00e9 zaji\u0161\u0165uje hladk\u00fd pr\u016fb\u011bh dod\u00e1vek na\u0161ich obrub a \u010do\u010dek do v\u00edce ne\u017e 80 zem\u00ed. Z \u010cesk\u00e9 republiky z\u00e1sobujeme cel\u00fd sv\u011bt: od skladov\u00e1n\u00ed a balen\u00ed a\u017e po expedici pracuj\u00ed na\u0161i zam\u011bstnanci naplno, aby zajistili efektivn\u00ed dod\u00e1vku v\u00fdrobk\u016f.<\/p>\t\t\t\t\t\t\t\t<\/div>\n\t\t\t\t<\/div>\n\t\t\t\t\t<\/div>\n\t\t<\/div>\n\t\t\t\t<div class=\"elementor-column elementor-col-50 elementor-top-column elementor-element elementor-element-4e87b2ef\" data-id=\"4e87b2ef\" data-element_type=\"column\">\n\t\t\t<div class=\"elementor-widget-wrap elementor-element-populated\">\n\t\t\t\t\t\t<div class=\"elementor-element elementor-element-6954bc0e elementor-widget elementor-widget-image\" data-id=\"6954bc0e\" data-element_type=\"widget\" data-widget_type=\"image.default\">\n\t\t\t\t<div class=\"elementor-widget-container\">\n\t\t\t\t\t\t\t\t\t\t\t\t\t\t\t<img fetchpriority=\"high\" decoding=\"async\" width=\"800\" height=\"557\" src=\"https:\/\/mpg-eyewear.com\/wp-content\/uploads\/2022\/10\/MPGS9464-RZ_Domazlice_Aussenansicht_web_c-1024x713.jpg\" class=\"attachment-large size-large wp-image-3855\" alt=\"\" srcset=\"https:\/\/mpg-eyewear.com\/wp-content\/uploads\/2022\/10\/MPGS9464-RZ_Domazlice_Aussenansicht_web_c-1024x713.jpg 1024w, https:\/\/mpg-eyewear.com\/wp-content\/uploads\/2022\/10\/MPGS9464-RZ_Domazlice_Aussenansicht_web_c-300x209.jpg 300w, https:\/\/mpg-eyewear.com\/wp-content\/uploads\/2022\/10\/MPGS9464-RZ_Domazlice_Aussenansicht_web_c-768x535.jpg 768w, https:\/\/mpg-eyewear.com\/wp-content\/uploads\/2022\/10\/MPGS9464-RZ_Domazlice_Aussenansicht_web_c.jpg 1120w\" sizes=\"(max-width: 800px) 100vw, 800px\" \/>\t\t\t\t\t\t\t\t\t\t\t\t\t\t\t<\/div>\n\t\t\t\t<\/div>\n\t\t\t\t\t<\/div>\n\t\t<\/div>\n\t\t\t\t\t<\/div>\n\t\t<\/section>\n\t\t\t\t<\/div>\n\t\t","protected":false},"excerpt":{"rendered":"<p>Nep\u0159etr\u017eit&aacute; efektivita MPG Logistics V&iacute;ce zbo\u017e&iacute; na sklad\u011b pro optiky Pokud chcete dod\u00e1vat rychle, mus\u00edte p\u0159em\u00fd\u0161let ve velk\u00e9m. Proto jsme v roce 2013 postavili modern\u00ed logistick\u00e9 centrum v Doma\u017elic\u00edch v \u010cesk\u00e9 republice a ji\u017e o \u010dty\u0159i roky pozd\u011bji jej v\u00fdrazn\u011b roz\u0161\u00ed\u0159ili. S rozlohou 17 000 metr\u016f \u010dtvere\u010dn\u00edch je moment\u00e1ln\u011b v\u011bt\u0161\u00ed ne\u017e dv\u011b fotbalov\u00e1 h\u0159i\u0161t\u011b. Pracuje [&hellip;]<\/p>\n","protected":false},"author":1,"featured_media":0,"parent":0,"menu_order":0,"comment_status":"closed","ping_status":"closed","template":"","meta":{"footnotes":""},"class_list":["post-3903","page","type-page","status-publish","hentry"],"yoast_head":"<!-- This site is optimized with the Yoast SEO plugin v21.8 - https:\/\/yoast.com\/wordpress\/plugins\/seo\/ -->\n<title>MPG Logistics - MPG - The Eyewear Company<\/title>\n<meta name=\"description\" content=\"Na\u0161e logistick\u00e9 centrum v Doma\u017elic\u00edch v \u010cesk\u00e9 republice pro bezprobl\u00e9mov\u00fd pr\u016fb\u011bh dod\u00e1vek na\u0161ich br\u00fdlov\u00fdch obrub a \u010do\u010dek do v\u00edce ne\u017e 70 zem\u00ed.\" \/>\n<meta name=\"robots\" content=\"index, follow, max-snippet:-1, max-image-preview:large, max-video-preview:-1\" \/>\n<link rel=\"canonical\" href=\"https:\/\/mpg-eyewear.com\/cs\/mpg-logistics\/\" \/>\n<meta property=\"og:locale\" content=\"en_US\" \/>\n<meta property=\"og:type\" content=\"article\" \/>\n<meta property=\"og:title\" content=\"MPG Logistics - MPG - The Eyewear Company\" \/>\n<meta property=\"og:description\" content=\"Na\u0161e logistick\u00e9 centrum v Doma\u017elic\u00edch v \u010cesk\u00e9 republice pro bezprobl\u00e9mov\u00fd pr\u016fb\u011bh dod\u00e1vek na\u0161ich br\u00fdlov\u00fdch obrub a \u010do\u010dek do v\u00edce ne\u017e 70 zem\u00ed.\" \/>\n<meta property=\"og:url\" content=\"https:\/\/mpg-eyewear.com\/cs\/mpg-logistics\/\" \/>\n<meta property=\"og:site_name\" content=\"MPG - The Eyewear Company\" \/>\n<meta property=\"article:modified_time\" content=\"2024-02-21T12:17:45+00:00\" \/>\n<meta property=\"og:image\" content=\"https:\/\/mpg-eyewear.com\/wp-content\/uploads\/2022\/10\/MPGS9464-RZ_Domazlice_Aussenansicht_web_c-1024x713.jpg\" \/>\n<meta name=\"twitter:card\" content=\"summary_large_image\" \/>\n<meta name=\"twitter:label1\" content=\"Est. reading time\" \/>\n\t<meta name=\"twitter:data1\" content=\"1 minute\" \/>\n<script type=\"application\/ld+json\" class=\"yoast-schema-graph\">{\"@context\":\"https:\/\/schema.org\",\"@graph\":[{\"@type\":\"WebPage\",\"@id\":\"https:\/\/mpg-eyewear.com\/cs\/mpg-logistics\/\",\"url\":\"https:\/\/mpg-eyewear.com\/cs\/mpg-logistics\/\",\"name\":\"MPG Logistics - MPG - The Eyewear Company\",\"isPartOf\":{\"@id\":\"https:\/\/mpg-eyewear.com\/cs\/#website\"},\"datePublished\":\"2022-10-09T21:22:45+00:00\",\"dateModified\":\"2024-02-21T12:17:45+00:00\",\"description\":\"Na\u0161e logistick\u00e9 centrum v Doma\u017elic\u00edch v \u010cesk\u00e9 republice pro bezprobl\u00e9mov\u00fd pr\u016fb\u011bh dod\u00e1vek na\u0161ich br\u00fdlov\u00fdch obrub a \u010do\u010dek do v\u00edce ne\u017e 70 zem\u00ed.\",\"breadcrumb\":{\"@id\":\"https:\/\/mpg-eyewear.com\/cs\/mpg-logistics\/#breadcrumb\"},\"inLanguage\":\"cz-CZ\",\"potentialAction\":[{\"@type\":\"ReadAction\",\"target\":[\"https:\/\/mpg-eyewear.com\/cs\/mpg-logistics\/\"]}]},{\"@type\":\"BreadcrumbList\",\"@id\":\"https:\/\/mpg-eyewear.com\/cs\/mpg-logistics\/#breadcrumb\",\"itemListElement\":[{\"@type\":\"ListItem\",\"position\":1,\"name\":\"Startseite\",\"item\":\"https:\/\/mpg-eyewear.com\/cs\/\"},{\"@type\":\"ListItem\",\"position\":2,\"name\":\"MPG Logistics\"}]},{\"@type\":\"WebSite\",\"@id\":\"https:\/\/mpg-eyewear.com\/cs\/#website\",\"url\":\"https:\/\/mpg-eyewear.com\/cs\/\",\"name\":\"MPG - The Eyewear Company\",\"description\":\"Creating Perspectives\",\"publisher\":{\"@id\":\"https:\/\/mpg-eyewear.com\/cs\/#organization\"},\"potentialAction\":[{\"@type\":\"SearchAction\",\"target\":{\"@type\":\"EntryPoint\",\"urlTemplate\":\"https:\/\/mpg-eyewear.com\/cs\/?s={search_term_string}\"},\"query-input\":\"required name=search_term_string\"}],\"inLanguage\":\"cz-CZ\"},{\"@type\":\"Organization\",\"@id\":\"https:\/\/mpg-eyewear.com\/cs\/#organization\",\"name\":\"MPG - The Eyewear Company\",\"url\":\"https:\/\/mpg-eyewear.com\/cs\/\",\"logo\":{\"@type\":\"ImageObject\",\"inLanguage\":\"cz-CZ\",\"@id\":\"https:\/\/mpg-eyewear.com\/cs\/#\/schema\/logo\/image\/\",\"url\":\"https:\/\/mpg-eyewear.com\/wp-content\/uploads\/2022\/08\/logo_mpg.png\",\"contentUrl\":\"https:\/\/mpg-eyewear.com\/wp-content\/uploads\/2022\/08\/logo_mpg.png\",\"width\":201,\"height\":127,\"caption\":\"MPG - The Eyewear Company\"},\"image\":{\"@id\":\"https:\/\/mpg-eyewear.com\/cs\/#\/schema\/logo\/image\/\"}}]}<\/script>\n<!-- \/ Yoast SEO plugin. -->","yoast_head_json":{"title":"MPG Logistics - MPG - The Eyewear Company","description":"Na\u0161e logistick\u00e9 centrum v Doma\u017elic\u00edch v \u010cesk\u00e9 republice pro bezprobl\u00e9mov\u00fd pr\u016fb\u011bh dod\u00e1vek na\u0161ich br\u00fdlov\u00fdch obrub a \u010do\u010dek do v\u00edce ne\u017e 70 zem\u00ed.","robots":{"index":"index","follow":"follow","max-snippet":"max-snippet:-1","max-image-preview":"max-image-preview:large","max-video-preview":"max-video-preview:-1"},"canonical":"https:\/\/mpg-eyewear.com\/cs\/mpg-logistics\/","og_locale":"en_US","og_type":"article","og_title":"MPG Logistics - MPG - The Eyewear Company","og_description":"Na\u0161e logistick\u00e9 centrum v Doma\u017elic\u00edch v \u010cesk\u00e9 republice pro bezprobl\u00e9mov\u00fd pr\u016fb\u011bh dod\u00e1vek na\u0161ich br\u00fdlov\u00fdch obrub a \u010do\u010dek do v\u00edce ne\u017e 70 zem\u00ed.","og_url":"https:\/\/mpg-eyewear.com\/cs\/mpg-logistics\/","og_site_name":"MPG - The Eyewear Company","article_modified_time":"2024-02-21T12:17:45+00:00","og_image":[{"url":"https:\/\/mpg-eyewear.com\/wp-content\/uploads\/2022\/10\/MPGS9464-RZ_Domazlice_Aussenansicht_web_c-1024x713.jpg"}],"twitter_card":"summary_large_image","twitter_misc":{"Est. reading time":"1 minute"},"schema":{"@context":"https:\/\/schema.org","@graph":[{"@type":"WebPage","@id":"https:\/\/mpg-eyewear.com\/cs\/mpg-logistics\/","url":"https:\/\/mpg-eyewear.com\/cs\/mpg-logistics\/","name":"MPG Logistics - MPG - The Eyewear Company","isPartOf":{"@id":"https:\/\/mpg-eyewear.com\/cs\/#website"},"datePublished":"2022-10-09T21:22:45+00:00","dateModified":"2024-02-21T12:17:45+00:00","description":"Na\u0161e logistick\u00e9 centrum v Doma\u017elic\u00edch v \u010cesk\u00e9 republice pro bezprobl\u00e9mov\u00fd pr\u016fb\u011bh dod\u00e1vek na\u0161ich br\u00fdlov\u00fdch obrub a \u010do\u010dek do v\u00edce ne\u017e 70 zem\u00ed.","breadcrumb":{"@id":"https:\/\/mpg-eyewear.com\/cs\/mpg-logistics\/#breadcrumb"},"inLanguage":"cz-CZ","potentialAction":[{"@type":"ReadAction","target":["https:\/\/mpg-eyewear.com\/cs\/mpg-logistics\/"]}]},{"@type":"BreadcrumbList","@id":"https:\/\/mpg-eyewear.com\/cs\/mpg-logistics\/#breadcrumb","itemListElement":[{"@type":"ListItem","position":1,"name":"Startseite","item":"https:\/\/mpg-eyewear.com\/cs\/"},{"@type":"ListItem","position":2,"name":"MPG Logistics"}]},{"@type":"WebSite","@id":"https:\/\/mpg-eyewear.com\/cs\/#website","url":"https:\/\/mpg-eyewear.com\/cs\/","name":"MPG - The Eyewear Company","description":"Creating Perspectives","publisher":{"@id":"https:\/\/mpg-eyewear.com\/cs\/#organization"},"potentialAction":[{"@type":"SearchAction","target":{"@type":"EntryPoint","urlTemplate":"https:\/\/mpg-eyewear.com\/cs\/?s={search_term_string}"},"query-input":"required name=search_term_string"}],"inLanguage":"cz-CZ"},{"@type":"Organization","@id":"https:\/\/mpg-eyewear.com\/cs\/#organization","name":"MPG - The Eyewear Company","url":"https:\/\/mpg-eyewear.com\/cs\/","logo":{"@type":"ImageObject","inLanguage":"cz-CZ","@id":"https:\/\/mpg-eyewear.com\/cs\/#\/schema\/logo\/image\/","url":"https:\/\/mpg-eyewear.com\/wp-content\/uploads\/2022\/08\/logo_mpg.png","contentUrl":"https:\/\/mpg-eyewear.com\/wp-content\/uploads\/2022\/08\/logo_mpg.png","width":201,"height":127,"caption":"MPG - The Eyewear Company"},"image":{"@id":"https:\/\/mpg-eyewear.com\/cs\/#\/schema\/logo\/image\/"}}]}},"_links":{"self":[{"href":"https:\/\/mpg-eyewear.com\/cs\/wp-json\/wp\/v2\/pages\/3903","targetHints":{"allow":["GET"]}}],"collection":[{"href":"https:\/\/mpg-eyewear.com\/cs\/wp-json\/wp\/v2\/pages"}],"about":[{"href":"https:\/\/mpg-eyewear.com\/cs\/wp-json\/wp\/v2\/types\/page"}],"author":[{"embeddable":true,"href":"https:\/\/mpg-eyewear.com\/cs\/wp-json\/wp\/v2\/users\/1"}],"replies":[{"embeddable":true,"href":"https:\/\/mpg-eyewear.com\/cs\/wp-json\/wp\/v2\/comments?post=3903"}],"version-history":[{"count":7,"href":"https:\/\/mpg-eyewear.com\/cs\/wp-json\/wp\/v2\/pages\/3903\/revisions"}],"predecessor-version":[{"id":7618,"href":"https:\/\/mpg-eyewear.com\/cs\/wp-json\/wp\/v2\/pages\/3903\/revisions\/7618"}],"wp:attachment":[{"href":"https:\/\/mpg-eyewear.com\/cs\/wp-json\/wp\/v2\/media?parent=3903"}],"curies":[{"name":"wp","href":"https:\/\/api.w.org\/{rel}","templated":true}]}}