{"id":3901,"date":"2022-10-09T23:27:27","date_gmt":"2022-10-09T21:27:27","guid":{"rendered":"https:\/\/mpg-eyewear.com\/mpg-france\/"},"modified":"2023-01-30T15:40:58","modified_gmt":"2023-01-30T14:40:58","slug":"mpg-france","status":"publish","type":"page","link":"https:\/\/mpg-eyewear.com\/cs\/mpg-france\/","title":{"rendered":"MPG France"},"content":{"rendered":"\t\t<div data-elementor-type=\"wp-page\" data-elementor-id=\"3901\" class=\"elementor elementor-3901 elementor-2429\" data-elementor-settings=\"{&quot;ha_cmc_init_switcher&quot;:&quot;no&quot;}\" data-elementor-post-type=\"page\">\n\t\t\t\t\t\t<section class=\"elementor-section elementor-top-section elementor-element elementor-element-6c9edb58 elementor-section-boxed elementor-section-height-default elementor-section-height-default\" data-id=\"6c9edb58\" data-element_type=\"section\" data-settings=\"{&quot;background_background&quot;:&quot;classic&quot;,&quot;_ha_eqh_enable&quot;:false}\">\n\t\t\t\t\t\t<div class=\"elementor-container elementor-column-gap-default\">\n\t\t\t\t\t<div class=\"elementor-column elementor-col-100 elementor-top-column elementor-element elementor-element-3d821b96\" data-id=\"3d821b96\" data-element_type=\"column\">\n\t\t\t<div class=\"elementor-widget-wrap elementor-element-populated\">\n\t\t\t\t\t\t<div class=\"elementor-element elementor-element-7a37b822 elementor-widget elementor-widget-heading\" data-id=\"7a37b822\" data-element_type=\"widget\" data-widget_type=\"heading.default\">\n\t\t\t\t<div class=\"elementor-widget-container\">\n\t\t\t\t\t<h1 class=\"elementor-heading-title elementor-size-default\">Mezin&aacute;rodn&iacute; pobo\u010dka<\/h1>\t\t\t\t<\/div>\n\t\t\t\t<\/div>\n\t\t\t\t<div class=\"elementor-element elementor-element-681138ae elementor-widget elementor-widget-heading\" data-id=\"681138ae\" data-element_type=\"widget\" data-widget_type=\"heading.default\">\n\t\t\t\t<div class=\"elementor-widget-container\">\n\t\t\t\t\t<h2 class=\"elementor-heading-title elementor-size-default\">MPG France<\/h2>\t\t\t\t<\/div>\n\t\t\t\t<\/div>\n\t\t\t\t\t<\/div>\n\t\t<\/div>\n\t\t\t\t\t<\/div>\n\t\t<\/section>\n\t\t\t\t<section class=\"elementor-section elementor-top-section elementor-element elementor-element-6b436e03 elementor-reverse-tablet elementor-reverse-mobile elementor-section-boxed elementor-section-height-default elementor-section-height-default\" data-id=\"6b436e03\" data-element_type=\"section\" data-settings=\"{&quot;background_background&quot;:&quot;classic&quot;,&quot;_ha_eqh_enable&quot;:false}\">\n\t\t\t\t\t\t<div class=\"elementor-container elementor-column-gap-default\">\n\t\t\t\t\t<div class=\"elementor-column elementor-col-50 elementor-top-column elementor-element elementor-element-22b1ad34\" data-id=\"22b1ad34\" data-element_type=\"column\">\n\t\t\t<div class=\"elementor-widget-wrap elementor-element-populated\">\n\t\t\t\t\t\t<div class=\"elementor-element elementor-element-6f266ee1 elementor-widget elementor-widget-heading\" data-id=\"6f266ee1\" data-element_type=\"widget\" data-widget_type=\"heading.default\">\n\t\t\t\t<div class=\"elementor-widget-container\">\n\t\t\t\t\t<h2 class=\"elementor-heading-title elementor-size-default\">V&iacute;ce zbo\u017e&iacute; na sklad\u011b pro optiky<\/h2>\t\t\t\t<\/div>\n\t\t\t\t<\/div>\n\t\t\t\t<div class=\"elementor-element elementor-element-5d4b651 elementor-widget elementor-widget-text-editor\" data-id=\"5d4b651\" data-element_type=\"widget\" data-widget_type=\"text-editor.default\">\n\t\t\t\t<div class=\"elementor-widget-container\">\n\t\t\t\t\t\t\t\t\t<p><span style=\"font-weight: 400;\">Neust\u00e1le budujeme na\u0161i glob\u00e1ln\u00ed s\u00ed\u0165. Moment\u00e1ln\u011b vyv\u00e1\u017e\u00edme do v\u00edce ne\u017e 70 zem\u00ed a nad\u00e1le se je\u0161t\u011b v\u00edce zam\u011b\u0159ujeme na mezin\u00e1rodn\u00ed trhy.\u00a0<\/span><\/p><p><span style=\"font-weight: 400;\">D\u00edky um\u00edst\u011bn\u00ed na\u0161\u00ed prodejn\u00ed pobo\u010dky v Pa\u0159\u00ed\u017ei nab\u00edz\u00edme specializovan\u00fdm optik\u016fm nejen rozs\u00e1hlou nab\u00eddku zna\u010dek obrub, slune\u010dn\u00edch br\u00fdl\u00ed a \u010do\u010dek, ale tak\u00e9 marketingov\u00e9 koncepce a specializovan\u00e1 logistick\u00e1 \u0159e\u0161en\u00ed mimo Rakousko.<\/span><\/p><p><span style=\"background-image: initial; background-position: initial; background-size: initial; background-repeat: initial; background-attachment: initial; background-origin: initial; background-clip: initial;\">Dal\u0161\u00ed informace v\u00e1m r\u00e1d poskytne n\u00e1\u0161 z\u00e1kaznick\u00fd servis p\u0159\u00edmo e-mailem.<\/span><\/p>\t\t\t\t\t\t\t\t<\/div>\n\t\t\t\t<\/div>\n\t\t\t\t<div class=\"elementor-element elementor-element-08bcddb elementor-align-left elementor-widget elementor-widget-button\" data-id=\"08bcddb\" data-element_type=\"widget\" data-widget_type=\"button.default\">\n\t\t\t\t<div class=\"elementor-widget-container\">\n\t\t\t\t\t\t\t\t\t<div class=\"elementor-button-wrapper\">\n\t\t\t\t\t<a class=\"elementor-button elementor-button-link elementor-size-sm\" href=\"mailto:service@mpgfrance.com\">\n\t\t\t\t\t\t<span class=\"elementor-button-content-wrapper\">\n\t\t\t\t\t\t\t\t\t<span class=\"elementor-button-text\">Napsat e-mail<\/span>\n\t\t\t\t\t<\/span>\n\t\t\t\t\t<\/a>\n\t\t\t\t<\/div>\n\t\t\t\t\t\t\t\t<\/div>\n\t\t\t\t<\/div>\n\t\t\t\t\t<\/div>\n\t\t<\/div>\n\t\t\t\t<div class=\"elementor-column elementor-col-50 elementor-top-column elementor-element elementor-element-4e87b2ef\" data-id=\"4e87b2ef\" data-element_type=\"column\">\n\t\t\t<div class=\"elementor-widget-wrap elementor-element-populated\">\n\t\t\t\t\t\t<div class=\"elementor-element elementor-element-6954bc0e elementor-widget elementor-widget-image\" data-id=\"6954bc0e\" data-element_type=\"widget\" data-widget_type=\"image.default\">\n\t\t\t\t<div class=\"elementor-widget-container\">\n\t\t\t\t\t\t\t\t\t\t\t\t\t\t\t<img fetchpriority=\"high\" decoding=\"async\" width=\"800\" height=\"600\" src=\"https:\/\/mpg-eyewear.com\/wp-content\/uploads\/2022\/10\/X181120_043_web-1024x768.jpg\" class=\"attachment-large size-large wp-image-3845\" alt=\"\" srcset=\"https:\/\/mpg-eyewear.com\/wp-content\/uploads\/2022\/10\/X181120_043_web-1024x768.jpg 1024w, https:\/\/mpg-eyewear.com\/wp-content\/uploads\/2022\/10\/X181120_043_web-300x225.jpg 300w, https:\/\/mpg-eyewear.com\/wp-content\/uploads\/2022\/10\/X181120_043_web-768x576.jpg 768w, https:\/\/mpg-eyewear.com\/wp-content\/uploads\/2022\/10\/X181120_043_web.jpg 1500w\" sizes=\"(max-width: 800px) 100vw, 800px\" \/>\t\t\t\t\t\t\t\t\t\t\t\t\t\t\t<\/div>\n\t\t\t\t<\/div>\n\t\t\t\t\t<\/div>\n\t\t<\/div>\n\t\t\t\t\t<\/div>\n\t\t<\/section>\n\t\t\t\t<\/div>\n\t\t","protected":false},"excerpt":{"rendered":"<p>Mezin&aacute;rodn&iacute; pobo\u010dka MPG France V&iacute;ce zbo\u017e&iacute; na sklad\u011b pro optiky Neust\u00e1le budujeme na\u0161i glob\u00e1ln\u00ed s\u00ed\u0165. Moment\u00e1ln\u011b vyv\u00e1\u017e\u00edme do v\u00edce ne\u017e 70 zem\u00ed a nad\u00e1le se je\u0161t\u011b v\u00edce zam\u011b\u0159ujeme na mezin\u00e1rodn\u00ed trhy.\u00a0 D\u00edky um\u00edst\u011bn\u00ed na\u0161\u00ed prodejn\u00ed pobo\u010dky v Pa\u0159\u00ed\u017ei nab\u00edz\u00edme specializovan\u00fdm optik\u016fm nejen rozs\u00e1hlou nab\u00eddku zna\u010dek obrub, slune\u010dn\u00edch br\u00fdl\u00ed a \u010do\u010dek, ale tak\u00e9 marketingov\u00e9 koncepce a [&hellip;]<\/p>\n","protected":false},"author":1,"featured_media":0,"parent":0,"menu_order":0,"comment_status":"closed","ping_status":"closed","template":"","meta":{"footnotes":""},"class_list":["post-3901","page","type-page","status-publish","hentry"],"yoast_head":"<!-- This site is optimized with the Yoast SEO plugin v21.8 - https:\/\/yoast.com\/wordpress\/plugins\/seo\/ -->\n<title>MPG France - MPG - The Eyewear Company<\/title>\n<meta name=\"description\" content=\"D\u00edky um\u00edst\u011bn\u00ed na\u0161\u00ed prodejn\u00ed pobo\u010dky v Pa\u0159\u00ed\u017ei nab\u00edz\u00edme specializovan\u00fdm optik\u016fm na\u0161i rozs\u00e1hlou, kompletn\u00ed nab\u00eddku optiky a specializovan\u00e1 logistick\u00e1 \u0159e\u0161en\u00ed mimo Rakousko.\" \/>\n<meta name=\"robots\" content=\"index, follow, max-snippet:-1, max-image-preview:large, max-video-preview:-1\" \/>\n<link rel=\"canonical\" href=\"https:\/\/mpg-eyewear.com\/cs\/mpg-france\/\" \/>\n<meta property=\"og:locale\" content=\"en_US\" \/>\n<meta property=\"og:type\" content=\"article\" \/>\n<meta property=\"og:title\" content=\"MPG France - MPG - The Eyewear Company\" \/>\n<meta property=\"og:description\" content=\"D\u00edky um\u00edst\u011bn\u00ed na\u0161\u00ed prodejn\u00ed pobo\u010dky v Pa\u0159\u00ed\u017ei nab\u00edz\u00edme specializovan\u00fdm optik\u016fm na\u0161i rozs\u00e1hlou, kompletn\u00ed nab\u00eddku optiky a specializovan\u00e1 logistick\u00e1 \u0159e\u0161en\u00ed mimo Rakousko.\" \/>\n<meta property=\"og:url\" content=\"https:\/\/mpg-eyewear.com\/cs\/mpg-france\/\" \/>\n<meta property=\"og:site_name\" content=\"MPG - The Eyewear Company\" \/>\n<meta property=\"article:modified_time\" content=\"2023-01-30T14:40:58+00:00\" \/>\n<meta property=\"og:image\" content=\"https:\/\/mpg-eyewear.com\/wp-content\/uploads\/2022\/10\/X181120_043_web-1024x768.jpg\" \/>\n<meta name=\"twitter:card\" content=\"summary_large_image\" \/>\n<meta name=\"twitter:label1\" content=\"Est. reading time\" \/>\n\t<meta name=\"twitter:data1\" content=\"1 minute\" \/>\n<script type=\"application\/ld+json\" class=\"yoast-schema-graph\">{\"@context\":\"https:\/\/schema.org\",\"@graph\":[{\"@type\":\"WebPage\",\"@id\":\"https:\/\/mpg-eyewear.com\/cs\/mpg-france\/\",\"url\":\"https:\/\/mpg-eyewear.com\/cs\/mpg-france\/\",\"name\":\"MPG France - MPG - The Eyewear Company\",\"isPartOf\":{\"@id\":\"https:\/\/mpg-eyewear.com\/cs\/#website\"},\"datePublished\":\"2022-10-09T21:27:27+00:00\",\"dateModified\":\"2023-01-30T14:40:58+00:00\",\"description\":\"D\u00edky um\u00edst\u011bn\u00ed na\u0161\u00ed prodejn\u00ed pobo\u010dky v Pa\u0159\u00ed\u017ei nab\u00edz\u00edme specializovan\u00fdm optik\u016fm na\u0161i rozs\u00e1hlou, kompletn\u00ed nab\u00eddku optiky a specializovan\u00e1 logistick\u00e1 \u0159e\u0161en\u00ed mimo Rakousko.\",\"breadcrumb\":{\"@id\":\"https:\/\/mpg-eyewear.com\/cs\/mpg-france\/#breadcrumb\"},\"inLanguage\":\"cz-CZ\",\"potentialAction\":[{\"@type\":\"ReadAction\",\"target\":[\"https:\/\/mpg-eyewear.com\/cs\/mpg-france\/\"]}]},{\"@type\":\"BreadcrumbList\",\"@id\":\"https:\/\/mpg-eyewear.com\/cs\/mpg-france\/#breadcrumb\",\"itemListElement\":[{\"@type\":\"ListItem\",\"position\":1,\"name\":\"Startseite\",\"item\":\"https:\/\/mpg-eyewear.com\/cs\/\"},{\"@type\":\"ListItem\",\"position\":2,\"name\":\"MPG France\"}]},{\"@type\":\"WebSite\",\"@id\":\"https:\/\/mpg-eyewear.com\/cs\/#website\",\"url\":\"https:\/\/mpg-eyewear.com\/cs\/\",\"name\":\"MPG - The Eyewear Company\",\"description\":\"Creating Perspectives\",\"publisher\":{\"@id\":\"https:\/\/mpg-eyewear.com\/cs\/#organization\"},\"potentialAction\":[{\"@type\":\"SearchAction\",\"target\":{\"@type\":\"EntryPoint\",\"urlTemplate\":\"https:\/\/mpg-eyewear.com\/cs\/?s={search_term_string}\"},\"query-input\":\"required name=search_term_string\"}],\"inLanguage\":\"cz-CZ\"},{\"@type\":\"Organization\",\"@id\":\"https:\/\/mpg-eyewear.com\/cs\/#organization\",\"name\":\"MPG - The Eyewear Company\",\"url\":\"https:\/\/mpg-eyewear.com\/cs\/\",\"logo\":{\"@type\":\"ImageObject\",\"inLanguage\":\"cz-CZ\",\"@id\":\"https:\/\/mpg-eyewear.com\/cs\/#\/schema\/logo\/image\/\",\"url\":\"https:\/\/mpg-eyewear.com\/wp-content\/uploads\/2022\/08\/logo_mpg.png\",\"contentUrl\":\"https:\/\/mpg-eyewear.com\/wp-content\/uploads\/2022\/08\/logo_mpg.png\",\"width\":201,\"height\":127,\"caption\":\"MPG - The Eyewear Company\"},\"image\":{\"@id\":\"https:\/\/mpg-eyewear.com\/cs\/#\/schema\/logo\/image\/\"}}]}<\/script>\n<!-- \/ Yoast SEO plugin. -->","yoast_head_json":{"title":"MPG France - MPG - The Eyewear Company","description":"D\u00edky um\u00edst\u011bn\u00ed na\u0161\u00ed prodejn\u00ed pobo\u010dky v Pa\u0159\u00ed\u017ei nab\u00edz\u00edme specializovan\u00fdm optik\u016fm na\u0161i rozs\u00e1hlou, kompletn\u00ed nab\u00eddku optiky a specializovan\u00e1 logistick\u00e1 \u0159e\u0161en\u00ed mimo Rakousko.","robots":{"index":"index","follow":"follow","max-snippet":"max-snippet:-1","max-image-preview":"max-image-preview:large","max-video-preview":"max-video-preview:-1"},"canonical":"https:\/\/mpg-eyewear.com\/cs\/mpg-france\/","og_locale":"en_US","og_type":"article","og_title":"MPG France - MPG - The Eyewear Company","og_description":"D\u00edky um\u00edst\u011bn\u00ed na\u0161\u00ed prodejn\u00ed pobo\u010dky v Pa\u0159\u00ed\u017ei nab\u00edz\u00edme specializovan\u00fdm optik\u016fm na\u0161i rozs\u00e1hlou, kompletn\u00ed nab\u00eddku optiky a specializovan\u00e1 logistick\u00e1 \u0159e\u0161en\u00ed mimo Rakousko.","og_url":"https:\/\/mpg-eyewear.com\/cs\/mpg-france\/","og_site_name":"MPG - The Eyewear Company","article_modified_time":"2023-01-30T14:40:58+00:00","og_image":[{"url":"https:\/\/mpg-eyewear.com\/wp-content\/uploads\/2022\/10\/X181120_043_web-1024x768.jpg"}],"twitter_card":"summary_large_image","twitter_misc":{"Est. reading time":"1 minute"},"schema":{"@context":"https:\/\/schema.org","@graph":[{"@type":"WebPage","@id":"https:\/\/mpg-eyewear.com\/cs\/mpg-france\/","url":"https:\/\/mpg-eyewear.com\/cs\/mpg-france\/","name":"MPG France - MPG - The Eyewear Company","isPartOf":{"@id":"https:\/\/mpg-eyewear.com\/cs\/#website"},"datePublished":"2022-10-09T21:27:27+00:00","dateModified":"2023-01-30T14:40:58+00:00","description":"D\u00edky um\u00edst\u011bn\u00ed na\u0161\u00ed prodejn\u00ed pobo\u010dky v Pa\u0159\u00ed\u017ei nab\u00edz\u00edme specializovan\u00fdm optik\u016fm na\u0161i rozs\u00e1hlou, kompletn\u00ed nab\u00eddku optiky a specializovan\u00e1 logistick\u00e1 \u0159e\u0161en\u00ed mimo Rakousko.","breadcrumb":{"@id":"https:\/\/mpg-eyewear.com\/cs\/mpg-france\/#breadcrumb"},"inLanguage":"cz-CZ","potentialAction":[{"@type":"ReadAction","target":["https:\/\/mpg-eyewear.com\/cs\/mpg-france\/"]}]},{"@type":"BreadcrumbList","@id":"https:\/\/mpg-eyewear.com\/cs\/mpg-france\/#breadcrumb","itemListElement":[{"@type":"ListItem","position":1,"name":"Startseite","item":"https:\/\/mpg-eyewear.com\/cs\/"},{"@type":"ListItem","position":2,"name":"MPG France"}]},{"@type":"WebSite","@id":"https:\/\/mpg-eyewear.com\/cs\/#website","url":"https:\/\/mpg-eyewear.com\/cs\/","name":"MPG - The Eyewear Company","description":"Creating Perspectives","publisher":{"@id":"https:\/\/mpg-eyewear.com\/cs\/#organization"},"potentialAction":[{"@type":"SearchAction","target":{"@type":"EntryPoint","urlTemplate":"https:\/\/mpg-eyewear.com\/cs\/?s={search_term_string}"},"query-input":"required name=search_term_string"}],"inLanguage":"cz-CZ"},{"@type":"Organization","@id":"https:\/\/mpg-eyewear.com\/cs\/#organization","name":"MPG - The Eyewear Company","url":"https:\/\/mpg-eyewear.com\/cs\/","logo":{"@type":"ImageObject","inLanguage":"cz-CZ","@id":"https:\/\/mpg-eyewear.com\/cs\/#\/schema\/logo\/image\/","url":"https:\/\/mpg-eyewear.com\/wp-content\/uploads\/2022\/08\/logo_mpg.png","contentUrl":"https:\/\/mpg-eyewear.com\/wp-content\/uploads\/2022\/08\/logo_mpg.png","width":201,"height":127,"caption":"MPG - The Eyewear Company"},"image":{"@id":"https:\/\/mpg-eyewear.com\/cs\/#\/schema\/logo\/image\/"}}]}},"_links":{"self":[{"href":"https:\/\/mpg-eyewear.com\/cs\/wp-json\/wp\/v2\/pages\/3901","targetHints":{"allow":["GET"]}}],"collection":[{"href":"https:\/\/mpg-eyewear.com\/cs\/wp-json\/wp\/v2\/pages"}],"about":[{"href":"https:\/\/mpg-eyewear.com\/cs\/wp-json\/wp\/v2\/types\/page"}],"author":[{"embeddable":true,"href":"https:\/\/mpg-eyewear.com\/cs\/wp-json\/wp\/v2\/users\/1"}],"replies":[{"embeddable":true,"href":"https:\/\/mpg-eyewear.com\/cs\/wp-json\/wp\/v2\/comments?post=3901"}],"version-history":[{"count":5,"href":"https:\/\/mpg-eyewear.com\/cs\/wp-json\/wp\/v2\/pages\/3901\/revisions"}],"predecessor-version":[{"id":5577,"href":"https:\/\/mpg-eyewear.com\/cs\/wp-json\/wp\/v2\/pages\/3901\/revisions\/5577"}],"wp:attachment":[{"href":"https:\/\/mpg-eyewear.com\/cs\/wp-json\/wp\/v2\/media?parent=3901"}],"curies":[{"name":"wp","href":"https:\/\/api.w.org\/{rel}","templated":true}]}}