{"id":3899,"date":"2022-11-02T08:41:59","date_gmt":"2022-11-02T07:41:59","guid":{"rendered":"https:\/\/mpg-eyewear.com\/impressum\/"},"modified":"2023-01-10T08:49:08","modified_gmt":"2023-01-10T07:49:08","slug":"impressum","status":"publish","type":"page","link":"https:\/\/mpg-eyewear.com\/cs\/impressum\/","title":{"rendered":"Impressum"},"content":{"rendered":"\t\t<div data-elementor-type=\"wp-page\" data-elementor-id=\"3899\" class=\"elementor elementor-3899 elementor-2801\" data-elementor-settings=\"{&quot;ha_cmc_init_switcher&quot;:&quot;no&quot;}\" data-elementor-post-type=\"page\">\n\t\t\t\t\t\t<section class=\"elementor-section elementor-top-section elementor-element elementor-element-1aa7354 elementor-section-full_width elementor-section-height-default elementor-section-height-default\" data-id=\"1aa7354\" data-element_type=\"section\" data-settings=\"{&quot;background_background&quot;:&quot;classic&quot;,&quot;_ha_eqh_enable&quot;:false}\">\n\t\t\t\t\t\t<div class=\"elementor-container elementor-column-gap-default\">\n\t\t\t\t\t<div class=\"elementor-column elementor-col-100 elementor-top-column elementor-element elementor-element-190b215b\" data-id=\"190b215b\" data-element_type=\"column\">\n\t\t\t<div class=\"elementor-widget-wrap elementor-element-populated\">\n\t\t\t\t\t\t<div class=\"elementor-element elementor-element-2b1110f7 elementor-widget elementor-widget-heading\" data-id=\"2b1110f7\" data-element_type=\"widget\" data-widget_type=\"heading.default\">\n\t\t\t\t<div class=\"elementor-widget-container\">\n\t\t\t\t\t<h1 class=\"elementor-heading-title elementor-size-default\">Impressum<\/h1>\t\t\t\t<\/div>\n\t\t\t\t<\/div>\n\t\t\t\t\t<\/div>\n\t\t<\/div>\n\t\t\t\t\t<\/div>\n\t\t<\/section>\n\t\t\t\t<section class=\"elementor-section elementor-top-section elementor-element elementor-element-4bac90e elementor-section-boxed elementor-section-height-default elementor-section-height-default\" data-id=\"4bac90e\" data-element_type=\"section\" data-settings=\"{&quot;_ha_eqh_enable&quot;:false}\">\n\t\t\t\t\t\t<div class=\"elementor-container elementor-column-gap-default\">\n\t\t\t\t\t<div class=\"elementor-column elementor-col-100 elementor-top-column elementor-element elementor-element-f5e1953\" data-id=\"f5e1953\" data-element_type=\"column\">\n\t\t\t<div class=\"elementor-widget-wrap elementor-element-populated\">\n\t\t\t\t\t\t<div class=\"elementor-element elementor-element-d2372ce elementor-widget elementor-widget-text-editor\" data-id=\"d2372ce\" data-element_type=\"widget\" data-widget_type=\"text-editor.default\">\n\t\t\t\t<div class=\"elementor-widget-container\">\n\t\t\t\t\t\t\t\t\t<p>MPG GmbH<\/p>\n<p><strong>S&iacute;dlo<\/strong>: Graz<\/p>\n<p><strong>Adresa<\/strong>: Liebenauer Tangente 4, 8041 Graz, Rakousko<\/p>\n<p><strong>Tel.<\/strong>: +43 517 20 1000<\/p>\n<p><strong>E-mail<\/strong>:&nbsp;<a href=\"mailto:kontakt@mpg-eyewear.com\">kontakt@mpg-eyewear.com<\/a><\/p>\n<p><strong>\u010c&iacute;s<\/strong><strong>lo obchodn&iacute;ho rejst\u0159&iacute;ku<\/strong>: 389095z<\/p>\n<p><strong>Rejst\u0159&iacute;kov&yacute; soud<\/strong>: Zemsk&yacute; soud pro ZRS Graz<\/p>\n<p><strong>DI\u010c<\/strong>: ATU67567359<\/p>\n<p><strong>\u010clenstv&iacute; v komo\u0159e<\/strong>: \u010dlen Hospod&aacute;\u0159sk&eacute; komory<\/p>\n<p><strong>P\u0159&iacute;slu&scaron;n&yacute; dozor\u010d&iacute; &uacute;\u0159ad<\/strong>: Magistr&aacute;t Graz<\/p>\n<p><strong>Platn&eacute; a profesn\u011b pr&aacute;vn&iacute; p\u0159edpisy<\/strong>: rakousk&yacute; \u017eivnostensk&yacute; \u0159&aacute;d, k dispozici na&nbsp;<a href=\"http:\/\/www.ris.bka.gv.at\/\">http:\/\/www.ris.bka.gv.at\/<\/a><\/p>\n<p><strong>P\u0159edm\u011bt podnik&aacute;n&iacute;<\/strong>: N&aacute;vrh a prodej optick&yacute;ch produkt\u016f<\/p>\n\t\t\t\t\t\t\t\t<\/div>\n\t\t\t\t<\/div>\n\t\t\t\t\t<\/div>\n\t\t<\/div>\n\t\t\t\t\t<\/div>\n\t\t<\/section>\n\t\t\t\t<\/div>\n\t\t","protected":false},"excerpt":{"rendered":"<p>Impressum MPG GmbH S&iacute;dlo: Graz Adresa: Liebenauer Tangente 4, 8041 Graz, Rakousko Tel.: +43 517 20 1000 E-mail:&nbsp;kontakt@mpg-eyewear.com \u010c&iacute;slo obchodn&iacute;ho rejst\u0159&iacute;ku: 389095z Rejst\u0159&iacute;kov&yacute; soud: Zemsk&yacute; soud pro ZRS Graz DI\u010c: ATU67567359 \u010clenstv&iacute; v komo\u0159e: \u010dlen Hospod&aacute;\u0159sk&eacute; komory P\u0159&iacute;slu&scaron;n&yacute; dozor\u010d&iacute; &uacute;\u0159ad: Magistr&aacute;t Graz Platn&eacute; a profesn\u011b pr&aacute;vn&iacute; p\u0159edpisy: rakousk&yacute; \u017eivnostensk&yacute; \u0159&aacute;d, k dispozici na&nbsp;http:\/\/www.ris.bka.gv.at\/ P\u0159edm\u011bt podnik&aacute;n&iacute;: [&hellip;]<\/p>\n","protected":false},"author":1,"featured_media":0,"parent":0,"menu_order":0,"comment_status":"closed","ping_status":"closed","template":"","meta":{"footnotes":""},"class_list":["post-3899","page","type-page","status-publish","hentry"],"yoast_head":"<!-- This site is optimized with the Yoast SEO plugin v21.8 - https:\/\/yoast.com\/wordpress\/plugins\/seo\/ -->\n<title>Impressum - MPG - The Eyewear Company<\/title>\n<meta name=\"robots\" content=\"index, follow, max-snippet:-1, max-image-preview:large, max-video-preview:-1\" \/>\n<link rel=\"canonical\" href=\"https:\/\/mpg-eyewear.com\/cs\/impressum\/\" \/>\n<meta property=\"og:locale\" content=\"en_US\" \/>\n<meta property=\"og:type\" content=\"article\" \/>\n<meta property=\"og:title\" content=\"Impressum - MPG - The Eyewear Company\" \/>\n<meta property=\"og:description\" content=\"Impressum MPG GmbH S&iacute;dlo: Graz Adresa: Liebenauer Tangente 4, 8041 Graz, Rakousko Tel.: +43 517 20 1000 E-mail:&nbsp;kontakt@mpg-eyewear.com \u010c&iacute;slo obchodn&iacute;ho rejst\u0159&iacute;ku: 389095z Rejst\u0159&iacute;kov&yacute; soud: Zemsk&yacute; soud pro ZRS Graz DI\u010c: ATU67567359 \u010clenstv&iacute; v komo\u0159e: \u010dlen Hospod&aacute;\u0159sk&eacute; komory P\u0159&iacute;slu&scaron;n&yacute; dozor\u010d&iacute; &uacute;\u0159ad: Magistr&aacute;t Graz Platn&eacute; a profesn\u011b pr&aacute;vn&iacute; p\u0159edpisy: rakousk&yacute; \u017eivnostensk&yacute; \u0159&aacute;d, k dispozici na&nbsp;http:\/\/www.ris.bka.gv.at\/ P\u0159edm\u011bt podnik&aacute;n&iacute;: [&hellip;]\" \/>\n<meta property=\"og:url\" content=\"https:\/\/mpg-eyewear.com\/cs\/impressum\/\" \/>\n<meta property=\"og:site_name\" content=\"MPG - The Eyewear Company\" \/>\n<meta property=\"article:modified_time\" content=\"2023-01-10T07:49:08+00:00\" \/>\n<meta name=\"twitter:card\" content=\"summary_large_image\" \/>\n<meta name=\"twitter:label1\" content=\"Est. reading time\" \/>\n\t<meta name=\"twitter:data1\" content=\"1 minute\" \/>\n<script type=\"application\/ld+json\" class=\"yoast-schema-graph\">{\"@context\":\"https:\/\/schema.org\",\"@graph\":[{\"@type\":\"WebPage\",\"@id\":\"https:\/\/mpg-eyewear.com\/cs\/impressum\/\",\"url\":\"https:\/\/mpg-eyewear.com\/cs\/impressum\/\",\"name\":\"Impressum - MPG - The Eyewear Company\",\"isPartOf\":{\"@id\":\"https:\/\/mpg-eyewear.com\/cs\/#website\"},\"datePublished\":\"2022-11-02T07:41:59+00:00\",\"dateModified\":\"2023-01-10T07:49:08+00:00\",\"breadcrumb\":{\"@id\":\"https:\/\/mpg-eyewear.com\/cs\/impressum\/#breadcrumb\"},\"inLanguage\":\"cz-CZ\",\"potentialAction\":[{\"@type\":\"ReadAction\",\"target\":[\"https:\/\/mpg-eyewear.com\/cs\/impressum\/\"]}]},{\"@type\":\"BreadcrumbList\",\"@id\":\"https:\/\/mpg-eyewear.com\/cs\/impressum\/#breadcrumb\",\"itemListElement\":[{\"@type\":\"ListItem\",\"position\":1,\"name\":\"Startseite\",\"item\":\"https:\/\/mpg-eyewear.com\/cs\/\"},{\"@type\":\"ListItem\",\"position\":2,\"name\":\"Impressum\"}]},{\"@type\":\"WebSite\",\"@id\":\"https:\/\/mpg-eyewear.com\/cs\/#website\",\"url\":\"https:\/\/mpg-eyewear.com\/cs\/\",\"name\":\"MPG - The Eyewear Company\",\"description\":\"Creating Perspectives\",\"publisher\":{\"@id\":\"https:\/\/mpg-eyewear.com\/cs\/#organization\"},\"potentialAction\":[{\"@type\":\"SearchAction\",\"target\":{\"@type\":\"EntryPoint\",\"urlTemplate\":\"https:\/\/mpg-eyewear.com\/cs\/?s={search_term_string}\"},\"query-input\":\"required name=search_term_string\"}],\"inLanguage\":\"cz-CZ\"},{\"@type\":\"Organization\",\"@id\":\"https:\/\/mpg-eyewear.com\/cs\/#organization\",\"name\":\"MPG - The Eyewear Company\",\"url\":\"https:\/\/mpg-eyewear.com\/cs\/\",\"logo\":{\"@type\":\"ImageObject\",\"inLanguage\":\"cz-CZ\",\"@id\":\"https:\/\/mpg-eyewear.com\/cs\/#\/schema\/logo\/image\/\",\"url\":\"https:\/\/mpg-eyewear.com\/wp-content\/uploads\/2022\/08\/logo_mpg.png\",\"contentUrl\":\"https:\/\/mpg-eyewear.com\/wp-content\/uploads\/2022\/08\/logo_mpg.png\",\"width\":201,\"height\":127,\"caption\":\"MPG - The Eyewear Company\"},\"image\":{\"@id\":\"https:\/\/mpg-eyewear.com\/cs\/#\/schema\/logo\/image\/\"}}]}<\/script>\n<!-- \/ Yoast SEO plugin. -->","yoast_head_json":{"title":"Impressum - MPG - The Eyewear Company","robots":{"index":"index","follow":"follow","max-snippet":"max-snippet:-1","max-image-preview":"max-image-preview:large","max-video-preview":"max-video-preview:-1"},"canonical":"https:\/\/mpg-eyewear.com\/cs\/impressum\/","og_locale":"en_US","og_type":"article","og_title":"Impressum - MPG - The Eyewear Company","og_description":"Impressum MPG GmbH S&iacute;dlo: Graz Adresa: Liebenauer Tangente 4, 8041 Graz, Rakousko Tel.: +43 517 20 1000 E-mail:&nbsp;kontakt@mpg-eyewear.com \u010c&iacute;slo obchodn&iacute;ho rejst\u0159&iacute;ku: 389095z Rejst\u0159&iacute;kov&yacute; soud: Zemsk&yacute; soud pro ZRS Graz DI\u010c: ATU67567359 \u010clenstv&iacute; v komo\u0159e: \u010dlen Hospod&aacute;\u0159sk&eacute; komory P\u0159&iacute;slu&scaron;n&yacute; dozor\u010d&iacute; &uacute;\u0159ad: Magistr&aacute;t Graz Platn&eacute; a profesn\u011b pr&aacute;vn&iacute; p\u0159edpisy: rakousk&yacute; \u017eivnostensk&yacute; \u0159&aacute;d, k dispozici na&nbsp;http:\/\/www.ris.bka.gv.at\/ P\u0159edm\u011bt podnik&aacute;n&iacute;: [&hellip;]","og_url":"https:\/\/mpg-eyewear.com\/cs\/impressum\/","og_site_name":"MPG - The Eyewear Company","article_modified_time":"2023-01-10T07:49:08+00:00","twitter_card":"summary_large_image","twitter_misc":{"Est. reading time":"1 minute"},"schema":{"@context":"https:\/\/schema.org","@graph":[{"@type":"WebPage","@id":"https:\/\/mpg-eyewear.com\/cs\/impressum\/","url":"https:\/\/mpg-eyewear.com\/cs\/impressum\/","name":"Impressum - MPG - The Eyewear Company","isPartOf":{"@id":"https:\/\/mpg-eyewear.com\/cs\/#website"},"datePublished":"2022-11-02T07:41:59+00:00","dateModified":"2023-01-10T07:49:08+00:00","breadcrumb":{"@id":"https:\/\/mpg-eyewear.com\/cs\/impressum\/#breadcrumb"},"inLanguage":"cz-CZ","potentialAction":[{"@type":"ReadAction","target":["https:\/\/mpg-eyewear.com\/cs\/impressum\/"]}]},{"@type":"BreadcrumbList","@id":"https:\/\/mpg-eyewear.com\/cs\/impressum\/#breadcrumb","itemListElement":[{"@type":"ListItem","position":1,"name":"Startseite","item":"https:\/\/mpg-eyewear.com\/cs\/"},{"@type":"ListItem","position":2,"name":"Impressum"}]},{"@type":"WebSite","@id":"https:\/\/mpg-eyewear.com\/cs\/#website","url":"https:\/\/mpg-eyewear.com\/cs\/","name":"MPG - The Eyewear Company","description":"Creating Perspectives","publisher":{"@id":"https:\/\/mpg-eyewear.com\/cs\/#organization"},"potentialAction":[{"@type":"SearchAction","target":{"@type":"EntryPoint","urlTemplate":"https:\/\/mpg-eyewear.com\/cs\/?s={search_term_string}"},"query-input":"required name=search_term_string"}],"inLanguage":"cz-CZ"},{"@type":"Organization","@id":"https:\/\/mpg-eyewear.com\/cs\/#organization","name":"MPG - The Eyewear Company","url":"https:\/\/mpg-eyewear.com\/cs\/","logo":{"@type":"ImageObject","inLanguage":"cz-CZ","@id":"https:\/\/mpg-eyewear.com\/cs\/#\/schema\/logo\/image\/","url":"https:\/\/mpg-eyewear.com\/wp-content\/uploads\/2022\/08\/logo_mpg.png","contentUrl":"https:\/\/mpg-eyewear.com\/wp-content\/uploads\/2022\/08\/logo_mpg.png","width":201,"height":127,"caption":"MPG - The Eyewear Company"},"image":{"@id":"https:\/\/mpg-eyewear.com\/cs\/#\/schema\/logo\/image\/"}}]}},"_links":{"self":[{"href":"https:\/\/mpg-eyewear.com\/cs\/wp-json\/wp\/v2\/pages\/3899","targetHints":{"allow":["GET"]}}],"collection":[{"href":"https:\/\/mpg-eyewear.com\/cs\/wp-json\/wp\/v2\/pages"}],"about":[{"href":"https:\/\/mpg-eyewear.com\/cs\/wp-json\/wp\/v2\/types\/page"}],"author":[{"embeddable":true,"href":"https:\/\/mpg-eyewear.com\/cs\/wp-json\/wp\/v2\/users\/1"}],"replies":[{"embeddable":true,"href":"https:\/\/mpg-eyewear.com\/cs\/wp-json\/wp\/v2\/comments?post=3899"}],"version-history":[{"count":1,"href":"https:\/\/mpg-eyewear.com\/cs\/wp-json\/wp\/v2\/pages\/3899\/revisions"}],"predecessor-version":[{"id":3900,"href":"https:\/\/mpg-eyewear.com\/cs\/wp-json\/wp\/v2\/pages\/3899\/revisions\/3900"}],"wp:attachment":[{"href":"https:\/\/mpg-eyewear.com\/cs\/wp-json\/wp\/v2\/media?parent=3899"}],"curies":[{"name":"wp","href":"https:\/\/api.w.org\/{rel}","templated":true}]}}