{"id":3894,"date":"2022-11-02T08:46:03","date_gmt":"2022-11-02T07:46:03","guid":{"rendered":"https:\/\/mpg-eyewear.com\/prohlen-o-shode\/"},"modified":"2026-02-23T11:57:56","modified_gmt":"2026-02-23T10:57:56","slug":"prohlen-o-shode","status":"publish","type":"page","link":"https:\/\/mpg-eyewear.com\/cs\/prohlen-o-shode\/","title":{"rendered":"Prohl&aacute;&scaron;en&iacute; o shod\u011b"},"content":{"rendered":"\t\t<div data-elementor-type=\"wp-page\" data-elementor-id=\"3894\" class=\"elementor elementor-3894 elementor-2814\" data-elementor-settings=\"{&quot;ha_cmc_init_switcher&quot;:&quot;no&quot;}\" data-elementor-post-type=\"page\">\n\t\t\t\t\t\t<section class=\"elementor-section elementor-top-section elementor-element elementor-element-5f50e329 elementor-section-full_width elementor-section-height-default elementor-section-height-default\" data-id=\"5f50e329\" data-element_type=\"section\" data-settings=\"{&quot;background_background&quot;:&quot;classic&quot;,&quot;_ha_eqh_enable&quot;:false}\">\n\t\t\t\t\t\t<div class=\"elementor-container elementor-column-gap-default\">\n\t\t\t\t\t<div class=\"elementor-column elementor-col-100 elementor-top-column elementor-element elementor-element-1afbee75\" data-id=\"1afbee75\" data-element_type=\"column\">\n\t\t\t<div class=\"elementor-widget-wrap elementor-element-populated\">\n\t\t\t\t\t\t<div class=\"elementor-element elementor-element-208087be elementor-widget elementor-widget-heading\" data-id=\"208087be\" data-element_type=\"widget\" data-widget_type=\"heading.default\">\n\t\t\t\t<div class=\"elementor-widget-container\">\n\t\t\t\t\t<h1 class=\"elementor-heading-title elementor-size-default\">Prohl&aacute;&scaron;en&iacute; o shod\u011b<\/h1>\t\t\t\t<\/div>\n\t\t\t\t<\/div>\n\t\t\t\t\t<\/div>\n\t\t<\/div>\n\t\t\t\t\t<\/div>\n\t\t<\/section>\n\t\t\t\t<section class=\"elementor-section elementor-top-section elementor-element elementor-element-0c47bc6 elementor-section-boxed elementor-section-height-default elementor-section-height-default\" data-id=\"0c47bc6\" data-element_type=\"section\" data-settings=\"{&quot;_ha_eqh_enable&quot;:false}\">\n\t\t\t\t\t\t<div class=\"elementor-container elementor-column-gap-default\">\n\t\t\t\t\t<div class=\"elementor-column elementor-col-100 elementor-top-column elementor-element elementor-element-fdcb519\" data-id=\"fdcb519\" data-element_type=\"column\">\n\t\t\t<div class=\"elementor-widget-wrap elementor-element-populated\">\n\t\t\t\t\t\t<div class=\"elementor-element elementor-element-b97df87 elementor-widget elementor-widget-text-editor\" data-id=\"b97df87\" data-element_type=\"widget\" data-widget_type=\"text-editor.default\">\n\t\t\t\t<div class=\"elementor-widget-container\">\n\t\t\t\t\t\t\t\t\t<h3><b>Prohl\u00e1\u0161en\u00ed o shod\u011b pro br\u00fdlov\u00e9 \u010do\u010dky<\/b><\/h3><p>Zde najdete na\u0161e prohl\u00e1\u0161en\u00ed o shod\u011b. Kliknut\u00edm na n\u00e1sleduj\u00edc\u00ed soubory PDF si m\u016f\u017eete prohl\u00e1\u0161en\u00ed prohl\u00e9dnout. (Jedn\u00e1 se o d\u016fv\u011brn\u00e9 \u00fadaje. V dokumentech byla provedena bezpe\u010dnostn\u00ed nastaven\u00ed, kter\u00e1 zabr\u00e1n\u00ed \u00faprav\u00e1m a tisku. Zm\u011bna obsahu nen\u00ed povolena.)<\/p><p style=\"margin-bottom: 20px;\"><a href=\"https:\/\/mpg-eyewear.com\/wp-content\/uploads\/2026\/02\/CZ_04.02.2026.pdf\" target=\"_blank\" rel=\"noopener\">01 Prohl\u00e1\u0161en\u00ed o shod\u011b (PDF)<\/a><br \/><a href=\"https:\/\/mpg-eyewear.com\/wp-content\/uploads\/2026\/02\/CZ_BLC_04.02.26.pdf\" target=\"_blank\" rel=\"noopener\">02 BLC_Prohl\u00e1\u0161en\u00ed o shod\u011b (PDF)<\/a><br \/><a href=\"https:\/\/mpg-eyewear.com\/wp-content\/uploads\/2026\/02\/CZ_sun_04.02.2026.pdf\" target=\"_blank\" rel=\"noopener\">03 Slune\u010dn\u00ed ochrana_Prohl\u00e1\u0161en\u00ed o shod\u011b (PDF)<\/a><\/p><h3><b>Prohl\u00e1\u0161en\u00ed o shod\u011b CE pro obruby<\/b><\/h3><p>V\u00edtejte na na\u0161em port\u00e1lu pro prohl\u00e1\u0161en\u00ed o shod\u011b CE.<\/p><p>N\u00e1vod: nap\u0159ed si n\u00ed\u017ee vyberte po\u017eadovanou zna\u010dku. Do vyhled\u00e1vac\u00edho pole zadejte \u010d\u00edslo EAN nebo \u010d\u00edslo zbo\u017e\u00ed p\u0159\u00edslu\u0161n\u00e9ho produktu a spus\u0165te vyhled\u00e1v\u00e1n\u00ed. Jako v\u00fdsledek vyhled\u00e1v\u00e1n\u00ed se zobraz\u00ed v\u0161echna platn\u00e1 prohl\u00e1\u0161en\u00ed o shod\u011b CE pro hledan\u00fd v\u00fdrobek.<\/p>\t\t\t\t\t\t\t\t<\/div>\n\t\t\t\t<\/div>\n\t\t\t\t<div class=\"elementor-element elementor-element-d7c29df elementor-widget elementor-widget-html\" data-id=\"d7c29df\" data-element_type=\"widget\" data-widget_type=\"html.default\">\n\t\t\t\t<div class=\"elementor-widget-container\">\n\t\t\t\t\t<iframe src=\"https:\/\/declofco.inetmp.com\/konformitaetserklaerung\/\" width=\"100%\" height=\"1000\" frameborder=\"0\"><\/iframe>\t\t\t\t<\/div>\n\t\t\t\t<\/div>\n\t\t\t\t\t<\/div>\n\t\t<\/div>\n\t\t\t\t\t<\/div>\n\t\t<\/section>\n\t\t\t\t<\/div>\n\t\t","protected":false},"excerpt":{"rendered":"<p>Prohl&aacute;&scaron;en&iacute; o shod\u011b Prohl\u00e1\u0161en\u00ed o shod\u011b pro br\u00fdlov\u00e9 \u010do\u010dky Zde najdete na\u0161e prohl\u00e1\u0161en\u00ed o shod\u011b. Kliknut\u00edm na n\u00e1sleduj\u00edc\u00ed soubory PDF si m\u016f\u017eete prohl\u00e1\u0161en\u00ed prohl\u00e9dnout. (Jedn\u00e1 se o d\u016fv\u011brn\u00e9 \u00fadaje. V dokumentech byla provedena bezpe\u010dnostn\u00ed nastaven\u00ed, kter\u00e1 zabr\u00e1n\u00ed \u00faprav\u00e1m a tisku. Zm\u011bna obsahu nen\u00ed povolena.) 01 Prohl\u00e1\u0161en\u00ed o shod\u011b (PDF)02 BLC_Prohl\u00e1\u0161en\u00ed o shod\u011b (PDF)03 Slune\u010dn\u00ed ochrana_Prohl\u00e1\u0161en\u00ed [&hellip;]<\/p>\n","protected":false},"author":1,"featured_media":0,"parent":0,"menu_order":0,"comment_status":"closed","ping_status":"closed","template":"","meta":{"footnotes":""},"class_list":["post-3894","page","type-page","status-publish","hentry"],"yoast_head":"<!-- This site is optimized with the Yoast SEO plugin v21.8 - https:\/\/yoast.com\/wordpress\/plugins\/seo\/ -->\n<title>Prohl&aacute;&scaron;en&iacute; o shod\u011b - MPG - The Eyewear Company<\/title>\n<meta name=\"robots\" content=\"index, follow, max-snippet:-1, max-image-preview:large, max-video-preview:-1\" \/>\n<link rel=\"canonical\" href=\"https:\/\/mpg-eyewear.com\/cs\/prohlen-o-shode\/\" \/>\n<meta property=\"og:locale\" content=\"en_US\" \/>\n<meta property=\"og:type\" content=\"article\" \/>\n<meta property=\"og:title\" content=\"Prohl&aacute;&scaron;en&iacute; o shod\u011b - MPG - The Eyewear Company\" \/>\n<meta property=\"og:description\" content=\"Prohl&aacute;&scaron;en&iacute; o shod\u011b Prohl\u00e1\u0161en\u00ed o shod\u011b pro br\u00fdlov\u00e9 \u010do\u010dky Zde najdete na\u0161e prohl\u00e1\u0161en\u00ed o shod\u011b. Kliknut\u00edm na n\u00e1sleduj\u00edc\u00ed soubory PDF si m\u016f\u017eete prohl\u00e1\u0161en\u00ed prohl\u00e9dnout. (Jedn\u00e1 se o d\u016fv\u011brn\u00e9 \u00fadaje. V dokumentech byla provedena bezpe\u010dnostn\u00ed nastaven\u00ed, kter\u00e1 zabr\u00e1n\u00ed \u00faprav\u00e1m a tisku. Zm\u011bna obsahu nen\u00ed povolena.) 01 Prohl\u00e1\u0161en\u00ed o shod\u011b (PDF)02 BLC_Prohl\u00e1\u0161en\u00ed o shod\u011b (PDF)03 Slune\u010dn\u00ed ochrana_Prohl\u00e1\u0161en\u00ed [&hellip;]\" \/>\n<meta property=\"og:url\" content=\"https:\/\/mpg-eyewear.com\/cs\/prohlen-o-shode\/\" \/>\n<meta property=\"og:site_name\" content=\"MPG - The Eyewear Company\" \/>\n<meta property=\"article:modified_time\" content=\"2026-02-23T10:57:56+00:00\" \/>\n<meta name=\"twitter:card\" content=\"summary_large_image\" \/>\n<meta name=\"twitter:label1\" content=\"Est. reading time\" \/>\n\t<meta name=\"twitter:data1\" content=\"1 minute\" \/>\n<script type=\"application\/ld+json\" class=\"yoast-schema-graph\">{\"@context\":\"https:\/\/schema.org\",\"@graph\":[{\"@type\":\"WebPage\",\"@id\":\"https:\/\/mpg-eyewear.com\/cs\/prohlen-o-shode\/\",\"url\":\"https:\/\/mpg-eyewear.com\/cs\/prohlen-o-shode\/\",\"name\":\"Prohl&aacute;&scaron;en&iacute; o shod\u011b - MPG - The Eyewear Company\",\"isPartOf\":{\"@id\":\"https:\/\/mpg-eyewear.com\/cs\/#website\"},\"datePublished\":\"2022-11-02T07:46:03+00:00\",\"dateModified\":\"2026-02-23T10:57:56+00:00\",\"breadcrumb\":{\"@id\":\"https:\/\/mpg-eyewear.com\/cs\/prohlen-o-shode\/#breadcrumb\"},\"inLanguage\":\"cz-CZ\",\"potentialAction\":[{\"@type\":\"ReadAction\",\"target\":[\"https:\/\/mpg-eyewear.com\/cs\/prohlen-o-shode\/\"]}]},{\"@type\":\"BreadcrumbList\",\"@id\":\"https:\/\/mpg-eyewear.com\/cs\/prohlen-o-shode\/#breadcrumb\",\"itemListElement\":[{\"@type\":\"ListItem\",\"position\":1,\"name\":\"Startseite\",\"item\":\"https:\/\/mpg-eyewear.com\/cs\/\"},{\"@type\":\"ListItem\",\"position\":2,\"name\":\"Prohl&aacute;&scaron;en&iacute; o shod\u011b\"}]},{\"@type\":\"WebSite\",\"@id\":\"https:\/\/mpg-eyewear.com\/cs\/#website\",\"url\":\"https:\/\/mpg-eyewear.com\/cs\/\",\"name\":\"MPG - The Eyewear Company\",\"description\":\"Creating Perspectives\",\"publisher\":{\"@id\":\"https:\/\/mpg-eyewear.com\/cs\/#organization\"},\"potentialAction\":[{\"@type\":\"SearchAction\",\"target\":{\"@type\":\"EntryPoint\",\"urlTemplate\":\"https:\/\/mpg-eyewear.com\/cs\/?s={search_term_string}\"},\"query-input\":\"required name=search_term_string\"}],\"inLanguage\":\"cz-CZ\"},{\"@type\":\"Organization\",\"@id\":\"https:\/\/mpg-eyewear.com\/cs\/#organization\",\"name\":\"MPG - The Eyewear Company\",\"url\":\"https:\/\/mpg-eyewear.com\/cs\/\",\"logo\":{\"@type\":\"ImageObject\",\"inLanguage\":\"cz-CZ\",\"@id\":\"https:\/\/mpg-eyewear.com\/cs\/#\/schema\/logo\/image\/\",\"url\":\"https:\/\/mpg-eyewear.com\/wp-content\/uploads\/2022\/08\/logo_mpg.png\",\"contentUrl\":\"https:\/\/mpg-eyewear.com\/wp-content\/uploads\/2022\/08\/logo_mpg.png\",\"width\":201,\"height\":127,\"caption\":\"MPG - The Eyewear Company\"},\"image\":{\"@id\":\"https:\/\/mpg-eyewear.com\/cs\/#\/schema\/logo\/image\/\"}}]}<\/script>\n<!-- \/ Yoast SEO plugin. -->","yoast_head_json":{"title":"Prohl&aacute;&scaron;en&iacute; o shod\u011b - MPG - The Eyewear Company","robots":{"index":"index","follow":"follow","max-snippet":"max-snippet:-1","max-image-preview":"max-image-preview:large","max-video-preview":"max-video-preview:-1"},"canonical":"https:\/\/mpg-eyewear.com\/cs\/prohlen-o-shode\/","og_locale":"en_US","og_type":"article","og_title":"Prohl&aacute;&scaron;en&iacute; o shod\u011b - MPG - The Eyewear Company","og_description":"Prohl&aacute;&scaron;en&iacute; o shod\u011b Prohl\u00e1\u0161en\u00ed o shod\u011b pro br\u00fdlov\u00e9 \u010do\u010dky Zde najdete na\u0161e prohl\u00e1\u0161en\u00ed o shod\u011b. Kliknut\u00edm na n\u00e1sleduj\u00edc\u00ed soubory PDF si m\u016f\u017eete prohl\u00e1\u0161en\u00ed prohl\u00e9dnout. (Jedn\u00e1 se o d\u016fv\u011brn\u00e9 \u00fadaje. V dokumentech byla provedena bezpe\u010dnostn\u00ed nastaven\u00ed, kter\u00e1 zabr\u00e1n\u00ed \u00faprav\u00e1m a tisku. Zm\u011bna obsahu nen\u00ed povolena.) 01 Prohl\u00e1\u0161en\u00ed o shod\u011b (PDF)02 BLC_Prohl\u00e1\u0161en\u00ed o shod\u011b (PDF)03 Slune\u010dn\u00ed ochrana_Prohl\u00e1\u0161en\u00ed [&hellip;]","og_url":"https:\/\/mpg-eyewear.com\/cs\/prohlen-o-shode\/","og_site_name":"MPG - The Eyewear Company","article_modified_time":"2026-02-23T10:57:56+00:00","twitter_card":"summary_large_image","twitter_misc":{"Est. reading time":"1 minute"},"schema":{"@context":"https:\/\/schema.org","@graph":[{"@type":"WebPage","@id":"https:\/\/mpg-eyewear.com\/cs\/prohlen-o-shode\/","url":"https:\/\/mpg-eyewear.com\/cs\/prohlen-o-shode\/","name":"Prohl&aacute;&scaron;en&iacute; o shod\u011b - MPG - The Eyewear Company","isPartOf":{"@id":"https:\/\/mpg-eyewear.com\/cs\/#website"},"datePublished":"2022-11-02T07:46:03+00:00","dateModified":"2026-02-23T10:57:56+00:00","breadcrumb":{"@id":"https:\/\/mpg-eyewear.com\/cs\/prohlen-o-shode\/#breadcrumb"},"inLanguage":"cz-CZ","potentialAction":[{"@type":"ReadAction","target":["https:\/\/mpg-eyewear.com\/cs\/prohlen-o-shode\/"]}]},{"@type":"BreadcrumbList","@id":"https:\/\/mpg-eyewear.com\/cs\/prohlen-o-shode\/#breadcrumb","itemListElement":[{"@type":"ListItem","position":1,"name":"Startseite","item":"https:\/\/mpg-eyewear.com\/cs\/"},{"@type":"ListItem","position":2,"name":"Prohl&aacute;&scaron;en&iacute; o shod\u011b"}]},{"@type":"WebSite","@id":"https:\/\/mpg-eyewear.com\/cs\/#website","url":"https:\/\/mpg-eyewear.com\/cs\/","name":"MPG - The Eyewear Company","description":"Creating Perspectives","publisher":{"@id":"https:\/\/mpg-eyewear.com\/cs\/#organization"},"potentialAction":[{"@type":"SearchAction","target":{"@type":"EntryPoint","urlTemplate":"https:\/\/mpg-eyewear.com\/cs\/?s={search_term_string}"},"query-input":"required name=search_term_string"}],"inLanguage":"cz-CZ"},{"@type":"Organization","@id":"https:\/\/mpg-eyewear.com\/cs\/#organization","name":"MPG - The Eyewear Company","url":"https:\/\/mpg-eyewear.com\/cs\/","logo":{"@type":"ImageObject","inLanguage":"cz-CZ","@id":"https:\/\/mpg-eyewear.com\/cs\/#\/schema\/logo\/image\/","url":"https:\/\/mpg-eyewear.com\/wp-content\/uploads\/2022\/08\/logo_mpg.png","contentUrl":"https:\/\/mpg-eyewear.com\/wp-content\/uploads\/2022\/08\/logo_mpg.png","width":201,"height":127,"caption":"MPG - The Eyewear Company"},"image":{"@id":"https:\/\/mpg-eyewear.com\/cs\/#\/schema\/logo\/image\/"}}]}},"_links":{"self":[{"href":"https:\/\/mpg-eyewear.com\/cs\/wp-json\/wp\/v2\/pages\/3894","targetHints":{"allow":["GET"]}}],"collection":[{"href":"https:\/\/mpg-eyewear.com\/cs\/wp-json\/wp\/v2\/pages"}],"about":[{"href":"https:\/\/mpg-eyewear.com\/cs\/wp-json\/wp\/v2\/types\/page"}],"author":[{"embeddable":true,"href":"https:\/\/mpg-eyewear.com\/cs\/wp-json\/wp\/v2\/users\/1"}],"replies":[{"embeddable":true,"href":"https:\/\/mpg-eyewear.com\/cs\/wp-json\/wp\/v2\/comments?post=3894"}],"version-history":[{"count":29,"href":"https:\/\/mpg-eyewear.com\/cs\/wp-json\/wp\/v2\/pages\/3894\/revisions"}],"predecessor-version":[{"id":13987,"href":"https:\/\/mpg-eyewear.com\/cs\/wp-json\/wp\/v2\/pages\/3894\/revisions\/13987"}],"wp:attachment":[{"href":"https:\/\/mpg-eyewear.com\/cs\/wp-json\/wp\/v2\/media?parent=3894"}],"curies":[{"name":"wp","href":"https:\/\/api.w.org\/{rel}","templated":true}]}}