{"id":14009,"date":"2026-02-27T20:28:21","date_gmt":"2026-02-27T19:28:21","guid":{"rendered":"https:\/\/mpg-eyewear.com\/kodex-chovani-mpg-gmbh\/"},"modified":"2026-03-09T09:33:03","modified_gmt":"2026-03-09T08:33:03","slug":"kodex-chovani-mpg-gmbh","status":"publish","type":"page","link":"https:\/\/mpg-eyewear.com\/cs\/kodex-chovani-mpg-gmbh\/","title":{"rendered":"Kodex chov\u00e1n\u00ed &#8211; MPG GmbH"},"content":{"rendered":"\t\t<div data-elementor-type=\"wp-page\" data-elementor-id=\"14009\" class=\"elementor elementor-14009 elementor-13992\" data-elementor-settings=\"{&quot;ha_cmc_init_switcher&quot;:&quot;no&quot;}\" data-elementor-post-type=\"page\">\n\t\t\t\t\t\t<section class=\"elementor-section elementor-top-section elementor-element elementor-element-3a9be6b9 elementor-section-full_width elementor-section-height-default elementor-section-height-default\" data-id=\"3a9be6b9\" data-element_type=\"section\" data-settings=\"{&quot;background_background&quot;:&quot;classic&quot;,&quot;_ha_eqh_enable&quot;:false}\">\n\t\t\t\t\t\t<div class=\"elementor-container elementor-column-gap-default\">\n\t\t\t\t\t<div class=\"elementor-column elementor-col-100 elementor-top-column elementor-element elementor-element-715753fd\" data-id=\"715753fd\" data-element_type=\"column\">\n\t\t\t<div class=\"elementor-widget-wrap elementor-element-populated\">\n\t\t\t\t\t\t<div class=\"elementor-element elementor-element-c25abc3 elementor-widget__width-initial elementor-widget elementor-widget-heading\" data-id=\"c25abc3\" data-element_type=\"widget\" data-widget_type=\"heading.default\">\n\t\t\t\t<div class=\"elementor-widget-container\">\n\t\t\t\t\t<h1 class=\"elementor-heading-title elementor-size-default\"><span data-path-to-node=\"3,3,0,0\"><b data-path-to-node=\"3,3,0,0\" data-index-in-node=\"0\"><\/b><\/span><span data-path-to-node=\"3,3,1,0\">Spole\u010dn\u011b za kvalitu: n\u00e1\u0161 kodex chov\u00e1n\u00ed<\/span><\/h1>\t\t\t\t<\/div>\n\t\t\t\t<\/div>\n\t\t\t\t\t<\/div>\n\t\t<\/div>\n\t\t\t\t\t<\/div>\n\t\t<\/section>\n\t\t\t\t<section class=\"elementor-section elementor-top-section elementor-element elementor-element-23c9d5d6 elementor-reverse-tablet elementor-reverse-mobile elementor-section-boxed elementor-section-height-default elementor-section-height-default\" data-id=\"23c9d5d6\" data-element_type=\"section\" data-settings=\"{&quot;background_background&quot;:&quot;classic&quot;,&quot;_ha_eqh_enable&quot;:false}\">\n\t\t\t\t\t\t<div class=\"elementor-container elementor-column-gap-default\">\n\t\t\t\t\t<div class=\"elementor-column elementor-col-50 elementor-top-column elementor-element elementor-element-272fe54c\" data-id=\"272fe54c\" data-element_type=\"column\">\n\t\t\t<div class=\"elementor-widget-wrap elementor-element-populated\">\n\t\t\t\t\t\t<div class=\"elementor-element elementor-element-598c9cd5 elementor-widget elementor-widget-heading\" data-id=\"598c9cd5\" data-element_type=\"widget\" data-widget_type=\"heading.default\">\n\t\t\t\t<div class=\"elementor-widget-container\">\n\t\t\t\t\t<h2 class=\"elementor-heading-title elementor-size-default\">To je to, za \u010d\u00edm si stoj\u00edme<\/h2>\t\t\t\t<\/div>\n\t\t\t\t<\/div>\n\t\t\t\t<div class=\"elementor-element elementor-element-7ffc8991 elementor-widget elementor-widget-text-editor\" data-id=\"7ffc8991\" data-element_type=\"widget\" data-widget_type=\"text-editor.default\">\n\t\t\t\t<div class=\"elementor-widget-container\">\n\t\t\t\t\t\t\t\t\t<p class=\"x_MsoNormal\"><span data-olk-copy-source=\"MessageBody\">Jako mezin\u00e1rodn\u00ed spole\u010dnost si zakl\u00e1d\u00e1me na kultu\u0159e, kter\u00e1 se vyzna\u010duje odpov\u011bdnost\u00ed, respektem a spole\u010dn\u00fdm p\u0159\u00edstupem. N\u00e1\u0161 Kodex chov\u00e1n\u00ed ukazuje, jak tyto z\u00e1sady uplat\u0148ujeme v ka\u017edodenn\u00edm styku &#8211; transparentn\u011b, d\u016fsledn\u011b a s ohledem na budoucnost. Tvo\u0159\u00ed r\u00e1mec pro rozhodnut\u00ed, kter\u00e1 jsou nejen pr\u00e1vn\u011b, ale i mor\u00e1ln\u011b spr\u00e1vn\u00e1.  <\/span><\/p><p class=\"x_MsoNormal\">Na\u0161e firemn\u00ed hodnoty a z\u00e1sady \u0159\u00edzen\u00ed n\u00e1m v tomto sm\u011bru ud\u00e1vaj\u00ed sm\u011br. Tento kodex chov\u00e1n\u00ed popisuje, jak tyto hodnoty zviditel\u0148ujeme v na\u0161em jedn\u00e1n\u00ed: prost\u0159ednictv\u00edm spravedlnosti, integrity, dodr\u017eov\u00e1n\u00ed lidsk\u00fdch pr\u00e1v, transparentnosti a \u0161etrn\u00e9ho vyu\u017e\u00edv\u00e1n\u00ed zdroj\u016f. Poskytuje orientaci a pom\u00e1h\u00e1 n\u00e1m vytv\u00e1\u0159et d\u016fv\u011bryhodn\u00e9 pracovn\u00ed prost\u0159ed\u00ed a budovat spolehliv\u00e9 vztahy se z\u00e1kazn\u00edky, partnery a kolegy.  <\/p><p class=\"x_MsoNormal\">Spole\u010dn\u011b zaji\u0161\u0165ujeme, aby n\u00e1\u0161 po\u017eadavek na etick\u00e9 chov\u00e1n\u00ed nebyl jen formulov\u00e1n, ale aby byl ka\u017ed\u00fd den napl\u0148ov\u00e1n &#8211; pro budoucnost, kterou utv\u00e1\u0159\u00edme zodpov\u011bdn\u011b a s nasazen\u00edm.<\/p><div><div><div><\/div><p><\/p><\/div><\/div>\t\t\t\t\t\t\t\t<\/div>\n\t\t\t\t<\/div>\n\t\t\t\t<div class=\"elementor-element elementor-element-c064256 elementor-widget elementor-widget-heading\" data-id=\"c064256\" data-element_type=\"widget\" data-widget_type=\"heading.default\">\n\t\t\t\t<div class=\"elementor-widget-container\">\n\t\t\t\t\t<h2 class=\"elementor-heading-title elementor-size-default\">Kodex chov\u00e1n\u00ed<\/h2>\t\t\t\t<\/div>\n\t\t\t\t<\/div>\n\t\t\t\t<div class=\"elementor-element elementor-element-1cd7b4e elementor-widget elementor-widget-text-editor\" data-id=\"1cd7b4e\" data-element_type=\"widget\" data-widget_type=\"text-editor.default\">\n\t\t\t\t<div class=\"elementor-widget-container\">\n\t\t\t\t\t\t\t\t\t<p class=\"x_MsoNormal\">N\u00e1\u0161 kodex chov\u00e1n\u00ed najdete zde:<\/p>\n<p><a href=\"https:\/\/www.flipsnack.com\/C8A65D88B7A\/verhaltenskodex-mpg-gmbh-de\/full-view.html\" target=\"_blank\" rel=\"noopener\">Kodex chov\u00e1n\u00ed spole\u010dnosti MPG GmbH<\/a><\/p>\n<p><a href=\"https:\/\/www.flipsnack.com\/C8A65D88B7A\/code-of-conduct-mpg-gmbh-en\/full-view.html\" target=\"_blank\" rel=\"noopener\">Kodex chov\u00e1n\u00ed mpg gmbh<\/a><\/p>\n<p><a href=\"https:\/\/www.flipsnack.com\/C8A65D88B7A\/code-de-conduite-mpg-gmbh-fr\/full-view.html\" target=\"_blank\" rel=\"noopener\">Code de conduite de MPG GmbH<\/a><\/p>\n<p><a href=\"https:\/\/www.flipsnack.com\/C8A65D88B7A\/gedragscode-mpg-gmbh-nl\/full-view.html\">Gedragscode van MPG GmbH<\/a><\/p>\n<p><a href=\"https:\/\/www.flipsnack.com\/C8A65D88B7A\/adfaerdskodeks-mpg-gmbh-da\/full-view.html\">Adf\u00e6rdskodeks pro MPG GmbH<\/a><\/p>\n<p><a href=\"https:\/\/www.flipsnack.com\/C8A65D88B7A\/kodex-chovani-mpg-gmbh-cs\/full-view.html\">Etick\u00fd kodex spole\u010dnosti MPG Ltd.<\/a><\/p>\n<div>\n<div>\n<div> <\/div>\n<p> <\/p>\n<\/div>\n<\/div>\t\t\t\t\t\t\t\t<\/div>\n\t\t\t\t<\/div>\n\t\t\t\t\t<\/div>\n\t\t<\/div>\n\t\t\t\t<div class=\"elementor-column elementor-col-50 elementor-top-column elementor-element elementor-element-8a74918\" data-id=\"8a74918\" data-element_type=\"column\">\n\t\t\t<div class=\"elementor-widget-wrap elementor-element-populated\">\n\t\t\t\t\t\t<div class=\"elementor-element elementor-element-4a96ffb2 elementor-widget elementor-widget-image\" data-id=\"4a96ffb2\" data-element_type=\"widget\" data-widget_type=\"image.default\">\n\t\t\t\t<div class=\"elementor-widget-container\">\n\t\t\t\t\t\t\t\t\t\t\t\t\t\t\t<img fetchpriority=\"high\" decoding=\"async\" width=\"510\" height=\"758\" src=\"https:\/\/mpg-eyewear.com\/wp-content\/uploads\/2026\/02\/verhaltenskodex.png\" class=\"attachment-large size-large wp-image-13997\" alt=\"\" srcset=\"https:\/\/mpg-eyewear.com\/wp-content\/uploads\/2026\/02\/verhaltenskodex.png 510w, https:\/\/mpg-eyewear.com\/wp-content\/uploads\/2026\/02\/verhaltenskodex-202x300.png 202w\" sizes=\"(max-width: 510px) 100vw, 510px\" \/>\t\t\t\t\t\t\t\t\t\t\t\t\t\t\t<\/div>\n\t\t\t\t<\/div>\n\t\t\t\t\t<\/div>\n\t\t<\/div>\n\t\t\t\t\t<\/div>\n\t\t<\/section>\n\t\t\t\t<\/div>\n\t\t","protected":false},"excerpt":{"rendered":"<p>Spole\u010dn\u011b za kvalitu: n\u00e1\u0161 kodex chov\u00e1n\u00ed To je to, za \u010d\u00edm si stoj\u00edme Jako mezin\u00e1rodn\u00ed spole\u010dnost si zakl\u00e1d\u00e1me na kultu\u0159e, kter\u00e1 se vyzna\u010duje odpov\u011bdnost\u00ed, respektem a spole\u010dn\u00fdm p\u0159\u00edstupem. N\u00e1\u0161 Kodex chov\u00e1n\u00ed ukazuje, jak tyto z\u00e1sady uplat\u0148ujeme v ka\u017edodenn\u00edm styku &#8211; transparentn\u011b, d\u016fsledn\u011b a s ohledem na budoucnost. Tvo\u0159\u00ed r\u00e1mec pro rozhodnut\u00ed, kter\u00e1 jsou nejen pr\u00e1vn\u011b, [&hellip;]<\/p>\n","protected":false},"author":1,"featured_media":0,"parent":0,"menu_order":0,"comment_status":"closed","ping_status":"closed","template":"","meta":{"footnotes":""},"class_list":["post-14009","page","type-page","status-publish","hentry"],"yoast_head":"<!-- This site is optimized with the Yoast SEO plugin v21.8 - https:\/\/yoast.com\/wordpress\/plugins\/seo\/ -->\n<title>Kodex chov\u00e1n\u00ed - MPG GmbH - MPG - The Eyewear Company<\/title>\n<meta name=\"robots\" content=\"index, follow, max-snippet:-1, max-image-preview:large, max-video-preview:-1\" \/>\n<link rel=\"canonical\" href=\"https:\/\/mpg-eyewear.com\/cs\/kodex-chovani-mpg-gmbh\/\" \/>\n<meta property=\"og:locale\" content=\"en_US\" \/>\n<meta property=\"og:type\" content=\"article\" \/>\n<meta property=\"og:title\" content=\"Kodex chov\u00e1n\u00ed - MPG GmbH - MPG - The Eyewear Company\" \/>\n<meta property=\"og:description\" content=\"Spole\u010dn\u011b za kvalitu: n\u00e1\u0161 kodex chov\u00e1n\u00ed To je to, za \u010d\u00edm si stoj\u00edme Jako mezin\u00e1rodn\u00ed spole\u010dnost si zakl\u00e1d\u00e1me na kultu\u0159e, kter\u00e1 se vyzna\u010duje odpov\u011bdnost\u00ed, respektem a spole\u010dn\u00fdm p\u0159\u00edstupem. N\u00e1\u0161 Kodex chov\u00e1n\u00ed ukazuje, jak tyto z\u00e1sady uplat\u0148ujeme v ka\u017edodenn\u00edm styku &#8211; transparentn\u011b, d\u016fsledn\u011b a s ohledem na budoucnost. Tvo\u0159\u00ed r\u00e1mec pro rozhodnut\u00ed, kter\u00e1 jsou nejen pr\u00e1vn\u011b, [&hellip;]\" \/>\n<meta property=\"og:url\" content=\"https:\/\/mpg-eyewear.com\/cs\/kodex-chovani-mpg-gmbh\/\" \/>\n<meta property=\"og:site_name\" content=\"MPG - The Eyewear Company\" \/>\n<meta property=\"article:modified_time\" content=\"2026-03-09T08:33:03+00:00\" \/>\n<meta property=\"og:image\" content=\"https:\/\/mpg-eyewear.com\/wp-content\/uploads\/2026\/02\/verhaltenskodex.png\" \/>\n<meta name=\"twitter:card\" content=\"summary_large_image\" \/>\n<meta name=\"twitter:label1\" content=\"Est. reading time\" \/>\n\t<meta name=\"twitter:data1\" content=\"1 minute\" \/>\n<script type=\"application\/ld+json\" class=\"yoast-schema-graph\">{\"@context\":\"https:\/\/schema.org\",\"@graph\":[{\"@type\":\"WebPage\",\"@id\":\"https:\/\/mpg-eyewear.com\/cs\/kodex-chovani-mpg-gmbh\/\",\"url\":\"https:\/\/mpg-eyewear.com\/cs\/kodex-chovani-mpg-gmbh\/\",\"name\":\"Kodex chov\u00e1n\u00ed - MPG GmbH - MPG - The Eyewear Company\",\"isPartOf\":{\"@id\":\"https:\/\/mpg-eyewear.com\/cs\/#website\"},\"datePublished\":\"2026-02-27T19:28:21+00:00\",\"dateModified\":\"2026-03-09T08:33:03+00:00\",\"breadcrumb\":{\"@id\":\"https:\/\/mpg-eyewear.com\/cs\/kodex-chovani-mpg-gmbh\/#breadcrumb\"},\"inLanguage\":\"cz-CZ\",\"potentialAction\":[{\"@type\":\"ReadAction\",\"target\":[\"https:\/\/mpg-eyewear.com\/cs\/kodex-chovani-mpg-gmbh\/\"]}]},{\"@type\":\"BreadcrumbList\",\"@id\":\"https:\/\/mpg-eyewear.com\/cs\/kodex-chovani-mpg-gmbh\/#breadcrumb\",\"itemListElement\":[{\"@type\":\"ListItem\",\"position\":1,\"name\":\"Startseite\",\"item\":\"https:\/\/mpg-eyewear.com\/cs\/\"},{\"@type\":\"ListItem\",\"position\":2,\"name\":\"Kodex chov\u00e1n\u00ed &#8211; MPG GmbH\"}]},{\"@type\":\"WebSite\",\"@id\":\"https:\/\/mpg-eyewear.com\/cs\/#website\",\"url\":\"https:\/\/mpg-eyewear.com\/cs\/\",\"name\":\"MPG - The Eyewear Company\",\"description\":\"Creating Perspectives\",\"publisher\":{\"@id\":\"https:\/\/mpg-eyewear.com\/cs\/#organization\"},\"potentialAction\":[{\"@type\":\"SearchAction\",\"target\":{\"@type\":\"EntryPoint\",\"urlTemplate\":\"https:\/\/mpg-eyewear.com\/cs\/?s={search_term_string}\"},\"query-input\":\"required name=search_term_string\"}],\"inLanguage\":\"cz-CZ\"},{\"@type\":\"Organization\",\"@id\":\"https:\/\/mpg-eyewear.com\/cs\/#organization\",\"name\":\"MPG - The Eyewear Company\",\"url\":\"https:\/\/mpg-eyewear.com\/cs\/\",\"logo\":{\"@type\":\"ImageObject\",\"inLanguage\":\"cz-CZ\",\"@id\":\"https:\/\/mpg-eyewear.com\/cs\/#\/schema\/logo\/image\/\",\"url\":\"https:\/\/mpg-eyewear.com\/wp-content\/uploads\/2022\/08\/logo_mpg.png\",\"contentUrl\":\"https:\/\/mpg-eyewear.com\/wp-content\/uploads\/2022\/08\/logo_mpg.png\",\"width\":201,\"height\":127,\"caption\":\"MPG - The Eyewear Company\"},\"image\":{\"@id\":\"https:\/\/mpg-eyewear.com\/cs\/#\/schema\/logo\/image\/\"}}]}<\/script>\n<!-- \/ Yoast SEO plugin. -->","yoast_head_json":{"title":"Kodex chov\u00e1n\u00ed - MPG GmbH - MPG - The Eyewear Company","robots":{"index":"index","follow":"follow","max-snippet":"max-snippet:-1","max-image-preview":"max-image-preview:large","max-video-preview":"max-video-preview:-1"},"canonical":"https:\/\/mpg-eyewear.com\/cs\/kodex-chovani-mpg-gmbh\/","og_locale":"en_US","og_type":"article","og_title":"Kodex chov\u00e1n\u00ed - MPG GmbH - MPG - The Eyewear Company","og_description":"Spole\u010dn\u011b za kvalitu: n\u00e1\u0161 kodex chov\u00e1n\u00ed To je to, za \u010d\u00edm si stoj\u00edme Jako mezin\u00e1rodn\u00ed spole\u010dnost si zakl\u00e1d\u00e1me na kultu\u0159e, kter\u00e1 se vyzna\u010duje odpov\u011bdnost\u00ed, respektem a spole\u010dn\u00fdm p\u0159\u00edstupem. N\u00e1\u0161 Kodex chov\u00e1n\u00ed ukazuje, jak tyto z\u00e1sady uplat\u0148ujeme v ka\u017edodenn\u00edm styku &#8211; transparentn\u011b, d\u016fsledn\u011b a s ohledem na budoucnost. Tvo\u0159\u00ed r\u00e1mec pro rozhodnut\u00ed, kter\u00e1 jsou nejen pr\u00e1vn\u011b, [&hellip;]","og_url":"https:\/\/mpg-eyewear.com\/cs\/kodex-chovani-mpg-gmbh\/","og_site_name":"MPG - The Eyewear Company","article_modified_time":"2026-03-09T08:33:03+00:00","og_image":[{"url":"https:\/\/mpg-eyewear.com\/wp-content\/uploads\/2026\/02\/verhaltenskodex.png"}],"twitter_card":"summary_large_image","twitter_misc":{"Est. reading time":"1 minute"},"schema":{"@context":"https:\/\/schema.org","@graph":[{"@type":"WebPage","@id":"https:\/\/mpg-eyewear.com\/cs\/kodex-chovani-mpg-gmbh\/","url":"https:\/\/mpg-eyewear.com\/cs\/kodex-chovani-mpg-gmbh\/","name":"Kodex chov\u00e1n\u00ed - MPG GmbH - MPG - The Eyewear Company","isPartOf":{"@id":"https:\/\/mpg-eyewear.com\/cs\/#website"},"datePublished":"2026-02-27T19:28:21+00:00","dateModified":"2026-03-09T08:33:03+00:00","breadcrumb":{"@id":"https:\/\/mpg-eyewear.com\/cs\/kodex-chovani-mpg-gmbh\/#breadcrumb"},"inLanguage":"cz-CZ","potentialAction":[{"@type":"ReadAction","target":["https:\/\/mpg-eyewear.com\/cs\/kodex-chovani-mpg-gmbh\/"]}]},{"@type":"BreadcrumbList","@id":"https:\/\/mpg-eyewear.com\/cs\/kodex-chovani-mpg-gmbh\/#breadcrumb","itemListElement":[{"@type":"ListItem","position":1,"name":"Startseite","item":"https:\/\/mpg-eyewear.com\/cs\/"},{"@type":"ListItem","position":2,"name":"Kodex chov\u00e1n\u00ed &#8211; MPG GmbH"}]},{"@type":"WebSite","@id":"https:\/\/mpg-eyewear.com\/cs\/#website","url":"https:\/\/mpg-eyewear.com\/cs\/","name":"MPG - The Eyewear Company","description":"Creating Perspectives","publisher":{"@id":"https:\/\/mpg-eyewear.com\/cs\/#organization"},"potentialAction":[{"@type":"SearchAction","target":{"@type":"EntryPoint","urlTemplate":"https:\/\/mpg-eyewear.com\/cs\/?s={search_term_string}"},"query-input":"required name=search_term_string"}],"inLanguage":"cz-CZ"},{"@type":"Organization","@id":"https:\/\/mpg-eyewear.com\/cs\/#organization","name":"MPG - The Eyewear Company","url":"https:\/\/mpg-eyewear.com\/cs\/","logo":{"@type":"ImageObject","inLanguage":"cz-CZ","@id":"https:\/\/mpg-eyewear.com\/cs\/#\/schema\/logo\/image\/","url":"https:\/\/mpg-eyewear.com\/wp-content\/uploads\/2022\/08\/logo_mpg.png","contentUrl":"https:\/\/mpg-eyewear.com\/wp-content\/uploads\/2022\/08\/logo_mpg.png","width":201,"height":127,"caption":"MPG - The Eyewear Company"},"image":{"@id":"https:\/\/mpg-eyewear.com\/cs\/#\/schema\/logo\/image\/"}}]}},"_links":{"self":[{"href":"https:\/\/mpg-eyewear.com\/cs\/wp-json\/wp\/v2\/pages\/14009","targetHints":{"allow":["GET"]}}],"collection":[{"href":"https:\/\/mpg-eyewear.com\/cs\/wp-json\/wp\/v2\/pages"}],"about":[{"href":"https:\/\/mpg-eyewear.com\/cs\/wp-json\/wp\/v2\/types\/page"}],"author":[{"embeddable":true,"href":"https:\/\/mpg-eyewear.com\/cs\/wp-json\/wp\/v2\/users\/1"}],"replies":[{"embeddable":true,"href":"https:\/\/mpg-eyewear.com\/cs\/wp-json\/wp\/v2\/comments?post=14009"}],"version-history":[{"count":4,"href":"https:\/\/mpg-eyewear.com\/cs\/wp-json\/wp\/v2\/pages\/14009\/revisions"}],"predecessor-version":[{"id":14041,"href":"https:\/\/mpg-eyewear.com\/cs\/wp-json\/wp\/v2\/pages\/14009\/revisions\/14041"}],"wp:attachment":[{"href":"https:\/\/mpg-eyewear.com\/cs\/wp-json\/wp\/v2\/media?parent=14009"}],"curies":[{"name":"wp","href":"https:\/\/api.w.org\/{rel}","templated":true}]}}